{"id":10931,"date":"2016-08-24T16:35:57","date_gmt":"2016-08-24T13:35:57","guid":{"rendered":"http:\/\/manoteises.lt\/?page_id=10931"},"modified":"2022-07-12T19:30:57","modified_gmt":"2022-07-12T16:30:57","slug":"kaunas","status":"publish","type":"page","link":"https:\/\/manoteises.lt\/atminimo-akmenys\/kaunas\/","title":{"rendered":"Kaunas"},"content":{"rendered":"<p style=\"text-align: justify;\">Lietuvos laikinojoje sostin\u0117je tarpukariu gyveno beveik keturiasde\u0161imt t\u016bkstan\u010di\u0173 \u017eyd\u0173, i\u0161 j\u0173 Holokaust\u0105 i\u0161gyveno ma\u017eiau nei trys t\u016bkstan\u010diai.<\/p>\n<p style=\"text-align: justify;\">1941 m. bir\u017eelio 25 d. laikin\u0105j\u0105 sostin\u0119 okupavus naciams, Kaune prasid\u0117jo \u017eyd\u0173 \u017eudyn\u0117s, kuri\u0173 iniciatoriai ir vykdytojai da\u017eniausiai buvo lietuviai. Vos naciams \u012f\u017eengus \u012f Kaun\u0105, dar t\u0105 pa\u010di\u0105 dien\u0105, prasid\u0117jo Vilijampol\u0117s pogromas, per kur\u012f nu\u017eudyta apie 800 \u017emoni\u0173, po 2 dien\u0173 \u012fvyko vie\u0161a ma\u017edaug 50 \u017eyd\u0173 egzekucija, nukankinant juos Liet\u016bkio gara\u017ee, taip pat prasid\u0117jo \u0161audymai Kauno VII forte. Skai\u010diuojama, kad iki Kauno geto \u012fk\u016brimo Vilijampol\u0117je buvo nu\u017eudyta apie 10 t\u016bkstan\u010di\u0173 kaunie\u010di\u0173.<\/p>\n<p style=\"text-align: justify;\">\u012ek\u016brus Kauno get\u0105, jame vienu metu daugiausiai gyveno apie 30 t\u016bkstan\u010di\u0173 \u017emoni\u0173. \u012evairi\u0173 akcij\u0173 metu dauguma j\u0173 buvo su\u0161audyta IX forte, dalis deportuota \u012f \u012fvairias koncentracijos stovyklas. Apie 500 \u017eyd\u0173 pab\u0117go ir prisid\u0117jo prie partizan\u0173 artimiausiuose mi\u0161kuose.<\/p>\n<p style=\"text-align: justify;\"><a href=\"http:\/\/www.atminimoakmenys.lt\/\" target=\"_blank\" rel=\"noopener noreferrer\">Atminimo akmenys<\/a>\u00a0\u012frengti \u0161iems\u00a0kaunie\u010diams atminti:<\/p>\n","protected":false},"excerpt":{"rendered":"<p>Lietuvos laikinojoje sostin\u0117je tarpukariu gyveno beveik keturiasde\u0161imt t\u016bkstan\u010di\u0173 \u017eyd\u0173, i\u0161 j\u0173 Holokaust\u0105 i\u0161gyveno ma\u017eiau nei trys t\u016bkstan\u010diai. 1941 m. bir\u017eelio 25 d. laikin\u0105j\u0105 sostin\u0119 okupavus naciams, Kaune prasid\u0117jo \u017eyd\u0173 \u017eudyn\u0117s, kuri\u0173 iniciatoriai ir vykdytojai da\u017eniausiai buvo lietuviai. Vos naciams \u012f\u017eengus \u012f Kaun\u0105, dar t\u0105 pa\u010di\u0105 dien\u0105, prasid\u0117jo Vilijampol\u0117s pogromas, per kur\u012f nu\u017eudyta apie 800 \u017emoni\u0173,<\/p>\n","protected":false},"author":15,"featured_media":0,"parent":0,"menu_order":4,"comment_status":"closed","ping_status":"closed","template":"page-akmenys-miestas.php","meta":{"_acf_changed":false,"footnotes":""},"class_list":["post-10931","page","type-page","status-publish","hentry"],"acf":[],"yoast_head":"<!-- This site is optimized with the Yoast SEO plugin v26.9 - https:\/\/yoast.com\/product\/yoast-seo-wordpress\/ -->\n<title>Atminimo akmenys Kaunas - Atminimo akmenys<\/title>\n<meta name=\"description\" content=\"Atminimo akmenys Kaunas, Holokaustas, Kauno getas, IX fortas, \u010cern\u0117 Percikovi\u010di\u016bt\u0117, Jakovas Lip\u0161icas, Vladimiras Lazersonas, Isakas Anolikas\" \/>\n<meta name=\"robots\" content=\"index, follow, max-snippet:-1, max-image-preview:large, max-video-preview:-1\" \/>\n<link rel=\"canonical\" href=\"https:\/\/manoteises.lt\/atminimo-akmenys\/kaunas\/\" \/>\n<meta name=\"twitter:label1\" content=\"Est. reading time\" \/>\n\t<meta name=\"twitter:data1\" content=\"1 minute\" \/>\n<script type=\"application\/ld+json\" class=\"yoast-schema-graph\">{\"@context\":\"https:\/\/schema.org\",\"@graph\":[{\"@type\":\"WebPage\",\"@id\":\"https:\/\/manoteises.lt\/atminimo-akmenys\/kaunas\/\",\"url\":\"https:\/\/manoteises.lt\/atminimo-akmenys\/kaunas\/\",\"name\":\"Atminimo akmenys Kaunas\",\"isPartOf\":{\"@id\":\"https:\/\/manoteises.lt\/atminimo-akmenys\/#website\"},\"datePublished\":\"2016-08-24T13:35:57+00:00\",\"dateModified\":\"2022-07-12T16:30:57+00:00\",\"description\":\"Atminimo akmenys Kaunas, Holokaustas, Kauno getas, IX fortas, \u010cern\u0117 Percikovi\u010di\u016bt\u0117, Jakovas Lip\u0161icas, Vladimiras Lazersonas, Isakas Anolikas\",\"breadcrumb\":{\"@id\":\"https:\/\/manoteises.lt\/atminimo-akmenys\/kaunas\/#breadcrumb\"},\"inLanguage\":\"en-US\",\"potentialAction\":[{\"@type\":\"ReadAction\",\"target\":[\"https:\/\/manoteises.lt\/atminimo-akmenys\/kaunas\/\"]}]},{\"@type\":\"BreadcrumbList\",\"@id\":\"https:\/\/manoteises.lt\/atminimo-akmenys\/kaunas\/#breadcrumb\",\"itemListElement\":[{\"@type\":\"ListItem\",\"position\":1,\"name\":\"Home\",\"item\":\"https:\/\/manoteises.lt\/atminimo-akmenys\/\"},{\"@type\":\"ListItem\",\"position\":2,\"name\":\"Kaunas\"}]},{\"@type\":\"WebSite\",\"@id\":\"https:\/\/manoteises.lt\/atminimo-akmenys\/#website\",\"url\":\"https:\/\/manoteises.lt\/atminimo-akmenys\/\",\"name\":\"Atminimo akmenys\",\"description\":\"\",\"potentialAction\":[{\"@type\":\"SearchAction\",\"target\":{\"@type\":\"EntryPoint\",\"urlTemplate\":\"https:\/\/manoteises.lt\/atminimo-akmenys\/?s={search_term_string}\"},\"query-input\":{\"@type\":\"PropertyValueSpecification\",\"valueRequired\":true,\"valueName\":\"search_term_string\"}}],\"inLanguage\":\"en-US\"}]}<\/script>\n<!-- \/ Yoast SEO plugin. -->","yoast_head_json":{"title":"Atminimo akmenys Kaunas - Atminimo akmenys","description":"Atminimo akmenys Kaunas, Holokaustas, Kauno getas, IX fortas, \u010cern\u0117 Percikovi\u010di\u016bt\u0117, Jakovas Lip\u0161icas, Vladimiras Lazersonas, Isakas Anolikas","robots":{"index":"index","follow":"follow","max-snippet":"max-snippet:-1","max-image-preview":"max-image-preview:large","max-video-preview":"max-video-preview:-1"},"canonical":"https:\/\/manoteises.lt\/atminimo-akmenys\/kaunas\/","twitter_misc":{"Est. reading time":"1 minute"},"schema":{"@context":"https:\/\/schema.org","@graph":[{"@type":"WebPage","@id":"https:\/\/manoteises.lt\/atminimo-akmenys\/kaunas\/","url":"https:\/\/manoteises.lt\/atminimo-akmenys\/kaunas\/","name":"Atminimo akmenys Kaunas","isPartOf":{"@id":"https:\/\/manoteises.lt\/atminimo-akmenys\/#website"},"datePublished":"2016-08-24T13:35:57+00:00","dateModified":"2022-07-12T16:30:57+00:00","description":"Atminimo akmenys Kaunas, Holokaustas, Kauno getas, IX fortas, \u010cern\u0117 Percikovi\u010di\u016bt\u0117, Jakovas Lip\u0161icas, Vladimiras Lazersonas, Isakas Anolikas","breadcrumb":{"@id":"https:\/\/manoteises.lt\/atminimo-akmenys\/kaunas\/#breadcrumb"},"inLanguage":"en-US","potentialAction":[{"@type":"ReadAction","target":["https:\/\/manoteises.lt\/atminimo-akmenys\/kaunas\/"]}]},{"@type":"BreadcrumbList","@id":"https:\/\/manoteises.lt\/atminimo-akmenys\/kaunas\/#breadcrumb","itemListElement":[{"@type":"ListItem","position":1,"name":"Home","item":"https:\/\/manoteises.lt\/atminimo-akmenys\/"},{"@type":"ListItem","position":2,"name":"Kaunas"}]},{"@type":"WebSite","@id":"https:\/\/manoteises.lt\/atminimo-akmenys\/#website","url":"https:\/\/manoteises.lt\/atminimo-akmenys\/","name":"Atminimo akmenys","description":"","potentialAction":[{"@type":"SearchAction","target":{"@type":"EntryPoint","urlTemplate":"https:\/\/manoteises.lt\/atminimo-akmenys\/?s={search_term_string}"},"query-input":{"@type":"PropertyValueSpecification","valueRequired":true,"valueName":"search_term_string"}}],"inLanguage":"en-US"}]}},"_links":{"self":[{"href":"https:\/\/manoteises.lt\/atminimo-akmenys\/wp-json\/wp\/v2\/pages\/10931","targetHints":{"allow":["GET"]}}],"collection":[{"href":"https:\/\/manoteises.lt\/atminimo-akmenys\/wp-json\/wp\/v2\/pages"}],"about":[{"href":"https:\/\/manoteises.lt\/atminimo-akmenys\/wp-json\/wp\/v2\/types\/page"}],"author":[{"embeddable":true,"href":"https:\/\/manoteises.lt\/atminimo-akmenys\/wp-json\/wp\/v2\/users\/15"}],"replies":[{"embeddable":true,"href":"https:\/\/manoteises.lt\/atminimo-akmenys\/wp-json\/wp\/v2\/comments?post=10931"}],"version-history":[{"count":1,"href":"https:\/\/manoteises.lt\/atminimo-akmenys\/wp-json\/wp\/v2\/pages\/10931\/revisions"}],"predecessor-version":[{"id":23156,"href":"https:\/\/manoteises.lt\/atminimo-akmenys\/wp-json\/wp\/v2\/pages\/10931\/revisions\/23156"}],"wp:attachment":[{"href":"https:\/\/manoteises.lt\/atminimo-akmenys\/wp-json\/wp\/v2\/media?parent=10931"}],"curies":[{"name":"wp","href":"https:\/\/api.w.org\/{rel}","templated":true}]}}