{"id":10958,"date":"2016-08-24T17:17:23","date_gmt":"2016-08-24T14:17:23","guid":{"rendered":"http:\/\/manoteises.lt\/?page_id=10958"},"modified":"2023-03-30T19:52:38","modified_gmt":"2023-03-30T16:52:38","slug":"vilnius","status":"publish","type":"page","link":"https:\/\/manoteises.lt\/atminimo-akmenys\/vilnius\/","title":{"rendered":"Vilnius"},"content":{"rendered":"<p style=\"text-align: justify;\">Prie\u0161 Holokaust\u0105 Vilnius buvo vadinamas \u0160iaur\u0117s Jeruzale. Ne tiek d\u0117l to, kad apie 40 procent\u0173 jo gyventoj\u0173 buvo \u017eydai, bet tod\u0117l, kad \u0161i bendruomen\u0117 gars\u0117jo mokslo pasiekimais ir religine i\u0161mintimi. 1941 m. naciams okupavus Vilni\u0173, prasid\u0117jo \u017eyd\u0173 persekiojimas ir \u017eudymas. \u017dmon\u0117s buvo suimin\u0117jami gatv\u0117se, sodinami \u012f Luki\u0161ki\u0173 kal\u0117jim\u0105, ve\u017eami su\u0161audyti \u012f Paneri\u0173 mi\u0161k\u0105. Po keli\u0173 m\u0117nesi\u0173 Vilniaus senamiestyje buvo sukurtas Vilniaus getas, kuriame kal\u0117jo per 50 t\u016bkstan\u010di\u0173 \u017emoni\u0173. \u012evairi\u0173 akcij\u0173 metu geto gyventojai b\u016bdavo naikinami, daugiausia ve\u017eant \u012f Panerius. Pasibaigus Antrajam pasauliniam karui, gyvi liko tik apie 2 t\u016bkstan\u010diai buvusi\u0173 geto kalini\u0173.<\/p>\n<p style=\"text-align: justify;\"><a href=\"http:\/\/www.atminimoakmenys.lt\/\" target=\"_blank\" rel=\"noopener noreferrer\">Atminimo akmenys<\/a>\u00a0\u012frengti \u0161iems vilnie\u010diams atminti:<\/p>\n","protected":false},"excerpt":{"rendered":"<p>Prie\u0161 Holokaust\u0105 Vilnius buvo vadinamas \u0160iaur\u0117s Jeruzale. Ne tiek d\u0117l to, kad apie 40 procent\u0173 jo gyventoj\u0173 buvo \u017eydai, bet tod\u0117l, kad \u0161i bendruomen\u0117 gars\u0117jo mokslo pasiekimais ir religine i\u0161mintimi. 1941 m. naciams okupavus Vilni\u0173, prasid\u0117jo \u017eyd\u0173 persekiojimas ir \u017eudymas. \u017dmon\u0117s buvo suimin\u0117jami gatv\u0117se, sodinami \u012f Luki\u0161ki\u0173 kal\u0117jim\u0105, ve\u017eami su\u0161audyti \u012f Paneri\u0173 mi\u0161k\u0105. Po keli\u0173<\/p>\n","protected":false},"author":15,"featured_media":0,"parent":0,"menu_order":14,"comment_status":"closed","ping_status":"closed","template":"page-akmenys-miestas.php","meta":{"_acf_changed":false,"footnotes":""},"class_list":["post-10958","page","type-page","status-publish","hentry"],"acf":[],"yoast_head":"<!-- This site is optimized with the Yoast SEO plugin v26.9 - https:\/\/yoast.com\/product\/yoast-seo-wordpress\/ -->\n<title>Atminimo amenys Vilnius - Atminimo akmenys<\/title>\n<meta name=\"description\" content=\"Atminimo amenys Vilnius, Holokaustas, Jakovas Vygodskis, Samuelis Margolis, Icchokas Ruda\u0161evskis, Fania Lewando, \u0160emiavi\u010diai\" \/>\n<meta name=\"robots\" content=\"index, follow, max-snippet:-1, max-image-preview:large, max-video-preview:-1\" \/>\n<link rel=\"canonical\" href=\"https:\/\/manoteises.lt\/atminimo-akmenys\/vilnius\/\" \/>\n<meta name=\"twitter:label1\" content=\"Est. reading time\" \/>\n\t<meta name=\"twitter:data1\" content=\"1 minute\" \/>\n<script type=\"application\/ld+json\" class=\"yoast-schema-graph\">{\"@context\":\"https:\/\/schema.org\",\"@graph\":[{\"@type\":\"WebPage\",\"@id\":\"https:\/\/manoteises.lt\/atminimo-akmenys\/vilnius\/\",\"url\":\"https:\/\/manoteises.lt\/atminimo-akmenys\/vilnius\/\",\"name\":\"Atminimo amenys Vilnius\",\"isPartOf\":{\"@id\":\"https:\/\/manoteises.lt\/atminimo-akmenys\/#website\"},\"datePublished\":\"2016-08-24T14:17:23+00:00\",\"dateModified\":\"2023-03-30T16:52:38+00:00\",\"description\":\"Atminimo amenys Vilnius, Holokaustas, Jakovas Vygodskis, Samuelis Margolis, Icchokas Ruda\u0161evskis, Fania Lewando, \u0160emiavi\u010diai\",\"breadcrumb\":{\"@id\":\"https:\/\/manoteises.lt\/atminimo-akmenys\/vilnius\/#breadcrumb\"},\"inLanguage\":\"en-US\",\"potentialAction\":[{\"@type\":\"ReadAction\",\"target\":[\"https:\/\/manoteises.lt\/atminimo-akmenys\/vilnius\/\"]}]},{\"@type\":\"BreadcrumbList\",\"@id\":\"https:\/\/manoteises.lt\/atminimo-akmenys\/vilnius\/#breadcrumb\",\"itemListElement\":[{\"@type\":\"ListItem\",\"position\":1,\"name\":\"Home\",\"item\":\"https:\/\/manoteises.lt\/atminimo-akmenys\/\"},{\"@type\":\"ListItem\",\"position\":2,\"name\":\"Vilnius\"}]},{\"@type\":\"WebSite\",\"@id\":\"https:\/\/manoteises.lt\/atminimo-akmenys\/#website\",\"url\":\"https:\/\/manoteises.lt\/atminimo-akmenys\/\",\"name\":\"Atminimo akmenys\",\"description\":\"\",\"potentialAction\":[{\"@type\":\"SearchAction\",\"target\":{\"@type\":\"EntryPoint\",\"urlTemplate\":\"https:\/\/manoteises.lt\/atminimo-akmenys\/?s={search_term_string}\"},\"query-input\":{\"@type\":\"PropertyValueSpecification\",\"valueRequired\":true,\"valueName\":\"search_term_string\"}}],\"inLanguage\":\"en-US\"}]}<\/script>\n<!-- \/ Yoast SEO plugin. -->","yoast_head_json":{"title":"Atminimo amenys Vilnius - Atminimo akmenys","description":"Atminimo amenys Vilnius, Holokaustas, Jakovas Vygodskis, Samuelis Margolis, Icchokas Ruda\u0161evskis, Fania Lewando, \u0160emiavi\u010diai","robots":{"index":"index","follow":"follow","max-snippet":"max-snippet:-1","max-image-preview":"max-image-preview:large","max-video-preview":"max-video-preview:-1"},"canonical":"https:\/\/manoteises.lt\/atminimo-akmenys\/vilnius\/","twitter_misc":{"Est. reading time":"1 minute"},"schema":{"@context":"https:\/\/schema.org","@graph":[{"@type":"WebPage","@id":"https:\/\/manoteises.lt\/atminimo-akmenys\/vilnius\/","url":"https:\/\/manoteises.lt\/atminimo-akmenys\/vilnius\/","name":"Atminimo amenys Vilnius","isPartOf":{"@id":"https:\/\/manoteises.lt\/atminimo-akmenys\/#website"},"datePublished":"2016-08-24T14:17:23+00:00","dateModified":"2023-03-30T16:52:38+00:00","description":"Atminimo amenys Vilnius, Holokaustas, Jakovas Vygodskis, Samuelis Margolis, Icchokas Ruda\u0161evskis, Fania Lewando, \u0160emiavi\u010diai","breadcrumb":{"@id":"https:\/\/manoteises.lt\/atminimo-akmenys\/vilnius\/#breadcrumb"},"inLanguage":"en-US","potentialAction":[{"@type":"ReadAction","target":["https:\/\/manoteises.lt\/atminimo-akmenys\/vilnius\/"]}]},{"@type":"BreadcrumbList","@id":"https:\/\/manoteises.lt\/atminimo-akmenys\/vilnius\/#breadcrumb","itemListElement":[{"@type":"ListItem","position":1,"name":"Home","item":"https:\/\/manoteises.lt\/atminimo-akmenys\/"},{"@type":"ListItem","position":2,"name":"Vilnius"}]},{"@type":"WebSite","@id":"https:\/\/manoteises.lt\/atminimo-akmenys\/#website","url":"https:\/\/manoteises.lt\/atminimo-akmenys\/","name":"Atminimo akmenys","description":"","potentialAction":[{"@type":"SearchAction","target":{"@type":"EntryPoint","urlTemplate":"https:\/\/manoteises.lt\/atminimo-akmenys\/?s={search_term_string}"},"query-input":{"@type":"PropertyValueSpecification","valueRequired":true,"valueName":"search_term_string"}}],"inLanguage":"en-US"}]}},"_links":{"self":[{"href":"https:\/\/manoteises.lt\/atminimo-akmenys\/wp-json\/wp\/v2\/pages\/10958","targetHints":{"allow":["GET"]}}],"collection":[{"href":"https:\/\/manoteises.lt\/atminimo-akmenys\/wp-json\/wp\/v2\/pages"}],"about":[{"href":"https:\/\/manoteises.lt\/atminimo-akmenys\/wp-json\/wp\/v2\/types\/page"}],"author":[{"embeddable":true,"href":"https:\/\/manoteises.lt\/atminimo-akmenys\/wp-json\/wp\/v2\/users\/15"}],"replies":[{"embeddable":true,"href":"https:\/\/manoteises.lt\/atminimo-akmenys\/wp-json\/wp\/v2\/comments?post=10958"}],"version-history":[{"count":11,"href":"https:\/\/manoteises.lt\/atminimo-akmenys\/wp-json\/wp\/v2\/pages\/10958\/revisions"}],"predecessor-version":[{"id":24077,"href":"https:\/\/manoteises.lt\/atminimo-akmenys\/wp-json\/wp\/v2\/pages\/10958\/revisions\/24077"}],"wp:attachment":[{"href":"https:\/\/manoteises.lt\/atminimo-akmenys\/wp-json\/wp\/v2\/media?parent=10958"}],"curies":[{"name":"wp","href":"https:\/\/api.w.org\/{rel}","templated":true}]}}