{"id":11009,"date":"2016-08-26T17:11:53","date_gmt":"2016-08-26T14:11:53","guid":{"rendered":"http:\/\/manoteises.lt\/?page_id=11009"},"modified":"2022-07-12T19:32:38","modified_gmt":"2022-07-12T16:32:38","slug":"panevezys","status":"publish","type":"page","link":"https:\/\/manoteises.lt\/atminimo-akmenys\/panevezys\/","title":{"rendered":"Panev\u0117\u017eys"},"content":{"rendered":"<p style=\"text-align: justify;\">J. Tilvy\u010dio g. 1 \u012fmontavus keturis Atminimo akmenis, Panev\u0117\u017eys prisid\u0117jo prie did\u017eiausio Europos memorialo po atviru dangumi. \u0160ios lentel\u0117s grindinyje tapo pirmuoju monumentu Lietuvoje, \u012fprasminan\u010diu rom\u0173 bendruomen\u0117s tragedij\u0105.<\/p>\n<p style=\"text-align: justify;\">Atminimo akmenys \u012fam\u017eino panev\u0117\u017eietes On\u0105 Matuzevi\u010dien\u0119-Bagdonavi\u010di\u016bt\u0119, Anastazij\u0105 Jablonskien\u0119-Bagdonavi\u010di\u016bt\u0119, Zos\u0119 Matuzevi\u010di\u016bt\u0119, On\u0105 Grachauskien\u0119-Bagdonavi\u010di\u016bt\u0119. Jie taip pat simboli\u0161kai primins apie visus romus, kankintus ar nu\u017eudytus per Holokaust\u0105.<\/p>\n<p style=\"text-align: justify;\">Per Antr\u0105j\u012f pasaulin\u012f kar\u0105 romai, kaip ir \u017eydai, naci\u0173 buvo persekiojami d\u0117l rasistini\u0173 paskat\u0173 \u2013 i\u0161\u017eudyta \u0161imtai t\u016bkstan\u010di\u0173 rom\u0173, kuri\u0173 prot\u0117vi\u0173 kart\u0173 kartos gyveno Europoje. Ne i\u0161imtis buvo ir Lietuva. Manoma, kad \u0161alyje nu\u017eudyta ne ma\u017eiau kaip 500 rom\u0173 kilm\u0117s asmen\u0173 (tai sudar\u0117 tre\u010ddal\u012f bendruomen\u0117s). Naci\u0173 okupacijos pabaigoje \u017emon\u0117s buvo ve\u017eami \u012f Pranc\u016bzij\u0105 ir Vokietij\u0105 \u2013 deportuota apie 1000 rom\u0173.<\/p>\n<p style=\"text-align: justify;\">1944 m. rugpj\u016b\u010dio 2 d. Lenkijoje, Au\u0161vico-Birkenau koncentracijos stovykloje, buvo sunaikintas rom\u0173 lageris ir nu\u017eudyta apie 3000 jame kalint\u0173 \u017emoni\u0173. Pa\u017eymint \u0161i\u0105 tragi\u0161k\u0105 dien\u0105, kasmet prad\u0117ta min\u0117ti Tarptautin\u0117 rom\u0173 Holokausto auk\u0173 atminimo diena.<\/p>\n<p style=\"text-align: justify;\"><a href=\"http:\/\/www.atminimoakmenys.lt\/\" target=\"_blank\" rel=\"noopener noreferrer\">Atminimo akmenys<\/a>\u00a0\u012frengti \u0161ioms paneve\u017eiet\u0117ms atminti:<\/p>\n","protected":false},"excerpt":{"rendered":"<p>J. Tilvy\u010dio g. 1 \u012fmontavus keturis Atminimo akmenis, Panev\u0117\u017eys prisid\u0117jo prie did\u017eiausio Europos memorialo po atviru dangumi. \u0160ios lentel\u0117s grindinyje tapo pirmuoju monumentu Lietuvoje, \u012fprasminan\u010diu rom\u0173 bendruomen\u0117s tragedij\u0105. Atminimo akmenys \u012fam\u017eino panev\u0117\u017eietes On\u0105 Matuzevi\u010dien\u0119-Bagdonavi\u010di\u016bt\u0119, Anastazij\u0105 Jablonskien\u0119-Bagdonavi\u010di\u016bt\u0119, Zos\u0119 Matuzevi\u010di\u016bt\u0119, On\u0105 Grachauskien\u0119-Bagdonavi\u010di\u016bt\u0119. Jie taip pat simboli\u0161kai primins apie visus romus, kankintus ar nu\u017eudytus per Holokaust\u0105. Per Antr\u0105j\u012f<\/p>\n","protected":false},"author":15,"featured_media":0,"parent":0,"menu_order":8,"comment_status":"closed","ping_status":"closed","template":"page-akmenys-miestas.php","meta":{"_acf_changed":false,"footnotes":""},"class_list":["post-11009","page","type-page","status-publish","hentry"],"acf":[],"yoast_head":"<!-- This site is optimized with the Yoast SEO plugin v26.9 - https:\/\/yoast.com\/product\/yoast-seo-wordpress\/ -->\n<title>Panev\u0117\u017eys - Atminimo akmenys<\/title>\n<meta name=\"description\" content=\"Atminimo akmenys, Panev\u0117\u017eys, Rom\u0173 Holokaustas, Tarptautin\u0117 rom\u0173 holokausto auk\u0173 atminimo diena, Holokaustas, koncentracijos stovyklos\" \/>\n<meta name=\"robots\" content=\"index, follow, max-snippet:-1, max-image-preview:large, max-video-preview:-1\" \/>\n<link rel=\"canonical\" href=\"https:\/\/manoteises.lt\/atminimo-akmenys\/panevezys\/\" \/>\n<meta name=\"twitter:label1\" content=\"Est. reading time\" \/>\n\t<meta name=\"twitter:data1\" content=\"1 minute\" \/>\n<script type=\"application\/ld+json\" class=\"yoast-schema-graph\">{\"@context\":\"https:\/\/schema.org\",\"@graph\":[{\"@type\":\"WebPage\",\"@id\":\"https:\/\/manoteises.lt\/atminimo-akmenys\/panevezys\/\",\"url\":\"https:\/\/manoteises.lt\/atminimo-akmenys\/panevezys\/\",\"name\":\"Panev\u0117\u017eys\",\"isPartOf\":{\"@id\":\"https:\/\/manoteises.lt\/atminimo-akmenys\/#website\"},\"datePublished\":\"2016-08-26T14:11:53+00:00\",\"dateModified\":\"2022-07-12T16:32:38+00:00\",\"description\":\"Atminimo akmenys, Panev\u0117\u017eys, Rom\u0173 Holokaustas, Tarptautin\u0117 rom\u0173 holokausto auk\u0173 atminimo diena, Holokaustas, koncentracijos stovyklos\",\"breadcrumb\":{\"@id\":\"https:\/\/manoteises.lt\/atminimo-akmenys\/panevezys\/#breadcrumb\"},\"inLanguage\":\"en-US\",\"potentialAction\":[{\"@type\":\"ReadAction\",\"target\":[\"https:\/\/manoteises.lt\/atminimo-akmenys\/panevezys\/\"]}]},{\"@type\":\"BreadcrumbList\",\"@id\":\"https:\/\/manoteises.lt\/atminimo-akmenys\/panevezys\/#breadcrumb\",\"itemListElement\":[{\"@type\":\"ListItem\",\"position\":1,\"name\":\"Home\",\"item\":\"https:\/\/manoteises.lt\/atminimo-akmenys\/\"},{\"@type\":\"ListItem\",\"position\":2,\"name\":\"Panev\u0117\u017eys\"}]},{\"@type\":\"WebSite\",\"@id\":\"https:\/\/manoteises.lt\/atminimo-akmenys\/#website\",\"url\":\"https:\/\/manoteises.lt\/atminimo-akmenys\/\",\"name\":\"Atminimo akmenys\",\"description\":\"\",\"potentialAction\":[{\"@type\":\"SearchAction\",\"target\":{\"@type\":\"EntryPoint\",\"urlTemplate\":\"https:\/\/manoteises.lt\/atminimo-akmenys\/?s={search_term_string}\"},\"query-input\":{\"@type\":\"PropertyValueSpecification\",\"valueRequired\":true,\"valueName\":\"search_term_string\"}}],\"inLanguage\":\"en-US\"}]}<\/script>\n<!-- \/ Yoast SEO plugin. -->","yoast_head_json":{"title":"Panev\u0117\u017eys - Atminimo akmenys","description":"Atminimo akmenys, Panev\u0117\u017eys, Rom\u0173 Holokaustas, Tarptautin\u0117 rom\u0173 holokausto auk\u0173 atminimo diena, Holokaustas, koncentracijos stovyklos","robots":{"index":"index","follow":"follow","max-snippet":"max-snippet:-1","max-image-preview":"max-image-preview:large","max-video-preview":"max-video-preview:-1"},"canonical":"https:\/\/manoteises.lt\/atminimo-akmenys\/panevezys\/","twitter_misc":{"Est. reading time":"1 minute"},"schema":{"@context":"https:\/\/schema.org","@graph":[{"@type":"WebPage","@id":"https:\/\/manoteises.lt\/atminimo-akmenys\/panevezys\/","url":"https:\/\/manoteises.lt\/atminimo-akmenys\/panevezys\/","name":"Panev\u0117\u017eys","isPartOf":{"@id":"https:\/\/manoteises.lt\/atminimo-akmenys\/#website"},"datePublished":"2016-08-26T14:11:53+00:00","dateModified":"2022-07-12T16:32:38+00:00","description":"Atminimo akmenys, Panev\u0117\u017eys, Rom\u0173 Holokaustas, Tarptautin\u0117 rom\u0173 holokausto auk\u0173 atminimo diena, Holokaustas, koncentracijos stovyklos","breadcrumb":{"@id":"https:\/\/manoteises.lt\/atminimo-akmenys\/panevezys\/#breadcrumb"},"inLanguage":"en-US","potentialAction":[{"@type":"ReadAction","target":["https:\/\/manoteises.lt\/atminimo-akmenys\/panevezys\/"]}]},{"@type":"BreadcrumbList","@id":"https:\/\/manoteises.lt\/atminimo-akmenys\/panevezys\/#breadcrumb","itemListElement":[{"@type":"ListItem","position":1,"name":"Home","item":"https:\/\/manoteises.lt\/atminimo-akmenys\/"},{"@type":"ListItem","position":2,"name":"Panev\u0117\u017eys"}]},{"@type":"WebSite","@id":"https:\/\/manoteises.lt\/atminimo-akmenys\/#website","url":"https:\/\/manoteises.lt\/atminimo-akmenys\/","name":"Atminimo akmenys","description":"","potentialAction":[{"@type":"SearchAction","target":{"@type":"EntryPoint","urlTemplate":"https:\/\/manoteises.lt\/atminimo-akmenys\/?s={search_term_string}"},"query-input":{"@type":"PropertyValueSpecification","valueRequired":true,"valueName":"search_term_string"}}],"inLanguage":"en-US"}]}},"_links":{"self":[{"href":"https:\/\/manoteises.lt\/atminimo-akmenys\/wp-json\/wp\/v2\/pages\/11009","targetHints":{"allow":["GET"]}}],"collection":[{"href":"https:\/\/manoteises.lt\/atminimo-akmenys\/wp-json\/wp\/v2\/pages"}],"about":[{"href":"https:\/\/manoteises.lt\/atminimo-akmenys\/wp-json\/wp\/v2\/types\/page"}],"author":[{"embeddable":true,"href":"https:\/\/manoteises.lt\/atminimo-akmenys\/wp-json\/wp\/v2\/users\/15"}],"replies":[{"embeddable":true,"href":"https:\/\/manoteises.lt\/atminimo-akmenys\/wp-json\/wp\/v2\/comments?post=11009"}],"version-history":[{"count":1,"href":"https:\/\/manoteises.lt\/atminimo-akmenys\/wp-json\/wp\/v2\/pages\/11009\/revisions"}],"predecessor-version":[{"id":23164,"href":"https:\/\/manoteises.lt\/atminimo-akmenys\/wp-json\/wp\/v2\/pages\/11009\/revisions\/23164"}],"wp:attachment":[{"href":"https:\/\/manoteises.lt\/atminimo-akmenys\/wp-json\/wp\/v2\/media?parent=11009"}],"curies":[{"name":"wp","href":"https:\/\/api.w.org\/{rel}","templated":true}]}}