{"id":11064,"date":"2016-08-28T22:23:02","date_gmt":"2016-08-28T19:23:02","guid":{"rendered":"http:\/\/manoteises.lt\/?page_id=11064"},"modified":"2020-10-21T14:52:02","modified_gmt":"2020-10-21T11:52:02","slug":"fania-lewando-lazar-lewando","status":"publish","type":"page","link":"https:\/\/manoteises.lt\/atminimo-akmenys\/vilnius\/fania-lewando-lazar-lewando\/","title":{"rendered":"Fania Lewando, Lazar Lewando"},"content":{"rendered":"<h1><strong>Fania Lewando-Fiszelewicz ir Lazar Lewando<\/strong><\/h1>\n<p style=\"text-align: justify;\"><strong>Fania Lewando-Fiszelewicz<\/strong> (g. 1888 m., \u017euvo 1941 m.) ir <strong>Lazar Lewando<\/strong> (g. 1880 m., \u017euvo 1941 m.).<\/p>\n<p>Vegetari\u0161ko restorano Vilniuje \u012fk\u016br\u0117jai ir savininkai.<\/p>\n<p style=\"text-align: justify;\">Pra\u0117jusio am\u017eiaus ketvirtame de\u0161imtmetyje dabartin\u0117je Lietuvos sostin\u0117je veik\u0117 restoranas \u201eDieto-Jarska Jadlodajnia\u201c (liet. \u201eDieti\u0161ka\u2012vegetari\u0161ka valgykla\u201c). Jame pagal savo\u00a0 originalius receptus pagamintais skan\u0117stais <a href=\"http:\/\/manoteises.lt\/straipsnis\/atgimstanti-zydisko-maisto-legenda-fanios-lewando-vilnius\/\" target=\"_blank\" rel=\"noopener noreferrer\">sve\u010dius vai\u0161ino<\/a> Fania Lewando, o restorano sve\u010di\u0173 knygoje \u012fra\u0161\u0105 paliko ir garsusis modernistas dailininkas Markas \u0160agalas.<\/p>\n<p style=\"text-align: justify;\">Fania buvo ne tik puiki \u0161ef\u0117, bet ir pedagog\u0117 \u2013 savo \u012fkurtoje kulinarijos mokykloje vietos moteris mok\u0117 gaminti vegetari\u0161k\u0105 maist\u0105, o receptus smulkiai apra\u0161\u0117 1938 m. pasirod\u017eiusioje knygoje \u201eVegetari\u0161k\u0173-dietini\u0173 recept\u0173 knyga: 400 patiekal\u0173, pagamint\u0173 i\u0161imtinai i\u0161 dar\u017eovi\u0173\u201c.<\/p>\n<p style=\"text-align: justify;\">1941 m., b\u0117gdami nuo Vilni\u0173 okupuojan\u010di\u0173 naci\u0173, Fania ir Lazar pateko \u012f soviet\u0173 armijos rankas. Nuo tada j\u0173 likimas nebe\u017einomas.<\/p>\n<p style=\"text-align: justify;\"><strong>Atminimo akmenys Faniai ir Lazar Lewando \u012frengti Vokie\u010di\u0173 g. 14, Vilniuje,\u00a0kur buvo \u012fsik\u016br\u0119s restoranas \u201eDieto-Jarska Jadlodajnia\u201c.<\/strong><\/p>\n","protected":false},"excerpt":{"rendered":"<p>Fania Lewando-Fiszelewicz ir Lazar Lewando Fania Lewando-Fiszelewicz (g. 1888 m., \u017euvo 1941 m.) ir Lazar Lewando (g. 1880 m., \u017euvo 1941 m.). Vegetari\u0161ko restorano Vilniuje \u012fk\u016br\u0117jai ir savininkai. Pra\u0117jusio am\u017eiaus ketvirtame de\u0161imtmetyje dabartin\u0117je Lietuvos sostin\u0117je veik\u0117 restoranas \u201eDieto-Jarska Jadlodajnia\u201c (liet. \u201eDieti\u0161ka\u2012vegetari\u0161ka valgykla\u201c). Jame pagal savo\u00a0 originalius receptus pagamintais skan\u0117stais sve\u010dius vai\u0161ino Fania Lewando, o restorano<\/p>\n","protected":false},"author":15,"featured_media":0,"parent":10958,"menu_order":0,"comment_status":"closed","ping_status":"closed","template":"page-akmenys-vidinis.php","meta":{"_acf_changed":false,"footnotes":""},"class_list":["post-11064","page","type-page","status-publish","hentry"],"acf":[],"yoast_head":"<!-- This site is optimized with the Yoast SEO plugin v26.9 - https:\/\/yoast.com\/product\/yoast-seo-wordpress\/ -->\n<title>Fania Lewando - Atminimo akmenys<\/title>\n<meta name=\"description\" content=\"Fania Lewando, vegetari\u0161kas maistas tarpukariu, Vilnius, Vokie\u010di\u0173 g. 14, Markas \u0160agalas, vegetari\u0161ki receptai\" \/>\n<meta name=\"robots\" content=\"index, follow, max-snippet:-1, max-image-preview:large, max-video-preview:-1\" \/>\n<link rel=\"canonical\" href=\"https:\/\/manoteises.lt\/atminimo-akmenys\/vilnius\/fania-lewando-lazar-lewando\/\" \/>\n<meta name=\"twitter:label1\" content=\"Est. reading time\" \/>\n\t<meta name=\"twitter:data1\" content=\"1 minute\" \/>\n<script type=\"application\/ld+json\" class=\"yoast-schema-graph\">{\"@context\":\"https:\/\/schema.org\",\"@graph\":[{\"@type\":\"WebPage\",\"@id\":\"https:\/\/manoteises.lt\/atminimo-akmenys\/vilnius\/fania-lewando-lazar-lewando\/\",\"url\":\"https:\/\/manoteises.lt\/atminimo-akmenys\/vilnius\/fania-lewando-lazar-lewando\/\",\"name\":\"Fania Lewando\",\"isPartOf\":{\"@id\":\"https:\/\/manoteises.lt\/atminimo-akmenys\/#website\"},\"datePublished\":\"2016-08-28T19:23:02+00:00\",\"dateModified\":\"2020-10-21T11:52:02+00:00\",\"description\":\"Fania Lewando, vegetari\u0161kas maistas tarpukariu, Vilnius, Vokie\u010di\u0173 g. 14, Markas \u0160agalas, vegetari\u0161ki receptai\",\"breadcrumb\":{\"@id\":\"https:\/\/manoteises.lt\/atminimo-akmenys\/vilnius\/fania-lewando-lazar-lewando\/#breadcrumb\"},\"inLanguage\":\"en-US\",\"potentialAction\":[{\"@type\":\"ReadAction\",\"target\":[\"https:\/\/manoteises.lt\/atminimo-akmenys\/vilnius\/fania-lewando-lazar-lewando\/\"]}]},{\"@type\":\"BreadcrumbList\",\"@id\":\"https:\/\/manoteises.lt\/atminimo-akmenys\/vilnius\/fania-lewando-lazar-lewando\/#breadcrumb\",\"itemListElement\":[{\"@type\":\"ListItem\",\"position\":1,\"name\":\"Home\",\"item\":\"https:\/\/manoteises.lt\/atminimo-akmenys\/\"},{\"@type\":\"ListItem\",\"position\":2,\"name\":\"Vilnius\",\"item\":\"https:\/\/manoteises.lt\/atminimo-akmenys\/vilnius\/\"},{\"@type\":\"ListItem\",\"position\":3,\"name\":\"Fania Lewando, Lazar Lewando\"}]},{\"@type\":\"WebSite\",\"@id\":\"https:\/\/manoteises.lt\/atminimo-akmenys\/#website\",\"url\":\"https:\/\/manoteises.lt\/atminimo-akmenys\/\",\"name\":\"Atminimo akmenys\",\"description\":\"\",\"potentialAction\":[{\"@type\":\"SearchAction\",\"target\":{\"@type\":\"EntryPoint\",\"urlTemplate\":\"https:\/\/manoteises.lt\/atminimo-akmenys\/?s={search_term_string}\"},\"query-input\":{\"@type\":\"PropertyValueSpecification\",\"valueRequired\":true,\"valueName\":\"search_term_string\"}}],\"inLanguage\":\"en-US\"}]}<\/script>\n<!-- \/ Yoast SEO plugin. -->","yoast_head_json":{"title":"Fania Lewando - Atminimo akmenys","description":"Fania Lewando, vegetari\u0161kas maistas tarpukariu, Vilnius, Vokie\u010di\u0173 g. 14, Markas \u0160agalas, vegetari\u0161ki receptai","robots":{"index":"index","follow":"follow","max-snippet":"max-snippet:-1","max-image-preview":"max-image-preview:large","max-video-preview":"max-video-preview:-1"},"canonical":"https:\/\/manoteises.lt\/atminimo-akmenys\/vilnius\/fania-lewando-lazar-lewando\/","twitter_misc":{"Est. reading time":"1 minute"},"schema":{"@context":"https:\/\/schema.org","@graph":[{"@type":"WebPage","@id":"https:\/\/manoteises.lt\/atminimo-akmenys\/vilnius\/fania-lewando-lazar-lewando\/","url":"https:\/\/manoteises.lt\/atminimo-akmenys\/vilnius\/fania-lewando-lazar-lewando\/","name":"Fania Lewando","isPartOf":{"@id":"https:\/\/manoteises.lt\/atminimo-akmenys\/#website"},"datePublished":"2016-08-28T19:23:02+00:00","dateModified":"2020-10-21T11:52:02+00:00","description":"Fania Lewando, vegetari\u0161kas maistas tarpukariu, Vilnius, Vokie\u010di\u0173 g. 14, Markas \u0160agalas, vegetari\u0161ki receptai","breadcrumb":{"@id":"https:\/\/manoteises.lt\/atminimo-akmenys\/vilnius\/fania-lewando-lazar-lewando\/#breadcrumb"},"inLanguage":"en-US","potentialAction":[{"@type":"ReadAction","target":["https:\/\/manoteises.lt\/atminimo-akmenys\/vilnius\/fania-lewando-lazar-lewando\/"]}]},{"@type":"BreadcrumbList","@id":"https:\/\/manoteises.lt\/atminimo-akmenys\/vilnius\/fania-lewando-lazar-lewando\/#breadcrumb","itemListElement":[{"@type":"ListItem","position":1,"name":"Home","item":"https:\/\/manoteises.lt\/atminimo-akmenys\/"},{"@type":"ListItem","position":2,"name":"Vilnius","item":"https:\/\/manoteises.lt\/atminimo-akmenys\/vilnius\/"},{"@type":"ListItem","position":3,"name":"Fania Lewando, Lazar Lewando"}]},{"@type":"WebSite","@id":"https:\/\/manoteises.lt\/atminimo-akmenys\/#website","url":"https:\/\/manoteises.lt\/atminimo-akmenys\/","name":"Atminimo akmenys","description":"","potentialAction":[{"@type":"SearchAction","target":{"@type":"EntryPoint","urlTemplate":"https:\/\/manoteises.lt\/atminimo-akmenys\/?s={search_term_string}"},"query-input":{"@type":"PropertyValueSpecification","valueRequired":true,"valueName":"search_term_string"}}],"inLanguage":"en-US"}]}},"_links":{"self":[{"href":"https:\/\/manoteises.lt\/atminimo-akmenys\/wp-json\/wp\/v2\/pages\/11064","targetHints":{"allow":["GET"]}}],"collection":[{"href":"https:\/\/manoteises.lt\/atminimo-akmenys\/wp-json\/wp\/v2\/pages"}],"about":[{"href":"https:\/\/manoteises.lt\/atminimo-akmenys\/wp-json\/wp\/v2\/types\/page"}],"author":[{"embeddable":true,"href":"https:\/\/manoteises.lt\/atminimo-akmenys\/wp-json\/wp\/v2\/users\/15"}],"replies":[{"embeddable":true,"href":"https:\/\/manoteises.lt\/atminimo-akmenys\/wp-json\/wp\/v2\/comments?post=11064"}],"version-history":[{"count":1,"href":"https:\/\/manoteises.lt\/atminimo-akmenys\/wp-json\/wp\/v2\/pages\/11064\/revisions"}],"predecessor-version":[{"id":23179,"href":"https:\/\/manoteises.lt\/atminimo-akmenys\/wp-json\/wp\/v2\/pages\/11064\/revisions\/23179"}],"up":[{"embeddable":true,"href":"https:\/\/manoteises.lt\/atminimo-akmenys\/wp-json\/wp\/v2\/pages\/10958"}],"wp:attachment":[{"href":"https:\/\/manoteises.lt\/atminimo-akmenys\/wp-json\/wp\/v2\/media?parent=11064"}],"curies":[{"name":"wp","href":"https:\/\/api.w.org\/{rel}","templated":true}]}}