{"id":11089,"date":"2016-08-28T22:51:11","date_gmt":"2016-08-28T19:51:11","guid":{"rendered":"http:\/\/manoteises.lt\/?page_id=11089"},"modified":"2020-10-21T14:52:08","modified_gmt":"2020-10-21T11:52:08","slug":"jakovas-vygodskis","status":"publish","type":"page","link":"https:\/\/manoteises.lt\/atminimo-akmenys\/vilnius\/jakovas-vygodskis\/","title":{"rendered":"Jakovas Vygodskis"},"content":{"rendered":"<h1><strong>Jakovas Vygodskiui\u00a0<\/strong><\/h1>\n<p>(g. 1857, \u017euvo 1941 m. Luki\u0161ki\u0173 kal\u0117jime).<\/p>\n<p style=\"text-align: justify;\">Jakovas Vygodskis buvo Gydytojas i\u0161 did\u017eiosios raid\u0117s ir kartais, atrodo, nesuprato, kad ir jis yra mirtingas.<\/p>\n<p style=\"text-align: justify;\">1931 m., grasindami pogromu, didel\u0117 grup\u0117 agresyviai nusiteikusi\u0173 jaun\u0173 lenk\u0173 apsupo nam\u0105, kuriame buvo \u012fsik\u016brusi \u017dyd\u0173 student\u0173 tarpusavio s\u0105junga. \u017dyd\u0173 student\u0173 kreipimasis \u012f policij\u0105 nedav\u0117 joki\u0173 rezultat\u0173. Ta\u010diau, kaip ra\u0161o muziejininkas Genrichas Agranovskis, \u012f nam\u0105 pavyko prasmukti gydytojui Jakovui Vygodskiui. Jis paskambino policijos vir\u0161ininkui ir prisistat\u0117: \u201eA\u0161 esu buv\u0119s Lenkijos Seimo narys, liksiu \u010dia su \u017eydais studentais ir su jais sulauksiu mirties\u201c. Paskutin\u0119 minut\u0119 policijai pavyko i\u0161vaikyti \u012ft\u016b\u017eusi\u0105 mini\u0105.<br \/>\nTa\u010diau po de\u0161imties met\u0173, \u012f Vilni\u0173 \u012f\u017eengus naciams, s\u0117km\u0117 nusigr\u0119\u017e\u0117. Gydytojas J. Vygodskis buvo suimtas t\u0173 pa\u010di\u0173 met\u0173 liep\u0105, dar prie\u0161 \u012fkuriant Vilniaus get\u0105, perduotas gestapui, kalintas Luki\u0161ki\u0173 kal\u0117jime, kuriame, b\u016bdamas a\u0161tuoniasde\u0161imt ketveri\u0173 met\u0173, nukankintas.<\/p>\n<p style=\"text-align: justify;\">1918\u20121919 m. J. Vygodskis \u0117jo ministro be portfelio \u017eyd\u0173 reikalams pareigas, paskelbus nepriklausomyb\u0119 \u012ftrauktas \u012f Lietuvos Valstyb\u0117s Taryb\u0105.<\/p>\n<p style=\"text-align: justify;\"><strong>Atminimo akmuo dr. Jakovui Vygodskiui \u012frengtas Vilniaus g. 31\/Islandijos g. 1,\u00a0Vilniuje, gydytojas \u010dia gyveno ir priimin\u0117jo ligonius.<\/strong><\/p>\n<div class=\"video-container\"><iframe loading=\"lazy\" title=\"\u201eAtminimo akmuo\u201c dr. Jakovui Vygodskiui. Kalba Faina Kukliansky\" width=\"500\" height=\"281\" src=\"https:\/\/www.youtube.com\/embed\/qJnOMZo5cM4?feature=oembed\" frameborder=\"0\" allow=\"accelerometer; autoplay; clipboard-write; encrypted-media; gyroscope; picture-in-picture; web-share\" referrerpolicy=\"strict-origin-when-cross-origin\" allowfullscreen><\/iframe><\/div>\n","protected":false},"excerpt":{"rendered":"<p>Jakovas Vygodskiui\u00a0 (g. 1857, \u017euvo 1941 m. Luki\u0161ki\u0173 kal\u0117jime). Jakovas Vygodskis buvo Gydytojas i\u0161 did\u017eiosios raid\u0117s ir kartais, atrodo, nesuprato, kad ir jis yra mirtingas. 1931 m., grasindami pogromu, didel\u0117 grup\u0117 agresyviai nusiteikusi\u0173 jaun\u0173 lenk\u0173 apsupo nam\u0105, kuriame buvo \u012fsik\u016brusi \u017dyd\u0173 student\u0173 tarpusavio s\u0105junga. \u017dyd\u0173 student\u0173 kreipimasis \u012f policij\u0105 nedav\u0117 joki\u0173 rezultat\u0173. Ta\u010diau, kaip ra\u0161o<\/p>\n","protected":false},"author":15,"featured_media":0,"parent":10958,"menu_order":0,"comment_status":"closed","ping_status":"closed","template":"page-akmenys-vidinis.php","meta":{"_acf_changed":false,"footnotes":""},"class_list":["post-11089","page","type-page","status-publish","hentry"],"acf":[],"yoast_head":"<!-- This site is optimized with the Yoast SEO plugin v26.9 - https:\/\/yoast.com\/product\/yoast-seo-wordpress\/ -->\n<title>Jakovas Vygodskis - Atminimo akmenys<\/title>\n<meta name=\"description\" content=\"Dr. Jakovas Vygodskis, nepriklausomyb\u0117s atk\u016brimas, Vilnius, \u017eyd\u0173 bendruomen\u0117 tarpukariu, Holokaustas, Luki\u0161ki\u0173 kal\u0117jimas, Vilniaus g. 31\/Islandijos g. 1, Stolpersteine, Stumbling Stones\" \/>\n<meta name=\"robots\" content=\"index, follow, max-snippet:-1, max-image-preview:large, max-video-preview:-1\" \/>\n<link rel=\"canonical\" href=\"https:\/\/manoteises.lt\/atminimo-akmenys\/vilnius\/jakovas-vygodskis\/\" \/>\n<meta name=\"twitter:label1\" content=\"Est. reading time\" \/>\n\t<meta name=\"twitter:data1\" content=\"1 minute\" \/>\n<script type=\"application\/ld+json\" class=\"yoast-schema-graph\">{\"@context\":\"https:\/\/schema.org\",\"@graph\":[{\"@type\":\"WebPage\",\"@id\":\"https:\/\/manoteises.lt\/atminimo-akmenys\/vilnius\/jakovas-vygodskis\/\",\"url\":\"https:\/\/manoteises.lt\/atminimo-akmenys\/vilnius\/jakovas-vygodskis\/\",\"name\":\"Jakovas Vygodskis\",\"isPartOf\":{\"@id\":\"https:\/\/manoteises.lt\/atminimo-akmenys\/#website\"},\"datePublished\":\"2016-08-28T19:51:11+00:00\",\"dateModified\":\"2020-10-21T11:52:08+00:00\",\"description\":\"Dr. Jakovas Vygodskis, nepriklausomyb\u0117s atk\u016brimas, Vilnius, \u017eyd\u0173 bendruomen\u0117 tarpukariu, Holokaustas, Luki\u0161ki\u0173 kal\u0117jimas, Vilniaus g. 31\/Islandijos g. 1, Stolpersteine, Stumbling Stones\",\"breadcrumb\":{\"@id\":\"https:\/\/manoteises.lt\/atminimo-akmenys\/vilnius\/jakovas-vygodskis\/#breadcrumb\"},\"inLanguage\":\"en-US\",\"potentialAction\":[{\"@type\":\"ReadAction\",\"target\":[\"https:\/\/manoteises.lt\/atminimo-akmenys\/vilnius\/jakovas-vygodskis\/\"]}]},{\"@type\":\"BreadcrumbList\",\"@id\":\"https:\/\/manoteises.lt\/atminimo-akmenys\/vilnius\/jakovas-vygodskis\/#breadcrumb\",\"itemListElement\":[{\"@type\":\"ListItem\",\"position\":1,\"name\":\"Home\",\"item\":\"https:\/\/manoteises.lt\/atminimo-akmenys\/\"},{\"@type\":\"ListItem\",\"position\":2,\"name\":\"Vilnius\",\"item\":\"https:\/\/manoteises.lt\/atminimo-akmenys\/vilnius\/\"},{\"@type\":\"ListItem\",\"position\":3,\"name\":\"Jakovas Vygodskis\"}]},{\"@type\":\"WebSite\",\"@id\":\"https:\/\/manoteises.lt\/atminimo-akmenys\/#website\",\"url\":\"https:\/\/manoteises.lt\/atminimo-akmenys\/\",\"name\":\"Atminimo akmenys\",\"description\":\"\",\"potentialAction\":[{\"@type\":\"SearchAction\",\"target\":{\"@type\":\"EntryPoint\",\"urlTemplate\":\"https:\/\/manoteises.lt\/atminimo-akmenys\/?s={search_term_string}\"},\"query-input\":{\"@type\":\"PropertyValueSpecification\",\"valueRequired\":true,\"valueName\":\"search_term_string\"}}],\"inLanguage\":\"en-US\"}]}<\/script>\n<!-- \/ Yoast SEO plugin. -->","yoast_head_json":{"title":"Jakovas Vygodskis - Atminimo akmenys","description":"Dr. Jakovas Vygodskis, nepriklausomyb\u0117s atk\u016brimas, Vilnius, \u017eyd\u0173 bendruomen\u0117 tarpukariu, Holokaustas, Luki\u0161ki\u0173 kal\u0117jimas, Vilniaus g. 31\/Islandijos g. 1, Stolpersteine, Stumbling Stones","robots":{"index":"index","follow":"follow","max-snippet":"max-snippet:-1","max-image-preview":"max-image-preview:large","max-video-preview":"max-video-preview:-1"},"canonical":"https:\/\/manoteises.lt\/atminimo-akmenys\/vilnius\/jakovas-vygodskis\/","twitter_misc":{"Est. reading time":"1 minute"},"schema":{"@context":"https:\/\/schema.org","@graph":[{"@type":"WebPage","@id":"https:\/\/manoteises.lt\/atminimo-akmenys\/vilnius\/jakovas-vygodskis\/","url":"https:\/\/manoteises.lt\/atminimo-akmenys\/vilnius\/jakovas-vygodskis\/","name":"Jakovas Vygodskis","isPartOf":{"@id":"https:\/\/manoteises.lt\/atminimo-akmenys\/#website"},"datePublished":"2016-08-28T19:51:11+00:00","dateModified":"2020-10-21T11:52:08+00:00","description":"Dr. Jakovas Vygodskis, nepriklausomyb\u0117s atk\u016brimas, Vilnius, \u017eyd\u0173 bendruomen\u0117 tarpukariu, Holokaustas, Luki\u0161ki\u0173 kal\u0117jimas, Vilniaus g. 31\/Islandijos g. 1, Stolpersteine, Stumbling Stones","breadcrumb":{"@id":"https:\/\/manoteises.lt\/atminimo-akmenys\/vilnius\/jakovas-vygodskis\/#breadcrumb"},"inLanguage":"en-US","potentialAction":[{"@type":"ReadAction","target":["https:\/\/manoteises.lt\/atminimo-akmenys\/vilnius\/jakovas-vygodskis\/"]}]},{"@type":"BreadcrumbList","@id":"https:\/\/manoteises.lt\/atminimo-akmenys\/vilnius\/jakovas-vygodskis\/#breadcrumb","itemListElement":[{"@type":"ListItem","position":1,"name":"Home","item":"https:\/\/manoteises.lt\/atminimo-akmenys\/"},{"@type":"ListItem","position":2,"name":"Vilnius","item":"https:\/\/manoteises.lt\/atminimo-akmenys\/vilnius\/"},{"@type":"ListItem","position":3,"name":"Jakovas Vygodskis"}]},{"@type":"WebSite","@id":"https:\/\/manoteises.lt\/atminimo-akmenys\/#website","url":"https:\/\/manoteises.lt\/atminimo-akmenys\/","name":"Atminimo akmenys","description":"","potentialAction":[{"@type":"SearchAction","target":{"@type":"EntryPoint","urlTemplate":"https:\/\/manoteises.lt\/atminimo-akmenys\/?s={search_term_string}"},"query-input":{"@type":"PropertyValueSpecification","valueRequired":true,"valueName":"search_term_string"}}],"inLanguage":"en-US"}]}},"_links":{"self":[{"href":"https:\/\/manoteises.lt\/atminimo-akmenys\/wp-json\/wp\/v2\/pages\/11089","targetHints":{"allow":["GET"]}}],"collection":[{"href":"https:\/\/manoteises.lt\/atminimo-akmenys\/wp-json\/wp\/v2\/pages"}],"about":[{"href":"https:\/\/manoteises.lt\/atminimo-akmenys\/wp-json\/wp\/v2\/types\/page"}],"author":[{"embeddable":true,"href":"https:\/\/manoteises.lt\/atminimo-akmenys\/wp-json\/wp\/v2\/users\/15"}],"replies":[{"embeddable":true,"href":"https:\/\/manoteises.lt\/atminimo-akmenys\/wp-json\/wp\/v2\/comments?post=11089"}],"version-history":[{"count":1,"href":"https:\/\/manoteises.lt\/atminimo-akmenys\/wp-json\/wp\/v2\/pages\/11089\/revisions"}],"predecessor-version":[{"id":23181,"href":"https:\/\/manoteises.lt\/atminimo-akmenys\/wp-json\/wp\/v2\/pages\/11089\/revisions\/23181"}],"up":[{"embeddable":true,"href":"https:\/\/manoteises.lt\/atminimo-akmenys\/wp-json\/wp\/v2\/pages\/10958"}],"wp:attachment":[{"href":"https:\/\/manoteises.lt\/atminimo-akmenys\/wp-json\/wp\/v2\/media?parent=11089"}],"curies":[{"name":"wp","href":"https:\/\/api.w.org\/{rel}","templated":true}]}}