{"id":11104,"date":"2016-08-28T23:12:47","date_gmt":"2016-08-28T20:12:47","guid":{"rendered":"http:\/\/manoteises.lt\/?page_id=11104"},"modified":"2020-10-21T14:50:22","modified_gmt":"2020-10-21T11:50:22","slug":"cerne-percikoviciute-1912-194142","status":"publish","type":"page","link":"https:\/\/manoteises.lt\/atminimo-akmenys\/kaunas\/cerne-percikoviciute-1912-194142\/","title":{"rendered":"\u010cern\u0117 Percikovi\u010di\u016bt\u0117"},"content":{"rendered":"<h1><strong>\u010cern\u0117 Percikovi\u010di\u016bt\u0117\u00a0<\/strong><\/h1>\n<p>(g. 1912, nu\u017eudyta 1941\/1942 m. vienos i\u0161 Kauno geto akcij\u0173 metu).<\/p>\n<p style=\"text-align: justify;\">U\u017edara ir paslaptinga laikyta \u010cern\u0117 studijavo Vytauto Did\u017eiojo universitete ir tuo pat metu baig\u0117 dviej\u0173 met\u0173 trukm\u0117s kursus Justino Vieno\u017einskio studijoje. Per de\u0161imt savo karjeros met\u0173 dailinink\u0117 sp\u0117jo sudalyvauti 18 parod\u0173, su darbais nukeliauti ir iki \u010cikagos. Menotyrinink\u0117 Violeta Kri\u0161topaityt\u0117 teigia, kad \u0161iai dailininkei buvo svarbios feministin\u0117s id\u0117jos, ji buvo aktyvi Lietuvos moter\u0173 dailininki\u0173 draugijos nar\u0117.<\/p>\n<p style=\"text-align: justify;\">1941 m. \u010cern\u0117 u\u017edaryta \u012f Kauno get\u0105, sp\u0117jama, kad nu\u017eudyta per vien\u0105 i\u0161 akcij\u0173 gete.<\/p>\n<p style=\"text-align: justify;\"><strong>Atminimo akmuo \u010cernei Percikovi\u010di\u016btei \u012frengtas Mi\u0161ko g. 1, Kaune, \u010dia dailinink\u0117 lank\u0117 kursus Justino Vieno\u017einskio studijoje.\u00a0<\/strong><\/p>\n<div class=\"video-container\"><iframe loading=\"lazy\" title=\"\u201eAtminimo akmuo\u201c \u010cernei Percikovi\u010di\u016btei. Kalba Violeta Kri\u0161topaityt\u0117\" width=\"500\" height=\"281\" src=\"https:\/\/www.youtube.com\/embed\/p0C6J0TATDo?feature=oembed\" frameborder=\"0\" allow=\"accelerometer; autoplay; clipboard-write; encrypted-media; gyroscope; picture-in-picture; web-share\" referrerpolicy=\"strict-origin-when-cross-origin\" allowfullscreen><\/iframe><\/div>\n","protected":false},"excerpt":{"rendered":"<p>\u010cern\u0117 Percikovi\u010di\u016bt\u0117\u00a0 (g. 1912, nu\u017eudyta 1941\/1942 m. vienos i\u0161 Kauno geto akcij\u0173 metu). U\u017edara ir paslaptinga laikyta \u010cern\u0117 studijavo Vytauto Did\u017eiojo universitete ir tuo pat metu baig\u0117 dviej\u0173 met\u0173 trukm\u0117s kursus Justino Vieno\u017einskio studijoje. Per de\u0161imt savo karjeros met\u0173 dailinink\u0117 sp\u0117jo sudalyvauti 18 parod\u0173, su darbais nukeliauti ir iki \u010cikagos. Menotyrinink\u0117 Violeta Kri\u0161topaityt\u0117 teigia, kad<\/p>\n","protected":false},"author":15,"featured_media":0,"parent":10931,"menu_order":0,"comment_status":"closed","ping_status":"closed","template":"page-akmenys-vidinis.php","meta":{"_acf_changed":false,"footnotes":""},"class_list":["post-11104","page","type-page","status-publish","hentry"],"acf":[],"yoast_head":"<!-- This site is optimized with the Yoast SEO plugin v26.9 - https:\/\/yoast.com\/product\/yoast-seo-wordpress\/ -->\n<title>\u010cern\u0117 Percikovi\u010di\u016bt\u0117 - Atminimo akmenys<\/title>\n<meta name=\"description\" content=\"&quot;Atminimo akmenys&quot;, \u010cern\u0117 Percikovi\u010di\u016bt\u0117, Mi\u0161ko g. 1, Kaunas, Holokaustas, Justino Vieno\u017einskio studija, Violeta Kri\u0161topaityt\u0117\" \/>\n<meta name=\"robots\" content=\"index, follow, max-snippet:-1, max-image-preview:large, max-video-preview:-1\" \/>\n<link rel=\"canonical\" href=\"https:\/\/manoteises.lt\/atminimo-akmenys\/kaunas\/cerne-percikoviciute-1912-194142\/\" \/>\n<meta name=\"twitter:label1\" content=\"Est. reading time\" \/>\n\t<meta name=\"twitter:data1\" content=\"1 minute\" \/>\n<script type=\"application\/ld+json\" class=\"yoast-schema-graph\">{\"@context\":\"https:\/\/schema.org\",\"@graph\":[{\"@type\":\"WebPage\",\"@id\":\"https:\/\/manoteises.lt\/atminimo-akmenys\/kaunas\/cerne-percikoviciute-1912-194142\/\",\"url\":\"https:\/\/manoteises.lt\/atminimo-akmenys\/kaunas\/cerne-percikoviciute-1912-194142\/\",\"name\":\"\u010cern\u0117 Percikovi\u010di\u016bt\u0117\",\"isPartOf\":{\"@id\":\"https:\/\/manoteises.lt\/atminimo-akmenys\/#website\"},\"datePublished\":\"2016-08-28T20:12:47+00:00\",\"dateModified\":\"2020-10-21T11:50:22+00:00\",\"description\":\"\\\"Atminimo akmenys\\\", \u010cern\u0117 Percikovi\u010di\u016bt\u0117, Mi\u0161ko g. 1, Kaunas, Holokaustas, Justino Vieno\u017einskio studija, Violeta Kri\u0161topaityt\u0117\",\"breadcrumb\":{\"@id\":\"https:\/\/manoteises.lt\/atminimo-akmenys\/kaunas\/cerne-percikoviciute-1912-194142\/#breadcrumb\"},\"inLanguage\":\"en-US\",\"potentialAction\":[{\"@type\":\"ReadAction\",\"target\":[\"https:\/\/manoteises.lt\/atminimo-akmenys\/kaunas\/cerne-percikoviciute-1912-194142\/\"]}]},{\"@type\":\"BreadcrumbList\",\"@id\":\"https:\/\/manoteises.lt\/atminimo-akmenys\/kaunas\/cerne-percikoviciute-1912-194142\/#breadcrumb\",\"itemListElement\":[{\"@type\":\"ListItem\",\"position\":1,\"name\":\"Home\",\"item\":\"https:\/\/manoteises.lt\/atminimo-akmenys\/\"},{\"@type\":\"ListItem\",\"position\":2,\"name\":\"Kaunas\",\"item\":\"https:\/\/manoteises.lt\/atminimo-akmenys\/kaunas\/\"},{\"@type\":\"ListItem\",\"position\":3,\"name\":\"\u010cern\u0117 Percikovi\u010di\u016bt\u0117\"}]},{\"@type\":\"WebSite\",\"@id\":\"https:\/\/manoteises.lt\/atminimo-akmenys\/#website\",\"url\":\"https:\/\/manoteises.lt\/atminimo-akmenys\/\",\"name\":\"Atminimo akmenys\",\"description\":\"\",\"potentialAction\":[{\"@type\":\"SearchAction\",\"target\":{\"@type\":\"EntryPoint\",\"urlTemplate\":\"https:\/\/manoteises.lt\/atminimo-akmenys\/?s={search_term_string}\"},\"query-input\":{\"@type\":\"PropertyValueSpecification\",\"valueRequired\":true,\"valueName\":\"search_term_string\"}}],\"inLanguage\":\"en-US\"}]}<\/script>\n<!-- \/ Yoast SEO plugin. -->","yoast_head_json":{"title":"\u010cern\u0117 Percikovi\u010di\u016bt\u0117 - Atminimo akmenys","description":"\"Atminimo akmenys\", \u010cern\u0117 Percikovi\u010di\u016bt\u0117, Mi\u0161ko g. 1, Kaunas, Holokaustas, Justino Vieno\u017einskio studija, Violeta Kri\u0161topaityt\u0117","robots":{"index":"index","follow":"follow","max-snippet":"max-snippet:-1","max-image-preview":"max-image-preview:large","max-video-preview":"max-video-preview:-1"},"canonical":"https:\/\/manoteises.lt\/atminimo-akmenys\/kaunas\/cerne-percikoviciute-1912-194142\/","twitter_misc":{"Est. reading time":"1 minute"},"schema":{"@context":"https:\/\/schema.org","@graph":[{"@type":"WebPage","@id":"https:\/\/manoteises.lt\/atminimo-akmenys\/kaunas\/cerne-percikoviciute-1912-194142\/","url":"https:\/\/manoteises.lt\/atminimo-akmenys\/kaunas\/cerne-percikoviciute-1912-194142\/","name":"\u010cern\u0117 Percikovi\u010di\u016bt\u0117","isPartOf":{"@id":"https:\/\/manoteises.lt\/atminimo-akmenys\/#website"},"datePublished":"2016-08-28T20:12:47+00:00","dateModified":"2020-10-21T11:50:22+00:00","description":"\"Atminimo akmenys\", \u010cern\u0117 Percikovi\u010di\u016bt\u0117, Mi\u0161ko g. 1, Kaunas, Holokaustas, Justino Vieno\u017einskio studija, Violeta Kri\u0161topaityt\u0117","breadcrumb":{"@id":"https:\/\/manoteises.lt\/atminimo-akmenys\/kaunas\/cerne-percikoviciute-1912-194142\/#breadcrumb"},"inLanguage":"en-US","potentialAction":[{"@type":"ReadAction","target":["https:\/\/manoteises.lt\/atminimo-akmenys\/kaunas\/cerne-percikoviciute-1912-194142\/"]}]},{"@type":"BreadcrumbList","@id":"https:\/\/manoteises.lt\/atminimo-akmenys\/kaunas\/cerne-percikoviciute-1912-194142\/#breadcrumb","itemListElement":[{"@type":"ListItem","position":1,"name":"Home","item":"https:\/\/manoteises.lt\/atminimo-akmenys\/"},{"@type":"ListItem","position":2,"name":"Kaunas","item":"https:\/\/manoteises.lt\/atminimo-akmenys\/kaunas\/"},{"@type":"ListItem","position":3,"name":"\u010cern\u0117 Percikovi\u010di\u016bt\u0117"}]},{"@type":"WebSite","@id":"https:\/\/manoteises.lt\/atminimo-akmenys\/#website","url":"https:\/\/manoteises.lt\/atminimo-akmenys\/","name":"Atminimo akmenys","description":"","potentialAction":[{"@type":"SearchAction","target":{"@type":"EntryPoint","urlTemplate":"https:\/\/manoteises.lt\/atminimo-akmenys\/?s={search_term_string}"},"query-input":{"@type":"PropertyValueSpecification","valueRequired":true,"valueName":"search_term_string"}}],"inLanguage":"en-US"}]}},"_links":{"self":[{"href":"https:\/\/manoteises.lt\/atminimo-akmenys\/wp-json\/wp\/v2\/pages\/11104","targetHints":{"allow":["GET"]}}],"collection":[{"href":"https:\/\/manoteises.lt\/atminimo-akmenys\/wp-json\/wp\/v2\/pages"}],"about":[{"href":"https:\/\/manoteises.lt\/atminimo-akmenys\/wp-json\/wp\/v2\/types\/page"}],"author":[{"embeddable":true,"href":"https:\/\/manoteises.lt\/atminimo-akmenys\/wp-json\/wp\/v2\/users\/15"}],"replies":[{"embeddable":true,"href":"https:\/\/manoteises.lt\/atminimo-akmenys\/wp-json\/wp\/v2\/comments?post=11104"}],"version-history":[{"count":1,"href":"https:\/\/manoteises.lt\/atminimo-akmenys\/wp-json\/wp\/v2\/pages\/11104\/revisions"}],"predecessor-version":[{"id":23157,"href":"https:\/\/manoteises.lt\/atminimo-akmenys\/wp-json\/wp\/v2\/pages\/11104\/revisions\/23157"}],"up":[{"embeddable":true,"href":"https:\/\/manoteises.lt\/atminimo-akmenys\/wp-json\/wp\/v2\/pages\/10931"}],"wp:attachment":[{"href":"https:\/\/manoteises.lt\/atminimo-akmenys\/wp-json\/wp\/v2\/media?parent=11104"}],"curies":[{"name":"wp","href":"https:\/\/api.w.org\/{rel}","templated":true}]}}