{"id":11110,"date":"2016-08-28T23:21:31","date_gmt":"2016-08-28T20:21:31","guid":{"rendered":"http:\/\/manoteises.lt\/?page_id=11110"},"modified":"2020-10-21T14:50:28","modified_gmt":"2020-10-21T11:50:28","slug":"isakas-anolikas","status":"publish","type":"page","link":"https:\/\/manoteises.lt\/atminimo-akmenys\/kaunas\/isakas-anolikas\/","title":{"rendered":"Isakas Anolikas"},"content":{"rendered":"<h1><strong>Isakas Anolikas\u00a0<\/strong><\/h1>\n<p style=\"text-align: justify;\">(g. 1903, nu\u017eudytas 1943 m. Kauno IX forte).<\/p>\n<p>Dviratininkas, Lietuvos garb\u0119 gyn\u0119s pirmosiose \u0161aliai <a href=\"http:\/\/manoteises.lt\/straipsnis\/isakas-anolikas-nepriklausomos-lietuvos-atstovas-olimpinese-zaidynese\/\" target=\"_blank\" rel=\"noopener noreferrer\">olimpin\u0117se \u017eaidyn\u0117se<\/a>.<\/p>\n<p style=\"text-align: justify;\">1924 m. Isakas Anolikas Pary\u017eiaus apylink\u0117se myn\u0117 dvirat\u012f, kurio padangos buvo k\u0105 tik sprogusios. \u012e 188 km lenktyni\u0173 start\u0105 stoj\u0119s be atsargini\u0173 dali\u0173 ir maisto, sportininkas i\u0161 prad\u017ei\u0173 band\u0117 j\u0173 pasiskolinti i\u0161 kit\u0173 dviratinink\u0173, bet galiausiai suprato, kad lenktyni\u0173 trasos nebaigs.<\/p>\n<p style=\"text-align: justify;\">Ne\u017einia kur atsid\u016brusiam Anolikui pagelb\u0117jo vietinis pranc\u016bzas, kuris, pagail\u0117j\u0119s atleto, nupirko traukinio biliet\u0105 \u012f Pary\u017ei\u0173. Dviratininko ki\u0161en\u0117je kaip ir skrandyje buvo tu\u0161\u010dia \u2013 dar prie\u0161 olimpin\u012f start\u0105 jis i\u0161leido visus tur\u0117tus pinigus naujam dvira\u010diui, nes senojo pataisyti nepavyko.<\/p>\n<p style=\"text-align: justify;\">Isakas Anolikas dalyvavo ir Amsterdamo olimpin\u0117se \u017eaidyn\u0117se 1928 m., kur trasos baigti jam taip pat nepavyko. Po trylikos met\u0173, 1941 m. Isakas buvo \u012fkalintas Kauno gete, dar po dviej\u0173 met\u0173 nu\u017eudytas Kauno IX forte.<\/p>\n<p style=\"text-align: justify;\"><strong>Atminimo akmuo Isakui Anolikui \u012frengtas Laisv\u0117s al. 3\/Kr\u0117vos g. kampe, Kaune, kur sportininkas treniravosi kelerius metus veikusiame Kauno dvira\u010di\u0173 treke.\u00a0<\/strong><\/p>\n<div class=\"video-container\"><iframe loading=\"lazy\" title=\"\u201eAtminimo akmuo\u201c Isakui Anolikui. Kalba Daina Gudzinevi\u010di\u016bt\u0117\" width=\"500\" height=\"281\" src=\"https:\/\/www.youtube.com\/embed\/YKPhEg2UQwc?feature=oembed\" frameborder=\"0\" allow=\"accelerometer; autoplay; clipboard-write; encrypted-media; gyroscope; picture-in-picture; web-share\" referrerpolicy=\"strict-origin-when-cross-origin\" allowfullscreen><\/iframe><\/div>\n","protected":false},"excerpt":{"rendered":"<p>Isakas Anolikas\u00a0 (g. 1903, nu\u017eudytas 1943 m. Kauno IX forte). Dviratininkas, Lietuvos garb\u0119 gyn\u0119s pirmosiose \u0161aliai olimpin\u0117se \u017eaidyn\u0117se. 1924 m. Isakas Anolikas Pary\u017eiaus apylink\u0117se myn\u0117 dvirat\u012f, kurio padangos buvo k\u0105 tik sprogusios. \u012e 188 km lenktyni\u0173 start\u0105 stoj\u0119s be atsargini\u0173 dali\u0173 ir maisto, sportininkas i\u0161 prad\u017ei\u0173 band\u0117 j\u0173 pasiskolinti i\u0161 kit\u0173 dviratinink\u0173, bet galiausiai suprato,<\/p>\n","protected":false},"author":15,"featured_media":0,"parent":10931,"menu_order":0,"comment_status":"closed","ping_status":"closed","template":"page-akmenys-vidinis.php","meta":{"_acf_changed":false,"footnotes":""},"class_list":["post-11110","page","type-page","status-publish","hentry"],"acf":[],"yoast_head":"<!-- This site is optimized with the Yoast SEO plugin v26.9 - https:\/\/yoast.com\/product\/yoast-seo-wordpress\/ -->\n<title>Isakas Anolikas - Atminimo akmenys<\/title>\n<meta name=\"description\" content=\"Isakas Anolikas, Holokaustas, Laisv\u0117s al. 3, Kaunas, dviratininkas, olimpietis, Pary\u017eiaus olimpin\u0117s \u017eaidyn\u0117s, Kauno getas, IX fortas\" \/>\n<meta name=\"robots\" content=\"index, follow, max-snippet:-1, max-image-preview:large, max-video-preview:-1\" \/>\n<link rel=\"canonical\" href=\"https:\/\/manoteises.lt\/atminimo-akmenys\/kaunas\/isakas-anolikas\/\" \/>\n<meta name=\"twitter:label1\" content=\"Est. reading time\" \/>\n\t<meta name=\"twitter:data1\" content=\"1 minute\" \/>\n<script type=\"application\/ld+json\" class=\"yoast-schema-graph\">{\"@context\":\"https:\/\/schema.org\",\"@graph\":[{\"@type\":\"WebPage\",\"@id\":\"https:\/\/manoteises.lt\/atminimo-akmenys\/kaunas\/isakas-anolikas\/\",\"url\":\"https:\/\/manoteises.lt\/atminimo-akmenys\/kaunas\/isakas-anolikas\/\",\"name\":\"Isakas Anolikas\",\"isPartOf\":{\"@id\":\"https:\/\/manoteises.lt\/atminimo-akmenys\/#website\"},\"datePublished\":\"2016-08-28T20:21:31+00:00\",\"dateModified\":\"2020-10-21T11:50:28+00:00\",\"description\":\"Isakas Anolikas, Holokaustas, Laisv\u0117s al. 3, Kaunas, dviratininkas, olimpietis, Pary\u017eiaus olimpin\u0117s \u017eaidyn\u0117s, Kauno getas, IX fortas\",\"breadcrumb\":{\"@id\":\"https:\/\/manoteises.lt\/atminimo-akmenys\/kaunas\/isakas-anolikas\/#breadcrumb\"},\"inLanguage\":\"en-US\",\"potentialAction\":[{\"@type\":\"ReadAction\",\"target\":[\"https:\/\/manoteises.lt\/atminimo-akmenys\/kaunas\/isakas-anolikas\/\"]}]},{\"@type\":\"BreadcrumbList\",\"@id\":\"https:\/\/manoteises.lt\/atminimo-akmenys\/kaunas\/isakas-anolikas\/#breadcrumb\",\"itemListElement\":[{\"@type\":\"ListItem\",\"position\":1,\"name\":\"Home\",\"item\":\"https:\/\/manoteises.lt\/atminimo-akmenys\/\"},{\"@type\":\"ListItem\",\"position\":2,\"name\":\"Kaunas\",\"item\":\"https:\/\/manoteises.lt\/atminimo-akmenys\/kaunas\/\"},{\"@type\":\"ListItem\",\"position\":3,\"name\":\"Isakas Anolikas\"}]},{\"@type\":\"WebSite\",\"@id\":\"https:\/\/manoteises.lt\/atminimo-akmenys\/#website\",\"url\":\"https:\/\/manoteises.lt\/atminimo-akmenys\/\",\"name\":\"Atminimo akmenys\",\"description\":\"\",\"potentialAction\":[{\"@type\":\"SearchAction\",\"target\":{\"@type\":\"EntryPoint\",\"urlTemplate\":\"https:\/\/manoteises.lt\/atminimo-akmenys\/?s={search_term_string}\"},\"query-input\":{\"@type\":\"PropertyValueSpecification\",\"valueRequired\":true,\"valueName\":\"search_term_string\"}}],\"inLanguage\":\"en-US\"}]}<\/script>\n<!-- \/ Yoast SEO plugin. -->","yoast_head_json":{"title":"Isakas Anolikas - Atminimo akmenys","description":"Isakas Anolikas, Holokaustas, Laisv\u0117s al. 3, Kaunas, dviratininkas, olimpietis, Pary\u017eiaus olimpin\u0117s \u017eaidyn\u0117s, Kauno getas, IX fortas","robots":{"index":"index","follow":"follow","max-snippet":"max-snippet:-1","max-image-preview":"max-image-preview:large","max-video-preview":"max-video-preview:-1"},"canonical":"https:\/\/manoteises.lt\/atminimo-akmenys\/kaunas\/isakas-anolikas\/","twitter_misc":{"Est. reading time":"1 minute"},"schema":{"@context":"https:\/\/schema.org","@graph":[{"@type":"WebPage","@id":"https:\/\/manoteises.lt\/atminimo-akmenys\/kaunas\/isakas-anolikas\/","url":"https:\/\/manoteises.lt\/atminimo-akmenys\/kaunas\/isakas-anolikas\/","name":"Isakas Anolikas","isPartOf":{"@id":"https:\/\/manoteises.lt\/atminimo-akmenys\/#website"},"datePublished":"2016-08-28T20:21:31+00:00","dateModified":"2020-10-21T11:50:28+00:00","description":"Isakas Anolikas, Holokaustas, Laisv\u0117s al. 3, Kaunas, dviratininkas, olimpietis, Pary\u017eiaus olimpin\u0117s \u017eaidyn\u0117s, Kauno getas, IX fortas","breadcrumb":{"@id":"https:\/\/manoteises.lt\/atminimo-akmenys\/kaunas\/isakas-anolikas\/#breadcrumb"},"inLanguage":"en-US","potentialAction":[{"@type":"ReadAction","target":["https:\/\/manoteises.lt\/atminimo-akmenys\/kaunas\/isakas-anolikas\/"]}]},{"@type":"BreadcrumbList","@id":"https:\/\/manoteises.lt\/atminimo-akmenys\/kaunas\/isakas-anolikas\/#breadcrumb","itemListElement":[{"@type":"ListItem","position":1,"name":"Home","item":"https:\/\/manoteises.lt\/atminimo-akmenys\/"},{"@type":"ListItem","position":2,"name":"Kaunas","item":"https:\/\/manoteises.lt\/atminimo-akmenys\/kaunas\/"},{"@type":"ListItem","position":3,"name":"Isakas Anolikas"}]},{"@type":"WebSite","@id":"https:\/\/manoteises.lt\/atminimo-akmenys\/#website","url":"https:\/\/manoteises.lt\/atminimo-akmenys\/","name":"Atminimo akmenys","description":"","potentialAction":[{"@type":"SearchAction","target":{"@type":"EntryPoint","urlTemplate":"https:\/\/manoteises.lt\/atminimo-akmenys\/?s={search_term_string}"},"query-input":{"@type":"PropertyValueSpecification","valueRequired":true,"valueName":"search_term_string"}}],"inLanguage":"en-US"}]}},"_links":{"self":[{"href":"https:\/\/manoteises.lt\/atminimo-akmenys\/wp-json\/wp\/v2\/pages\/11110","targetHints":{"allow":["GET"]}}],"collection":[{"href":"https:\/\/manoteises.lt\/atminimo-akmenys\/wp-json\/wp\/v2\/pages"}],"about":[{"href":"https:\/\/manoteises.lt\/atminimo-akmenys\/wp-json\/wp\/v2\/types\/page"}],"author":[{"embeddable":true,"href":"https:\/\/manoteises.lt\/atminimo-akmenys\/wp-json\/wp\/v2\/users\/15"}],"replies":[{"embeddable":true,"href":"https:\/\/manoteises.lt\/atminimo-akmenys\/wp-json\/wp\/v2\/comments?post=11110"}],"version-history":[{"count":1,"href":"https:\/\/manoteises.lt\/atminimo-akmenys\/wp-json\/wp\/v2\/pages\/11110\/revisions"}],"predecessor-version":[{"id":23159,"href":"https:\/\/manoteises.lt\/atminimo-akmenys\/wp-json\/wp\/v2\/pages\/11110\/revisions\/23159"}],"up":[{"embeddable":true,"href":"https:\/\/manoteises.lt\/atminimo-akmenys\/wp-json\/wp\/v2\/pages\/10931"}],"wp:attachment":[{"href":"https:\/\/manoteises.lt\/atminimo-akmenys\/wp-json\/wp\/v2\/media?parent=11110"}],"curies":[{"name":"wp","href":"https:\/\/api.w.org\/{rel}","templated":true}]}}