{"id":11120,"date":"2016-08-28T23:31:51","date_gmt":"2016-08-28T20:31:51","guid":{"rendered":"http:\/\/manoteises.lt\/?page_id=11120"},"modified":"2020-10-21T14:50:34","modified_gmt":"2020-10-21T11:50:34","slug":"vladimiras-lazersonas-ir-regina-lazersoniene-safocinskaite","status":"publish","type":"page","link":"https:\/\/manoteises.lt\/atminimo-akmenys\/kaunas\/vladimiras-lazersonas-ir-regina-lazersoniene-safocinskaite\/","title":{"rendered":"Vladimiras Lazersonas ir Regina Lazersonien\u0117-Safo\u010dinskait\u0117"},"content":{"rendered":"<h1><strong>Vladimiras Lazersonas ir Regina Safo\u010dinskait\u0117-Lazersonien\u0117\u00a0<\/strong><\/h1>\n<p style=\"text-align: justify;\"><strong>Vladimiras Lazersonas<\/strong> (g. 1889, nu\u017eudytas 1945 m. Dachau koncentracijos stovykloje) ir <strong>Regina Safo\u010dinskait\u0117-Lazersonien\u0117<\/strong> (g. 1889, nu\u017eudyta 1945 m. \u0160tuthofo koncentracijos stovykloje).<\/p>\n<p style=\"text-align: justify;\">Iki prasidedant Holokaustui, Vladimiras Lazersonas kartu su kitu mokslininku Jonu Vabalu-Gudai\u010diu buvo sp\u0117j\u0119s \u012fkurti Eksperimentin\u0117s psichologijos ir pedagogikos laboratorij\u0105 Vytauto Did\u017eiojo universitete. Jiedu buvo vieninteliai \u0161ios srities profesionalai, tik kiek v\u0117liau atsirado gabi\u0173 mokini\u0173, bet prad\u017eia ir sunkiausi darbai buvo nuveikti laboratorijos \u012fk\u016br\u0117j\u0173.<\/p>\n<p style=\"text-align: justify;\">Nedaug \u017einoma apie profesoriaus \u017emon\u0105, pediatr\u0119 Regin\u0105 Lazersonien\u0119-Safon\u010dinskait\u0119. Regina taip pat kal\u0117jo Kauno gete, o 1944 m. i\u0161ve\u017eta \u012f \u0160tuthofo koncentracijos stovykl\u0105. Ten gyd\u0117 kalines, bet d\u0117l sunkiai pakeliam\u0173 s\u0105lyg\u0173 mir\u0117.<\/p>\n<p style=\"text-align: justify;\">Vladimiro likimas pana\u0161us. Vienas i\u0161 psichologijos mokslo Lietuvoje pradinink\u0173 1944 m. i\u0161ve\u017etas \u012f Dachau, po met\u0173 ten mir\u0117.<\/p>\n<p style=\"text-align: justify;\">Holokaust\u0105 i\u0161gyveno du i\u0161 trij\u0173 Lazerson\u0173 vaik\u0173 \u2013 Tamara ir Viktoras. Vyriausias s\u016bnus Rudolfas dar naci\u0173 okupacijos prad\u017eioje suimtas baltarai\u0161\u010di\u0173 ir v\u0117liau su\u0161audytas VII forte, Kaune.<\/p>\n<p style=\"text-align: justify;\"><strong>Atminimo akmenys Vladimirui Lazersonui ir Reginai Lezersonienei-Safon\u010dinskaitei \u012frengti Vyd\u016bno al. 67, Kaune, prie buvusi\u0173 Lazerson\u0173 \u0161eimos nam\u0173.<\/strong><\/p>\n","protected":false},"excerpt":{"rendered":"<p>Vladimiras Lazersonas ir Regina Safo\u010dinskait\u0117-Lazersonien\u0117\u00a0 Vladimiras Lazersonas (g. 1889, nu\u017eudytas 1945 m. Dachau koncentracijos stovykloje) ir Regina Safo\u010dinskait\u0117-Lazersonien\u0117 (g. 1889, nu\u017eudyta 1945 m. \u0160tuthofo koncentracijos stovykloje). Iki prasidedant Holokaustui, Vladimiras Lazersonas kartu su kitu mokslininku Jonu Vabalu-Gudai\u010diu buvo sp\u0117j\u0119s \u012fkurti Eksperimentin\u0117s psichologijos ir pedagogikos laboratorij\u0105 Vytauto Did\u017eiojo universitete. Jiedu buvo vieninteliai \u0161ios srities profesionalai, tik<\/p>\n","protected":false},"author":15,"featured_media":0,"parent":10931,"menu_order":0,"comment_status":"closed","ping_status":"closed","template":"page-akmenys-vidinis.php","meta":{"_acf_changed":false,"footnotes":""},"class_list":["post-11120","page","type-page","status-publish","hentry"],"acf":[],"yoast_head":"<!-- This site is optimized with the Yoast SEO plugin v26.9 - https:\/\/yoast.com\/product\/yoast-seo-wordpress\/ -->\n<title>Vladimiras Lazersonas ir Regina Lazersonien\u0117-Safo\u010dinskait\u0117 - Atminimo akmenys<\/title>\n<meta name=\"description\" content=\"Vladimiras Lazersonas ir Regina Lazersonien\u0117-Safo\u010dinskait\u0117, Holokaustas, Kauno getas, Stutholfas, Jonas Vabalas-Gudaitis, Vytauto Did\u017eiojo universitetas\" \/>\n<meta name=\"robots\" content=\"index, follow, max-snippet:-1, max-image-preview:large, max-video-preview:-1\" \/>\n<link rel=\"canonical\" href=\"https:\/\/manoteises.lt\/atminimo-akmenys\/kaunas\/vladimiras-lazersonas-ir-regina-lazersoniene-safocinskaite\/\" \/>\n<meta name=\"twitter:label1\" content=\"Est. reading time\" \/>\n\t<meta name=\"twitter:data1\" content=\"1 minute\" \/>\n<script type=\"application\/ld+json\" class=\"yoast-schema-graph\">{\"@context\":\"https:\/\/schema.org\",\"@graph\":[{\"@type\":\"WebPage\",\"@id\":\"https:\/\/manoteises.lt\/atminimo-akmenys\/kaunas\/vladimiras-lazersonas-ir-regina-lazersoniene-safocinskaite\/\",\"url\":\"https:\/\/manoteises.lt\/atminimo-akmenys\/kaunas\/vladimiras-lazersonas-ir-regina-lazersoniene-safocinskaite\/\",\"name\":\"Vladimiras Lazersonas ir Regina Lazersonien\u0117-Safo\u010dinskait\u0117\",\"isPartOf\":{\"@id\":\"https:\/\/manoteises.lt\/atminimo-akmenys\/#website\"},\"datePublished\":\"2016-08-28T20:31:51+00:00\",\"dateModified\":\"2020-10-21T11:50:34+00:00\",\"description\":\"Vladimiras Lazersonas ir Regina Lazersonien\u0117-Safo\u010dinskait\u0117, Holokaustas, Kauno getas, Stutholfas, Jonas Vabalas-Gudaitis, Vytauto Did\u017eiojo universitetas\",\"breadcrumb\":{\"@id\":\"https:\/\/manoteises.lt\/atminimo-akmenys\/kaunas\/vladimiras-lazersonas-ir-regina-lazersoniene-safocinskaite\/#breadcrumb\"},\"inLanguage\":\"en-US\",\"potentialAction\":[{\"@type\":\"ReadAction\",\"target\":[\"https:\/\/manoteises.lt\/atminimo-akmenys\/kaunas\/vladimiras-lazersonas-ir-regina-lazersoniene-safocinskaite\/\"]}]},{\"@type\":\"BreadcrumbList\",\"@id\":\"https:\/\/manoteises.lt\/atminimo-akmenys\/kaunas\/vladimiras-lazersonas-ir-regina-lazersoniene-safocinskaite\/#breadcrumb\",\"itemListElement\":[{\"@type\":\"ListItem\",\"position\":1,\"name\":\"Home\",\"item\":\"https:\/\/manoteises.lt\/atminimo-akmenys\/\"},{\"@type\":\"ListItem\",\"position\":2,\"name\":\"Kaunas\",\"item\":\"https:\/\/manoteises.lt\/atminimo-akmenys\/kaunas\/\"},{\"@type\":\"ListItem\",\"position\":3,\"name\":\"Vladimiras Lazersonas ir Regina Lazersonien\u0117-Safo\u010dinskait\u0117\"}]},{\"@type\":\"WebSite\",\"@id\":\"https:\/\/manoteises.lt\/atminimo-akmenys\/#website\",\"url\":\"https:\/\/manoteises.lt\/atminimo-akmenys\/\",\"name\":\"Atminimo akmenys\",\"description\":\"\",\"potentialAction\":[{\"@type\":\"SearchAction\",\"target\":{\"@type\":\"EntryPoint\",\"urlTemplate\":\"https:\/\/manoteises.lt\/atminimo-akmenys\/?s={search_term_string}\"},\"query-input\":{\"@type\":\"PropertyValueSpecification\",\"valueRequired\":true,\"valueName\":\"search_term_string\"}}],\"inLanguage\":\"en-US\"}]}<\/script>\n<!-- \/ Yoast SEO plugin. -->","yoast_head_json":{"title":"Vladimiras Lazersonas ir Regina Lazersonien\u0117-Safo\u010dinskait\u0117 - Atminimo akmenys","description":"Vladimiras Lazersonas ir Regina Lazersonien\u0117-Safo\u010dinskait\u0117, Holokaustas, Kauno getas, Stutholfas, Jonas Vabalas-Gudaitis, Vytauto Did\u017eiojo universitetas","robots":{"index":"index","follow":"follow","max-snippet":"max-snippet:-1","max-image-preview":"max-image-preview:large","max-video-preview":"max-video-preview:-1"},"canonical":"https:\/\/manoteises.lt\/atminimo-akmenys\/kaunas\/vladimiras-lazersonas-ir-regina-lazersoniene-safocinskaite\/","twitter_misc":{"Est. reading time":"1 minute"},"schema":{"@context":"https:\/\/schema.org","@graph":[{"@type":"WebPage","@id":"https:\/\/manoteises.lt\/atminimo-akmenys\/kaunas\/vladimiras-lazersonas-ir-regina-lazersoniene-safocinskaite\/","url":"https:\/\/manoteises.lt\/atminimo-akmenys\/kaunas\/vladimiras-lazersonas-ir-regina-lazersoniene-safocinskaite\/","name":"Vladimiras Lazersonas ir Regina Lazersonien\u0117-Safo\u010dinskait\u0117","isPartOf":{"@id":"https:\/\/manoteises.lt\/atminimo-akmenys\/#website"},"datePublished":"2016-08-28T20:31:51+00:00","dateModified":"2020-10-21T11:50:34+00:00","description":"Vladimiras Lazersonas ir Regina Lazersonien\u0117-Safo\u010dinskait\u0117, Holokaustas, Kauno getas, Stutholfas, Jonas Vabalas-Gudaitis, Vytauto Did\u017eiojo universitetas","breadcrumb":{"@id":"https:\/\/manoteises.lt\/atminimo-akmenys\/kaunas\/vladimiras-lazersonas-ir-regina-lazersoniene-safocinskaite\/#breadcrumb"},"inLanguage":"en-US","potentialAction":[{"@type":"ReadAction","target":["https:\/\/manoteises.lt\/atminimo-akmenys\/kaunas\/vladimiras-lazersonas-ir-regina-lazersoniene-safocinskaite\/"]}]},{"@type":"BreadcrumbList","@id":"https:\/\/manoteises.lt\/atminimo-akmenys\/kaunas\/vladimiras-lazersonas-ir-regina-lazersoniene-safocinskaite\/#breadcrumb","itemListElement":[{"@type":"ListItem","position":1,"name":"Home","item":"https:\/\/manoteises.lt\/atminimo-akmenys\/"},{"@type":"ListItem","position":2,"name":"Kaunas","item":"https:\/\/manoteises.lt\/atminimo-akmenys\/kaunas\/"},{"@type":"ListItem","position":3,"name":"Vladimiras Lazersonas ir Regina Lazersonien\u0117-Safo\u010dinskait\u0117"}]},{"@type":"WebSite","@id":"https:\/\/manoteises.lt\/atminimo-akmenys\/#website","url":"https:\/\/manoteises.lt\/atminimo-akmenys\/","name":"Atminimo akmenys","description":"","potentialAction":[{"@type":"SearchAction","target":{"@type":"EntryPoint","urlTemplate":"https:\/\/manoteises.lt\/atminimo-akmenys\/?s={search_term_string}"},"query-input":{"@type":"PropertyValueSpecification","valueRequired":true,"valueName":"search_term_string"}}],"inLanguage":"en-US"}]}},"_links":{"self":[{"href":"https:\/\/manoteises.lt\/atminimo-akmenys\/wp-json\/wp\/v2\/pages\/11120","targetHints":{"allow":["GET"]}}],"collection":[{"href":"https:\/\/manoteises.lt\/atminimo-akmenys\/wp-json\/wp\/v2\/pages"}],"about":[{"href":"https:\/\/manoteises.lt\/atminimo-akmenys\/wp-json\/wp\/v2\/types\/page"}],"author":[{"embeddable":true,"href":"https:\/\/manoteises.lt\/atminimo-akmenys\/wp-json\/wp\/v2\/users\/15"}],"replies":[{"embeddable":true,"href":"https:\/\/manoteises.lt\/atminimo-akmenys\/wp-json\/wp\/v2\/comments?post=11120"}],"version-history":[{"count":1,"href":"https:\/\/manoteises.lt\/atminimo-akmenys\/wp-json\/wp\/v2\/pages\/11120\/revisions"}],"predecessor-version":[{"id":23161,"href":"https:\/\/manoteises.lt\/atminimo-akmenys\/wp-json\/wp\/v2\/pages\/11120\/revisions\/23161"}],"up":[{"embeddable":true,"href":"https:\/\/manoteises.lt\/atminimo-akmenys\/wp-json\/wp\/v2\/pages\/10931"}],"wp:attachment":[{"href":"https:\/\/manoteises.lt\/atminimo-akmenys\/wp-json\/wp\/v2\/media?parent=11120"}],"curies":[{"name":"wp","href":"https:\/\/api.w.org\/{rel}","templated":true}]}}