{"id":11124,"date":"2016-08-28T23:37:08","date_gmt":"2016-08-28T20:37:08","guid":{"rendered":"http:\/\/manoteises.lt\/?page_id=11124"},"modified":"2020-10-21T14:51:33","modified_gmt":"2020-10-21T11:51:33","slug":"samuelis-petuchauskas","status":"publish","type":"page","link":"https:\/\/manoteises.lt\/atminimo-akmenys\/siauliai\/samuelis-petuchauskas\/","title":{"rendered":"Samuelis Petuchauskas"},"content":{"rendered":"<h1><strong>Samuelis Petuchauskas\u00a0<\/strong><\/h1>\n<p>(g. 1894, nu\u017eudytas 1941 m. Paneriuose).<\/p>\n<p style=\"text-align: justify;\">Samuelis Petuchauskas \u2013 i\u0161skirtinis tarpukario <a href=\"http:\/\/manoteises.lt\/straipsnis\/politikas-kuriam-politika-rupejo-mazai\/\" target=\"_blank\" rel=\"noopener noreferrer\">Lietuvos savivaldyb\u0117s darbuotojas<\/a> i\u0161 \u0160iauli\u0173.<\/p>\n<p style=\"text-align: justify;\">Nors buvo gim\u0119s Vilniuje, S. Petuchauskas, atrodo, vis\u0105 energij\u0105 skyr\u0117 tam, kad augantis pramoninis miestas tapt\u0173 patogesnis ir modernesnis: nuo vandentiekio gerinimo, muziejaus-bibliotekos r\u016bm\u0173 statybos iki vidaus pas\u0173 i\u0161davimo \u2013 viskas jam buvo svarbu. Keit\u0117si burmistrai, socialdemokrat\u0105 keit\u0117 tautininkas, o S. Petuchauskas vis buvo i\u0161renkamas \u0160iauli\u0173 viceburmistru. Ir taip \u2013 20 met\u0173, kol Maskva panaikino savivaldybes.<\/p>\n<p style=\"text-align: justify;\">Prasid\u0117jus pirmajai sovietinei okupacijai, Petuchauskai persik\u0117l\u0117 \u012f Vilni\u0173. \u0160eima jau buvo \u012ftraukta \u012f ve\u017eam\u0173j\u0173 \u012f Sibir\u0105 s\u0105ra\u0161us. Ko nesp\u0117jo padaryti viena okupacin\u0117 vald\u017eia, pabaig\u0117 kita. S. Petuchauskas buvo suimtas 1941 m. vasar\u0105, kaip prisimena s\u016bnus M. Petuchauskas, trij\u0173, gra\u017eiai nuaugusi\u0173 vyr\u0173 eleganti\u0161kais \u0161viesiais kostiumais i\u0161 Vilniaus saugumo policijos. Tos pa\u010dios, kuriai vadovavo li\u016bdnai pagars\u0117j\u0119s Aleksandras Lileikis. S. Petuchauskas su\u0161audytas t\u0173 pa\u010di\u0173 met\u0173 rugpj\u016bt\u012f Paneriuose.<\/p>\n<p style=\"text-align: justify;\"><strong>Atminimo akmuo Samueliui Petuchauskui \u012frengtas prie \u0160iauli\u0173 miesto savivaldyb\u0117s, Vasario 16-osios g. 62, \u0160iauliuose, ten, kur ilgus metus dirbo S. Petuchauskas.\u00a0<\/strong><\/p>\n<div class=\"video-container\"><iframe loading=\"lazy\" title=\"\u201eAtminimo akmuo\u201c Samueliui Petuchauskui. Kalba jo s\u016bnus Markas Petuchauskas\" width=\"500\" height=\"281\" src=\"https:\/\/www.youtube.com\/embed\/63hykRV-x2M?feature=oembed\" frameborder=\"0\" allow=\"accelerometer; autoplay; clipboard-write; encrypted-media; gyroscope; picture-in-picture; web-share\" referrerpolicy=\"strict-origin-when-cross-origin\" allowfullscreen><\/iframe><\/div>\n","protected":false},"excerpt":{"rendered":"<p>Samuelis Petuchauskas\u00a0 (g. 1894, nu\u017eudytas 1941 m. Paneriuose). Samuelis Petuchauskas \u2013 i\u0161skirtinis tarpukario Lietuvos savivaldyb\u0117s darbuotojas i\u0161 \u0160iauli\u0173. Nors buvo gim\u0119s Vilniuje, S. Petuchauskas, atrodo, vis\u0105 energij\u0105 skyr\u0117 tam, kad augantis pramoninis miestas tapt\u0173 patogesnis ir modernesnis: nuo vandentiekio gerinimo, muziejaus-bibliotekos r\u016bm\u0173 statybos iki vidaus pas\u0173 i\u0161davimo \u2013 viskas jam buvo svarbu. Keit\u0117si burmistrai, socialdemokrat\u0105<\/p>\n","protected":false},"author":15,"featured_media":0,"parent":10960,"menu_order":0,"comment_status":"closed","ping_status":"closed","template":"page-akmenys-vidinis.php","meta":{"_acf_changed":false,"footnotes":""},"class_list":["post-11124","page","type-page","status-publish","hentry"],"acf":[],"yoast_head":"<!-- This site is optimized with the Yoast SEO plugin v26.9 - https:\/\/yoast.com\/product\/yoast-seo-wordpress\/ -->\n<title>Samuelis Petuchauskas - Atminimo akmenys<\/title>\n<meta name=\"description\" content=\"Samuelis Petuchauskas, \u0160iauliai, viceburmistras, Paneriai, Aleksandras Lileikis, baltarai\u0161\u010diai, Vasario 16-osios g. 62\" \/>\n<meta name=\"robots\" content=\"index, follow, max-snippet:-1, max-image-preview:large, max-video-preview:-1\" \/>\n<link rel=\"canonical\" href=\"https:\/\/manoteises.lt\/atminimo-akmenys\/siauliai\/samuelis-petuchauskas\/\" \/>\n<meta name=\"twitter:label1\" content=\"Est. reading time\" \/>\n\t<meta name=\"twitter:data1\" content=\"1 minute\" \/>\n<script type=\"application\/ld+json\" class=\"yoast-schema-graph\">{\"@context\":\"https:\/\/schema.org\",\"@graph\":[{\"@type\":\"WebPage\",\"@id\":\"https:\/\/manoteises.lt\/atminimo-akmenys\/siauliai\/samuelis-petuchauskas\/\",\"url\":\"https:\/\/manoteises.lt\/atminimo-akmenys\/siauliai\/samuelis-petuchauskas\/\",\"name\":\"Samuelis Petuchauskas\",\"isPartOf\":{\"@id\":\"https:\/\/manoteises.lt\/atminimo-akmenys\/#website\"},\"datePublished\":\"2016-08-28T20:37:08+00:00\",\"dateModified\":\"2020-10-21T11:51:33+00:00\",\"description\":\"Samuelis Petuchauskas, \u0160iauliai, viceburmistras, Paneriai, Aleksandras Lileikis, baltarai\u0161\u010diai, Vasario 16-osios g. 62\",\"breadcrumb\":{\"@id\":\"https:\/\/manoteises.lt\/atminimo-akmenys\/siauliai\/samuelis-petuchauskas\/#breadcrumb\"},\"inLanguage\":\"en-US\",\"potentialAction\":[{\"@type\":\"ReadAction\",\"target\":[\"https:\/\/manoteises.lt\/atminimo-akmenys\/siauliai\/samuelis-petuchauskas\/\"]}]},{\"@type\":\"BreadcrumbList\",\"@id\":\"https:\/\/manoteises.lt\/atminimo-akmenys\/siauliai\/samuelis-petuchauskas\/#breadcrumb\",\"itemListElement\":[{\"@type\":\"ListItem\",\"position\":1,\"name\":\"Home\",\"item\":\"https:\/\/manoteises.lt\/atminimo-akmenys\/\"},{\"@type\":\"ListItem\",\"position\":2,\"name\":\"\u0160iauliai\",\"item\":\"https:\/\/manoteises.lt\/atminimo-akmenys\/siauliai\/\"},{\"@type\":\"ListItem\",\"position\":3,\"name\":\"Samuelis Petuchauskas\"}]},{\"@type\":\"WebSite\",\"@id\":\"https:\/\/manoteises.lt\/atminimo-akmenys\/#website\",\"url\":\"https:\/\/manoteises.lt\/atminimo-akmenys\/\",\"name\":\"Atminimo akmenys\",\"description\":\"\",\"potentialAction\":[{\"@type\":\"SearchAction\",\"target\":{\"@type\":\"EntryPoint\",\"urlTemplate\":\"https:\/\/manoteises.lt\/atminimo-akmenys\/?s={search_term_string}\"},\"query-input\":{\"@type\":\"PropertyValueSpecification\",\"valueRequired\":true,\"valueName\":\"search_term_string\"}}],\"inLanguage\":\"en-US\"}]}<\/script>\n<!-- \/ Yoast SEO plugin. -->","yoast_head_json":{"title":"Samuelis Petuchauskas - Atminimo akmenys","description":"Samuelis Petuchauskas, \u0160iauliai, viceburmistras, Paneriai, Aleksandras Lileikis, baltarai\u0161\u010diai, Vasario 16-osios g. 62","robots":{"index":"index","follow":"follow","max-snippet":"max-snippet:-1","max-image-preview":"max-image-preview:large","max-video-preview":"max-video-preview:-1"},"canonical":"https:\/\/manoteises.lt\/atminimo-akmenys\/siauliai\/samuelis-petuchauskas\/","twitter_misc":{"Est. reading time":"1 minute"},"schema":{"@context":"https:\/\/schema.org","@graph":[{"@type":"WebPage","@id":"https:\/\/manoteises.lt\/atminimo-akmenys\/siauliai\/samuelis-petuchauskas\/","url":"https:\/\/manoteises.lt\/atminimo-akmenys\/siauliai\/samuelis-petuchauskas\/","name":"Samuelis Petuchauskas","isPartOf":{"@id":"https:\/\/manoteises.lt\/atminimo-akmenys\/#website"},"datePublished":"2016-08-28T20:37:08+00:00","dateModified":"2020-10-21T11:51:33+00:00","description":"Samuelis Petuchauskas, \u0160iauliai, viceburmistras, Paneriai, Aleksandras Lileikis, baltarai\u0161\u010diai, Vasario 16-osios g. 62","breadcrumb":{"@id":"https:\/\/manoteises.lt\/atminimo-akmenys\/siauliai\/samuelis-petuchauskas\/#breadcrumb"},"inLanguage":"en-US","potentialAction":[{"@type":"ReadAction","target":["https:\/\/manoteises.lt\/atminimo-akmenys\/siauliai\/samuelis-petuchauskas\/"]}]},{"@type":"BreadcrumbList","@id":"https:\/\/manoteises.lt\/atminimo-akmenys\/siauliai\/samuelis-petuchauskas\/#breadcrumb","itemListElement":[{"@type":"ListItem","position":1,"name":"Home","item":"https:\/\/manoteises.lt\/atminimo-akmenys\/"},{"@type":"ListItem","position":2,"name":"\u0160iauliai","item":"https:\/\/manoteises.lt\/atminimo-akmenys\/siauliai\/"},{"@type":"ListItem","position":3,"name":"Samuelis Petuchauskas"}]},{"@type":"WebSite","@id":"https:\/\/manoteises.lt\/atminimo-akmenys\/#website","url":"https:\/\/manoteises.lt\/atminimo-akmenys\/","name":"Atminimo akmenys","description":"","potentialAction":[{"@type":"SearchAction","target":{"@type":"EntryPoint","urlTemplate":"https:\/\/manoteises.lt\/atminimo-akmenys\/?s={search_term_string}"},"query-input":{"@type":"PropertyValueSpecification","valueRequired":true,"valueName":"search_term_string"}}],"inLanguage":"en-US"}]}},"_links":{"self":[{"href":"https:\/\/manoteises.lt\/atminimo-akmenys\/wp-json\/wp\/v2\/pages\/11124","targetHints":{"allow":["GET"]}}],"collection":[{"href":"https:\/\/manoteises.lt\/atminimo-akmenys\/wp-json\/wp\/v2\/pages"}],"about":[{"href":"https:\/\/manoteises.lt\/atminimo-akmenys\/wp-json\/wp\/v2\/types\/page"}],"author":[{"embeddable":true,"href":"https:\/\/manoteises.lt\/atminimo-akmenys\/wp-json\/wp\/v2\/users\/15"}],"replies":[{"embeddable":true,"href":"https:\/\/manoteises.lt\/atminimo-akmenys\/wp-json\/wp\/v2\/comments?post=11124"}],"version-history":[{"count":1,"href":"https:\/\/manoteises.lt\/atminimo-akmenys\/wp-json\/wp\/v2\/pages\/11124\/revisions"}],"predecessor-version":[{"id":23173,"href":"https:\/\/manoteises.lt\/atminimo-akmenys\/wp-json\/wp\/v2\/pages\/11124\/revisions\/23173"}],"up":[{"embeddable":true,"href":"https:\/\/manoteises.lt\/atminimo-akmenys\/wp-json\/wp\/v2\/pages\/10960"}],"wp:attachment":[{"href":"https:\/\/manoteises.lt\/atminimo-akmenys\/wp-json\/wp\/v2\/media?parent=11124"}],"curies":[{"name":"wp","href":"https:\/\/api.w.org\/{rel}","templated":true}]}}