{"id":11128,"date":"2016-08-28T23:42:29","date_gmt":"2016-08-28T20:42:29","guid":{"rendered":"http:\/\/manoteises.lt\/?page_id=11128"},"modified":"2020-10-21T14:51:36","modified_gmt":"2020-10-21T11:51:36","slug":"urijus-rozovskis","status":"publish","type":"page","link":"https:\/\/manoteises.lt\/atminimo-akmenys\/siauliai\/urijus-rozovskis\/","title":{"rendered":"Urijus Rozovskis"},"content":{"rendered":"<h1><strong>Urijus Rozovskis<\/strong><\/h1>\n<p>(g. 1871, nu\u017eudytas 1943 m. Au\u0161vice).<\/p>\n<p style=\"text-align: justify;\">Apie Lejbos Lip\u0161ico minim\u0105 gydytoj\u0105 \u2013 Urij\u0173 Rozovsk\u012f \u2013 \u017einoma nedaug. \u012e \u0160iaulius jis atvyko apie 1928 m., b\u016bdamas jau beveik \u0161e\u0161iasde\u0161imties. U. Rozovskis dirbo vidaus lig\u0173 gydytoju, o 1928\u20131929 m. \u0117jo \u0160iauli\u0173 apskrities gydytoj\u0173 draugijos pirmininko pareigas.<\/p>\n<p style=\"text-align: justify;\">1943 m. lapkrit\u012f, kai \u0160iauliuose buvo surengta Vaik\u0173 akcija, U. Rozovskis liko su ma\u017eaisiais pacientais iki galo ir savanori\u0161kai i\u0161vyko \u012f Au\u0161vico koncentracijos stovykl\u0105 tam, kad palyd\u0117t\u0173 save ir vaikus \u012f mirt\u012f.<\/p>\n<p style=\"text-align: justify;\"><strong>Atminimo akmuo Urijui Rozovskiui \u012frengtas Vilniaus g. 168 (Dvaro ir Vilniaus g. kampas), \u0160iauliuose, kur kadaise gyveno gydytojas.<\/strong><\/p>\n","protected":false},"excerpt":{"rendered":"<p>Urijus Rozovskis (g. 1871, nu\u017eudytas 1943 m. Au\u0161vice). Apie Lejbos Lip\u0161ico minim\u0105 gydytoj\u0105 \u2013 Urij\u0173 Rozovsk\u012f \u2013 \u017einoma nedaug. \u012e \u0160iaulius jis atvyko apie 1928 m., b\u016bdamas jau beveik \u0161e\u0161iasde\u0161imties. U. Rozovskis dirbo vidaus lig\u0173 gydytoju, o 1928\u20131929 m. \u0117jo \u0160iauli\u0173 apskrities gydytoj\u0173 draugijos pirmininko pareigas. 1943 m. lapkrit\u012f, kai \u0160iauliuose buvo surengta Vaik\u0173 akcija,<\/p>\n","protected":false},"author":15,"featured_media":0,"parent":10960,"menu_order":0,"comment_status":"closed","ping_status":"closed","template":"page-akmenys-vidinis.php","meta":{"_acf_changed":false,"footnotes":""},"class_list":["post-11128","page","type-page","status-publish","hentry"],"acf":[],"yoast_head":"<!-- This site is optimized with the Yoast SEO plugin v26.9 - https:\/\/yoast.com\/product\/yoast-seo-wordpress\/ -->\n<title>Urijus Rozovskis - Atminimo akmenys<\/title>\n<meta name=\"description\" content=\"Urijus Rozovskis, \u0160iauli\u0173 getas, vaik\u0173 akcija, gydytojas, \u0160iauliai tarpukariu, Vilniaus g. 168 (Dvaro ir Vilniaus g. kampas),\" \/>\n<meta name=\"robots\" content=\"index, follow, max-snippet:-1, max-image-preview:large, max-video-preview:-1\" \/>\n<link rel=\"canonical\" href=\"https:\/\/manoteises.lt\/atminimo-akmenys\/siauliai\/urijus-rozovskis\/\" \/>\n<script type=\"application\/ld+json\" class=\"yoast-schema-graph\">{\"@context\":\"https:\/\/schema.org\",\"@graph\":[{\"@type\":\"WebPage\",\"@id\":\"https:\/\/manoteises.lt\/atminimo-akmenys\/siauliai\/urijus-rozovskis\/\",\"url\":\"https:\/\/manoteises.lt\/atminimo-akmenys\/siauliai\/urijus-rozovskis\/\",\"name\":\"Urijus Rozovskis\",\"isPartOf\":{\"@id\":\"https:\/\/manoteises.lt\/atminimo-akmenys\/#website\"},\"datePublished\":\"2016-08-28T20:42:29+00:00\",\"dateModified\":\"2020-10-21T11:51:36+00:00\",\"description\":\"Urijus Rozovskis, \u0160iauli\u0173 getas, vaik\u0173 akcija, gydytojas, \u0160iauliai tarpukariu, Vilniaus g. 168 (Dvaro ir Vilniaus g. kampas),\",\"breadcrumb\":{\"@id\":\"https:\/\/manoteises.lt\/atminimo-akmenys\/siauliai\/urijus-rozovskis\/#breadcrumb\"},\"inLanguage\":\"en-US\",\"potentialAction\":[{\"@type\":\"ReadAction\",\"target\":[\"https:\/\/manoteises.lt\/atminimo-akmenys\/siauliai\/urijus-rozovskis\/\"]}]},{\"@type\":\"BreadcrumbList\",\"@id\":\"https:\/\/manoteises.lt\/atminimo-akmenys\/siauliai\/urijus-rozovskis\/#breadcrumb\",\"itemListElement\":[{\"@type\":\"ListItem\",\"position\":1,\"name\":\"Home\",\"item\":\"https:\/\/manoteises.lt\/atminimo-akmenys\/\"},{\"@type\":\"ListItem\",\"position\":2,\"name\":\"\u0160iauliai\",\"item\":\"https:\/\/manoteises.lt\/atminimo-akmenys\/siauliai\/\"},{\"@type\":\"ListItem\",\"position\":3,\"name\":\"Urijus Rozovskis\"}]},{\"@type\":\"WebSite\",\"@id\":\"https:\/\/manoteises.lt\/atminimo-akmenys\/#website\",\"url\":\"https:\/\/manoteises.lt\/atminimo-akmenys\/\",\"name\":\"Atminimo akmenys\",\"description\":\"\",\"potentialAction\":[{\"@type\":\"SearchAction\",\"target\":{\"@type\":\"EntryPoint\",\"urlTemplate\":\"https:\/\/manoteises.lt\/atminimo-akmenys\/?s={search_term_string}\"},\"query-input\":{\"@type\":\"PropertyValueSpecification\",\"valueRequired\":true,\"valueName\":\"search_term_string\"}}],\"inLanguage\":\"en-US\"}]}<\/script>\n<!-- \/ Yoast SEO plugin. -->","yoast_head_json":{"title":"Urijus Rozovskis - Atminimo akmenys","description":"Urijus Rozovskis, \u0160iauli\u0173 getas, vaik\u0173 akcija, gydytojas, \u0160iauliai tarpukariu, Vilniaus g. 168 (Dvaro ir Vilniaus g. kampas),","robots":{"index":"index","follow":"follow","max-snippet":"max-snippet:-1","max-image-preview":"max-image-preview:large","max-video-preview":"max-video-preview:-1"},"canonical":"https:\/\/manoteises.lt\/atminimo-akmenys\/siauliai\/urijus-rozovskis\/","schema":{"@context":"https:\/\/schema.org","@graph":[{"@type":"WebPage","@id":"https:\/\/manoteises.lt\/atminimo-akmenys\/siauliai\/urijus-rozovskis\/","url":"https:\/\/manoteises.lt\/atminimo-akmenys\/siauliai\/urijus-rozovskis\/","name":"Urijus Rozovskis","isPartOf":{"@id":"https:\/\/manoteises.lt\/atminimo-akmenys\/#website"},"datePublished":"2016-08-28T20:42:29+00:00","dateModified":"2020-10-21T11:51:36+00:00","description":"Urijus Rozovskis, \u0160iauli\u0173 getas, vaik\u0173 akcija, gydytojas, \u0160iauliai tarpukariu, Vilniaus g. 168 (Dvaro ir Vilniaus g. kampas),","breadcrumb":{"@id":"https:\/\/manoteises.lt\/atminimo-akmenys\/siauliai\/urijus-rozovskis\/#breadcrumb"},"inLanguage":"en-US","potentialAction":[{"@type":"ReadAction","target":["https:\/\/manoteises.lt\/atminimo-akmenys\/siauliai\/urijus-rozovskis\/"]}]},{"@type":"BreadcrumbList","@id":"https:\/\/manoteises.lt\/atminimo-akmenys\/siauliai\/urijus-rozovskis\/#breadcrumb","itemListElement":[{"@type":"ListItem","position":1,"name":"Home","item":"https:\/\/manoteises.lt\/atminimo-akmenys\/"},{"@type":"ListItem","position":2,"name":"\u0160iauliai","item":"https:\/\/manoteises.lt\/atminimo-akmenys\/siauliai\/"},{"@type":"ListItem","position":3,"name":"Urijus Rozovskis"}]},{"@type":"WebSite","@id":"https:\/\/manoteises.lt\/atminimo-akmenys\/#website","url":"https:\/\/manoteises.lt\/atminimo-akmenys\/","name":"Atminimo akmenys","description":"","potentialAction":[{"@type":"SearchAction","target":{"@type":"EntryPoint","urlTemplate":"https:\/\/manoteises.lt\/atminimo-akmenys\/?s={search_term_string}"},"query-input":{"@type":"PropertyValueSpecification","valueRequired":true,"valueName":"search_term_string"}}],"inLanguage":"en-US"}]}},"_links":{"self":[{"href":"https:\/\/manoteises.lt\/atminimo-akmenys\/wp-json\/wp\/v2\/pages\/11128","targetHints":{"allow":["GET"]}}],"collection":[{"href":"https:\/\/manoteises.lt\/atminimo-akmenys\/wp-json\/wp\/v2\/pages"}],"about":[{"href":"https:\/\/manoteises.lt\/atminimo-akmenys\/wp-json\/wp\/v2\/types\/page"}],"author":[{"embeddable":true,"href":"https:\/\/manoteises.lt\/atminimo-akmenys\/wp-json\/wp\/v2\/users\/15"}],"replies":[{"embeddable":true,"href":"https:\/\/manoteises.lt\/atminimo-akmenys\/wp-json\/wp\/v2\/comments?post=11128"}],"version-history":[{"count":1,"href":"https:\/\/manoteises.lt\/atminimo-akmenys\/wp-json\/wp\/v2\/pages\/11128\/revisions"}],"predecessor-version":[{"id":23174,"href":"https:\/\/manoteises.lt\/atminimo-akmenys\/wp-json\/wp\/v2\/pages\/11128\/revisions\/23174"}],"up":[{"embeddable":true,"href":"https:\/\/manoteises.lt\/atminimo-akmenys\/wp-json\/wp\/v2\/pages\/10960"}],"wp:attachment":[{"href":"https:\/\/manoteises.lt\/atminimo-akmenys\/wp-json\/wp\/v2\/media?parent=11128"}],"curies":[{"name":"wp","href":"https:\/\/api.w.org\/{rel}","templated":true}]}}