{"id":11391,"date":"2016-09-19T16:45:02","date_gmt":"2016-09-19T13:45:02","guid":{"rendered":"http:\/\/manoteises.lt\/?page_id=11391"},"modified":"2020-10-21T14:50:56","modified_gmt":"2020-10-21T11:50:56","slug":"anastazija-jablonskiene-bagdonaviciute","status":"publish","type":"page","link":"https:\/\/manoteises.lt\/atminimo-akmenys\/panevezys\/anastazija-jablonskiene-bagdonaviciute\/","title":{"rendered":"Anastazija Jablonskien\u0117-Bagdonavi\u010di\u016bt\u0117"},"content":{"rendered":"<h1><strong>Anastazija Jablonskien\u0117-Bagdonavi\u010di\u016bt\u0117<\/strong><\/h1>\n<p style=\"text-align: justify;\">(g. 1875, nu\u017eudyta 1943 m. Pravieni\u0161ki\u0173 koncentracijos stovykloje).<\/p>\n<p style=\"text-align: justify;\">Artimieji Anastazij\u0105 vadino Flamia. Tai rei\u0161kia ugn\u012f, liepsn\u0105. Tok\u012f vard\u0105 ji gavo d\u0117l a\u0161traus, grie\u017eto charakterio. Anastazija pagimd\u0117 18\u00a0vaik\u0173.<\/p>\n<p style=\"text-align: justify;\">1943 m. saus\u012f ji i\u0161ve\u017eta \u012f Pravieni\u0161ki\u0173 koncentracijos stovykl\u0105, kur kovo m\u0117n. buvo nu\u017eudyta. Pagal vaikait\u0117s Zofijos Sinkevi\u010dien\u0117s pasakojim\u0105, Anastazija buvo sena ir netur\u0117jo sveikatos, tad at\u0117jus pavasariui j\u0105 su\u0161aud\u0117 kartu su kitais senyvo am\u017eiaus \u017emon\u0117mis ir vaikais. Anastazija nu\u017eudyta su jauniausiais vaikai\u010diais. Vyresnius vaikai\u010dius ir vaikus i\u0161ve\u017e\u0117 dirbti \u012f Vokietij\u0105. Pravieni\u0161ki\u0173 koncentracijos stovykloje ji kal\u0117jo su vaikai\u010diais Jonu, Aleksu, Zofija, Niu\u0161a, dukromis Dora (Teodora) ir Kosta.<\/p>\n<p style=\"text-align: justify;\"><strong>Atminimo akmuo Anastazijai Jablonskienei-Bagdonavi\u010di\u016btei \u012frengtas\u00a0J. Tilvy\u010dio g. 1, Panev\u0117\u017eyje.\u00a0<\/strong><\/p>\n<div class=\"video-container\"><iframe loading=\"lazy\" title=\"\u201eAtminimo akmuo\u201c Anastazijai Jablonskienei-Bagdonavi\u010di\u016btei. Kalba Grafin\u0117 \u010celkien\u0117\" width=\"500\" height=\"281\" src=\"https:\/\/www.youtube.com\/embed\/t40lOlQQOaI?feature=oembed\" frameborder=\"0\" allow=\"accelerometer; autoplay; clipboard-write; encrypted-media; gyroscope; picture-in-picture; web-share\" referrerpolicy=\"strict-origin-when-cross-origin\" allowfullscreen><\/iframe><\/div>\n","protected":false},"excerpt":{"rendered":"<p>Anastazija Jablonskien\u0117-Bagdonavi\u010di\u016bt\u0117 (g. 1875, nu\u017eudyta 1943 m. Pravieni\u0161ki\u0173 koncentracijos stovykloje). Artimieji Anastazij\u0105 vadino Flamia. Tai rei\u0161kia ugn\u012f, liepsn\u0105. Tok\u012f vard\u0105 ji gavo d\u0117l a\u0161traus, grie\u017eto charakterio. Anastazija pagimd\u0117 18\u00a0vaik\u0173. 1943 m. saus\u012f ji i\u0161ve\u017eta \u012f Pravieni\u0161ki\u0173 koncentracijos stovykl\u0105, kur kovo m\u0117n. buvo nu\u017eudyta. Pagal vaikait\u0117s Zofijos Sinkevi\u010dien\u0117s pasakojim\u0105, Anastazija buvo sena ir netur\u0117jo sveikatos, tad<\/p>\n","protected":false},"author":15,"featured_media":0,"parent":11009,"menu_order":0,"comment_status":"closed","ping_status":"closed","template":"page-akmenys-vidinis.php","meta":{"_acf_changed":false,"footnotes":""},"class_list":["post-11391","page","type-page","status-publish","hentry"],"acf":[],"yoast_head":"<!-- This site is optimized with the Yoast SEO plugin v26.9 - https:\/\/yoast.com\/product\/yoast-seo-wordpress\/ -->\n<title>Anastazija Jablonskien\u0117-Bagdonavi\u010di\u016bt\u0117 - Atminimo akmenys<\/title>\n<meta name=\"description\" content=\"rom\u0173 Holokaustas, Panev\u0117\u017eys, Anastazija Jablonskien\u0117-Bagdonavi\u010di\u016bt\u0117, Pravieni\u0161k\u0117s, &quot;Atminimo akmenys&quot;, rom\u0173 \u017eudymai, naciai\" \/>\n<meta name=\"robots\" content=\"index, follow, max-snippet:-1, max-image-preview:large, max-video-preview:-1\" \/>\n<link rel=\"canonical\" href=\"https:\/\/manoteises.lt\/atminimo-akmenys\/panevezys\/anastazija-jablonskiene-bagdonaviciute\/\" \/>\n<meta name=\"twitter:label1\" content=\"Est. reading time\" \/>\n\t<meta name=\"twitter:data1\" content=\"1 minute\" \/>\n<script type=\"application\/ld+json\" class=\"yoast-schema-graph\">{\"@context\":\"https:\/\/schema.org\",\"@graph\":[{\"@type\":\"WebPage\",\"@id\":\"https:\/\/manoteises.lt\/atminimo-akmenys\/panevezys\/anastazija-jablonskiene-bagdonaviciute\/\",\"url\":\"https:\/\/manoteises.lt\/atminimo-akmenys\/panevezys\/anastazija-jablonskiene-bagdonaviciute\/\",\"name\":\"Anastazija Jablonskien\u0117-Bagdonavi\u010di\u016bt\u0117\",\"isPartOf\":{\"@id\":\"https:\/\/manoteises.lt\/atminimo-akmenys\/#website\"},\"datePublished\":\"2016-09-19T13:45:02+00:00\",\"dateModified\":\"2020-10-21T11:50:56+00:00\",\"description\":\"rom\u0173 Holokaustas, Panev\u0117\u017eys, Anastazija Jablonskien\u0117-Bagdonavi\u010di\u016bt\u0117, Pravieni\u0161k\u0117s, \\\"Atminimo akmenys\\\", rom\u0173 \u017eudymai, naciai\",\"breadcrumb\":{\"@id\":\"https:\/\/manoteises.lt\/atminimo-akmenys\/panevezys\/anastazija-jablonskiene-bagdonaviciute\/#breadcrumb\"},\"inLanguage\":\"en-US\",\"potentialAction\":[{\"@type\":\"ReadAction\",\"target\":[\"https:\/\/manoteises.lt\/atminimo-akmenys\/panevezys\/anastazija-jablonskiene-bagdonaviciute\/\"]}]},{\"@type\":\"BreadcrumbList\",\"@id\":\"https:\/\/manoteises.lt\/atminimo-akmenys\/panevezys\/anastazija-jablonskiene-bagdonaviciute\/#breadcrumb\",\"itemListElement\":[{\"@type\":\"ListItem\",\"position\":1,\"name\":\"Home\",\"item\":\"https:\/\/manoteises.lt\/atminimo-akmenys\/\"},{\"@type\":\"ListItem\",\"position\":2,\"name\":\"Panev\u0117\u017eys\",\"item\":\"https:\/\/manoteises.lt\/atminimo-akmenys\/panevezys\/\"},{\"@type\":\"ListItem\",\"position\":3,\"name\":\"Anastazija Jablonskien\u0117-Bagdonavi\u010di\u016bt\u0117\"}]},{\"@type\":\"WebSite\",\"@id\":\"https:\/\/manoteises.lt\/atminimo-akmenys\/#website\",\"url\":\"https:\/\/manoteises.lt\/atminimo-akmenys\/\",\"name\":\"Atminimo akmenys\",\"description\":\"\",\"potentialAction\":[{\"@type\":\"SearchAction\",\"target\":{\"@type\":\"EntryPoint\",\"urlTemplate\":\"https:\/\/manoteises.lt\/atminimo-akmenys\/?s={search_term_string}\"},\"query-input\":{\"@type\":\"PropertyValueSpecification\",\"valueRequired\":true,\"valueName\":\"search_term_string\"}}],\"inLanguage\":\"en-US\"}]}<\/script>\n<!-- \/ Yoast SEO plugin. -->","yoast_head_json":{"title":"Anastazija Jablonskien\u0117-Bagdonavi\u010di\u016bt\u0117 - Atminimo akmenys","description":"rom\u0173 Holokaustas, Panev\u0117\u017eys, Anastazija Jablonskien\u0117-Bagdonavi\u010di\u016bt\u0117, Pravieni\u0161k\u0117s, \"Atminimo akmenys\", rom\u0173 \u017eudymai, naciai","robots":{"index":"index","follow":"follow","max-snippet":"max-snippet:-1","max-image-preview":"max-image-preview:large","max-video-preview":"max-video-preview:-1"},"canonical":"https:\/\/manoteises.lt\/atminimo-akmenys\/panevezys\/anastazija-jablonskiene-bagdonaviciute\/","twitter_misc":{"Est. reading time":"1 minute"},"schema":{"@context":"https:\/\/schema.org","@graph":[{"@type":"WebPage","@id":"https:\/\/manoteises.lt\/atminimo-akmenys\/panevezys\/anastazija-jablonskiene-bagdonaviciute\/","url":"https:\/\/manoteises.lt\/atminimo-akmenys\/panevezys\/anastazija-jablonskiene-bagdonaviciute\/","name":"Anastazija Jablonskien\u0117-Bagdonavi\u010di\u016bt\u0117","isPartOf":{"@id":"https:\/\/manoteises.lt\/atminimo-akmenys\/#website"},"datePublished":"2016-09-19T13:45:02+00:00","dateModified":"2020-10-21T11:50:56+00:00","description":"rom\u0173 Holokaustas, Panev\u0117\u017eys, Anastazija Jablonskien\u0117-Bagdonavi\u010di\u016bt\u0117, Pravieni\u0161k\u0117s, \"Atminimo akmenys\", rom\u0173 \u017eudymai, naciai","breadcrumb":{"@id":"https:\/\/manoteises.lt\/atminimo-akmenys\/panevezys\/anastazija-jablonskiene-bagdonaviciute\/#breadcrumb"},"inLanguage":"en-US","potentialAction":[{"@type":"ReadAction","target":["https:\/\/manoteises.lt\/atminimo-akmenys\/panevezys\/anastazija-jablonskiene-bagdonaviciute\/"]}]},{"@type":"BreadcrumbList","@id":"https:\/\/manoteises.lt\/atminimo-akmenys\/panevezys\/anastazija-jablonskiene-bagdonaviciute\/#breadcrumb","itemListElement":[{"@type":"ListItem","position":1,"name":"Home","item":"https:\/\/manoteises.lt\/atminimo-akmenys\/"},{"@type":"ListItem","position":2,"name":"Panev\u0117\u017eys","item":"https:\/\/manoteises.lt\/atminimo-akmenys\/panevezys\/"},{"@type":"ListItem","position":3,"name":"Anastazija Jablonskien\u0117-Bagdonavi\u010di\u016bt\u0117"}]},{"@type":"WebSite","@id":"https:\/\/manoteises.lt\/atminimo-akmenys\/#website","url":"https:\/\/manoteises.lt\/atminimo-akmenys\/","name":"Atminimo akmenys","description":"","potentialAction":[{"@type":"SearchAction","target":{"@type":"EntryPoint","urlTemplate":"https:\/\/manoteises.lt\/atminimo-akmenys\/?s={search_term_string}"},"query-input":{"@type":"PropertyValueSpecification","valueRequired":true,"valueName":"search_term_string"}}],"inLanguage":"en-US"}]}},"_links":{"self":[{"href":"https:\/\/manoteises.lt\/atminimo-akmenys\/wp-json\/wp\/v2\/pages\/11391","targetHints":{"allow":["GET"]}}],"collection":[{"href":"https:\/\/manoteises.lt\/atminimo-akmenys\/wp-json\/wp\/v2\/pages"}],"about":[{"href":"https:\/\/manoteises.lt\/atminimo-akmenys\/wp-json\/wp\/v2\/types\/page"}],"author":[{"embeddable":true,"href":"https:\/\/manoteises.lt\/atminimo-akmenys\/wp-json\/wp\/v2\/users\/15"}],"replies":[{"embeddable":true,"href":"https:\/\/manoteises.lt\/atminimo-akmenys\/wp-json\/wp\/v2\/comments?post=11391"}],"version-history":[{"count":1,"href":"https:\/\/manoteises.lt\/atminimo-akmenys\/wp-json\/wp\/v2\/pages\/11391\/revisions"}],"predecessor-version":[{"id":23165,"href":"https:\/\/manoteises.lt\/atminimo-akmenys\/wp-json\/wp\/v2\/pages\/11391\/revisions\/23165"}],"up":[{"embeddable":true,"href":"https:\/\/manoteises.lt\/atminimo-akmenys\/wp-json\/wp\/v2\/pages\/11009"}],"wp:attachment":[{"href":"https:\/\/manoteises.lt\/atminimo-akmenys\/wp-json\/wp\/v2\/media?parent=11391"}],"curies":[{"name":"wp","href":"https:\/\/api.w.org\/{rel}","templated":true}]}}