{"id":11393,"date":"2016-09-19T16:45:31","date_gmt":"2016-09-19T13:45:31","guid":{"rendered":"http:\/\/manoteises.lt\/?page_id=11393"},"modified":"2020-10-21T14:51:05","modified_gmt":"2020-10-21T11:51:05","slug":"zose-matuzeviciute","status":"publish","type":"page","link":"https:\/\/manoteises.lt\/atminimo-akmenys\/panevezys\/zose-matuzeviciute\/","title":{"rendered":"Zos\u0117 Matuzevi\u010di\u016bt\u0117"},"content":{"rendered":"<h1><strong>Zos\u0117 Matuzevi\u010di\u016bt\u0117\u00a0<\/strong><\/h1>\n<p>(g. 1934, mir\u0117 2005 m.).<\/p>\n<p style=\"text-align: justify;\">Zos\u0117 su vyru Adomu, senele, motina Ona ir abiem broliais kal\u0117jo naci\u0173 koncentracijos stovyklose. Senel\u0117 ir motina su\u0161audytos Pravieni\u0161k\u0117se. Taip pat nu\u017eudyti Zos\u0117s brolis Povilas, 5 kito brolio, kurio vardo artimieji nebepamena, vaikai.<\/p>\n<p style=\"text-align: justify;\">1943\u20131945 m. Zos\u0117 kal\u0117jo Pravieni\u0161ki\u0173 ir Nacveilerio koncentracijos stovyklose. Gr\u012f\u017eusi \u012f Lietuv\u0105, gyveno Panev\u0117\u017eyje. Kartu su vyru A. Jablonskiu u\u017eaugino 8 vaikus.<\/p>\n<p style=\"text-align: justify;\"><strong>Atminimo akmuo Zosei Matuzevi\u010di\u016btei \u012frengtas J. Tilvy\u010dio g. 1, Panev\u0117\u017eyje.\u00a0<\/strong><\/p>\n","protected":false},"excerpt":{"rendered":"<p>Zos\u0117 Matuzevi\u010di\u016bt\u0117\u00a0 (g. 1934, mir\u0117 2005 m.). Zos\u0117 su vyru Adomu, senele, motina Ona ir abiem broliais kal\u0117jo naci\u0173 koncentracijos stovyklose. Senel\u0117 ir motina su\u0161audytos Pravieni\u0161k\u0117se. Taip pat nu\u017eudyti Zos\u0117s brolis Povilas, 5 kito brolio, kurio vardo artimieji nebepamena, vaikai. 1943\u20131945 m. Zos\u0117 kal\u0117jo Pravieni\u0161ki\u0173 ir Nacveilerio koncentracijos stovyklose. Gr\u012f\u017eusi \u012f Lietuv\u0105, gyveno Panev\u0117\u017eyje. Kartu<\/p>\n","protected":false},"author":15,"featured_media":0,"parent":11009,"menu_order":0,"comment_status":"closed","ping_status":"closed","template":"page-akmenys-vidinis.php","meta":{"_acf_changed":false,"footnotes":""},"class_list":["post-11393","page","type-page","status-publish","hentry"],"acf":[],"yoast_head":"<!-- This site is optimized with the Yoast SEO plugin v26.9 - https:\/\/yoast.com\/product\/yoast-seo-wordpress\/ -->\n<title>Zos\u0117 Matuzevi\u010di\u016bt\u0117 - Atminimo akmenys<\/title>\n<meta name=\"description\" content=\"Zos\u0117 Matuzevi\u010di\u016bt\u0117, rom\u0173 Holokaustas, rom\u0173 genocidas, Panev\u0117\u017eys, Antrasis pasaulinis karas, Holokaustas, rom\u0173 istorija, Pravieni\u0161k\u0117s\" \/>\n<meta name=\"robots\" content=\"index, follow, max-snippet:-1, max-image-preview:large, max-video-preview:-1\" \/>\n<link rel=\"canonical\" href=\"https:\/\/manoteises.lt\/atminimo-akmenys\/panevezys\/zose-matuzeviciute\/\" \/>\n<script type=\"application\/ld+json\" class=\"yoast-schema-graph\">{\"@context\":\"https:\/\/schema.org\",\"@graph\":[{\"@type\":\"WebPage\",\"@id\":\"https:\/\/manoteises.lt\/atminimo-akmenys\/panevezys\/zose-matuzeviciute\/\",\"url\":\"https:\/\/manoteises.lt\/atminimo-akmenys\/panevezys\/zose-matuzeviciute\/\",\"name\":\"Zos\u0117 Matuzevi\u010di\u016bt\u0117\",\"isPartOf\":{\"@id\":\"https:\/\/manoteises.lt\/atminimo-akmenys\/#website\"},\"datePublished\":\"2016-09-19T13:45:31+00:00\",\"dateModified\":\"2020-10-21T11:51:05+00:00\",\"description\":\"Zos\u0117 Matuzevi\u010di\u016bt\u0117, rom\u0173 Holokaustas, rom\u0173 genocidas, Panev\u0117\u017eys, Antrasis pasaulinis karas, Holokaustas, rom\u0173 istorija, Pravieni\u0161k\u0117s\",\"breadcrumb\":{\"@id\":\"https:\/\/manoteises.lt\/atminimo-akmenys\/panevezys\/zose-matuzeviciute\/#breadcrumb\"},\"inLanguage\":\"en-US\",\"potentialAction\":[{\"@type\":\"ReadAction\",\"target\":[\"https:\/\/manoteises.lt\/atminimo-akmenys\/panevezys\/zose-matuzeviciute\/\"]}]},{\"@type\":\"BreadcrumbList\",\"@id\":\"https:\/\/manoteises.lt\/atminimo-akmenys\/panevezys\/zose-matuzeviciute\/#breadcrumb\",\"itemListElement\":[{\"@type\":\"ListItem\",\"position\":1,\"name\":\"Home\",\"item\":\"https:\/\/manoteises.lt\/atminimo-akmenys\/\"},{\"@type\":\"ListItem\",\"position\":2,\"name\":\"Panev\u0117\u017eys\",\"item\":\"https:\/\/manoteises.lt\/atminimo-akmenys\/panevezys\/\"},{\"@type\":\"ListItem\",\"position\":3,\"name\":\"Zos\u0117 Matuzevi\u010di\u016bt\u0117\"}]},{\"@type\":\"WebSite\",\"@id\":\"https:\/\/manoteises.lt\/atminimo-akmenys\/#website\",\"url\":\"https:\/\/manoteises.lt\/atminimo-akmenys\/\",\"name\":\"Atminimo akmenys\",\"description\":\"\",\"potentialAction\":[{\"@type\":\"SearchAction\",\"target\":{\"@type\":\"EntryPoint\",\"urlTemplate\":\"https:\/\/manoteises.lt\/atminimo-akmenys\/?s={search_term_string}\"},\"query-input\":{\"@type\":\"PropertyValueSpecification\",\"valueRequired\":true,\"valueName\":\"search_term_string\"}}],\"inLanguage\":\"en-US\"}]}<\/script>\n<!-- \/ Yoast SEO plugin. -->","yoast_head_json":{"title":"Zos\u0117 Matuzevi\u010di\u016bt\u0117 - Atminimo akmenys","description":"Zos\u0117 Matuzevi\u010di\u016bt\u0117, rom\u0173 Holokaustas, rom\u0173 genocidas, Panev\u0117\u017eys, Antrasis pasaulinis karas, Holokaustas, rom\u0173 istorija, Pravieni\u0161k\u0117s","robots":{"index":"index","follow":"follow","max-snippet":"max-snippet:-1","max-image-preview":"max-image-preview:large","max-video-preview":"max-video-preview:-1"},"canonical":"https:\/\/manoteises.lt\/atminimo-akmenys\/panevezys\/zose-matuzeviciute\/","schema":{"@context":"https:\/\/schema.org","@graph":[{"@type":"WebPage","@id":"https:\/\/manoteises.lt\/atminimo-akmenys\/panevezys\/zose-matuzeviciute\/","url":"https:\/\/manoteises.lt\/atminimo-akmenys\/panevezys\/zose-matuzeviciute\/","name":"Zos\u0117 Matuzevi\u010di\u016bt\u0117","isPartOf":{"@id":"https:\/\/manoteises.lt\/atminimo-akmenys\/#website"},"datePublished":"2016-09-19T13:45:31+00:00","dateModified":"2020-10-21T11:51:05+00:00","description":"Zos\u0117 Matuzevi\u010di\u016bt\u0117, rom\u0173 Holokaustas, rom\u0173 genocidas, Panev\u0117\u017eys, Antrasis pasaulinis karas, Holokaustas, rom\u0173 istorija, Pravieni\u0161k\u0117s","breadcrumb":{"@id":"https:\/\/manoteises.lt\/atminimo-akmenys\/panevezys\/zose-matuzeviciute\/#breadcrumb"},"inLanguage":"en-US","potentialAction":[{"@type":"ReadAction","target":["https:\/\/manoteises.lt\/atminimo-akmenys\/panevezys\/zose-matuzeviciute\/"]}]},{"@type":"BreadcrumbList","@id":"https:\/\/manoteises.lt\/atminimo-akmenys\/panevezys\/zose-matuzeviciute\/#breadcrumb","itemListElement":[{"@type":"ListItem","position":1,"name":"Home","item":"https:\/\/manoteises.lt\/atminimo-akmenys\/"},{"@type":"ListItem","position":2,"name":"Panev\u0117\u017eys","item":"https:\/\/manoteises.lt\/atminimo-akmenys\/panevezys\/"},{"@type":"ListItem","position":3,"name":"Zos\u0117 Matuzevi\u010di\u016bt\u0117"}]},{"@type":"WebSite","@id":"https:\/\/manoteises.lt\/atminimo-akmenys\/#website","url":"https:\/\/manoteises.lt\/atminimo-akmenys\/","name":"Atminimo akmenys","description":"","potentialAction":[{"@type":"SearchAction","target":{"@type":"EntryPoint","urlTemplate":"https:\/\/manoteises.lt\/atminimo-akmenys\/?s={search_term_string}"},"query-input":{"@type":"PropertyValueSpecification","valueRequired":true,"valueName":"search_term_string"}}],"inLanguage":"en-US"}]}},"_links":{"self":[{"href":"https:\/\/manoteises.lt\/atminimo-akmenys\/wp-json\/wp\/v2\/pages\/11393","targetHints":{"allow":["GET"]}}],"collection":[{"href":"https:\/\/manoteises.lt\/atminimo-akmenys\/wp-json\/wp\/v2\/pages"}],"about":[{"href":"https:\/\/manoteises.lt\/atminimo-akmenys\/wp-json\/wp\/v2\/types\/page"}],"author":[{"embeddable":true,"href":"https:\/\/manoteises.lt\/atminimo-akmenys\/wp-json\/wp\/v2\/users\/15"}],"replies":[{"embeddable":true,"href":"https:\/\/manoteises.lt\/atminimo-akmenys\/wp-json\/wp\/v2\/comments?post=11393"}],"version-history":[{"count":1,"href":"https:\/\/manoteises.lt\/atminimo-akmenys\/wp-json\/wp\/v2\/pages\/11393\/revisions"}],"predecessor-version":[{"id":23168,"href":"https:\/\/manoteises.lt\/atminimo-akmenys\/wp-json\/wp\/v2\/pages\/11393\/revisions\/23168"}],"up":[{"embeddable":true,"href":"https:\/\/manoteises.lt\/atminimo-akmenys\/wp-json\/wp\/v2\/pages\/11009"}],"wp:attachment":[{"href":"https:\/\/manoteises.lt\/atminimo-akmenys\/wp-json\/wp\/v2\/media?parent=11393"}],"curies":[{"name":"wp","href":"https:\/\/api.w.org\/{rel}","templated":true}]}}