{"id":11395,"date":"2016-09-19T16:46:01","date_gmt":"2016-09-19T13:46:01","guid":{"rendered":"http:\/\/manoteises.lt\/?page_id=11395"},"modified":"2020-10-21T14:50:59","modified_gmt":"2020-10-21T11:50:59","slug":"ona-grachauskiene-bagdonaviciute","status":"publish","type":"page","link":"https:\/\/manoteises.lt\/atminimo-akmenys\/panevezys\/ona-grachauskiene-bagdonaviciute\/","title":{"rendered":"Ona Grachauskien\u0117-Bagdonavi\u010di\u016bt\u0117"},"content":{"rendered":"<h1><strong>Ona Grachauskien\u0117-Bagdonavi\u010di\u016bt\u0117\u00a0<\/strong><\/h1>\n<p>(g. 1923, mir\u0117 2000 m.).<\/p>\n<p style=\"text-align: justify;\">Kartu su t\u0117vais, seserimi Vanda ir dviem broliais Ona pateko \u012f koncentracijos stovyklas.<\/p>\n<p style=\"text-align: justify;\">Jose mir\u0117 sesuo, brolis ir kito brolio \u0161eima \u2013 \u017emona ir trys ma\u017ei vaikai. Gyva liko tik Ona Grachauskien\u0117-Bagdonavi\u010di\u016bt\u0117. \u012e koncentracijos stovykl\u0105 buvo patek\u0119s ir Onos s\u016bnus \u0160pako. Remiantis pasakojimais, kartu su kitais ma\u017eame\u010diais jis buvo suvarytas \u012f dar\u017ein\u0119 ir sudegintas.<\/p>\n<p style=\"text-align: justify;\">Koncentracijos stovykloje Ona slaug\u0117 su\u017eeistuosius, vokie\u010di\u0173 \u0161eimoje dirbo nam\u0173 ruo\u0161os darbus. Gr\u012f\u017eusi i\u0161 Vokietijos, apsigyveno Panev\u0117\u017eyje. Po karo su vyru u\u017eaugino 17 vaik\u0173.<\/p>\n<p style=\"text-align: justify;\">Onos Grachauskien\u0117s-Bagdonavi\u010di\u016bt\u0117s atminimas simboli\u0161kai \u012fprasmina dviej\u0173 nuo Holokausto nukent\u0117jusi\u0173 \u0161eim\u0173 likim\u0105.<\/p>\n<p style=\"text-align: justify;\"><strong>Atminimo akmuo Onai Grachauskienei-Bagdonavi\u010di\u016btei \u012frengtas\u00a0J. Tilvy\u010dio g. 1,\u00a0Panev\u0117\u017eyje.<\/strong><\/p>\n","protected":false},"excerpt":{"rendered":"<p>Ona Grachauskien\u0117-Bagdonavi\u010di\u016bt\u0117\u00a0 (g. 1923, mir\u0117 2000 m.). Kartu su t\u0117vais, seserimi Vanda ir dviem broliais Ona pateko \u012f koncentracijos stovyklas. Jose mir\u0117 sesuo, brolis ir kito brolio \u0161eima \u2013 \u017emona ir trys ma\u017ei vaikai. Gyva liko tik Ona Grachauskien\u0117-Bagdonavi\u010di\u016bt\u0117. \u012e koncentracijos stovykl\u0105 buvo patek\u0119s ir Onos s\u016bnus \u0160pako. Remiantis pasakojimais, kartu su kitais ma\u017eame\u010diais jis<\/p>\n","protected":false},"author":15,"featured_media":0,"parent":11009,"menu_order":0,"comment_status":"closed","ping_status":"closed","template":"page-akmenys-vidinis.php","meta":{"_acf_changed":false,"footnotes":""},"class_list":["post-11395","page","type-page","status-publish","hentry"],"acf":[],"yoast_head":"<!-- This site is optimized with the Yoast SEO plugin v26.9 - https:\/\/yoast.com\/product\/yoast-seo-wordpress\/ -->\n<title>Ona Grachauskien\u0117-Bagdonavi\u010di\u016bt\u0117 - Atminimo akmenys<\/title>\n<meta name=\"description\" content=\"rom\u0173 Holokaustas, Panev\u0117\u017eys, Ona Grachauskien\u0117-Bagdonavi\u010di\u016bt\u0117, Pravieni\u0161k\u0117s, &quot;Atminimo akmenys&quot;, rom\u0173 \u017eudymai, naciai\" \/>\n<meta name=\"robots\" content=\"index, follow, max-snippet:-1, max-image-preview:large, max-video-preview:-1\" \/>\n<link rel=\"canonical\" href=\"https:\/\/manoteises.lt\/atminimo-akmenys\/panevezys\/ona-grachauskiene-bagdonaviciute\/\" \/>\n<meta name=\"twitter:label1\" content=\"Est. reading time\" \/>\n\t<meta name=\"twitter:data1\" content=\"1 minute\" \/>\n<script type=\"application\/ld+json\" class=\"yoast-schema-graph\">{\"@context\":\"https:\/\/schema.org\",\"@graph\":[{\"@type\":\"WebPage\",\"@id\":\"https:\/\/manoteises.lt\/atminimo-akmenys\/panevezys\/ona-grachauskiene-bagdonaviciute\/\",\"url\":\"https:\/\/manoteises.lt\/atminimo-akmenys\/panevezys\/ona-grachauskiene-bagdonaviciute\/\",\"name\":\"Ona Grachauskien\u0117-Bagdonavi\u010di\u016bt\u0117\",\"isPartOf\":{\"@id\":\"https:\/\/manoteises.lt\/atminimo-akmenys\/#website\"},\"datePublished\":\"2016-09-19T13:46:01+00:00\",\"dateModified\":\"2020-10-21T11:50:59+00:00\",\"description\":\"rom\u0173 Holokaustas, Panev\u0117\u017eys, Ona Grachauskien\u0117-Bagdonavi\u010di\u016bt\u0117, Pravieni\u0161k\u0117s, \\\"Atminimo akmenys\\\", rom\u0173 \u017eudymai, naciai\",\"breadcrumb\":{\"@id\":\"https:\/\/manoteises.lt\/atminimo-akmenys\/panevezys\/ona-grachauskiene-bagdonaviciute\/#breadcrumb\"},\"inLanguage\":\"en-US\",\"potentialAction\":[{\"@type\":\"ReadAction\",\"target\":[\"https:\/\/manoteises.lt\/atminimo-akmenys\/panevezys\/ona-grachauskiene-bagdonaviciute\/\"]}]},{\"@type\":\"BreadcrumbList\",\"@id\":\"https:\/\/manoteises.lt\/atminimo-akmenys\/panevezys\/ona-grachauskiene-bagdonaviciute\/#breadcrumb\",\"itemListElement\":[{\"@type\":\"ListItem\",\"position\":1,\"name\":\"Home\",\"item\":\"https:\/\/manoteises.lt\/atminimo-akmenys\/\"},{\"@type\":\"ListItem\",\"position\":2,\"name\":\"Panev\u0117\u017eys\",\"item\":\"https:\/\/manoteises.lt\/atminimo-akmenys\/panevezys\/\"},{\"@type\":\"ListItem\",\"position\":3,\"name\":\"Ona Grachauskien\u0117-Bagdonavi\u010di\u016bt\u0117\"}]},{\"@type\":\"WebSite\",\"@id\":\"https:\/\/manoteises.lt\/atminimo-akmenys\/#website\",\"url\":\"https:\/\/manoteises.lt\/atminimo-akmenys\/\",\"name\":\"Atminimo akmenys\",\"description\":\"\",\"potentialAction\":[{\"@type\":\"SearchAction\",\"target\":{\"@type\":\"EntryPoint\",\"urlTemplate\":\"https:\/\/manoteises.lt\/atminimo-akmenys\/?s={search_term_string}\"},\"query-input\":{\"@type\":\"PropertyValueSpecification\",\"valueRequired\":true,\"valueName\":\"search_term_string\"}}],\"inLanguage\":\"en-US\"}]}<\/script>\n<!-- \/ Yoast SEO plugin. -->","yoast_head_json":{"title":"Ona Grachauskien\u0117-Bagdonavi\u010di\u016bt\u0117 - Atminimo akmenys","description":"rom\u0173 Holokaustas, Panev\u0117\u017eys, Ona Grachauskien\u0117-Bagdonavi\u010di\u016bt\u0117, Pravieni\u0161k\u0117s, \"Atminimo akmenys\", rom\u0173 \u017eudymai, naciai","robots":{"index":"index","follow":"follow","max-snippet":"max-snippet:-1","max-image-preview":"max-image-preview:large","max-video-preview":"max-video-preview:-1"},"canonical":"https:\/\/manoteises.lt\/atminimo-akmenys\/panevezys\/ona-grachauskiene-bagdonaviciute\/","twitter_misc":{"Est. reading time":"1 minute"},"schema":{"@context":"https:\/\/schema.org","@graph":[{"@type":"WebPage","@id":"https:\/\/manoteises.lt\/atminimo-akmenys\/panevezys\/ona-grachauskiene-bagdonaviciute\/","url":"https:\/\/manoteises.lt\/atminimo-akmenys\/panevezys\/ona-grachauskiene-bagdonaviciute\/","name":"Ona Grachauskien\u0117-Bagdonavi\u010di\u016bt\u0117","isPartOf":{"@id":"https:\/\/manoteises.lt\/atminimo-akmenys\/#website"},"datePublished":"2016-09-19T13:46:01+00:00","dateModified":"2020-10-21T11:50:59+00:00","description":"rom\u0173 Holokaustas, Panev\u0117\u017eys, Ona Grachauskien\u0117-Bagdonavi\u010di\u016bt\u0117, Pravieni\u0161k\u0117s, \"Atminimo akmenys\", rom\u0173 \u017eudymai, naciai","breadcrumb":{"@id":"https:\/\/manoteises.lt\/atminimo-akmenys\/panevezys\/ona-grachauskiene-bagdonaviciute\/#breadcrumb"},"inLanguage":"en-US","potentialAction":[{"@type":"ReadAction","target":["https:\/\/manoteises.lt\/atminimo-akmenys\/panevezys\/ona-grachauskiene-bagdonaviciute\/"]}]},{"@type":"BreadcrumbList","@id":"https:\/\/manoteises.lt\/atminimo-akmenys\/panevezys\/ona-grachauskiene-bagdonaviciute\/#breadcrumb","itemListElement":[{"@type":"ListItem","position":1,"name":"Home","item":"https:\/\/manoteises.lt\/atminimo-akmenys\/"},{"@type":"ListItem","position":2,"name":"Panev\u0117\u017eys","item":"https:\/\/manoteises.lt\/atminimo-akmenys\/panevezys\/"},{"@type":"ListItem","position":3,"name":"Ona Grachauskien\u0117-Bagdonavi\u010di\u016bt\u0117"}]},{"@type":"WebSite","@id":"https:\/\/manoteises.lt\/atminimo-akmenys\/#website","url":"https:\/\/manoteises.lt\/atminimo-akmenys\/","name":"Atminimo akmenys","description":"","potentialAction":[{"@type":"SearchAction","target":{"@type":"EntryPoint","urlTemplate":"https:\/\/manoteises.lt\/atminimo-akmenys\/?s={search_term_string}"},"query-input":{"@type":"PropertyValueSpecification","valueRequired":true,"valueName":"search_term_string"}}],"inLanguage":"en-US"}]}},"_links":{"self":[{"href":"https:\/\/manoteises.lt\/atminimo-akmenys\/wp-json\/wp\/v2\/pages\/11395","targetHints":{"allow":["GET"]}}],"collection":[{"href":"https:\/\/manoteises.lt\/atminimo-akmenys\/wp-json\/wp\/v2\/pages"}],"about":[{"href":"https:\/\/manoteises.lt\/atminimo-akmenys\/wp-json\/wp\/v2\/types\/page"}],"author":[{"embeddable":true,"href":"https:\/\/manoteises.lt\/atminimo-akmenys\/wp-json\/wp\/v2\/users\/15"}],"replies":[{"embeddable":true,"href":"https:\/\/manoteises.lt\/atminimo-akmenys\/wp-json\/wp\/v2\/comments?post=11395"}],"version-history":[{"count":1,"href":"https:\/\/manoteises.lt\/atminimo-akmenys\/wp-json\/wp\/v2\/pages\/11395\/revisions"}],"predecessor-version":[{"id":23166,"href":"https:\/\/manoteises.lt\/atminimo-akmenys\/wp-json\/wp\/v2\/pages\/11395\/revisions\/23166"}],"up":[{"embeddable":true,"href":"https:\/\/manoteises.lt\/atminimo-akmenys\/wp-json\/wp\/v2\/pages\/11009"}],"wp:attachment":[{"href":"https:\/\/manoteises.lt\/atminimo-akmenys\/wp-json\/wp\/v2\/media?parent=11395"}],"curies":[{"name":"wp","href":"https:\/\/api.w.org\/{rel}","templated":true}]}}