{"id":13165,"date":"2017-07-26T14:47:06","date_gmt":"2017-07-26T11:47:06","guid":{"rendered":"http:\/\/manoteises.lt\/?page_id=13165"},"modified":"2020-10-21T14:50:25","modified_gmt":"2020-10-21T11:50:25","slug":"chaimas-leiba-tirca-eliazaras-basai","status":"publish","type":"page","link":"https:\/\/manoteises.lt\/atminimo-akmenys\/kaunas\/chaimas-leiba-tirca-eliazaras-basai\/","title":{"rendered":"Chaimas, Leiba, Tirca, Eliazaras Basai"},"content":{"rendered":"<h1><strong>Chaimas, Leiba, Tirca, Eliazaras Basai<\/strong><\/h1>\n<p style=\"text-align: justify;\"><strong>Chaimas<\/strong> (g. 1864, nu\u017eudytas 1941 m. Kauno gete), <strong>Leiba<\/strong> (g. 1896, nu\u017eudytas 1944 m. Kauno gete), <strong>Tirca<\/strong> (g. 1914, 1944 m. Kauno gete), <strong>Eliazaras<\/strong> (g. 1938, nu\u017eudytas 1944 m.) <strong>Basai<\/strong>.<\/p>\n<p style=\"text-align: justify;\">Apra\u0161ymas pagal R\u016btos Glikman, inicijavusios savo \u0161eimos atminim\u0105, informacij\u0105.<\/p>\n<p style=\"text-align: justify;\">R\u016bta Glikman (buvusi Basait\u0117) gim\u0117 1942 m. sausio 26 d. Vilijampol\u0117s gete Kaune. Tuo metu vis\u0105 Bas\u0173 \u0161eima kal\u0117jo gete. A\u0161tuoni\u0173 m\u0117nesi\u0173 R\u016bt\u0105 Basait\u0119 mama bulvi\u0173 mai\u0161e perdav\u0117 Jadvygai Babarskienei. Jadvyga ir Alfonsas Babarskiai, nepaisydami mirtino pavojaus sau ir visai \u0161eimai, Antrojo pasaulinio karo metais gelb\u0117jo \u017eyd\u0173 tautyb\u0117s \u017emones. 1999 m. jie apdovanoti \u017d\u016bvan\u010di\u0173j\u0173 gelb\u0117jimo kry\u017eiumi. Po mirties jiems suteiktas Pasaulio taut\u0173 teisuoli\u0173 titulas.<\/p>\n<p style=\"text-align: justify;\">\u0160eima gyveno Prezidento gatv\u0117je 3-iame name, (dabar Vilniaus g. Nr. 72). Senelis buvo pirklys \u2013 jam priklaus\u0117 nuo 1888 m. gyvavusi \u012fmon\u0117 \u201eCh. Bass&amp;Sohn\u201c, veikusi gretimame name. Leibas kartu su t\u0117veliu vert\u0117si kaili\u0173, kepuri\u0173 ir skryb\u0117li\u0173 prekyba.<\/p>\n<p style=\"text-align: justify;\">R\u016btos t\u0117velis Leiba Basas gim\u0117 1896 m. Kaune. 1934 m. jis susituok\u0117 su Tirca Halperinaite. Jie susilauk\u0117 dviej\u0173 vaik\u0173 \u2013 Eliazaro ir Ruth (R\u016btos). Sutuoktiniai gyveno Prezidento g. 74, iki 1944 m. t\u0117vai kal\u0117jo Vilijampol\u0117s gete. Jie sudeg\u0117 liepos m\u0117nes\u012f j\u012f likviduojant.<\/p>\n<p style=\"text-align: justify;\">R\u016btos mama Tirca Basien\u0117 gim\u0117 1914 m. Liepojoje, susipa\u017einusi su Leiba Basu, susituok\u0117 1936 m. Palangoje.<\/p>\n<p style=\"text-align: justify;\">R\u016bta apie j\u0173 gyvenim\u0105 gete pasakoja taip: \u201eGeto s\u0105lygoms, kada nebuvo u\u017etektinai valgio, jei i\u0161 darbo parsine\u0161davo koki\u0173 produkt\u0173, mama po lygiai juos i\u0161dalydavo artimiesiems ir kaimynams. T\u0105 man papasakojo jos kaimyn\u0117 p. Koen.\u201c \u201eAtminimo akmenys\u201c Kaune \u012fmontuoti kaip tik per jos gimtadien\u012f \u2013 bir\u017eelio 6 d.<\/p>\n<p style=\"text-align: justify;\">Eliazaras Basas, R\u016btos brolis, gim\u0117 1938 m. kovo 9 d., gete kal\u0117jo iki 1944-\u0173j\u0173 kovo. \u201eVargiai \u012fmanoma suvokti siaub\u0105, kur\u012f i\u0161gyveno mano t\u0117vai, kai j\u0173 akyse s\u016bnus buvo pagrobtas ir i\u0161ve\u017etas nu\u017eudyti. \u017dinau daug i\u0161gyvenusi\u0173 vaik\u0173, kurie taip pat pagrobti Did\u017eiosios vaik\u0173 akcijos metu. Tie, kurie liko gyvi ar juos i\u0161gelb\u0117jo, buvo vyresni ir gal\u0117jo dirbti vokie\u010di\u0173 naudai, o ma\u017eieji nu\u017eudyti i\u0161 karto\u201c.<\/p>\n<p style=\"text-align: justify;\"><strong>Atminimo akmenys Bas\u0173 \u0161eimai \u012frengti Kaune, Vilniaus g. 72.<\/strong><\/p>\n","protected":false},"excerpt":{"rendered":"<p>Chaimas, Leiba, Tirca, Eliazaras Basai Chaimas (g. 1864, nu\u017eudytas 1941 m. Kauno gete), Leiba (g. 1896, nu\u017eudytas 1944 m. Kauno gete), Tirca (g. 1914, 1944 m. Kauno gete), Eliazaras (g. 1938, nu\u017eudytas 1944 m.) Basai. Apra\u0161ymas pagal R\u016btos Glikman, inicijavusios savo \u0161eimos atminim\u0105, informacij\u0105. R\u016bta Glikman (buvusi Basait\u0117) gim\u0117 1942 m. sausio 26 d. Vilijampol\u0117s<\/p>\n","protected":false},"author":15,"featured_media":0,"parent":10931,"menu_order":0,"comment_status":"closed","ping_status":"closed","template":"page-akmenys-vidinis.php","meta":{"_acf_changed":false,"footnotes":""},"class_list":["post-13165","page","type-page","status-publish","hentry"],"acf":[],"yoast_head":"<!-- This site is optimized with the Yoast SEO plugin v26.9 - https:\/\/yoast.com\/product\/yoast-seo-wordpress\/ -->\n<title>Chaimas, Leiba, Tirca, Eliazaras Basai - Atminimo akmenys<\/title>\n<meta name=\"description\" content=\"Atminimo akmenys, Holokaustas, genocidas, Kauno getas, Vilijampol\u0117s getas, Basai, Antrasis pasaulinis karas, naciai nacizmas, Kaunas\" \/>\n<meta name=\"robots\" content=\"index, follow, max-snippet:-1, max-image-preview:large, max-video-preview:-1\" \/>\n<link rel=\"canonical\" href=\"https:\/\/manoteises.lt\/atminimo-akmenys\/kaunas\/chaimas-leiba-tirca-eliazaras-basai\/\" \/>\n<meta name=\"twitter:label1\" content=\"Est. reading time\" \/>\n\t<meta name=\"twitter:data1\" content=\"2 minutes\" \/>\n<script type=\"application\/ld+json\" class=\"yoast-schema-graph\">{\"@context\":\"https:\/\/schema.org\",\"@graph\":[{\"@type\":\"WebPage\",\"@id\":\"https:\/\/manoteises.lt\/atminimo-akmenys\/kaunas\/chaimas-leiba-tirca-eliazaras-basai\/\",\"url\":\"https:\/\/manoteises.lt\/atminimo-akmenys\/kaunas\/chaimas-leiba-tirca-eliazaras-basai\/\",\"name\":\"Chaimas, Leiba, Tirca, Eliazaras Basai\",\"isPartOf\":{\"@id\":\"https:\/\/manoteises.lt\/atminimo-akmenys\/#website\"},\"datePublished\":\"2017-07-26T11:47:06+00:00\",\"dateModified\":\"2020-10-21T11:50:25+00:00\",\"description\":\"Atminimo akmenys, Holokaustas, genocidas, Kauno getas, Vilijampol\u0117s getas, Basai, Antrasis pasaulinis karas, naciai nacizmas, Kaunas\",\"breadcrumb\":{\"@id\":\"https:\/\/manoteises.lt\/atminimo-akmenys\/kaunas\/chaimas-leiba-tirca-eliazaras-basai\/#breadcrumb\"},\"inLanguage\":\"en-US\",\"potentialAction\":[{\"@type\":\"ReadAction\",\"target\":[\"https:\/\/manoteises.lt\/atminimo-akmenys\/kaunas\/chaimas-leiba-tirca-eliazaras-basai\/\"]}]},{\"@type\":\"BreadcrumbList\",\"@id\":\"https:\/\/manoteises.lt\/atminimo-akmenys\/kaunas\/chaimas-leiba-tirca-eliazaras-basai\/#breadcrumb\",\"itemListElement\":[{\"@type\":\"ListItem\",\"position\":1,\"name\":\"Home\",\"item\":\"https:\/\/manoteises.lt\/atminimo-akmenys\/\"},{\"@type\":\"ListItem\",\"position\":2,\"name\":\"Kaunas\",\"item\":\"https:\/\/manoteises.lt\/atminimo-akmenys\/kaunas\/\"},{\"@type\":\"ListItem\",\"position\":3,\"name\":\"Chaimas, Leiba, Tirca, Eliazaras Basai\"}]},{\"@type\":\"WebSite\",\"@id\":\"https:\/\/manoteises.lt\/atminimo-akmenys\/#website\",\"url\":\"https:\/\/manoteises.lt\/atminimo-akmenys\/\",\"name\":\"Atminimo akmenys\",\"description\":\"\",\"potentialAction\":[{\"@type\":\"SearchAction\",\"target\":{\"@type\":\"EntryPoint\",\"urlTemplate\":\"https:\/\/manoteises.lt\/atminimo-akmenys\/?s={search_term_string}\"},\"query-input\":{\"@type\":\"PropertyValueSpecification\",\"valueRequired\":true,\"valueName\":\"search_term_string\"}}],\"inLanguage\":\"en-US\"}]}<\/script>\n<!-- \/ Yoast SEO plugin. -->","yoast_head_json":{"title":"Chaimas, Leiba, Tirca, Eliazaras Basai - Atminimo akmenys","description":"Atminimo akmenys, Holokaustas, genocidas, Kauno getas, Vilijampol\u0117s getas, Basai, Antrasis pasaulinis karas, naciai nacizmas, Kaunas","robots":{"index":"index","follow":"follow","max-snippet":"max-snippet:-1","max-image-preview":"max-image-preview:large","max-video-preview":"max-video-preview:-1"},"canonical":"https:\/\/manoteises.lt\/atminimo-akmenys\/kaunas\/chaimas-leiba-tirca-eliazaras-basai\/","twitter_misc":{"Est. reading time":"2 minutes"},"schema":{"@context":"https:\/\/schema.org","@graph":[{"@type":"WebPage","@id":"https:\/\/manoteises.lt\/atminimo-akmenys\/kaunas\/chaimas-leiba-tirca-eliazaras-basai\/","url":"https:\/\/manoteises.lt\/atminimo-akmenys\/kaunas\/chaimas-leiba-tirca-eliazaras-basai\/","name":"Chaimas, Leiba, Tirca, Eliazaras Basai","isPartOf":{"@id":"https:\/\/manoteises.lt\/atminimo-akmenys\/#website"},"datePublished":"2017-07-26T11:47:06+00:00","dateModified":"2020-10-21T11:50:25+00:00","description":"Atminimo akmenys, Holokaustas, genocidas, Kauno getas, Vilijampol\u0117s getas, Basai, Antrasis pasaulinis karas, naciai nacizmas, Kaunas","breadcrumb":{"@id":"https:\/\/manoteises.lt\/atminimo-akmenys\/kaunas\/chaimas-leiba-tirca-eliazaras-basai\/#breadcrumb"},"inLanguage":"en-US","potentialAction":[{"@type":"ReadAction","target":["https:\/\/manoteises.lt\/atminimo-akmenys\/kaunas\/chaimas-leiba-tirca-eliazaras-basai\/"]}]},{"@type":"BreadcrumbList","@id":"https:\/\/manoteises.lt\/atminimo-akmenys\/kaunas\/chaimas-leiba-tirca-eliazaras-basai\/#breadcrumb","itemListElement":[{"@type":"ListItem","position":1,"name":"Home","item":"https:\/\/manoteises.lt\/atminimo-akmenys\/"},{"@type":"ListItem","position":2,"name":"Kaunas","item":"https:\/\/manoteises.lt\/atminimo-akmenys\/kaunas\/"},{"@type":"ListItem","position":3,"name":"Chaimas, Leiba, Tirca, Eliazaras Basai"}]},{"@type":"WebSite","@id":"https:\/\/manoteises.lt\/atminimo-akmenys\/#website","url":"https:\/\/manoteises.lt\/atminimo-akmenys\/","name":"Atminimo akmenys","description":"","potentialAction":[{"@type":"SearchAction","target":{"@type":"EntryPoint","urlTemplate":"https:\/\/manoteises.lt\/atminimo-akmenys\/?s={search_term_string}"},"query-input":{"@type":"PropertyValueSpecification","valueRequired":true,"valueName":"search_term_string"}}],"inLanguage":"en-US"}]}},"_links":{"self":[{"href":"https:\/\/manoteises.lt\/atminimo-akmenys\/wp-json\/wp\/v2\/pages\/13165","targetHints":{"allow":["GET"]}}],"collection":[{"href":"https:\/\/manoteises.lt\/atminimo-akmenys\/wp-json\/wp\/v2\/pages"}],"about":[{"href":"https:\/\/manoteises.lt\/atminimo-akmenys\/wp-json\/wp\/v2\/types\/page"}],"author":[{"embeddable":true,"href":"https:\/\/manoteises.lt\/atminimo-akmenys\/wp-json\/wp\/v2\/users\/15"}],"replies":[{"embeddable":true,"href":"https:\/\/manoteises.lt\/atminimo-akmenys\/wp-json\/wp\/v2\/comments?post=13165"}],"version-history":[{"count":1,"href":"https:\/\/manoteises.lt\/atminimo-akmenys\/wp-json\/wp\/v2\/pages\/13165\/revisions"}],"predecessor-version":[{"id":23158,"href":"https:\/\/manoteises.lt\/atminimo-akmenys\/wp-json\/wp\/v2\/pages\/13165\/revisions\/23158"}],"up":[{"embeddable":true,"href":"https:\/\/manoteises.lt\/atminimo-akmenys\/wp-json\/wp\/v2\/pages\/10931"}],"wp:attachment":[{"href":"https:\/\/manoteises.lt\/atminimo-akmenys\/wp-json\/wp\/v2\/media?parent=13165"}],"curies":[{"name":"wp","href":"https:\/\/api.w.org\/{rel}","templated":true}]}}