{"id":15152,"date":"2018-01-18T12:30:14","date_gmt":"2018-01-18T09:30:14","guid":{"rendered":"http:\/\/manoteises.lt\/?page_id=15152"},"modified":"2022-09-06T13:25:00","modified_gmt":"2022-09-06T10:25:00","slug":"english","status":"publish","type":"page","link":"https:\/\/manoteises.lt\/atminimo-akmenys\/english\/","title":{"rendered":"Stumbling Stones"},"content":{"rendered":"<div class=\"new_akmenys_newmap new_akmenys_desktopmap\">\n<p>Stumbling Stones (Stolpersteine in German) are commemorative plaques installed on pavements or cobblestones to perpetuate the victims of National Socialism.<\/p>\n<\/div>\n<p>75 000 symbols of remembrance were installed by 2019, together comprising the world&#8217;s largest open-air memorial museum.<\/p>\n<p>Stumbling Stones symbolically bring back people that were deported to concentration camps, slaughtered at places of massacre, tortured to death in prison, or otherwise suffered during the Holocaust, to the spaces of cities and towns where they lived, studied, or worked. Thus, reminding the living that not abstract numbers but real people were suffering during the massacres.<\/p>\n<p>The first such plaque was installed in Cologne, Germany, in 1992. The creator of Stumbling Stones idea, artist Gunter Demnig, inscribed the lines from the so-called Auschwitz decree, by which the Reichsf\u00fchrer-SS Heinrich Himmler ordered the deportation of Roma residing in Germany to the Auschwitz concentration camp.<\/p>\n<p>Two years later, the artist engraved the first plaques for specific individuals with their forenames, surnames, date of birth, and the date and place of their death. One year after that, Stumbling Stones landed in the footways of Cologne, forming the still-continuing art project.<\/p>\n<p>Stumbling Stones can be found in nearly thirty countries after thirty years had passed since the project began. Lithuania was the twenty-first country in which this initiative was implemented.<\/p>\n<p>The first Stumbling Stones in Lithuania were installed by artist Gunteris Demnigas with the Lithuanian Centre for Human Rights incentive.<\/p>\n<p>In the specific nineteen Stumbling Stones, the recalled people&#8217;s names and biographies were gathered in collaboration with the Jewish Community of Lithuania, the Vilna Gaon Jewish State Museum, the Roma Community Centre, dr. Ilya Lempert, dr. Lara Lempert, Vida Beinortien\u0117, and Sister Daiva Tumasonyt\u0117.<\/p>\n<p>There are sixty-six\u00a0Stumbling Stones in thirteen Lithuanian cities and towns: Vilnius, Kaunas, \u0160iauliai, Panev\u0117\u017eys, Alytus, Ukmerg\u0117, Plung\u0117, Jurbarkas, Prienai, \u0160v\u0117k\u0161na, Darb\u0117nai, Kuliai, Krak\u0117s, Vilkavi\u0161kis.<\/p>\n<p>The first emergence of Stumbling Stones in Lithuania, and this website was funded by EVZ and the &#8220;Good Will Foundation.&#8221;<\/p>\n<p>We invite you to notify the newly laid Stumbling Stones in Lithuania to Lithuanian Centre for Human Rights, which gathers information and administrates the website <a href=\"http:\/\/stumblingstones.lt\" target=\"_blank\" rel=\"noopener noreferrer\">stumblingstones.lt<\/a><\/p>\n<p>We will gladly wait for the details by e-mail info@lchr.lt<\/p>\n","protected":false},"excerpt":{"rendered":"<p>Stumbling Stones (Stolpersteine in German) are commemorative plaques installed on pavements or cobblestones to perpetuate the victims of National Socialism. 75 000 symbols of remembrance were installed by 2019, together comprising the world&#8217;s largest open-air memorial museum. Stumbling Stones symbolically bring back people that were deported to concentration camps, slaughtered at places of massacre, tortured<\/p>\n","protected":false},"author":1,"featured_media":0,"parent":0,"menu_order":0,"comment_status":"closed","ping_status":"closed","template":"page-akmenys-titulinis.php","meta":{"_acf_changed":false,"footnotes":""},"class_list":["post-15152","page","type-page","status-publish","hentry"],"acf":[],"yoast_head":"<!-- This site is optimized with the Yoast SEO plugin v26.9 - https:\/\/yoast.com\/product\/yoast-seo-wordpress\/ -->\n<title>Stumbling Stones - Atminimo akmenys<\/title>\n<meta name=\"description\" content=\"Holocaust in Lithuania, Gunter Demnig, Vilnius, Kaunas, \u0160iauliai, Panev\u0117\u017eys, Roma Holocaust, Lithuanian Centre for Human Rights, Stolpersteine, Stumbling Stones\" \/>\n<meta name=\"robots\" content=\"index, follow, max-snippet:-1, max-image-preview:large, max-video-preview:-1\" \/>\n<link rel=\"canonical\" href=\"https:\/\/manoteises.lt\/atminimo-akmenys\/english\/\" \/>\n<meta name=\"twitter:label1\" content=\"Est. reading time\" \/>\n\t<meta name=\"twitter:data1\" content=\"2 minutes\" \/>\n<script type=\"application\/ld+json\" class=\"yoast-schema-graph\">{\"@context\":\"https:\/\/schema.org\",\"@graph\":[{\"@type\":\"WebPage\",\"@id\":\"https:\/\/manoteises.lt\/atminimo-akmenys\/english\/\",\"url\":\"https:\/\/manoteises.lt\/atminimo-akmenys\/english\/\",\"name\":\"Stumbling Stones\",\"isPartOf\":{\"@id\":\"https:\/\/manoteises.lt\/atminimo-akmenys\/#website\"},\"datePublished\":\"2018-01-18T09:30:14+00:00\",\"dateModified\":\"2022-09-06T10:25:00+00:00\",\"description\":\"Holocaust in Lithuania, Gunter Demnig, Vilnius, Kaunas, \u0160iauliai, Panev\u0117\u017eys, Roma Holocaust, Lithuanian Centre for Human Rights, Stolpersteine, Stumbling Stones\",\"breadcrumb\":{\"@id\":\"https:\/\/manoteises.lt\/atminimo-akmenys\/english\/#breadcrumb\"},\"inLanguage\":\"en-US\",\"potentialAction\":[{\"@type\":\"ReadAction\",\"target\":[\"https:\/\/manoteises.lt\/atminimo-akmenys\/english\/\"]}]},{\"@type\":\"BreadcrumbList\",\"@id\":\"https:\/\/manoteises.lt\/atminimo-akmenys\/english\/#breadcrumb\",\"itemListElement\":[{\"@type\":\"ListItem\",\"position\":1,\"name\":\"Home\",\"item\":\"https:\/\/manoteises.lt\/atminimo-akmenys\/\"},{\"@type\":\"ListItem\",\"position\":2,\"name\":\"Stumbling Stones\"}]},{\"@type\":\"WebSite\",\"@id\":\"https:\/\/manoteises.lt\/atminimo-akmenys\/#website\",\"url\":\"https:\/\/manoteises.lt\/atminimo-akmenys\/\",\"name\":\"Atminimo akmenys\",\"description\":\"\",\"potentialAction\":[{\"@type\":\"SearchAction\",\"target\":{\"@type\":\"EntryPoint\",\"urlTemplate\":\"https:\/\/manoteises.lt\/atminimo-akmenys\/?s={search_term_string}\"},\"query-input\":{\"@type\":\"PropertyValueSpecification\",\"valueRequired\":true,\"valueName\":\"search_term_string\"}}],\"inLanguage\":\"en-US\"}]}<\/script>\n<!-- \/ Yoast SEO plugin. -->","yoast_head_json":{"title":"Stumbling Stones - Atminimo akmenys","description":"Holocaust in Lithuania, Gunter Demnig, Vilnius, Kaunas, \u0160iauliai, Panev\u0117\u017eys, Roma Holocaust, Lithuanian Centre for Human Rights, Stolpersteine, Stumbling Stones","robots":{"index":"index","follow":"follow","max-snippet":"max-snippet:-1","max-image-preview":"max-image-preview:large","max-video-preview":"max-video-preview:-1"},"canonical":"https:\/\/manoteises.lt\/atminimo-akmenys\/english\/","twitter_misc":{"Est. reading time":"2 minutes"},"schema":{"@context":"https:\/\/schema.org","@graph":[{"@type":"WebPage","@id":"https:\/\/manoteises.lt\/atminimo-akmenys\/english\/","url":"https:\/\/manoteises.lt\/atminimo-akmenys\/english\/","name":"Stumbling Stones","isPartOf":{"@id":"https:\/\/manoteises.lt\/atminimo-akmenys\/#website"},"datePublished":"2018-01-18T09:30:14+00:00","dateModified":"2022-09-06T10:25:00+00:00","description":"Holocaust in Lithuania, Gunter Demnig, Vilnius, Kaunas, \u0160iauliai, Panev\u0117\u017eys, Roma Holocaust, Lithuanian Centre for Human Rights, Stolpersteine, Stumbling Stones","breadcrumb":{"@id":"https:\/\/manoteises.lt\/atminimo-akmenys\/english\/#breadcrumb"},"inLanguage":"en-US","potentialAction":[{"@type":"ReadAction","target":["https:\/\/manoteises.lt\/atminimo-akmenys\/english\/"]}]},{"@type":"BreadcrumbList","@id":"https:\/\/manoteises.lt\/atminimo-akmenys\/english\/#breadcrumb","itemListElement":[{"@type":"ListItem","position":1,"name":"Home","item":"https:\/\/manoteises.lt\/atminimo-akmenys\/"},{"@type":"ListItem","position":2,"name":"Stumbling Stones"}]},{"@type":"WebSite","@id":"https:\/\/manoteises.lt\/atminimo-akmenys\/#website","url":"https:\/\/manoteises.lt\/atminimo-akmenys\/","name":"Atminimo akmenys","description":"","potentialAction":[{"@type":"SearchAction","target":{"@type":"EntryPoint","urlTemplate":"https:\/\/manoteises.lt\/atminimo-akmenys\/?s={search_term_string}"},"query-input":{"@type":"PropertyValueSpecification","valueRequired":true,"valueName":"search_term_string"}}],"inLanguage":"en-US"}]}},"_links":{"self":[{"href":"https:\/\/manoteises.lt\/atminimo-akmenys\/wp-json\/wp\/v2\/pages\/15152","targetHints":{"allow":["GET"]}}],"collection":[{"href":"https:\/\/manoteises.lt\/atminimo-akmenys\/wp-json\/wp\/v2\/pages"}],"about":[{"href":"https:\/\/manoteises.lt\/atminimo-akmenys\/wp-json\/wp\/v2\/types\/page"}],"author":[{"embeddable":true,"href":"https:\/\/manoteises.lt\/atminimo-akmenys\/wp-json\/wp\/v2\/users\/1"}],"replies":[{"embeddable":true,"href":"https:\/\/manoteises.lt\/atminimo-akmenys\/wp-json\/wp\/v2\/comments?post=15152"}],"version-history":[{"count":9,"href":"https:\/\/manoteises.lt\/atminimo-akmenys\/wp-json\/wp\/v2\/pages\/15152\/revisions"}],"predecessor-version":[{"id":23955,"href":"https:\/\/manoteises.lt\/atminimo-akmenys\/wp-json\/wp\/v2\/pages\/15152\/revisions\/23955"}],"wp:attachment":[{"href":"https:\/\/manoteises.lt\/atminimo-akmenys\/wp-json\/wp\/v2\/media?parent=15152"}],"curies":[{"name":"wp","href":"https:\/\/api.w.org\/{rel}","templated":true}]}}