{"id":15153,"date":"2018-01-18T12:31:23","date_gmt":"2018-01-18T09:31:23","guid":{"rendered":"http:\/\/manoteises.lt\/?page_id=15153"},"modified":"2022-07-12T19:32:45","modified_gmt":"2022-07-12T16:32:45","slug":"panevezys","status":"publish","type":"page","link":"https:\/\/manoteises.lt\/atminimo-akmenys\/english\/panevezys\/","title":{"rendered":"Panev\u0117\u017eys"},"content":{"rendered":"<p style=\"text-align: justify;\">During World War II, the Nazis persecuted the Roma people, brutally exterminating hundreds of thousands of Roma whose ancestors had lived in Europe for centuries.<\/p>\n<p style=\"text-align: justify;\">Lithuania was no exception. It is estimated that at least 500 people of Roma descent, approximately one third of the entire community in Lithuania, were killed. At the end of the Nazi occupation, when people were deported to France and Germany, around 1000 Roma people were included.<\/p>\n<p style=\"text-align: justify;\">On 2 August 1944, in the Auschwitz-Birkenau concentration camp in Poland, the Roma camp (the &#8220;gypsy camp&#8221;) was destroyed, and around 3000 people interned there were killed. The second of August is commemorated annually as the Roma Holocaust Memorial Day<\/p>\n<p style=\"text-align: justify;\">Four <a href=\"http:\/\/manoteises.lt\/stumbling-stones\/\" target=\"_blank\" rel=\"noopener noreferrer\">Stumbling Stones<\/a> have been laid at J. Tilvy\u010dio g. 1 in Panev\u0117\u017eys, which are currently the only memorial signs commemorating the Roma Holocaust which took place in Lithuania<\/p>\n","protected":false},"excerpt":{"rendered":"<p>During World War II, the Nazis persecuted the Roma people, brutally exterminating hundreds of thousands of Roma whose ancestors had lived in Europe for centuries. Lithuania was no exception. It is estimated that at least 500 people of Roma descent, approximately one third of the entire community in Lithuania, were killed. At the end of<\/p>\n","protected":false},"author":1,"featured_media":0,"parent":15152,"menu_order":8,"comment_status":"closed","ping_status":"closed","template":"page-akmenys-miestas.php","meta":{"_acf_changed":false,"footnotes":""},"class_list":["post-15153","page","type-page","status-publish","hentry"],"acf":[],"yoast_head":"<!-- This site is optimized with the Yoast SEO plugin v26.9 - https:\/\/yoast.com\/product\/yoast-seo-wordpress\/ -->\n<title>Panev\u0117\u017eys - Atminimo akmenys<\/title>\n<meta name=\"description\" content=\"Panev\u0117\u017eys, Roma Holocaust, Holocaust in Lithuania, Roma, Auschwitz-Birkenau, Roma genocide, Stumbling Stones, Stolpersteine\" \/>\n<meta name=\"robots\" content=\"index, follow, max-snippet:-1, max-image-preview:large, max-video-preview:-1\" \/>\n<link rel=\"canonical\" href=\"https:\/\/manoteises.lt\/atminimo-akmenys\/english\/panevezys\/\" \/>\n<meta name=\"twitter:label1\" content=\"Est. reading time\" \/>\n\t<meta name=\"twitter:data1\" content=\"1 minute\" \/>\n<script type=\"application\/ld+json\" class=\"yoast-schema-graph\">{\"@context\":\"https:\/\/schema.org\",\"@graph\":[{\"@type\":\"WebPage\",\"@id\":\"https:\/\/manoteises.lt\/atminimo-akmenys\/english\/panevezys\/\",\"url\":\"https:\/\/manoteises.lt\/atminimo-akmenys\/english\/panevezys\/\",\"name\":\"Panev\u0117\u017eys\",\"isPartOf\":{\"@id\":\"https:\/\/manoteises.lt\/atminimo-akmenys\/#website\"},\"datePublished\":\"2018-01-18T09:31:23+00:00\",\"dateModified\":\"2022-07-12T16:32:45+00:00\",\"description\":\"Panev\u0117\u017eys, Roma Holocaust, Holocaust in Lithuania, Roma, Auschwitz-Birkenau, Roma genocide, Stumbling Stones, Stolpersteine\",\"breadcrumb\":{\"@id\":\"https:\/\/manoteises.lt\/atminimo-akmenys\/english\/panevezys\/#breadcrumb\"},\"inLanguage\":\"en-US\",\"potentialAction\":[{\"@type\":\"ReadAction\",\"target\":[\"https:\/\/manoteises.lt\/atminimo-akmenys\/english\/panevezys\/\"]}]},{\"@type\":\"BreadcrumbList\",\"@id\":\"https:\/\/manoteises.lt\/atminimo-akmenys\/english\/panevezys\/#breadcrumb\",\"itemListElement\":[{\"@type\":\"ListItem\",\"position\":1,\"name\":\"Home\",\"item\":\"https:\/\/manoteises.lt\/atminimo-akmenys\/\"},{\"@type\":\"ListItem\",\"position\":2,\"name\":\"Stumbling Stones\",\"item\":\"https:\/\/manoteises.lt\/atminimo-akmenys\/english\/\"},{\"@type\":\"ListItem\",\"position\":3,\"name\":\"Panev\u0117\u017eys\"}]},{\"@type\":\"WebSite\",\"@id\":\"https:\/\/manoteises.lt\/atminimo-akmenys\/#website\",\"url\":\"https:\/\/manoteises.lt\/atminimo-akmenys\/\",\"name\":\"Atminimo akmenys\",\"description\":\"\",\"potentialAction\":[{\"@type\":\"SearchAction\",\"target\":{\"@type\":\"EntryPoint\",\"urlTemplate\":\"https:\/\/manoteises.lt\/atminimo-akmenys\/?s={search_term_string}\"},\"query-input\":{\"@type\":\"PropertyValueSpecification\",\"valueRequired\":true,\"valueName\":\"search_term_string\"}}],\"inLanguage\":\"en-US\"}]}<\/script>\n<!-- \/ Yoast SEO plugin. -->","yoast_head_json":{"title":"Panev\u0117\u017eys - Atminimo akmenys","description":"Panev\u0117\u017eys, Roma Holocaust, Holocaust in Lithuania, Roma, Auschwitz-Birkenau, Roma genocide, Stumbling Stones, Stolpersteine","robots":{"index":"index","follow":"follow","max-snippet":"max-snippet:-1","max-image-preview":"max-image-preview:large","max-video-preview":"max-video-preview:-1"},"canonical":"https:\/\/manoteises.lt\/atminimo-akmenys\/english\/panevezys\/","twitter_misc":{"Est. reading time":"1 minute"},"schema":{"@context":"https:\/\/schema.org","@graph":[{"@type":"WebPage","@id":"https:\/\/manoteises.lt\/atminimo-akmenys\/english\/panevezys\/","url":"https:\/\/manoteises.lt\/atminimo-akmenys\/english\/panevezys\/","name":"Panev\u0117\u017eys","isPartOf":{"@id":"https:\/\/manoteises.lt\/atminimo-akmenys\/#website"},"datePublished":"2018-01-18T09:31:23+00:00","dateModified":"2022-07-12T16:32:45+00:00","description":"Panev\u0117\u017eys, Roma Holocaust, Holocaust in Lithuania, Roma, Auschwitz-Birkenau, Roma genocide, Stumbling Stones, Stolpersteine","breadcrumb":{"@id":"https:\/\/manoteises.lt\/atminimo-akmenys\/english\/panevezys\/#breadcrumb"},"inLanguage":"en-US","potentialAction":[{"@type":"ReadAction","target":["https:\/\/manoteises.lt\/atminimo-akmenys\/english\/panevezys\/"]}]},{"@type":"BreadcrumbList","@id":"https:\/\/manoteises.lt\/atminimo-akmenys\/english\/panevezys\/#breadcrumb","itemListElement":[{"@type":"ListItem","position":1,"name":"Home","item":"https:\/\/manoteises.lt\/atminimo-akmenys\/"},{"@type":"ListItem","position":2,"name":"Stumbling Stones","item":"https:\/\/manoteises.lt\/atminimo-akmenys\/english\/"},{"@type":"ListItem","position":3,"name":"Panev\u0117\u017eys"}]},{"@type":"WebSite","@id":"https:\/\/manoteises.lt\/atminimo-akmenys\/#website","url":"https:\/\/manoteises.lt\/atminimo-akmenys\/","name":"Atminimo akmenys","description":"","potentialAction":[{"@type":"SearchAction","target":{"@type":"EntryPoint","urlTemplate":"https:\/\/manoteises.lt\/atminimo-akmenys\/?s={search_term_string}"},"query-input":{"@type":"PropertyValueSpecification","valueRequired":true,"valueName":"search_term_string"}}],"inLanguage":"en-US"}]}},"_links":{"self":[{"href":"https:\/\/manoteises.lt\/atminimo-akmenys\/wp-json\/wp\/v2\/pages\/15153","targetHints":{"allow":["GET"]}}],"collection":[{"href":"https:\/\/manoteises.lt\/atminimo-akmenys\/wp-json\/wp\/v2\/pages"}],"about":[{"href":"https:\/\/manoteises.lt\/atminimo-akmenys\/wp-json\/wp\/v2\/types\/page"}],"author":[{"embeddable":true,"href":"https:\/\/manoteises.lt\/atminimo-akmenys\/wp-json\/wp\/v2\/users\/1"}],"replies":[{"embeddable":true,"href":"https:\/\/manoteises.lt\/atminimo-akmenys\/wp-json\/wp\/v2\/comments?post=15153"}],"version-history":[{"count":1,"href":"https:\/\/manoteises.lt\/atminimo-akmenys\/wp-json\/wp\/v2\/pages\/15153\/revisions"}],"predecessor-version":[{"id":23642,"href":"https:\/\/manoteises.lt\/atminimo-akmenys\/wp-json\/wp\/v2\/pages\/15153\/revisions\/23642"}],"up":[{"embeddable":true,"href":"https:\/\/manoteises.lt\/atminimo-akmenys\/wp-json\/wp\/v2\/pages\/15152"}],"wp:attachment":[{"href":"https:\/\/manoteises.lt\/atminimo-akmenys\/wp-json\/wp\/v2\/media?parent=15153"}],"curies":[{"name":"wp","href":"https:\/\/api.w.org\/{rel}","templated":true}]}}