{"id":15154,"date":"2018-01-18T12:31:23","date_gmt":"2018-01-18T09:31:23","guid":{"rendered":"http:\/\/manoteises.lt\/?page_id=15154"},"modified":"2018-08-07T13:19:56","modified_gmt":"2018-08-07T10:19:56","slug":"ona-grachauskiene-bagdonaviciute","status":"publish","type":"page","link":"https:\/\/manoteises.lt\/atminimo-akmenys\/english\/panevezys\/ona-grachauskiene-bagdonaviciute\/","title":{"rendered":"Ona Grachauskien\u0117-Bagdonavi\u010di\u016bt\u0117"},"content":{"rendered":"<h1 style=\"text-align: justify;\"><strong>Ona Grachauskien\u0117-Bagdonavi\u010di\u016bt\u0117<\/strong><\/h1>\n<p style=\"text-align: justify;\">(born in 1923, died in 2000).<\/p>\n<p style=\"text-align: justify;\">Ona Grachauskien\u0117-Bagdonavi\u010di\u016bt\u0117 was taken to a number of forced labour camps, together with her parents, her sister Vanda and her two brothers. Her sister, her brothers and the family of one of her brothers all perished there.<\/p>\n<p style=\"text-align: justify;\">Ona Grachauskien\u0117-Bagdonavi\u010di\u016bt\u0117 was the only one to survive. Ona\u2019s son, \u0160pako, was also interned in one of the camps. According to a number of accounts, he was taken into a barn together with other young children and burnt alive.<\/p>\n<p style=\"text-align: justify;\">While in the concentration camp, Ona attended to the injured and did housework for a German family. On her return from Germany, she settled in Panev\u0117\u017eys. After the war, she and her husband brought up seventeen children.<\/p>\n<p style=\"text-align: justify;\"><strong>The Stumbling Stone commemorating Ona Grachauskien\u0117-Bagdonavi\u010di\u016bt\u0117 is laid at J. Tilvy\u010dio g. 1 in Panev\u0117\u017eys.<\/strong><\/p>\n","protected":false},"excerpt":{"rendered":"<p>Ona Grachauskien\u0117-Bagdonavi\u010di\u016bt\u0117 (born in 1923, died in 2000). Ona Grachauskien\u0117-Bagdonavi\u010di\u016bt\u0117 was taken to a number of forced labour camps, together with her parents, her sister Vanda and her two brothers. Her sister, her brothers and the family of one of her brothers all perished there. Ona Grachauskien\u0117-Bagdonavi\u010di\u016bt\u0117 was the only one to survive. Ona\u2019s son,<\/p>\n","protected":false},"author":1,"featured_media":0,"parent":15153,"menu_order":0,"comment_status":"closed","ping_status":"closed","template":"page-akmenys-vidinis.php","meta":{"_acf_changed":false,"footnotes":""},"class_list":["post-15154","page","type-page","status-publish","hentry"],"acf":[],"yoast_head":"<!-- This site is optimized with the Yoast SEO plugin v26.9 - https:\/\/yoast.com\/product\/yoast-seo-wordpress\/ -->\n<title>Ona Grachauskien\u0117-Bagdonavi\u010di\u016bt\u0117 - Atminimo akmenys<\/title>\n<meta name=\"description\" content=\"Panev\u0117\u017eys, Roma Holocaust, Holocaust in Lithuania, Roma, Auschwitz-Birkenau, Roma genocide, Ona Grachauskien\u0117-Bagdonavi\u010di\u016bt\u0117\" \/>\n<meta name=\"robots\" content=\"index, follow, max-snippet:-1, max-image-preview:large, max-video-preview:-1\" \/>\n<link rel=\"canonical\" href=\"https:\/\/manoteises.lt\/atminimo-akmenys\/english\/panevezys\/ona-grachauskiene-bagdonaviciute\/\" \/>\n<meta name=\"twitter:label1\" content=\"Est. reading time\" \/>\n\t<meta name=\"twitter:data1\" content=\"1 minute\" \/>\n<script type=\"application\/ld+json\" class=\"yoast-schema-graph\">{\"@context\":\"https:\/\/schema.org\",\"@graph\":[{\"@type\":\"WebPage\",\"@id\":\"https:\/\/manoteises.lt\/atminimo-akmenys\/english\/panevezys\/ona-grachauskiene-bagdonaviciute\/\",\"url\":\"https:\/\/manoteises.lt\/atminimo-akmenys\/english\/panevezys\/ona-grachauskiene-bagdonaviciute\/\",\"name\":\"Ona Grachauskien\u0117-Bagdonavi\u010di\u016bt\u0117\",\"isPartOf\":{\"@id\":\"https:\/\/manoteises.lt\/atminimo-akmenys\/#website\"},\"datePublished\":\"2018-01-18T09:31:23+00:00\",\"dateModified\":\"2018-08-07T10:19:56+00:00\",\"description\":\"Panev\u0117\u017eys, Roma Holocaust, Holocaust in Lithuania, Roma, Auschwitz-Birkenau, Roma genocide, Ona Grachauskien\u0117-Bagdonavi\u010di\u016bt\u0117\",\"breadcrumb\":{\"@id\":\"https:\/\/manoteises.lt\/atminimo-akmenys\/english\/panevezys\/ona-grachauskiene-bagdonaviciute\/#breadcrumb\"},\"inLanguage\":\"en-US\",\"potentialAction\":[{\"@type\":\"ReadAction\",\"target\":[\"https:\/\/manoteises.lt\/atminimo-akmenys\/english\/panevezys\/ona-grachauskiene-bagdonaviciute\/\"]}]},{\"@type\":\"BreadcrumbList\",\"@id\":\"https:\/\/manoteises.lt\/atminimo-akmenys\/english\/panevezys\/ona-grachauskiene-bagdonaviciute\/#breadcrumb\",\"itemListElement\":[{\"@type\":\"ListItem\",\"position\":1,\"name\":\"Home\",\"item\":\"https:\/\/manoteises.lt\/atminimo-akmenys\/\"},{\"@type\":\"ListItem\",\"position\":2,\"name\":\"Stumbling Stones\",\"item\":\"https:\/\/manoteises.lt\/atminimo-akmenys\/english\/\"},{\"@type\":\"ListItem\",\"position\":3,\"name\":\"Panev\u0117\u017eys\",\"item\":\"https:\/\/manoteises.lt\/atminimo-akmenys\/english\/panevezys\/\"},{\"@type\":\"ListItem\",\"position\":4,\"name\":\"Ona Grachauskien\u0117-Bagdonavi\u010di\u016bt\u0117\"}]},{\"@type\":\"WebSite\",\"@id\":\"https:\/\/manoteises.lt\/atminimo-akmenys\/#website\",\"url\":\"https:\/\/manoteises.lt\/atminimo-akmenys\/\",\"name\":\"Atminimo akmenys\",\"description\":\"\",\"potentialAction\":[{\"@type\":\"SearchAction\",\"target\":{\"@type\":\"EntryPoint\",\"urlTemplate\":\"https:\/\/manoteises.lt\/atminimo-akmenys\/?s={search_term_string}\"},\"query-input\":{\"@type\":\"PropertyValueSpecification\",\"valueRequired\":true,\"valueName\":\"search_term_string\"}}],\"inLanguage\":\"en-US\"}]}<\/script>\n<!-- \/ Yoast SEO plugin. -->","yoast_head_json":{"title":"Ona Grachauskien\u0117-Bagdonavi\u010di\u016bt\u0117 - Atminimo akmenys","description":"Panev\u0117\u017eys, Roma Holocaust, Holocaust in Lithuania, Roma, Auschwitz-Birkenau, Roma genocide, Ona Grachauskien\u0117-Bagdonavi\u010di\u016bt\u0117","robots":{"index":"index","follow":"follow","max-snippet":"max-snippet:-1","max-image-preview":"max-image-preview:large","max-video-preview":"max-video-preview:-1"},"canonical":"https:\/\/manoteises.lt\/atminimo-akmenys\/english\/panevezys\/ona-grachauskiene-bagdonaviciute\/","twitter_misc":{"Est. reading time":"1 minute"},"schema":{"@context":"https:\/\/schema.org","@graph":[{"@type":"WebPage","@id":"https:\/\/manoteises.lt\/atminimo-akmenys\/english\/panevezys\/ona-grachauskiene-bagdonaviciute\/","url":"https:\/\/manoteises.lt\/atminimo-akmenys\/english\/panevezys\/ona-grachauskiene-bagdonaviciute\/","name":"Ona Grachauskien\u0117-Bagdonavi\u010di\u016bt\u0117","isPartOf":{"@id":"https:\/\/manoteises.lt\/atminimo-akmenys\/#website"},"datePublished":"2018-01-18T09:31:23+00:00","dateModified":"2018-08-07T10:19:56+00:00","description":"Panev\u0117\u017eys, Roma Holocaust, Holocaust in Lithuania, Roma, Auschwitz-Birkenau, Roma genocide, Ona Grachauskien\u0117-Bagdonavi\u010di\u016bt\u0117","breadcrumb":{"@id":"https:\/\/manoteises.lt\/atminimo-akmenys\/english\/panevezys\/ona-grachauskiene-bagdonaviciute\/#breadcrumb"},"inLanguage":"en-US","potentialAction":[{"@type":"ReadAction","target":["https:\/\/manoteises.lt\/atminimo-akmenys\/english\/panevezys\/ona-grachauskiene-bagdonaviciute\/"]}]},{"@type":"BreadcrumbList","@id":"https:\/\/manoteises.lt\/atminimo-akmenys\/english\/panevezys\/ona-grachauskiene-bagdonaviciute\/#breadcrumb","itemListElement":[{"@type":"ListItem","position":1,"name":"Home","item":"https:\/\/manoteises.lt\/atminimo-akmenys\/"},{"@type":"ListItem","position":2,"name":"Stumbling Stones","item":"https:\/\/manoteises.lt\/atminimo-akmenys\/english\/"},{"@type":"ListItem","position":3,"name":"Panev\u0117\u017eys","item":"https:\/\/manoteises.lt\/atminimo-akmenys\/english\/panevezys\/"},{"@type":"ListItem","position":4,"name":"Ona Grachauskien\u0117-Bagdonavi\u010di\u016bt\u0117"}]},{"@type":"WebSite","@id":"https:\/\/manoteises.lt\/atminimo-akmenys\/#website","url":"https:\/\/manoteises.lt\/atminimo-akmenys\/","name":"Atminimo akmenys","description":"","potentialAction":[{"@type":"SearchAction","target":{"@type":"EntryPoint","urlTemplate":"https:\/\/manoteises.lt\/atminimo-akmenys\/?s={search_term_string}"},"query-input":{"@type":"PropertyValueSpecification","valueRequired":true,"valueName":"search_term_string"}}],"inLanguage":"en-US"}]}},"_links":{"self":[{"href":"https:\/\/manoteises.lt\/atminimo-akmenys\/wp-json\/wp\/v2\/pages\/15154","targetHints":{"allow":["GET"]}}],"collection":[{"href":"https:\/\/manoteises.lt\/atminimo-akmenys\/wp-json\/wp\/v2\/pages"}],"about":[{"href":"https:\/\/manoteises.lt\/atminimo-akmenys\/wp-json\/wp\/v2\/types\/page"}],"author":[{"embeddable":true,"href":"https:\/\/manoteises.lt\/atminimo-akmenys\/wp-json\/wp\/v2\/users\/1"}],"replies":[{"embeddable":true,"href":"https:\/\/manoteises.lt\/atminimo-akmenys\/wp-json\/wp\/v2\/comments?post=15154"}],"version-history":[{"count":0,"href":"https:\/\/manoteises.lt\/atminimo-akmenys\/wp-json\/wp\/v2\/pages\/15154\/revisions"}],"up":[{"embeddable":true,"href":"https:\/\/manoteises.lt\/atminimo-akmenys\/wp-json\/wp\/v2\/pages\/15153"}],"wp:attachment":[{"href":"https:\/\/manoteises.lt\/atminimo-akmenys\/wp-json\/wp\/v2\/media?parent=15154"}],"curies":[{"name":"wp","href":"https:\/\/api.w.org\/{rel}","templated":true}]}}