{"id":15155,"date":"2018-01-18T12:31:24","date_gmt":"2018-01-18T09:31:24","guid":{"rendered":"http:\/\/manoteises.lt\/?page_id=15155"},"modified":"2018-08-06T11:54:43","modified_gmt":"2018-08-06T08:54:43","slug":"zose-matuzeviciute","status":"publish","type":"page","link":"https:\/\/manoteises.lt\/atminimo-akmenys\/english\/panevezys\/zose-matuzeviciute\/","title":{"rendered":"Zos\u0117 Matuzevi\u010di\u016bt\u0117"},"content":{"rendered":"<h1 style=\"text-align: justify;\"><strong>Zos\u0117 Matuzevi\u010di\u016bt\u0117\u00a0<\/strong><\/h1>\n<p>(born in 1934, died in 2005).<\/p>\n<p style=\"text-align: justify;\">Zos\u0117 Matuzevi\u010di\u016bt\u0117 was interned in concentration camps together with her husband Adomas, her grandmother, her mother Ona and her two brothers. Her grandmother and her mother were killed in Pravieni\u0161k\u0117s. Zos\u0117&#8217;s brother, Povilas, and five children of her other brother (whose name her descendants do not remember) were also killed.<\/p>\n<p style=\"text-align: justify;\">Between 1943 and 1945, Zos\u0117 was imprisoned in Pravieni\u0161k\u0117s and Natzweiler-Struthof concentration camps. Upon her return to Lithuania, she lived in Panev\u0117\u017eys where she and her husband brought up eight children.<\/p>\n<p style=\"text-align: justify;\"><strong>The Stumbling Stone commemorating Zos\u0117 Matuzevi\u010di\u016bt\u0117 is laid at J. Tilvy\u010dio g. 1 in Panev\u0117\u017eys.<\/strong><\/p>\n","protected":false},"excerpt":{"rendered":"<p>Zos\u0117 Matuzevi\u010di\u016bt\u0117\u00a0 (born in 1934, died in 2005). Zos\u0117 Matuzevi\u010di\u016bt\u0117 was interned in concentration camps together with her husband Adomas, her grandmother, her mother Ona and her two brothers. Her grandmother and her mother were killed in Pravieni\u0161k\u0117s. Zos\u0117&#8217;s brother, Povilas, and five children of her other brother (whose name her descendants do not remember)<\/p>\n","protected":false},"author":1,"featured_media":0,"parent":15153,"menu_order":0,"comment_status":"closed","ping_status":"closed","template":"page-akmenys-vidinis.php","meta":{"_acf_changed":false,"footnotes":""},"class_list":["post-15155","page","type-page","status-publish","hentry"],"acf":[],"yoast_head":"<!-- This site is optimized with the Yoast SEO plugin v26.9 - https:\/\/yoast.com\/product\/yoast-seo-wordpress\/ -->\n<title>Zos\u0117 Matuzevi\u010di\u016bt\u0117 - Atminimo akmenys<\/title>\n<meta name=\"description\" content=\"Zos\u0117 Matuzevi\u010di\u016bt\u0117, Panev\u0117\u017eys, Roma Holocaust, Holocaust in Lithuania, Roma, Roma genocide, Stumbling Stones, Stolpersteine\" \/>\n<meta name=\"robots\" content=\"index, follow, max-snippet:-1, max-image-preview:large, max-video-preview:-1\" \/>\n<link rel=\"canonical\" href=\"https:\/\/manoteises.lt\/atminimo-akmenys\/english\/panevezys\/zose-matuzeviciute\/\" \/>\n<meta name=\"twitter:label1\" content=\"Est. reading time\" \/>\n\t<meta name=\"twitter:data1\" content=\"1 minute\" \/>\n<script type=\"application\/ld+json\" class=\"yoast-schema-graph\">{\"@context\":\"https:\/\/schema.org\",\"@graph\":[{\"@type\":\"WebPage\",\"@id\":\"https:\/\/manoteises.lt\/atminimo-akmenys\/english\/panevezys\/zose-matuzeviciute\/\",\"url\":\"https:\/\/manoteises.lt\/atminimo-akmenys\/english\/panevezys\/zose-matuzeviciute\/\",\"name\":\"Zos\u0117 Matuzevi\u010di\u016bt\u0117\",\"isPartOf\":{\"@id\":\"https:\/\/manoteises.lt\/atminimo-akmenys\/#website\"},\"datePublished\":\"2018-01-18T09:31:24+00:00\",\"dateModified\":\"2018-08-06T08:54:43+00:00\",\"description\":\"Zos\u0117 Matuzevi\u010di\u016bt\u0117, Panev\u0117\u017eys, Roma Holocaust, Holocaust in Lithuania, Roma, Roma genocide, Stumbling Stones, Stolpersteine\",\"breadcrumb\":{\"@id\":\"https:\/\/manoteises.lt\/atminimo-akmenys\/english\/panevezys\/zose-matuzeviciute\/#breadcrumb\"},\"inLanguage\":\"en-US\",\"potentialAction\":[{\"@type\":\"ReadAction\",\"target\":[\"https:\/\/manoteises.lt\/atminimo-akmenys\/english\/panevezys\/zose-matuzeviciute\/\"]}]},{\"@type\":\"BreadcrumbList\",\"@id\":\"https:\/\/manoteises.lt\/atminimo-akmenys\/english\/panevezys\/zose-matuzeviciute\/#breadcrumb\",\"itemListElement\":[{\"@type\":\"ListItem\",\"position\":1,\"name\":\"Home\",\"item\":\"https:\/\/manoteises.lt\/atminimo-akmenys\/\"},{\"@type\":\"ListItem\",\"position\":2,\"name\":\"Stumbling Stones\",\"item\":\"https:\/\/manoteises.lt\/atminimo-akmenys\/english\/\"},{\"@type\":\"ListItem\",\"position\":3,\"name\":\"Panev\u0117\u017eys\",\"item\":\"https:\/\/manoteises.lt\/atminimo-akmenys\/english\/panevezys\/\"},{\"@type\":\"ListItem\",\"position\":4,\"name\":\"Zos\u0117 Matuzevi\u010di\u016bt\u0117\"}]},{\"@type\":\"WebSite\",\"@id\":\"https:\/\/manoteises.lt\/atminimo-akmenys\/#website\",\"url\":\"https:\/\/manoteises.lt\/atminimo-akmenys\/\",\"name\":\"Atminimo akmenys\",\"description\":\"\",\"potentialAction\":[{\"@type\":\"SearchAction\",\"target\":{\"@type\":\"EntryPoint\",\"urlTemplate\":\"https:\/\/manoteises.lt\/atminimo-akmenys\/?s={search_term_string}\"},\"query-input\":{\"@type\":\"PropertyValueSpecification\",\"valueRequired\":true,\"valueName\":\"search_term_string\"}}],\"inLanguage\":\"en-US\"}]}<\/script>\n<!-- \/ Yoast SEO plugin. -->","yoast_head_json":{"title":"Zos\u0117 Matuzevi\u010di\u016bt\u0117 - Atminimo akmenys","description":"Zos\u0117 Matuzevi\u010di\u016bt\u0117, Panev\u0117\u017eys, Roma Holocaust, Holocaust in Lithuania, Roma, Roma genocide, Stumbling Stones, Stolpersteine","robots":{"index":"index","follow":"follow","max-snippet":"max-snippet:-1","max-image-preview":"max-image-preview:large","max-video-preview":"max-video-preview:-1"},"canonical":"https:\/\/manoteises.lt\/atminimo-akmenys\/english\/panevezys\/zose-matuzeviciute\/","twitter_misc":{"Est. reading time":"1 minute"},"schema":{"@context":"https:\/\/schema.org","@graph":[{"@type":"WebPage","@id":"https:\/\/manoteises.lt\/atminimo-akmenys\/english\/panevezys\/zose-matuzeviciute\/","url":"https:\/\/manoteises.lt\/atminimo-akmenys\/english\/panevezys\/zose-matuzeviciute\/","name":"Zos\u0117 Matuzevi\u010di\u016bt\u0117","isPartOf":{"@id":"https:\/\/manoteises.lt\/atminimo-akmenys\/#website"},"datePublished":"2018-01-18T09:31:24+00:00","dateModified":"2018-08-06T08:54:43+00:00","description":"Zos\u0117 Matuzevi\u010di\u016bt\u0117, Panev\u0117\u017eys, Roma Holocaust, Holocaust in Lithuania, Roma, Roma genocide, Stumbling Stones, Stolpersteine","breadcrumb":{"@id":"https:\/\/manoteises.lt\/atminimo-akmenys\/english\/panevezys\/zose-matuzeviciute\/#breadcrumb"},"inLanguage":"en-US","potentialAction":[{"@type":"ReadAction","target":["https:\/\/manoteises.lt\/atminimo-akmenys\/english\/panevezys\/zose-matuzeviciute\/"]}]},{"@type":"BreadcrumbList","@id":"https:\/\/manoteises.lt\/atminimo-akmenys\/english\/panevezys\/zose-matuzeviciute\/#breadcrumb","itemListElement":[{"@type":"ListItem","position":1,"name":"Home","item":"https:\/\/manoteises.lt\/atminimo-akmenys\/"},{"@type":"ListItem","position":2,"name":"Stumbling Stones","item":"https:\/\/manoteises.lt\/atminimo-akmenys\/english\/"},{"@type":"ListItem","position":3,"name":"Panev\u0117\u017eys","item":"https:\/\/manoteises.lt\/atminimo-akmenys\/english\/panevezys\/"},{"@type":"ListItem","position":4,"name":"Zos\u0117 Matuzevi\u010di\u016bt\u0117"}]},{"@type":"WebSite","@id":"https:\/\/manoteises.lt\/atminimo-akmenys\/#website","url":"https:\/\/manoteises.lt\/atminimo-akmenys\/","name":"Atminimo akmenys","description":"","potentialAction":[{"@type":"SearchAction","target":{"@type":"EntryPoint","urlTemplate":"https:\/\/manoteises.lt\/atminimo-akmenys\/?s={search_term_string}"},"query-input":{"@type":"PropertyValueSpecification","valueRequired":true,"valueName":"search_term_string"}}],"inLanguage":"en-US"}]}},"_links":{"self":[{"href":"https:\/\/manoteises.lt\/atminimo-akmenys\/wp-json\/wp\/v2\/pages\/15155","targetHints":{"allow":["GET"]}}],"collection":[{"href":"https:\/\/manoteises.lt\/atminimo-akmenys\/wp-json\/wp\/v2\/pages"}],"about":[{"href":"https:\/\/manoteises.lt\/atminimo-akmenys\/wp-json\/wp\/v2\/types\/page"}],"author":[{"embeddable":true,"href":"https:\/\/manoteises.lt\/atminimo-akmenys\/wp-json\/wp\/v2\/users\/1"}],"replies":[{"embeddable":true,"href":"https:\/\/manoteises.lt\/atminimo-akmenys\/wp-json\/wp\/v2\/comments?post=15155"}],"version-history":[{"count":0,"href":"https:\/\/manoteises.lt\/atminimo-akmenys\/wp-json\/wp\/v2\/pages\/15155\/revisions"}],"up":[{"embeddable":true,"href":"https:\/\/manoteises.lt\/atminimo-akmenys\/wp-json\/wp\/v2\/pages\/15153"}],"wp:attachment":[{"href":"https:\/\/manoteises.lt\/atminimo-akmenys\/wp-json\/wp\/v2\/media?parent=15155"}],"curies":[{"name":"wp","href":"https:\/\/api.w.org\/{rel}","templated":true}]}}