{"id":15156,"date":"2018-01-18T12:31:23","date_gmt":"2018-01-18T09:31:23","guid":{"rendered":"http:\/\/manoteises.lt\/?page_id=15156"},"modified":"2018-07-19T15:35:05","modified_gmt":"2018-07-19T12:35:05","slug":"anastazija-jablonskiene-bagdonaviciute","status":"publish","type":"page","link":"https:\/\/manoteises.lt\/atminimo-akmenys\/english\/panevezys\/anastazija-jablonskiene-bagdonaviciute\/","title":{"rendered":"Anastazija Jablonskien\u0117-Bagdonavi\u010di\u016bt\u0117"},"content":{"rendered":"<h1 style=\"text-align: justify;\"><strong>Anastazija Jablonskien\u0117-Bagdonavi\u010di\u016bt\u0117<\/strong><\/h1>\n<p style=\"text-align: justify;\">(born in 1875, killed in 1943 in Pravieni\u0161k\u0117s concentration camp).<\/p>\n<p style=\"text-align: justify;\">Her relatives used to call Anastazija \u201cFlamia\u201d, meaning flame or fire. She was given this nickname for her direct manner and strict character.<\/p>\n<p style=\"text-align: justify;\">In January 1943, Anastazija was taken to Pravieni\u0161k\u0117s concentration camp where one month later she was killed. According to her granddaughter, Zofija Sinkevi\u010dien\u0117, Anastazija\u2019s health was at the time poor. When spring arrived, she was executed together with other elderly people and some children.<\/p>\n<p style=\"text-align: justify;\">In Pravieni\u0161k\u0117s concentration camp she was imprisoned together with her grandchildren Jonas, Aleksas, Zofija and Niu\u0161a, and her daughters Dora (Teodora) and Kosta. Anastazija was killed with her youngest grandchildren, while her older grandchildren and children were taken by the Nazis to Germany for forced labour.<\/p>\n<p style=\"text-align: justify;\">El\u017ebieta is the only daughter of Anastazija who escaped the fate of being taken to a concentration camp because she was away at the time of the family&#8217;s detention. During the war, El\u017ebieta managed to hide, and the Nazis did not find her.<\/p>\n<p style=\"text-align: justify;\">Anastazija bore eighteen children altogether.<\/p>\n<p style=\"text-align: justify;\"><strong>The Stumbling Stone commemorating Anastazija Jablonskien\u0117-Bagdonavi\u010di\u016bt\u0117 is laid at J. Tilvy\u010dio g. 1 in Panev\u0117\u017eys.<\/strong><\/p>\n","protected":false},"excerpt":{"rendered":"<p>Anastazija Jablonskien\u0117-Bagdonavi\u010di\u016bt\u0117 (born in 1875, killed in 1943 in Pravieni\u0161k\u0117s concentration camp). Her relatives used to call Anastazija \u201cFlamia\u201d, meaning flame or fire. She was given this nickname for her direct manner and strict character. In January 1943, Anastazija was taken to Pravieni\u0161k\u0117s concentration camp where one month later she was killed. According to her<\/p>\n","protected":false},"author":1,"featured_media":0,"parent":15153,"menu_order":0,"comment_status":"closed","ping_status":"closed","template":"page-akmenys-vidinis.php","meta":{"_acf_changed":false,"footnotes":""},"class_list":["post-15156","page","type-page","status-publish","hentry"],"acf":[],"yoast_head":"<!-- This site is optimized with the Yoast SEO plugin v26.9 - https:\/\/yoast.com\/product\/yoast-seo-wordpress\/ -->\n<title>Anastazija Jablonskien\u0117-Bagdonavi\u010di\u016bt\u0117 - Atminimo akmenys<\/title>\n<meta name=\"description\" content=\"Pravieni\u0161k\u0117s concentration camp, Panev\u0117\u017eys, Roma Holocaust, Holocaust in Lithuania, Roma, Roma genocide, Anastazija Jablonskien\u0117-Bagdonavi\u010di\u016bt\u0117\" \/>\n<meta name=\"robots\" content=\"index, follow, max-snippet:-1, max-image-preview:large, max-video-preview:-1\" \/>\n<link rel=\"canonical\" href=\"https:\/\/manoteises.lt\/atminimo-akmenys\/english\/panevezys\/anastazija-jablonskiene-bagdonaviciute\/\" \/>\n<meta name=\"twitter:label1\" content=\"Est. reading time\" \/>\n\t<meta name=\"twitter:data1\" content=\"1 minute\" \/>\n<script type=\"application\/ld+json\" class=\"yoast-schema-graph\">{\"@context\":\"https:\/\/schema.org\",\"@graph\":[{\"@type\":\"WebPage\",\"@id\":\"https:\/\/manoteises.lt\/atminimo-akmenys\/english\/panevezys\/anastazija-jablonskiene-bagdonaviciute\/\",\"url\":\"https:\/\/manoteises.lt\/atminimo-akmenys\/english\/panevezys\/anastazija-jablonskiene-bagdonaviciute\/\",\"name\":\"Anastazija Jablonskien\u0117-Bagdonavi\u010di\u016bt\u0117\",\"isPartOf\":{\"@id\":\"https:\/\/manoteises.lt\/atminimo-akmenys\/#website\"},\"datePublished\":\"2018-01-18T09:31:23+00:00\",\"dateModified\":\"2018-07-19T12:35:05+00:00\",\"description\":\"Pravieni\u0161k\u0117s concentration camp, Panev\u0117\u017eys, Roma Holocaust, Holocaust in Lithuania, Roma, Roma genocide, Anastazija Jablonskien\u0117-Bagdonavi\u010di\u016bt\u0117\",\"breadcrumb\":{\"@id\":\"https:\/\/manoteises.lt\/atminimo-akmenys\/english\/panevezys\/anastazija-jablonskiene-bagdonaviciute\/#breadcrumb\"},\"inLanguage\":\"en-US\",\"potentialAction\":[{\"@type\":\"ReadAction\",\"target\":[\"https:\/\/manoteises.lt\/atminimo-akmenys\/english\/panevezys\/anastazija-jablonskiene-bagdonaviciute\/\"]}]},{\"@type\":\"BreadcrumbList\",\"@id\":\"https:\/\/manoteises.lt\/atminimo-akmenys\/english\/panevezys\/anastazija-jablonskiene-bagdonaviciute\/#breadcrumb\",\"itemListElement\":[{\"@type\":\"ListItem\",\"position\":1,\"name\":\"Home\",\"item\":\"https:\/\/manoteises.lt\/atminimo-akmenys\/\"},{\"@type\":\"ListItem\",\"position\":2,\"name\":\"Stumbling Stones\",\"item\":\"https:\/\/manoteises.lt\/atminimo-akmenys\/english\/\"},{\"@type\":\"ListItem\",\"position\":3,\"name\":\"Panev\u0117\u017eys\",\"item\":\"https:\/\/manoteises.lt\/atminimo-akmenys\/english\/panevezys\/\"},{\"@type\":\"ListItem\",\"position\":4,\"name\":\"Anastazija Jablonskien\u0117-Bagdonavi\u010di\u016bt\u0117\"}]},{\"@type\":\"WebSite\",\"@id\":\"https:\/\/manoteises.lt\/atminimo-akmenys\/#website\",\"url\":\"https:\/\/manoteises.lt\/atminimo-akmenys\/\",\"name\":\"Atminimo akmenys\",\"description\":\"\",\"potentialAction\":[{\"@type\":\"SearchAction\",\"target\":{\"@type\":\"EntryPoint\",\"urlTemplate\":\"https:\/\/manoteises.lt\/atminimo-akmenys\/?s={search_term_string}\"},\"query-input\":{\"@type\":\"PropertyValueSpecification\",\"valueRequired\":true,\"valueName\":\"search_term_string\"}}],\"inLanguage\":\"en-US\"}]}<\/script>\n<!-- \/ Yoast SEO plugin. -->","yoast_head_json":{"title":"Anastazija Jablonskien\u0117-Bagdonavi\u010di\u016bt\u0117 - Atminimo akmenys","description":"Pravieni\u0161k\u0117s concentration camp, Panev\u0117\u017eys, Roma Holocaust, Holocaust in Lithuania, Roma, Roma genocide, Anastazija Jablonskien\u0117-Bagdonavi\u010di\u016bt\u0117","robots":{"index":"index","follow":"follow","max-snippet":"max-snippet:-1","max-image-preview":"max-image-preview:large","max-video-preview":"max-video-preview:-1"},"canonical":"https:\/\/manoteises.lt\/atminimo-akmenys\/english\/panevezys\/anastazija-jablonskiene-bagdonaviciute\/","twitter_misc":{"Est. reading time":"1 minute"},"schema":{"@context":"https:\/\/schema.org","@graph":[{"@type":"WebPage","@id":"https:\/\/manoteises.lt\/atminimo-akmenys\/english\/panevezys\/anastazija-jablonskiene-bagdonaviciute\/","url":"https:\/\/manoteises.lt\/atminimo-akmenys\/english\/panevezys\/anastazija-jablonskiene-bagdonaviciute\/","name":"Anastazija Jablonskien\u0117-Bagdonavi\u010di\u016bt\u0117","isPartOf":{"@id":"https:\/\/manoteises.lt\/atminimo-akmenys\/#website"},"datePublished":"2018-01-18T09:31:23+00:00","dateModified":"2018-07-19T12:35:05+00:00","description":"Pravieni\u0161k\u0117s concentration camp, Panev\u0117\u017eys, Roma Holocaust, Holocaust in Lithuania, Roma, Roma genocide, Anastazija Jablonskien\u0117-Bagdonavi\u010di\u016bt\u0117","breadcrumb":{"@id":"https:\/\/manoteises.lt\/atminimo-akmenys\/english\/panevezys\/anastazija-jablonskiene-bagdonaviciute\/#breadcrumb"},"inLanguage":"en-US","potentialAction":[{"@type":"ReadAction","target":["https:\/\/manoteises.lt\/atminimo-akmenys\/english\/panevezys\/anastazija-jablonskiene-bagdonaviciute\/"]}]},{"@type":"BreadcrumbList","@id":"https:\/\/manoteises.lt\/atminimo-akmenys\/english\/panevezys\/anastazija-jablonskiene-bagdonaviciute\/#breadcrumb","itemListElement":[{"@type":"ListItem","position":1,"name":"Home","item":"https:\/\/manoteises.lt\/atminimo-akmenys\/"},{"@type":"ListItem","position":2,"name":"Stumbling Stones","item":"https:\/\/manoteises.lt\/atminimo-akmenys\/english\/"},{"@type":"ListItem","position":3,"name":"Panev\u0117\u017eys","item":"https:\/\/manoteises.lt\/atminimo-akmenys\/english\/panevezys\/"},{"@type":"ListItem","position":4,"name":"Anastazija Jablonskien\u0117-Bagdonavi\u010di\u016bt\u0117"}]},{"@type":"WebSite","@id":"https:\/\/manoteises.lt\/atminimo-akmenys\/#website","url":"https:\/\/manoteises.lt\/atminimo-akmenys\/","name":"Atminimo akmenys","description":"","potentialAction":[{"@type":"SearchAction","target":{"@type":"EntryPoint","urlTemplate":"https:\/\/manoteises.lt\/atminimo-akmenys\/?s={search_term_string}"},"query-input":{"@type":"PropertyValueSpecification","valueRequired":true,"valueName":"search_term_string"}}],"inLanguage":"en-US"}]}},"_links":{"self":[{"href":"https:\/\/manoteises.lt\/atminimo-akmenys\/wp-json\/wp\/v2\/pages\/15156","targetHints":{"allow":["GET"]}}],"collection":[{"href":"https:\/\/manoteises.lt\/atminimo-akmenys\/wp-json\/wp\/v2\/pages"}],"about":[{"href":"https:\/\/manoteises.lt\/atminimo-akmenys\/wp-json\/wp\/v2\/types\/page"}],"author":[{"embeddable":true,"href":"https:\/\/manoteises.lt\/atminimo-akmenys\/wp-json\/wp\/v2\/users\/1"}],"replies":[{"embeddable":true,"href":"https:\/\/manoteises.lt\/atminimo-akmenys\/wp-json\/wp\/v2\/comments?post=15156"}],"version-history":[{"count":0,"href":"https:\/\/manoteises.lt\/atminimo-akmenys\/wp-json\/wp\/v2\/pages\/15156\/revisions"}],"up":[{"embeddable":true,"href":"https:\/\/manoteises.lt\/atminimo-akmenys\/wp-json\/wp\/v2\/pages\/15153"}],"wp:attachment":[{"href":"https:\/\/manoteises.lt\/atminimo-akmenys\/wp-json\/wp\/v2\/media?parent=15156"}],"curies":[{"name":"wp","href":"https:\/\/api.w.org\/{rel}","templated":true}]}}