{"id":15157,"date":"2018-01-18T12:31:23","date_gmt":"2018-01-18T09:31:23","guid":{"rendered":"http:\/\/manoteises.lt\/?page_id=15157"},"modified":"2018-07-19T15:38:52","modified_gmt":"2018-07-19T12:38:52","slug":"ona-matuzeviciene-bagdonaviciute","status":"publish","type":"page","link":"https:\/\/manoteises.lt\/atminimo-akmenys\/english\/panevezys\/ona-matuzeviciene-bagdonaviciute\/","title":{"rendered":"Ona Matuzevi\u010dien\u0117-Bagdonavi\u010di\u016bt\u0117"},"content":{"rendered":"<h1 style=\"text-align: justify;\"><strong>Ona Matuzevi\u010dien\u0117-Bagdonavi\u010di\u016bt\u0117<\/strong><\/h1>\n<p style=\"text-align: justify;\">(born in 1905, died in 1988 in Panev\u0117\u017eys).<\/p>\n<p style=\"text-align: justify;\">Ona Bagdonavi\u010di\u016bt\u0117 was born in Roki\u0161kis district and lived in Panev\u0117\u017eys. She married Adomas Matuzevi\u010dius with whom she had six children before the outbreak of World War II.<\/p>\n<p style=\"text-align: justify;\">Her husband perished in a concentration camp in Germany and only one of her children, her son Motiejus Matuzevi\u010dius (born in 1936), survived. According to information found in archival documents, Ona was expecting a baby and working on \u201cconstruction works\u201d while in the concentration camp.<\/p>\n<p style=\"text-align: justify;\">Set free two months before she was due to give birth, she returned to her home town of Panev\u0117\u017eys barefoot and settled on Klaip\u0117dos street. She later married Leonas Kasperavi\u010dius with whom she had four children.<\/p>\n<p style=\"text-align: justify;\"><strong>The Stumbling Stone commemorating Ona Matuzevi\u010dien\u0117-Bagdonavi\u010di\u016bt\u0117 is laid at J. Tilvy\u010dio g. 1 in Panev\u0117\u017eys.<\/strong><\/p>\n","protected":false},"excerpt":{"rendered":"<p>Ona Matuzevi\u010dien\u0117-Bagdonavi\u010di\u016bt\u0117 (born in 1905, died in 1988 in Panev\u0117\u017eys). Ona Bagdonavi\u010di\u016bt\u0117 was born in Roki\u0161kis district and lived in Panev\u0117\u017eys. She married Adomas Matuzevi\u010dius with whom she had six children before the outbreak of World War II. Her husband perished in a concentration camp in Germany and only one of her children, her son<\/p>\n","protected":false},"author":1,"featured_media":0,"parent":15153,"menu_order":0,"comment_status":"closed","ping_status":"closed","template":"page-akmenys-vidinis.php","meta":{"_acf_changed":false,"footnotes":""},"class_list":["post-15157","page","type-page","status-publish","hentry"],"acf":[],"yoast_head":"<!-- This site is optimized with the Yoast SEO plugin v26.9 - https:\/\/yoast.com\/product\/yoast-seo-wordpress\/ -->\n<title>Ona Matuzevi\u010dien\u0117-Bagdonavi\u010di\u016bt\u0117 - Atminimo akmenys<\/title>\n<meta name=\"description\" content=\"Ona Matuzevi\u010dien\u0117-Bagdonavi\u010di\u016bt\u0117, Panev\u0117\u017eys, Roma Holocaust, Holocaust in Lithuania, Roma, Roma genocide, Stumbling Stones, Stolpersteine\" \/>\n<meta name=\"robots\" content=\"index, follow, max-snippet:-1, max-image-preview:large, max-video-preview:-1\" \/>\n<link rel=\"canonical\" href=\"https:\/\/manoteises.lt\/atminimo-akmenys\/english\/panevezys\/ona-matuzeviciene-bagdonaviciute\/\" \/>\n<meta name=\"twitter:label1\" content=\"Est. reading time\" \/>\n\t<meta name=\"twitter:data1\" content=\"1 minute\" \/>\n<script type=\"application\/ld+json\" class=\"yoast-schema-graph\">{\"@context\":\"https:\/\/schema.org\",\"@graph\":[{\"@type\":\"WebPage\",\"@id\":\"https:\/\/manoteises.lt\/atminimo-akmenys\/english\/panevezys\/ona-matuzeviciene-bagdonaviciute\/\",\"url\":\"https:\/\/manoteises.lt\/atminimo-akmenys\/english\/panevezys\/ona-matuzeviciene-bagdonaviciute\/\",\"name\":\"Ona Matuzevi\u010dien\u0117-Bagdonavi\u010di\u016bt\u0117\",\"isPartOf\":{\"@id\":\"https:\/\/manoteises.lt\/atminimo-akmenys\/#website\"},\"datePublished\":\"2018-01-18T09:31:23+00:00\",\"dateModified\":\"2018-07-19T12:38:52+00:00\",\"description\":\"Ona Matuzevi\u010dien\u0117-Bagdonavi\u010di\u016bt\u0117, Panev\u0117\u017eys, Roma Holocaust, Holocaust in Lithuania, Roma, Roma genocide, Stumbling Stones, Stolpersteine\",\"breadcrumb\":{\"@id\":\"https:\/\/manoteises.lt\/atminimo-akmenys\/english\/panevezys\/ona-matuzeviciene-bagdonaviciute\/#breadcrumb\"},\"inLanguage\":\"en-US\",\"potentialAction\":[{\"@type\":\"ReadAction\",\"target\":[\"https:\/\/manoteises.lt\/atminimo-akmenys\/english\/panevezys\/ona-matuzeviciene-bagdonaviciute\/\"]}]},{\"@type\":\"BreadcrumbList\",\"@id\":\"https:\/\/manoteises.lt\/atminimo-akmenys\/english\/panevezys\/ona-matuzeviciene-bagdonaviciute\/#breadcrumb\",\"itemListElement\":[{\"@type\":\"ListItem\",\"position\":1,\"name\":\"Home\",\"item\":\"https:\/\/manoteises.lt\/atminimo-akmenys\/\"},{\"@type\":\"ListItem\",\"position\":2,\"name\":\"Stumbling Stones\",\"item\":\"https:\/\/manoteises.lt\/atminimo-akmenys\/english\/\"},{\"@type\":\"ListItem\",\"position\":3,\"name\":\"Panev\u0117\u017eys\",\"item\":\"https:\/\/manoteises.lt\/atminimo-akmenys\/english\/panevezys\/\"},{\"@type\":\"ListItem\",\"position\":4,\"name\":\"Ona Matuzevi\u010dien\u0117-Bagdonavi\u010di\u016bt\u0117\"}]},{\"@type\":\"WebSite\",\"@id\":\"https:\/\/manoteises.lt\/atminimo-akmenys\/#website\",\"url\":\"https:\/\/manoteises.lt\/atminimo-akmenys\/\",\"name\":\"Atminimo akmenys\",\"description\":\"\",\"potentialAction\":[{\"@type\":\"SearchAction\",\"target\":{\"@type\":\"EntryPoint\",\"urlTemplate\":\"https:\/\/manoteises.lt\/atminimo-akmenys\/?s={search_term_string}\"},\"query-input\":{\"@type\":\"PropertyValueSpecification\",\"valueRequired\":true,\"valueName\":\"search_term_string\"}}],\"inLanguage\":\"en-US\"}]}<\/script>\n<!-- \/ Yoast SEO plugin. -->","yoast_head_json":{"title":"Ona Matuzevi\u010dien\u0117-Bagdonavi\u010di\u016bt\u0117 - Atminimo akmenys","description":"Ona Matuzevi\u010dien\u0117-Bagdonavi\u010di\u016bt\u0117, Panev\u0117\u017eys, Roma Holocaust, Holocaust in Lithuania, Roma, Roma genocide, Stumbling Stones, Stolpersteine","robots":{"index":"index","follow":"follow","max-snippet":"max-snippet:-1","max-image-preview":"max-image-preview:large","max-video-preview":"max-video-preview:-1"},"canonical":"https:\/\/manoteises.lt\/atminimo-akmenys\/english\/panevezys\/ona-matuzeviciene-bagdonaviciute\/","twitter_misc":{"Est. reading time":"1 minute"},"schema":{"@context":"https:\/\/schema.org","@graph":[{"@type":"WebPage","@id":"https:\/\/manoteises.lt\/atminimo-akmenys\/english\/panevezys\/ona-matuzeviciene-bagdonaviciute\/","url":"https:\/\/manoteises.lt\/atminimo-akmenys\/english\/panevezys\/ona-matuzeviciene-bagdonaviciute\/","name":"Ona Matuzevi\u010dien\u0117-Bagdonavi\u010di\u016bt\u0117","isPartOf":{"@id":"https:\/\/manoteises.lt\/atminimo-akmenys\/#website"},"datePublished":"2018-01-18T09:31:23+00:00","dateModified":"2018-07-19T12:38:52+00:00","description":"Ona Matuzevi\u010dien\u0117-Bagdonavi\u010di\u016bt\u0117, Panev\u0117\u017eys, Roma Holocaust, Holocaust in Lithuania, Roma, Roma genocide, Stumbling Stones, Stolpersteine","breadcrumb":{"@id":"https:\/\/manoteises.lt\/atminimo-akmenys\/english\/panevezys\/ona-matuzeviciene-bagdonaviciute\/#breadcrumb"},"inLanguage":"en-US","potentialAction":[{"@type":"ReadAction","target":["https:\/\/manoteises.lt\/atminimo-akmenys\/english\/panevezys\/ona-matuzeviciene-bagdonaviciute\/"]}]},{"@type":"BreadcrumbList","@id":"https:\/\/manoteises.lt\/atminimo-akmenys\/english\/panevezys\/ona-matuzeviciene-bagdonaviciute\/#breadcrumb","itemListElement":[{"@type":"ListItem","position":1,"name":"Home","item":"https:\/\/manoteises.lt\/atminimo-akmenys\/"},{"@type":"ListItem","position":2,"name":"Stumbling Stones","item":"https:\/\/manoteises.lt\/atminimo-akmenys\/english\/"},{"@type":"ListItem","position":3,"name":"Panev\u0117\u017eys","item":"https:\/\/manoteises.lt\/atminimo-akmenys\/english\/panevezys\/"},{"@type":"ListItem","position":4,"name":"Ona Matuzevi\u010dien\u0117-Bagdonavi\u010di\u016bt\u0117"}]},{"@type":"WebSite","@id":"https:\/\/manoteises.lt\/atminimo-akmenys\/#website","url":"https:\/\/manoteises.lt\/atminimo-akmenys\/","name":"Atminimo akmenys","description":"","potentialAction":[{"@type":"SearchAction","target":{"@type":"EntryPoint","urlTemplate":"https:\/\/manoteises.lt\/atminimo-akmenys\/?s={search_term_string}"},"query-input":{"@type":"PropertyValueSpecification","valueRequired":true,"valueName":"search_term_string"}}],"inLanguage":"en-US"}]}},"_links":{"self":[{"href":"https:\/\/manoteises.lt\/atminimo-akmenys\/wp-json\/wp\/v2\/pages\/15157","targetHints":{"allow":["GET"]}}],"collection":[{"href":"https:\/\/manoteises.lt\/atminimo-akmenys\/wp-json\/wp\/v2\/pages"}],"about":[{"href":"https:\/\/manoteises.lt\/atminimo-akmenys\/wp-json\/wp\/v2\/types\/page"}],"author":[{"embeddable":true,"href":"https:\/\/manoteises.lt\/atminimo-akmenys\/wp-json\/wp\/v2\/users\/1"}],"replies":[{"embeddable":true,"href":"https:\/\/manoteises.lt\/atminimo-akmenys\/wp-json\/wp\/v2\/comments?post=15157"}],"version-history":[{"count":0,"href":"https:\/\/manoteises.lt\/atminimo-akmenys\/wp-json\/wp\/v2\/pages\/15157\/revisions"}],"up":[{"embeddable":true,"href":"https:\/\/manoteises.lt\/atminimo-akmenys\/wp-json\/wp\/v2\/pages\/15153"}],"wp:attachment":[{"href":"https:\/\/manoteises.lt\/atminimo-akmenys\/wp-json\/wp\/v2\/media?parent=15157"}],"curies":[{"name":"wp","href":"https:\/\/api.w.org\/{rel}","templated":true}]}}