{"id":15158,"date":"2018-01-18T12:31:24","date_gmt":"2018-01-18T09:31:24","guid":{"rendered":"http:\/\/manoteises.lt\/?page_id=15158"},"modified":"2022-07-12T19:33:42","modified_gmt":"2022-07-12T16:33:42","slug":"siauliai","status":"publish","type":"page","link":"https:\/\/manoteises.lt\/atminimo-akmenys\/english\/siauliai\/","title":{"rendered":"\u0160iauliai"},"content":{"rendered":"<p style=\"text-align: justify;\">In 1939, \u0160iauliai was home to 8,000-8,500 Jewish people, which constituted about a quarter of the city\u2019s residents. When the Nazis occupied \u0160iauliai, the fascists began the persecution of Jewish residents. 28 June 1941 marked the start of the detention and mass extermination of Jewish people. In the first weeks of the occupation, around 1200 men were arrested and killed. About a month later, two ghettoes were established in \u0160iauliai, in which around 6,000 people were interned.<\/p>\n<p style=\"text-align: justify;\">The ghetto functioned until 1944. Extermination operations were carried out there, as was the case in ghettoes in other Lithuanian cities. When the ghetto was liquidated, the survivors were taken to concentration camps in Germany. Those coming from smaller towns were killed on the spot.<\/p>\n<p style=\"text-align: justify;\">It is estimated that after the war only 350-500 Jewish people were left in \u0160iauliai.<\/p>\n<p style=\"text-align: justify;\"><a href=\"http:\/\/manoteises.lt\/stumbling-stones\/\" target=\"_blank\" rel=\"noopener noreferrer\">Stumbling Stones<\/a> now commemorate two former residents of \u0160iauliai.<\/p>\n","protected":false},"excerpt":{"rendered":"<p>In 1939, \u0160iauliai was home to 8,000-8,500 Jewish people, which constituted about a quarter of the city\u2019s residents. When the Nazis occupied \u0160iauliai, the fascists began the persecution of Jewish residents. 28 June 1941 marked the start of the detention and mass extermination of Jewish people. In the first weeks of the occupation, around 1200<\/p>\n","protected":false},"author":1,"featured_media":0,"parent":15152,"menu_order":10,"comment_status":"closed","ping_status":"closed","template":"page-akmenys-miestas.php","meta":{"_acf_changed":false,"footnotes":""},"class_list":["post-15158","page","type-page","status-publish","hentry"],"acf":[],"yoast_head":"<!-- This site is optimized with the Yoast SEO plugin v26.9 - https:\/\/yoast.com\/product\/yoast-seo-wordpress\/ -->\n<title>Stumbling Stones \u0160iauliai - Atminimo akmenys<\/title>\n<meta name=\"description\" content=\"Stumbling Stones \u0160iauliai, Samuel Petuchauskas, Ury Rozovsky, \u0160iauliai Ghetto, Holocaust in LIthuania, Holocaust in \u0160iauliai\" \/>\n<meta name=\"robots\" content=\"index, follow, max-snippet:-1, max-image-preview:large, max-video-preview:-1\" \/>\n<link rel=\"canonical\" href=\"https:\/\/manoteises.lt\/atminimo-akmenys\/english\/siauliai\/\" \/>\n<meta name=\"twitter:label1\" content=\"Est. reading time\" \/>\n\t<meta name=\"twitter:data1\" content=\"1 minute\" \/>\n<script type=\"application\/ld+json\" class=\"yoast-schema-graph\">{\"@context\":\"https:\/\/schema.org\",\"@graph\":[{\"@type\":\"WebPage\",\"@id\":\"https:\/\/manoteises.lt\/atminimo-akmenys\/english\/siauliai\/\",\"url\":\"https:\/\/manoteises.lt\/atminimo-akmenys\/english\/siauliai\/\",\"name\":\"Stumbling Stones \u0160iauliai\",\"isPartOf\":{\"@id\":\"https:\/\/manoteises.lt\/atminimo-akmenys\/#website\"},\"datePublished\":\"2018-01-18T09:31:24+00:00\",\"dateModified\":\"2022-07-12T16:33:42+00:00\",\"description\":\"Stumbling Stones \u0160iauliai, Samuel Petuchauskas, Ury Rozovsky, \u0160iauliai Ghetto, Holocaust in LIthuania, Holocaust in \u0160iauliai\",\"breadcrumb\":{\"@id\":\"https:\/\/manoteises.lt\/atminimo-akmenys\/english\/siauliai\/#breadcrumb\"},\"inLanguage\":\"en-US\",\"potentialAction\":[{\"@type\":\"ReadAction\",\"target\":[\"https:\/\/manoteises.lt\/atminimo-akmenys\/english\/siauliai\/\"]}]},{\"@type\":\"BreadcrumbList\",\"@id\":\"https:\/\/manoteises.lt\/atminimo-akmenys\/english\/siauliai\/#breadcrumb\",\"itemListElement\":[{\"@type\":\"ListItem\",\"position\":1,\"name\":\"Home\",\"item\":\"https:\/\/manoteises.lt\/atminimo-akmenys\/\"},{\"@type\":\"ListItem\",\"position\":2,\"name\":\"Stumbling Stones\",\"item\":\"https:\/\/manoteises.lt\/atminimo-akmenys\/english\/\"},{\"@type\":\"ListItem\",\"position\":3,\"name\":\"\u0160iauliai\"}]},{\"@type\":\"WebSite\",\"@id\":\"https:\/\/manoteises.lt\/atminimo-akmenys\/#website\",\"url\":\"https:\/\/manoteises.lt\/atminimo-akmenys\/\",\"name\":\"Atminimo akmenys\",\"description\":\"\",\"potentialAction\":[{\"@type\":\"SearchAction\",\"target\":{\"@type\":\"EntryPoint\",\"urlTemplate\":\"https:\/\/manoteises.lt\/atminimo-akmenys\/?s={search_term_string}\"},\"query-input\":{\"@type\":\"PropertyValueSpecification\",\"valueRequired\":true,\"valueName\":\"search_term_string\"}}],\"inLanguage\":\"en-US\"}]}<\/script>\n<!-- \/ Yoast SEO plugin. -->","yoast_head_json":{"title":"Stumbling Stones \u0160iauliai - Atminimo akmenys","description":"Stumbling Stones \u0160iauliai, Samuel Petuchauskas, Ury Rozovsky, \u0160iauliai Ghetto, Holocaust in LIthuania, Holocaust in \u0160iauliai","robots":{"index":"index","follow":"follow","max-snippet":"max-snippet:-1","max-image-preview":"max-image-preview:large","max-video-preview":"max-video-preview:-1"},"canonical":"https:\/\/manoteises.lt\/atminimo-akmenys\/english\/siauliai\/","twitter_misc":{"Est. reading time":"1 minute"},"schema":{"@context":"https:\/\/schema.org","@graph":[{"@type":"WebPage","@id":"https:\/\/manoteises.lt\/atminimo-akmenys\/english\/siauliai\/","url":"https:\/\/manoteises.lt\/atminimo-akmenys\/english\/siauliai\/","name":"Stumbling Stones \u0160iauliai","isPartOf":{"@id":"https:\/\/manoteises.lt\/atminimo-akmenys\/#website"},"datePublished":"2018-01-18T09:31:24+00:00","dateModified":"2022-07-12T16:33:42+00:00","description":"Stumbling Stones \u0160iauliai, Samuel Petuchauskas, Ury Rozovsky, \u0160iauliai Ghetto, Holocaust in LIthuania, Holocaust in \u0160iauliai","breadcrumb":{"@id":"https:\/\/manoteises.lt\/atminimo-akmenys\/english\/siauliai\/#breadcrumb"},"inLanguage":"en-US","potentialAction":[{"@type":"ReadAction","target":["https:\/\/manoteises.lt\/atminimo-akmenys\/english\/siauliai\/"]}]},{"@type":"BreadcrumbList","@id":"https:\/\/manoteises.lt\/atminimo-akmenys\/english\/siauliai\/#breadcrumb","itemListElement":[{"@type":"ListItem","position":1,"name":"Home","item":"https:\/\/manoteises.lt\/atminimo-akmenys\/"},{"@type":"ListItem","position":2,"name":"Stumbling Stones","item":"https:\/\/manoteises.lt\/atminimo-akmenys\/english\/"},{"@type":"ListItem","position":3,"name":"\u0160iauliai"}]},{"@type":"WebSite","@id":"https:\/\/manoteises.lt\/atminimo-akmenys\/#website","url":"https:\/\/manoteises.lt\/atminimo-akmenys\/","name":"Atminimo akmenys","description":"","potentialAction":[{"@type":"SearchAction","target":{"@type":"EntryPoint","urlTemplate":"https:\/\/manoteises.lt\/atminimo-akmenys\/?s={search_term_string}"},"query-input":{"@type":"PropertyValueSpecification","valueRequired":true,"valueName":"search_term_string"}}],"inLanguage":"en-US"}]}},"_links":{"self":[{"href":"https:\/\/manoteises.lt\/atminimo-akmenys\/wp-json\/wp\/v2\/pages\/15158","targetHints":{"allow":["GET"]}}],"collection":[{"href":"https:\/\/manoteises.lt\/atminimo-akmenys\/wp-json\/wp\/v2\/pages"}],"about":[{"href":"https:\/\/manoteises.lt\/atminimo-akmenys\/wp-json\/wp\/v2\/types\/page"}],"author":[{"embeddable":true,"href":"https:\/\/manoteises.lt\/atminimo-akmenys\/wp-json\/wp\/v2\/users\/1"}],"replies":[{"embeddable":true,"href":"https:\/\/manoteises.lt\/atminimo-akmenys\/wp-json\/wp\/v2\/comments?post=15158"}],"version-history":[{"count":1,"href":"https:\/\/manoteises.lt\/atminimo-akmenys\/wp-json\/wp\/v2\/pages\/15158\/revisions"}],"predecessor-version":[{"id":23644,"href":"https:\/\/manoteises.lt\/atminimo-akmenys\/wp-json\/wp\/v2\/pages\/15158\/revisions\/23644"}],"up":[{"embeddable":true,"href":"https:\/\/manoteises.lt\/atminimo-akmenys\/wp-json\/wp\/v2\/pages\/15152"}],"wp:attachment":[{"href":"https:\/\/manoteises.lt\/atminimo-akmenys\/wp-json\/wp\/v2\/media?parent=15158"}],"curies":[{"name":"wp","href":"https:\/\/api.w.org\/{rel}","templated":true}]}}