{"id":15163,"date":"2018-01-18T12:31:21","date_gmt":"2018-01-18T09:31:21","guid":{"rendered":"http:\/\/manoteises.lt\/?page_id=15163"},"modified":"2018-07-19T15:01:03","modified_gmt":"2018-07-19T12:01:03","slug":"leyb-khaya-leah-shemevich","status":"publish","type":"page","link":"https:\/\/manoteises.lt\/atminimo-akmenys\/english\/vilnius\/leyb-khaya-leah-shemevich\/","title":{"rendered":"Leyb, Khaya, Leah Shemevich"},"content":{"rendered":"<h1 style=\"text-align: justify;\"><strong>Leyb, Khaya, Leah Shemevich<\/strong><\/h1>\n<p style=\"text-align: justify;\"><strong>Leyb Shemevich<\/strong> (born in 1889, killed in 1943 in the Goldfields concentration camp, Estonia), <strong>Khaya Shemevich-Shochot<\/strong> (born in 1902, killed in 1943 in Ponary) and <strong>Leah Shemevich<\/strong> (born in 1931, burnt to death in 1943 in Bezdonys).<\/p>\n<p style=\"text-align: justify;\">When Jewish workers refused to leave their barracks in Bezdonys and stand at the edge of a pit waiting to be shot, the Gestapo opened fire on the building with machine-guns and threw grenades through the windows. The barracks, with people still alive inside, caught fire. It was later discovered that twelve-year-old Leah Shemevich was among the victims. She had been sent to the village of Bezdonys after her parents, who were interned in the Vilna Ghetto, had made a difficult decision to send her\u00a0to live\u00a0with her uncle and aunt, hoping to save her from death.<\/p>\n<p style=\"text-align: justify;\">The fate of her parents &#8211; Leyb and Khaya &#8211; was also tragic: Leyb was deported to a concentration camp in Estonia where he died of illness and exhaustion, and Khaya was shot in Ponary.<\/p>\n<p style=\"text-align: justify;\">Michael, the only family member who survived the Holocaust, returned to the family home after the war. He searched for family photos but none were to be found. He later tried to discover what happened to his other family members and wrote a book about his experience.<\/p>\n<p style=\"text-align: justify;\">During the inter-war period, the Shemevich family owned a brewery, a winery and a grain mill. The family business was hit by the global economic crisis, causing it to close in 1929. Later, the father, Leyb, joined his brother Jeremy in the rental business. Leyb helped to run the house on the corner of Vasario 16-osios g. 8\/\u0160ermuk\u0161ni\u0173 g. 1 which belonged to his brother and where his family lived.<\/p>\n<p style=\"text-align: justify;\"><strong>The Stumbling Stones commemorating the Shemevich family are laid on the corner of Vasario 16-osios g. 8\/\u0160ermuk\u0161ni\u0173 g. 1 in Vilnius.<\/strong><\/p>\n","protected":false},"excerpt":{"rendered":"<p>Leyb, Khaya, Leah Shemevich Leyb Shemevich (born in 1889, killed in 1943 in the Goldfields concentration camp, Estonia), Khaya Shemevich-Shochot (born in 1902, killed in 1943 in Ponary) and Leah Shemevich (born in 1931, burnt to death in 1943 in Bezdonys). When Jewish workers refused to leave their barracks in Bezdonys and stand at the<\/p>\n","protected":false},"author":1,"featured_media":0,"parent":15161,"menu_order":0,"comment_status":"closed","ping_status":"closed","template":"page-akmenys-vidinis.php","meta":{"_acf_changed":false,"footnotes":""},"class_list":["post-15163","page","type-page","status-publish","hentry"],"acf":[],"yoast_head":"<!-- This site is optimized with the Yoast SEO plugin v26.9 - https:\/\/yoast.com\/product\/yoast-seo-wordpress\/ -->\n<title>Leyb, Khaya, Leah Shemevich - Atminimo akmenys<\/title>\n<meta name=\"description\" content=\"Leyb, Khaya, Leah Shemevich, Holocaust in Vilna, Holocaust in Lithuania, Vilna Ghetto, Bezdonys, Ponary, Stumbling Stones\" \/>\n<meta name=\"robots\" content=\"index, follow, max-snippet:-1, max-image-preview:large, max-video-preview:-1\" \/>\n<link rel=\"canonical\" href=\"https:\/\/manoteises.lt\/atminimo-akmenys\/english\/vilnius\/leyb-khaya-leah-shemevich\/\" \/>\n<meta name=\"twitter:label1\" content=\"Est. reading time\" \/>\n\t<meta name=\"twitter:data1\" content=\"2 minutes\" \/>\n<script type=\"application\/ld+json\" class=\"yoast-schema-graph\">{\"@context\":\"https:\/\/schema.org\",\"@graph\":[{\"@type\":\"WebPage\",\"@id\":\"https:\/\/manoteises.lt\/atminimo-akmenys\/english\/vilnius\/leyb-khaya-leah-shemevich\/\",\"url\":\"https:\/\/manoteises.lt\/atminimo-akmenys\/english\/vilnius\/leyb-khaya-leah-shemevich\/\",\"name\":\"Leyb, Khaya, Leah Shemevich\",\"isPartOf\":{\"@id\":\"https:\/\/manoteises.lt\/atminimo-akmenys\/#website\"},\"datePublished\":\"2018-01-18T09:31:21+00:00\",\"dateModified\":\"2018-07-19T12:01:03+00:00\",\"description\":\"Leyb, Khaya, Leah Shemevich, Holocaust in Vilna, Holocaust in Lithuania, Vilna Ghetto, Bezdonys, Ponary, Stumbling Stones\",\"breadcrumb\":{\"@id\":\"https:\/\/manoteises.lt\/atminimo-akmenys\/english\/vilnius\/leyb-khaya-leah-shemevich\/#breadcrumb\"},\"inLanguage\":\"en-US\",\"potentialAction\":[{\"@type\":\"ReadAction\",\"target\":[\"https:\/\/manoteises.lt\/atminimo-akmenys\/english\/vilnius\/leyb-khaya-leah-shemevich\/\"]}]},{\"@type\":\"BreadcrumbList\",\"@id\":\"https:\/\/manoteises.lt\/atminimo-akmenys\/english\/vilnius\/leyb-khaya-leah-shemevich\/#breadcrumb\",\"itemListElement\":[{\"@type\":\"ListItem\",\"position\":1,\"name\":\"Home\",\"item\":\"https:\/\/manoteises.lt\/atminimo-akmenys\/\"},{\"@type\":\"ListItem\",\"position\":2,\"name\":\"Stumbling Stones\",\"item\":\"https:\/\/manoteises.lt\/atminimo-akmenys\/english\/\"},{\"@type\":\"ListItem\",\"position\":3,\"name\":\"Vilnius\",\"item\":\"https:\/\/manoteises.lt\/atminimo-akmenys\/english\/vilnius\/\"},{\"@type\":\"ListItem\",\"position\":4,\"name\":\"Leyb, Khaya, Leah Shemevich\"}]},{\"@type\":\"WebSite\",\"@id\":\"https:\/\/manoteises.lt\/atminimo-akmenys\/#website\",\"url\":\"https:\/\/manoteises.lt\/atminimo-akmenys\/\",\"name\":\"Atminimo akmenys\",\"description\":\"\",\"potentialAction\":[{\"@type\":\"SearchAction\",\"target\":{\"@type\":\"EntryPoint\",\"urlTemplate\":\"https:\/\/manoteises.lt\/atminimo-akmenys\/?s={search_term_string}\"},\"query-input\":{\"@type\":\"PropertyValueSpecification\",\"valueRequired\":true,\"valueName\":\"search_term_string\"}}],\"inLanguage\":\"en-US\"}]}<\/script>\n<!-- \/ Yoast SEO plugin. -->","yoast_head_json":{"title":"Leyb, Khaya, Leah Shemevich - Atminimo akmenys","description":"Leyb, Khaya, Leah Shemevich, Holocaust in Vilna, Holocaust in Lithuania, Vilna Ghetto, Bezdonys, Ponary, Stumbling Stones","robots":{"index":"index","follow":"follow","max-snippet":"max-snippet:-1","max-image-preview":"max-image-preview:large","max-video-preview":"max-video-preview:-1"},"canonical":"https:\/\/manoteises.lt\/atminimo-akmenys\/english\/vilnius\/leyb-khaya-leah-shemevich\/","twitter_misc":{"Est. reading time":"2 minutes"},"schema":{"@context":"https:\/\/schema.org","@graph":[{"@type":"WebPage","@id":"https:\/\/manoteises.lt\/atminimo-akmenys\/english\/vilnius\/leyb-khaya-leah-shemevich\/","url":"https:\/\/manoteises.lt\/atminimo-akmenys\/english\/vilnius\/leyb-khaya-leah-shemevich\/","name":"Leyb, Khaya, Leah Shemevich","isPartOf":{"@id":"https:\/\/manoteises.lt\/atminimo-akmenys\/#website"},"datePublished":"2018-01-18T09:31:21+00:00","dateModified":"2018-07-19T12:01:03+00:00","description":"Leyb, Khaya, Leah Shemevich, Holocaust in Vilna, Holocaust in Lithuania, Vilna Ghetto, Bezdonys, Ponary, Stumbling Stones","breadcrumb":{"@id":"https:\/\/manoteises.lt\/atminimo-akmenys\/english\/vilnius\/leyb-khaya-leah-shemevich\/#breadcrumb"},"inLanguage":"en-US","potentialAction":[{"@type":"ReadAction","target":["https:\/\/manoteises.lt\/atminimo-akmenys\/english\/vilnius\/leyb-khaya-leah-shemevich\/"]}]},{"@type":"BreadcrumbList","@id":"https:\/\/manoteises.lt\/atminimo-akmenys\/english\/vilnius\/leyb-khaya-leah-shemevich\/#breadcrumb","itemListElement":[{"@type":"ListItem","position":1,"name":"Home","item":"https:\/\/manoteises.lt\/atminimo-akmenys\/"},{"@type":"ListItem","position":2,"name":"Stumbling Stones","item":"https:\/\/manoteises.lt\/atminimo-akmenys\/english\/"},{"@type":"ListItem","position":3,"name":"Vilnius","item":"https:\/\/manoteises.lt\/atminimo-akmenys\/english\/vilnius\/"},{"@type":"ListItem","position":4,"name":"Leyb, Khaya, Leah Shemevich"}]},{"@type":"WebSite","@id":"https:\/\/manoteises.lt\/atminimo-akmenys\/#website","url":"https:\/\/manoteises.lt\/atminimo-akmenys\/","name":"Atminimo akmenys","description":"","potentialAction":[{"@type":"SearchAction","target":{"@type":"EntryPoint","urlTemplate":"https:\/\/manoteises.lt\/atminimo-akmenys\/?s={search_term_string}"},"query-input":{"@type":"PropertyValueSpecification","valueRequired":true,"valueName":"search_term_string"}}],"inLanguage":"en-US"}]}},"_links":{"self":[{"href":"https:\/\/manoteises.lt\/atminimo-akmenys\/wp-json\/wp\/v2\/pages\/15163","targetHints":{"allow":["GET"]}}],"collection":[{"href":"https:\/\/manoteises.lt\/atminimo-akmenys\/wp-json\/wp\/v2\/pages"}],"about":[{"href":"https:\/\/manoteises.lt\/atminimo-akmenys\/wp-json\/wp\/v2\/types\/page"}],"author":[{"embeddable":true,"href":"https:\/\/manoteises.lt\/atminimo-akmenys\/wp-json\/wp\/v2\/users\/1"}],"replies":[{"embeddable":true,"href":"https:\/\/manoteises.lt\/atminimo-akmenys\/wp-json\/wp\/v2\/comments?post=15163"}],"version-history":[{"count":0,"href":"https:\/\/manoteises.lt\/atminimo-akmenys\/wp-json\/wp\/v2\/pages\/15163\/revisions"}],"up":[{"embeddable":true,"href":"https:\/\/manoteises.lt\/atminimo-akmenys\/wp-json\/wp\/v2\/pages\/15161"}],"wp:attachment":[{"href":"https:\/\/manoteises.lt\/atminimo-akmenys\/wp-json\/wp\/v2\/media?parent=15163"}],"curies":[{"name":"wp","href":"https:\/\/api.w.org\/{rel}","templated":true}]}}