{"id":15168,"date":"2018-01-18T12:31:21","date_gmt":"2018-01-18T09:31:21","guid":{"rendered":"http:\/\/manoteises.lt\/?page_id=15168"},"modified":"2018-08-06T12:38:32","modified_gmt":"2018-08-06T09:38:32","slug":"chaimas-leiba-tirca-eliazaras-basai","status":"publish","type":"page","link":"https:\/\/manoteises.lt\/atminimo-akmenys\/english\/kaunas\/chaimas-leiba-tirca-eliazaras-basai\/","title":{"rendered":"Khayim, Leyb, Tirtsa, Eliezer Bass"},"content":{"rendered":"<h1 style=\"text-align: justify;\"><strong>Khayim, Leyb, Tirtsa, Eliezer Bass<\/strong><\/h1>\n<p style=\"text-align: justify;\"><strong>Khayim <\/strong>(born in 1864, killed in 1941 in the Kovno Ghetto), <strong>Leyb <\/strong>(born in 1896, killed in 1944 in the Kovno Ghetto), <strong>Tirtsa<\/strong>\u00a0(born in 1914, killed in 1944 in the Kovno Ghetto), <strong>Eliezer <\/strong>(born in 1938, killed in 1944) <strong>Bass<\/strong>.<\/p>\n<p style=\"text-align: justify;\"><em>Ruta Glikman, who initiated the laying of their Stumbling Stones, tells the story of her family.<\/em><\/p>\n<p style=\"text-align: justify;\">I, R\u016bta Glikman (n\u00e9e Bass), was born on 26 January 1942, in the Kovno Ghetto in Vilijampol\u0117. The entire Bass family were at that time interned in the ghetto. My mother managed to sneak me out in a potato sack she gave to Jadvyga Babarskien\u0117. Despite the risk of death to themselves and their entire family, Jadvyga and Alfonsas Babarskis were helping Jewish people during World War II. In 1999 they were awarded the Life Saving Cross and posthumously the title of the Righteous Among the Nations.<\/p>\n<p style=\"text-align: justify;\">The Bass family lived at Prezidento g. 3 (present-day Vilniaus g. 72). My grandfather, Khayim Bass, was a merchant who from 1888 owned the \u201cCh. Bass &amp; Sohn&#8221; company which operated in the building next door. My father Leyb and my grandfather Khayim made their living by trading fur, caps and hats.<\/p>\n<p style=\"text-align: justify;\">My dad, Leyb Bass, was born in 1896 in Kaunas. In 1934, he married Tirtsa Bass, and they had two children together \u2013 my brother Eliezer and myself, Ruth (R\u016bta). The family lived at Prezidento g. 74 and were later interned in the Kovno Ghetto in Vilijampol\u0117 until 1944. My parents perished in the fire when the ghetto was liquidated in July that year.<\/p>\n<p style=\"text-align: justify;\">My mother, Tirtsa Bass, was born in 1914 in Liepaja (now in Latvia) and married my father in 1936 in Palanga.<\/p>\n<p style=\"text-align: justify;\">Conditions within the ghetto meant that there wasn\u2019t enough food, and whenever my mother managed to bring any food supplies from work, she divided it equally among our close relatives and our neighbours. I was told this by her neighbour, Ms Koen. The Stumbling Stones were laid in Kaunas on my mother\u2019s birthday, the sixth of June.<\/p>\n<p style=\"text-align: justify;\">My brother, Eliezer Bass, was born on 9 March 1938. He was imprisoned in the ghetto until March 1944. It is impossible to comprehend the horror that my parents suffered witnessing their son being abducted and taken to be killed. I know many children who survived and who were also abducted during the Great Children\u2019s Action. Those who survived or were rescued were older children and so were able to work for the Germans, but the younger ones were immediately killed.<\/p>\n<p style=\"text-align: justify;\"><strong>The Stumbling Stones commemorating the Bass family are laid at Vilniaus g. 72 in Kaunas.<\/strong><\/p>\n","protected":false},"excerpt":{"rendered":"<p>Khayim, Leyb, Tirtsa, Eliezer Bass Khayim (born in 1864, killed in 1941 in the Kovno Ghetto), Leyb (born in 1896, killed in 1944 in the Kovno Ghetto), Tirtsa\u00a0(born in 1914, killed in 1944 in the Kovno Ghetto), Eliezer (born in 1938, killed in 1944) Bass. Ruta Glikman, who initiated the laying of their Stumbling Stones,<\/p>\n","protected":false},"author":1,"featured_media":0,"parent":15167,"menu_order":0,"comment_status":"closed","ping_status":"closed","template":"page-akmenys-vidinis.php","meta":{"_acf_changed":false,"footnotes":""},"class_list":["post-15168","page","type-page","status-publish","hentry"],"acf":[],"yoast_head":"<!-- This site is optimized with the Yoast SEO plugin v26.9 - https:\/\/yoast.com\/product\/yoast-seo-wordpress\/ -->\n<title>Khayim, Leyb, Tirtsa, Eliezer Bass - Atminimo akmenys<\/title>\n<meta name=\"description\" content=\"Khayim, Leyb, Tirtsa, Eliezer Bass, R\u016bta Glikman, Holocaust in Kaunas, Holocaust in Kovno, Stumbling Stones, Stolpersteine, Lithuania\" \/>\n<meta name=\"robots\" content=\"index, follow, max-snippet:-1, max-image-preview:large, max-video-preview:-1\" \/>\n<link rel=\"canonical\" href=\"https:\/\/manoteises.lt\/atminimo-akmenys\/english\/kaunas\/chaimas-leiba-tirca-eliazaras-basai\/\" \/>\n<meta name=\"twitter:label1\" content=\"Est. reading time\" \/>\n\t<meta name=\"twitter:data1\" content=\"2 minutes\" \/>\n<script type=\"application\/ld+json\" class=\"yoast-schema-graph\">{\"@context\":\"https:\/\/schema.org\",\"@graph\":[{\"@type\":\"WebPage\",\"@id\":\"https:\/\/manoteises.lt\/atminimo-akmenys\/english\/kaunas\/chaimas-leiba-tirca-eliazaras-basai\/\",\"url\":\"https:\/\/manoteises.lt\/atminimo-akmenys\/english\/kaunas\/chaimas-leiba-tirca-eliazaras-basai\/\",\"name\":\"Khayim, Leyb, Tirtsa, Eliezer Bass\",\"isPartOf\":{\"@id\":\"https:\/\/manoteises.lt\/atminimo-akmenys\/#website\"},\"datePublished\":\"2018-01-18T09:31:21+00:00\",\"dateModified\":\"2018-08-06T09:38:32+00:00\",\"description\":\"Khayim, Leyb, Tirtsa, Eliezer Bass, R\u016bta Glikman, Holocaust in Kaunas, Holocaust in Kovno, Stumbling Stones, Stolpersteine, Lithuania\",\"breadcrumb\":{\"@id\":\"https:\/\/manoteises.lt\/atminimo-akmenys\/english\/kaunas\/chaimas-leiba-tirca-eliazaras-basai\/#breadcrumb\"},\"inLanguage\":\"en-US\",\"potentialAction\":[{\"@type\":\"ReadAction\",\"target\":[\"https:\/\/manoteises.lt\/atminimo-akmenys\/english\/kaunas\/chaimas-leiba-tirca-eliazaras-basai\/\"]}]},{\"@type\":\"BreadcrumbList\",\"@id\":\"https:\/\/manoteises.lt\/atminimo-akmenys\/english\/kaunas\/chaimas-leiba-tirca-eliazaras-basai\/#breadcrumb\",\"itemListElement\":[{\"@type\":\"ListItem\",\"position\":1,\"name\":\"Home\",\"item\":\"https:\/\/manoteises.lt\/atminimo-akmenys\/\"},{\"@type\":\"ListItem\",\"position\":2,\"name\":\"Stumbling Stones\",\"item\":\"https:\/\/manoteises.lt\/atminimo-akmenys\/english\/\"},{\"@type\":\"ListItem\",\"position\":3,\"name\":\"Kaunas\",\"item\":\"https:\/\/manoteises.lt\/atminimo-akmenys\/english\/kaunas\/\"},{\"@type\":\"ListItem\",\"position\":4,\"name\":\"Khayim, Leyb, Tirtsa, Eliezer Bass\"}]},{\"@type\":\"WebSite\",\"@id\":\"https:\/\/manoteises.lt\/atminimo-akmenys\/#website\",\"url\":\"https:\/\/manoteises.lt\/atminimo-akmenys\/\",\"name\":\"Atminimo akmenys\",\"description\":\"\",\"potentialAction\":[{\"@type\":\"SearchAction\",\"target\":{\"@type\":\"EntryPoint\",\"urlTemplate\":\"https:\/\/manoteises.lt\/atminimo-akmenys\/?s={search_term_string}\"},\"query-input\":{\"@type\":\"PropertyValueSpecification\",\"valueRequired\":true,\"valueName\":\"search_term_string\"}}],\"inLanguage\":\"en-US\"}]}<\/script>\n<!-- \/ Yoast SEO plugin. -->","yoast_head_json":{"title":"Khayim, Leyb, Tirtsa, Eliezer Bass - Atminimo akmenys","description":"Khayim, Leyb, Tirtsa, Eliezer Bass, R\u016bta Glikman, Holocaust in Kaunas, Holocaust in Kovno, Stumbling Stones, Stolpersteine, Lithuania","robots":{"index":"index","follow":"follow","max-snippet":"max-snippet:-1","max-image-preview":"max-image-preview:large","max-video-preview":"max-video-preview:-1"},"canonical":"https:\/\/manoteises.lt\/atminimo-akmenys\/english\/kaunas\/chaimas-leiba-tirca-eliazaras-basai\/","twitter_misc":{"Est. reading time":"2 minutes"},"schema":{"@context":"https:\/\/schema.org","@graph":[{"@type":"WebPage","@id":"https:\/\/manoteises.lt\/atminimo-akmenys\/english\/kaunas\/chaimas-leiba-tirca-eliazaras-basai\/","url":"https:\/\/manoteises.lt\/atminimo-akmenys\/english\/kaunas\/chaimas-leiba-tirca-eliazaras-basai\/","name":"Khayim, Leyb, Tirtsa, Eliezer Bass","isPartOf":{"@id":"https:\/\/manoteises.lt\/atminimo-akmenys\/#website"},"datePublished":"2018-01-18T09:31:21+00:00","dateModified":"2018-08-06T09:38:32+00:00","description":"Khayim, Leyb, Tirtsa, Eliezer Bass, R\u016bta Glikman, Holocaust in Kaunas, Holocaust in Kovno, Stumbling Stones, Stolpersteine, Lithuania","breadcrumb":{"@id":"https:\/\/manoteises.lt\/atminimo-akmenys\/english\/kaunas\/chaimas-leiba-tirca-eliazaras-basai\/#breadcrumb"},"inLanguage":"en-US","potentialAction":[{"@type":"ReadAction","target":["https:\/\/manoteises.lt\/atminimo-akmenys\/english\/kaunas\/chaimas-leiba-tirca-eliazaras-basai\/"]}]},{"@type":"BreadcrumbList","@id":"https:\/\/manoteises.lt\/atminimo-akmenys\/english\/kaunas\/chaimas-leiba-tirca-eliazaras-basai\/#breadcrumb","itemListElement":[{"@type":"ListItem","position":1,"name":"Home","item":"https:\/\/manoteises.lt\/atminimo-akmenys\/"},{"@type":"ListItem","position":2,"name":"Stumbling Stones","item":"https:\/\/manoteises.lt\/atminimo-akmenys\/english\/"},{"@type":"ListItem","position":3,"name":"Kaunas","item":"https:\/\/manoteises.lt\/atminimo-akmenys\/english\/kaunas\/"},{"@type":"ListItem","position":4,"name":"Khayim, Leyb, Tirtsa, Eliezer Bass"}]},{"@type":"WebSite","@id":"https:\/\/manoteises.lt\/atminimo-akmenys\/#website","url":"https:\/\/manoteises.lt\/atminimo-akmenys\/","name":"Atminimo akmenys","description":"","potentialAction":[{"@type":"SearchAction","target":{"@type":"EntryPoint","urlTemplate":"https:\/\/manoteises.lt\/atminimo-akmenys\/?s={search_term_string}"},"query-input":{"@type":"PropertyValueSpecification","valueRequired":true,"valueName":"search_term_string"}}],"inLanguage":"en-US"}]}},"_links":{"self":[{"href":"https:\/\/manoteises.lt\/atminimo-akmenys\/wp-json\/wp\/v2\/pages\/15168","targetHints":{"allow":["GET"]}}],"collection":[{"href":"https:\/\/manoteises.lt\/atminimo-akmenys\/wp-json\/wp\/v2\/pages"}],"about":[{"href":"https:\/\/manoteises.lt\/atminimo-akmenys\/wp-json\/wp\/v2\/types\/page"}],"author":[{"embeddable":true,"href":"https:\/\/manoteises.lt\/atminimo-akmenys\/wp-json\/wp\/v2\/users\/1"}],"replies":[{"embeddable":true,"href":"https:\/\/manoteises.lt\/atminimo-akmenys\/wp-json\/wp\/v2\/comments?post=15168"}],"version-history":[{"count":0,"href":"https:\/\/manoteises.lt\/atminimo-akmenys\/wp-json\/wp\/v2\/pages\/15168\/revisions"}],"up":[{"embeddable":true,"href":"https:\/\/manoteises.lt\/atminimo-akmenys\/wp-json\/wp\/v2\/pages\/15167"}],"wp:attachment":[{"href":"https:\/\/manoteises.lt\/atminimo-akmenys\/wp-json\/wp\/v2\/media?parent=15168"}],"curies":[{"name":"wp","href":"https:\/\/api.w.org\/{rel}","templated":true}]}}