{"id":15169,"date":"2018-01-18T12:31:22","date_gmt":"2018-01-18T09:31:22","guid":{"rendered":"http:\/\/manoteises.lt\/?page_id=15169"},"modified":"2019-08-23T15:54:37","modified_gmt":"2019-08-23T12:54:37","slug":"vladimir-lazersonas-and-regina-lazersoniene-safochinskaite","status":"publish","type":"page","link":"https:\/\/manoteises.lt\/atminimo-akmenys\/english\/kaunas\/vladimir-lazersonas-and-regina-lazersoniene-safochinskaite\/","title":{"rendered":"Vladimir Lazersonas and Regina Lazersoniene-Safochinskaite"},"content":{"rendered":"<h1 style=\"text-align: left;\"><strong>Prof. Vladimir Lazersonas (1889\u20131945) and Regina Lazersoniene-Safochinskaite (1889\u20131945)<\/strong><\/h1>\n<p style=\"text-align: justify;\">\u201cWe drank tea using the observational method: we would hang a sugar cube by a string and sip tea while looking at it. This didn\u2019t make the tea taste any sweeter, but it cheered us up,\u201d wrote Tamara Lazersonaite in her memoirs. She was the daughter of professor Vladimir Lazersonas, the pioneer of clinical psychology in Lithuania. Professor Lazersonas and his family drank their ostensibly sweetened tea in the Kovno Ghetto.<\/p>\n<p style=\"text-align: justify;\">Before the start of the Holocaust, Vladimir Lazersonas together with scientist Jonas Vabalas-Gudaitis established the Laboratory of Experimental Psychology and Pedagogy at Vytautas Magnus University. The two founders were the only professionals in this field, getting the laboratory up and running and taking on the hardest tasks. It was only later that some gifted students joined them in their work.<\/p>\n<p style=\"text-align: justify;\">Vladimir, whose name in his Lithuanian passport was Vlad, would treat various mental disorders in his private clinic. He would apply hypnosis to help desperate alcoholics, and would offer free services to the poor.<\/p>\n<p style=\"text-align: justify;\">Not much is known about the professor\u2019s wife, pediatrician Regina Lazersoniene-Safochinskaite. She was also incarcerated in the Kovno Ghetto and deported to the Stutthof concentration camp in 1944. There, she treated the other female prisoners, but died of unbearable living conditions.<\/p>\n<p style=\"text-align: justify;\">Vladimir\u2019s fate is similar. One of the pioneers of psychological science in Lithuania was brought to Dachau in 1944 and died there after a year.<\/p>\n<p style=\"text-align: justify;\">Tamara and Victor, two of the three Lazersonas children, survived the Holocaust. Their oldest son Rudolf was arrested by Lithuanian collaborators at the start of the Nazi occupation and later shot dead at the Ninth Fort in Kaunas.<\/p>\n<p style=\"text-align: justify;\"><strong>The Stumbling Stones for Vladimir Lazersonas and Regina Lazersoniene-Safochinskaite are installed next to their family home in Vyd\u016bnas alley 67, Kaunas.<\/strong><\/p>\n","protected":false},"excerpt":{"rendered":"<p>Prof. Vladimir Lazersonas (1889\u20131945) and Regina Lazersoniene-Safochinskaite (1889\u20131945) \u201cWe drank tea using the observational method: we would hang a sugar cube by a string and sip tea while looking at it. This didn\u2019t make the tea taste any sweeter, but it cheered us up,\u201d wrote Tamara Lazersonaite in her memoirs. She was the daughter of<\/p>\n","protected":false},"author":1,"featured_media":0,"parent":15167,"menu_order":0,"comment_status":"closed","ping_status":"closed","template":"page-akmenys-vidinis.php","meta":{"_acf_changed":false,"footnotes":""},"class_list":["post-15169","page","type-page","status-publish","hentry"],"acf":[],"yoast_head":"<!-- This site is optimized with the Yoast SEO plugin v26.9 - https:\/\/yoast.com\/product\/yoast-seo-wordpress\/ -->\n<title>Vladimiras Lazersonas ir Regina Lazersonien\u0117-Safo\u010dinskait\u0117 - Atminimo akmenys<\/title>\n<meta name=\"description\" content=\"Vladimiras Lazersonas ir Regina Lazersonien\u0117-Safo\u010dinskait\u0117, Holocaust in Lithuania, Vytautas Magnus University, Kovno Ghetto, Holocaust in Kaunas, Stumbling Stones, Stopersteine, Stolperstein\" \/>\n<meta name=\"robots\" content=\"index, follow, max-snippet:-1, max-image-preview:large, max-video-preview:-1\" \/>\n<link rel=\"canonical\" href=\"https:\/\/manoteises.lt\/atminimo-akmenys\/english\/kaunas\/vladimir-lazersonas-and-regina-lazersoniene-safochinskaite\/\" \/>\n<meta name=\"twitter:label1\" content=\"Est. reading time\" \/>\n\t<meta name=\"twitter:data1\" content=\"1 minute\" \/>\n<script type=\"application\/ld+json\" class=\"yoast-schema-graph\">{\"@context\":\"https:\/\/schema.org\",\"@graph\":[{\"@type\":\"WebPage\",\"@id\":\"https:\/\/manoteises.lt\/atminimo-akmenys\/english\/kaunas\/vladimir-lazersonas-and-regina-lazersoniene-safochinskaite\/\",\"url\":\"https:\/\/manoteises.lt\/atminimo-akmenys\/english\/kaunas\/vladimir-lazersonas-and-regina-lazersoniene-safochinskaite\/\",\"name\":\"Vladimiras Lazersonas ir Regina Lazersonien\u0117-Safo\u010dinskait\u0117\",\"isPartOf\":{\"@id\":\"https:\/\/manoteises.lt\/atminimo-akmenys\/#website\"},\"datePublished\":\"2018-01-18T09:31:22+00:00\",\"dateModified\":\"2019-08-23T12:54:37+00:00\",\"description\":\"Vladimiras Lazersonas ir Regina Lazersonien\u0117-Safo\u010dinskait\u0117, Holocaust in Lithuania, Vytautas Magnus University, Kovno Ghetto, Holocaust in Kaunas, Stumbling Stones, Stopersteine, Stolperstein\",\"breadcrumb\":{\"@id\":\"https:\/\/manoteises.lt\/atminimo-akmenys\/english\/kaunas\/vladimir-lazersonas-and-regina-lazersoniene-safochinskaite\/#breadcrumb\"},\"inLanguage\":\"en-US\",\"potentialAction\":[{\"@type\":\"ReadAction\",\"target\":[\"https:\/\/manoteises.lt\/atminimo-akmenys\/english\/kaunas\/vladimir-lazersonas-and-regina-lazersoniene-safochinskaite\/\"]}]},{\"@type\":\"BreadcrumbList\",\"@id\":\"https:\/\/manoteises.lt\/atminimo-akmenys\/english\/kaunas\/vladimir-lazersonas-and-regina-lazersoniene-safochinskaite\/#breadcrumb\",\"itemListElement\":[{\"@type\":\"ListItem\",\"position\":1,\"name\":\"Home\",\"item\":\"https:\/\/manoteises.lt\/atminimo-akmenys\/\"},{\"@type\":\"ListItem\",\"position\":2,\"name\":\"Stumbling Stones\",\"item\":\"https:\/\/manoteises.lt\/atminimo-akmenys\/english\/\"},{\"@type\":\"ListItem\",\"position\":3,\"name\":\"Kaunas\",\"item\":\"https:\/\/manoteises.lt\/atminimo-akmenys\/english\/kaunas\/\"},{\"@type\":\"ListItem\",\"position\":4,\"name\":\"Vladimir Lazersonas and Regina Lazersoniene-Safochinskaite\"}]},{\"@type\":\"WebSite\",\"@id\":\"https:\/\/manoteises.lt\/atminimo-akmenys\/#website\",\"url\":\"https:\/\/manoteises.lt\/atminimo-akmenys\/\",\"name\":\"Atminimo akmenys\",\"description\":\"\",\"potentialAction\":[{\"@type\":\"SearchAction\",\"target\":{\"@type\":\"EntryPoint\",\"urlTemplate\":\"https:\/\/manoteises.lt\/atminimo-akmenys\/?s={search_term_string}\"},\"query-input\":{\"@type\":\"PropertyValueSpecification\",\"valueRequired\":true,\"valueName\":\"search_term_string\"}}],\"inLanguage\":\"en-US\"}]}<\/script>\n<!-- \/ Yoast SEO plugin. -->","yoast_head_json":{"title":"Vladimiras Lazersonas ir Regina Lazersonien\u0117-Safo\u010dinskait\u0117 - Atminimo akmenys","description":"Vladimiras Lazersonas ir Regina Lazersonien\u0117-Safo\u010dinskait\u0117, Holocaust in Lithuania, Vytautas Magnus University, Kovno Ghetto, Holocaust in Kaunas, Stumbling Stones, Stopersteine, Stolperstein","robots":{"index":"index","follow":"follow","max-snippet":"max-snippet:-1","max-image-preview":"max-image-preview:large","max-video-preview":"max-video-preview:-1"},"canonical":"https:\/\/manoteises.lt\/atminimo-akmenys\/english\/kaunas\/vladimir-lazersonas-and-regina-lazersoniene-safochinskaite\/","twitter_misc":{"Est. reading time":"1 minute"},"schema":{"@context":"https:\/\/schema.org","@graph":[{"@type":"WebPage","@id":"https:\/\/manoteises.lt\/atminimo-akmenys\/english\/kaunas\/vladimir-lazersonas-and-regina-lazersoniene-safochinskaite\/","url":"https:\/\/manoteises.lt\/atminimo-akmenys\/english\/kaunas\/vladimir-lazersonas-and-regina-lazersoniene-safochinskaite\/","name":"Vladimiras Lazersonas ir Regina Lazersonien\u0117-Safo\u010dinskait\u0117","isPartOf":{"@id":"https:\/\/manoteises.lt\/atminimo-akmenys\/#website"},"datePublished":"2018-01-18T09:31:22+00:00","dateModified":"2019-08-23T12:54:37+00:00","description":"Vladimiras Lazersonas ir Regina Lazersonien\u0117-Safo\u010dinskait\u0117, Holocaust in Lithuania, Vytautas Magnus University, Kovno Ghetto, Holocaust in Kaunas, Stumbling Stones, Stopersteine, Stolperstein","breadcrumb":{"@id":"https:\/\/manoteises.lt\/atminimo-akmenys\/english\/kaunas\/vladimir-lazersonas-and-regina-lazersoniene-safochinskaite\/#breadcrumb"},"inLanguage":"en-US","potentialAction":[{"@type":"ReadAction","target":["https:\/\/manoteises.lt\/atminimo-akmenys\/english\/kaunas\/vladimir-lazersonas-and-regina-lazersoniene-safochinskaite\/"]}]},{"@type":"BreadcrumbList","@id":"https:\/\/manoteises.lt\/atminimo-akmenys\/english\/kaunas\/vladimir-lazersonas-and-regina-lazersoniene-safochinskaite\/#breadcrumb","itemListElement":[{"@type":"ListItem","position":1,"name":"Home","item":"https:\/\/manoteises.lt\/atminimo-akmenys\/"},{"@type":"ListItem","position":2,"name":"Stumbling Stones","item":"https:\/\/manoteises.lt\/atminimo-akmenys\/english\/"},{"@type":"ListItem","position":3,"name":"Kaunas","item":"https:\/\/manoteises.lt\/atminimo-akmenys\/english\/kaunas\/"},{"@type":"ListItem","position":4,"name":"Vladimir Lazersonas and Regina Lazersoniene-Safochinskaite"}]},{"@type":"WebSite","@id":"https:\/\/manoteises.lt\/atminimo-akmenys\/#website","url":"https:\/\/manoteises.lt\/atminimo-akmenys\/","name":"Atminimo akmenys","description":"","potentialAction":[{"@type":"SearchAction","target":{"@type":"EntryPoint","urlTemplate":"https:\/\/manoteises.lt\/atminimo-akmenys\/?s={search_term_string}"},"query-input":{"@type":"PropertyValueSpecification","valueRequired":true,"valueName":"search_term_string"}}],"inLanguage":"en-US"}]}},"_links":{"self":[{"href":"https:\/\/manoteises.lt\/atminimo-akmenys\/wp-json\/wp\/v2\/pages\/15169","targetHints":{"allow":["GET"]}}],"collection":[{"href":"https:\/\/manoteises.lt\/atminimo-akmenys\/wp-json\/wp\/v2\/pages"}],"about":[{"href":"https:\/\/manoteises.lt\/atminimo-akmenys\/wp-json\/wp\/v2\/types\/page"}],"author":[{"embeddable":true,"href":"https:\/\/manoteises.lt\/atminimo-akmenys\/wp-json\/wp\/v2\/users\/1"}],"replies":[{"embeddable":true,"href":"https:\/\/manoteises.lt\/atminimo-akmenys\/wp-json\/wp\/v2\/comments?post=15169"}],"version-history":[{"count":0,"href":"https:\/\/manoteises.lt\/atminimo-akmenys\/wp-json\/wp\/v2\/pages\/15169\/revisions"}],"up":[{"embeddable":true,"href":"https:\/\/manoteises.lt\/atminimo-akmenys\/wp-json\/wp\/v2\/pages\/15167"}],"wp:attachment":[{"href":"https:\/\/manoteises.lt\/atminimo-akmenys\/wp-json\/wp\/v2\/media?parent=15169"}],"curies":[{"name":"wp","href":"https:\/\/api.w.org\/{rel}","templated":true}]}}