{"id":15171,"date":"2018-01-18T12:31:22","date_gmt":"2018-01-18T09:31:22","guid":{"rendered":"http:\/\/manoteises.lt\/?page_id=15171"},"modified":"2018-08-06T10:58:33","modified_gmt":"2018-08-06T07:58:33","slug":"isakas-anolikas","status":"publish","type":"page","link":"https:\/\/manoteises.lt\/atminimo-akmenys\/english\/kaunas\/isakas-anolikas\/","title":{"rendered":"Isaac Anolik"},"content":{"rendered":"<h1 style=\"text-align: justify;\"><strong>Isaac Anolik<\/strong><\/h1>\n<p style=\"text-align: justify;\">(born in 1903, killed in 1943 in Kaunas Ninth Fort).<\/p>\n<p style=\"text-align: justify;\">A cyclist who represented Lithuania in the first Olympic Games in which Lithuania participated.<\/p>\n<p style=\"text-align: justify;\">In 1924, Isaac Anolik was cycling at the Summer Olympics on the outskirts of Paris when his tyres burst. The cyclist had started the 188 km-long race without spare parts or food supplies and at first tried to borrow these from other participants, before finally realising that he would not be able to finish the race.<\/p>\n<p style=\"text-align: justify;\">Finding himself in a place he did not know, Anolik was helped by a local Frenchman who took sympathy on the athlete and bought him a train ticket to Paris. The cyclist\u2019s pockets were empty, as was his stomach, as he had spent all his money even before the start of the Olympics on a new bicycle because the old one was beyond repair.<\/p>\n<p style=\"text-align: justify;\">In 1928, Isaac took part in the Amsterdam Olympic Games but also failed to complete the race.<\/p>\n<p style=\"text-align: justify;\">Thirteen years later, in 1941, he was imprisoned in the Kovno Ghetto and in 1943 was killed in Kaunas Ninth Fort.<\/p>\n<p style=\"text-align: justify;\"><strong>The Stumbling Stone commemorating Isaac Anolik is laid on the corner of Laisv\u0117s al. 3 and Kr\u0117vos g. in Kaunas where the athlete used to train on Kaunas cycle track.<\/strong><\/p>\n<div class=\"video-container\"><iframe loading=\"lazy\" title=\"\u201eAtminimo akmuo\u201c Isakui Anolikui. Kalba Daina Gudzinevi\u010di\u016bt\u0117\" width=\"500\" height=\"281\" src=\"https:\/\/www.youtube.com\/embed\/YKPhEg2UQwc?feature=oembed\" frameborder=\"0\" allow=\"accelerometer; autoplay; clipboard-write; encrypted-media; gyroscope; picture-in-picture; web-share\" referrerpolicy=\"strict-origin-when-cross-origin\" allowfullscreen><\/iframe><\/div>\n","protected":false},"excerpt":{"rendered":"<p>Isaac Anolik (born in 1903, killed in 1943 in Kaunas Ninth Fort). A cyclist who represented Lithuania in the first Olympic Games in which Lithuania participated. In 1924, Isaac Anolik was cycling at the Summer Olympics on the outskirts of Paris when his tyres burst. The cyclist had started the 188 km-long race without spare<\/p>\n","protected":false},"author":1,"featured_media":0,"parent":15167,"menu_order":0,"comment_status":"closed","ping_status":"closed","template":"page-akmenys-vidinis.php","meta":{"_acf_changed":false,"footnotes":""},"class_list":["post-15171","page","type-page","status-publish","hentry"],"acf":[],"yoast_head":"<!-- This site is optimized with the Yoast SEO plugin v26.9 - https:\/\/yoast.com\/product\/yoast-seo-wordpress\/ -->\n<title>Isaac Anolik - Atminimo akmenys<\/title>\n<meta name=\"description\" content=\"Isaac Anolik, Holocaust in Kovno, Holocaust in Kaunas, Paris Olympics Games, Amsterdam Olympic Games, Kovno Ghetto, Kaunas Ninth Fort\" \/>\n<meta name=\"robots\" content=\"index, follow, max-snippet:-1, max-image-preview:large, max-video-preview:-1\" \/>\n<link rel=\"canonical\" href=\"https:\/\/manoteises.lt\/atminimo-akmenys\/english\/kaunas\/isakas-anolikas\/\" \/>\n<meta name=\"twitter:label1\" content=\"Est. reading time\" \/>\n\t<meta name=\"twitter:data1\" content=\"1 minute\" \/>\n<script type=\"application\/ld+json\" class=\"yoast-schema-graph\">{\"@context\":\"https:\/\/schema.org\",\"@graph\":[{\"@type\":\"WebPage\",\"@id\":\"https:\/\/manoteises.lt\/atminimo-akmenys\/english\/kaunas\/isakas-anolikas\/\",\"url\":\"https:\/\/manoteises.lt\/atminimo-akmenys\/english\/kaunas\/isakas-anolikas\/\",\"name\":\"Isaac Anolik\",\"isPartOf\":{\"@id\":\"https:\/\/manoteises.lt\/atminimo-akmenys\/#website\"},\"datePublished\":\"2018-01-18T09:31:22+00:00\",\"dateModified\":\"2018-08-06T07:58:33+00:00\",\"description\":\"Isaac Anolik, Holocaust in Kovno, Holocaust in Kaunas, Paris Olympics Games, Amsterdam Olympic Games, Kovno Ghetto, Kaunas Ninth Fort\",\"breadcrumb\":{\"@id\":\"https:\/\/manoteises.lt\/atminimo-akmenys\/english\/kaunas\/isakas-anolikas\/#breadcrumb\"},\"inLanguage\":\"en-US\",\"potentialAction\":[{\"@type\":\"ReadAction\",\"target\":[\"https:\/\/manoteises.lt\/atminimo-akmenys\/english\/kaunas\/isakas-anolikas\/\"]}]},{\"@type\":\"BreadcrumbList\",\"@id\":\"https:\/\/manoteises.lt\/atminimo-akmenys\/english\/kaunas\/isakas-anolikas\/#breadcrumb\",\"itemListElement\":[{\"@type\":\"ListItem\",\"position\":1,\"name\":\"Home\",\"item\":\"https:\/\/manoteises.lt\/atminimo-akmenys\/\"},{\"@type\":\"ListItem\",\"position\":2,\"name\":\"Stumbling Stones\",\"item\":\"https:\/\/manoteises.lt\/atminimo-akmenys\/english\/\"},{\"@type\":\"ListItem\",\"position\":3,\"name\":\"Kaunas\",\"item\":\"https:\/\/manoteises.lt\/atminimo-akmenys\/english\/kaunas\/\"},{\"@type\":\"ListItem\",\"position\":4,\"name\":\"Isaac Anolik\"}]},{\"@type\":\"WebSite\",\"@id\":\"https:\/\/manoteises.lt\/atminimo-akmenys\/#website\",\"url\":\"https:\/\/manoteises.lt\/atminimo-akmenys\/\",\"name\":\"Atminimo akmenys\",\"description\":\"\",\"potentialAction\":[{\"@type\":\"SearchAction\",\"target\":{\"@type\":\"EntryPoint\",\"urlTemplate\":\"https:\/\/manoteises.lt\/atminimo-akmenys\/?s={search_term_string}\"},\"query-input\":{\"@type\":\"PropertyValueSpecification\",\"valueRequired\":true,\"valueName\":\"search_term_string\"}}],\"inLanguage\":\"en-US\"}]}<\/script>\n<!-- \/ Yoast SEO plugin. -->","yoast_head_json":{"title":"Isaac Anolik - Atminimo akmenys","description":"Isaac Anolik, Holocaust in Kovno, Holocaust in Kaunas, Paris Olympics Games, Amsterdam Olympic Games, Kovno Ghetto, Kaunas Ninth Fort","robots":{"index":"index","follow":"follow","max-snippet":"max-snippet:-1","max-image-preview":"max-image-preview:large","max-video-preview":"max-video-preview:-1"},"canonical":"https:\/\/manoteises.lt\/atminimo-akmenys\/english\/kaunas\/isakas-anolikas\/","twitter_misc":{"Est. reading time":"1 minute"},"schema":{"@context":"https:\/\/schema.org","@graph":[{"@type":"WebPage","@id":"https:\/\/manoteises.lt\/atminimo-akmenys\/english\/kaunas\/isakas-anolikas\/","url":"https:\/\/manoteises.lt\/atminimo-akmenys\/english\/kaunas\/isakas-anolikas\/","name":"Isaac Anolik","isPartOf":{"@id":"https:\/\/manoteises.lt\/atminimo-akmenys\/#website"},"datePublished":"2018-01-18T09:31:22+00:00","dateModified":"2018-08-06T07:58:33+00:00","description":"Isaac Anolik, Holocaust in Kovno, Holocaust in Kaunas, Paris Olympics Games, Amsterdam Olympic Games, Kovno Ghetto, Kaunas Ninth Fort","breadcrumb":{"@id":"https:\/\/manoteises.lt\/atminimo-akmenys\/english\/kaunas\/isakas-anolikas\/#breadcrumb"},"inLanguage":"en-US","potentialAction":[{"@type":"ReadAction","target":["https:\/\/manoteises.lt\/atminimo-akmenys\/english\/kaunas\/isakas-anolikas\/"]}]},{"@type":"BreadcrumbList","@id":"https:\/\/manoteises.lt\/atminimo-akmenys\/english\/kaunas\/isakas-anolikas\/#breadcrumb","itemListElement":[{"@type":"ListItem","position":1,"name":"Home","item":"https:\/\/manoteises.lt\/atminimo-akmenys\/"},{"@type":"ListItem","position":2,"name":"Stumbling Stones","item":"https:\/\/manoteises.lt\/atminimo-akmenys\/english\/"},{"@type":"ListItem","position":3,"name":"Kaunas","item":"https:\/\/manoteises.lt\/atminimo-akmenys\/english\/kaunas\/"},{"@type":"ListItem","position":4,"name":"Isaac Anolik"}]},{"@type":"WebSite","@id":"https:\/\/manoteises.lt\/atminimo-akmenys\/#website","url":"https:\/\/manoteises.lt\/atminimo-akmenys\/","name":"Atminimo akmenys","description":"","potentialAction":[{"@type":"SearchAction","target":{"@type":"EntryPoint","urlTemplate":"https:\/\/manoteises.lt\/atminimo-akmenys\/?s={search_term_string}"},"query-input":{"@type":"PropertyValueSpecification","valueRequired":true,"valueName":"search_term_string"}}],"inLanguage":"en-US"}]}},"_links":{"self":[{"href":"https:\/\/manoteises.lt\/atminimo-akmenys\/wp-json\/wp\/v2\/pages\/15171","targetHints":{"allow":["GET"]}}],"collection":[{"href":"https:\/\/manoteises.lt\/atminimo-akmenys\/wp-json\/wp\/v2\/pages"}],"about":[{"href":"https:\/\/manoteises.lt\/atminimo-akmenys\/wp-json\/wp\/v2\/types\/page"}],"author":[{"embeddable":true,"href":"https:\/\/manoteises.lt\/atminimo-akmenys\/wp-json\/wp\/v2\/users\/1"}],"replies":[{"embeddable":true,"href":"https:\/\/manoteises.lt\/atminimo-akmenys\/wp-json\/wp\/v2\/comments?post=15171"}],"version-history":[{"count":0,"href":"https:\/\/manoteises.lt\/atminimo-akmenys\/wp-json\/wp\/v2\/pages\/15171\/revisions"}],"up":[{"embeddable":true,"href":"https:\/\/manoteises.lt\/atminimo-akmenys\/wp-json\/wp\/v2\/pages\/15167"}],"wp:attachment":[{"href":"https:\/\/manoteises.lt\/atminimo-akmenys\/wp-json\/wp\/v2\/media?parent=15171"}],"curies":[{"name":"wp","href":"https:\/\/api.w.org\/{rel}","templated":true}]}}