{"id":15172,"date":"2018-01-18T12:31:21","date_gmt":"2018-01-18T09:31:21","guid":{"rendered":"http:\/\/manoteises.lt\/?page_id=15172"},"modified":"2018-08-06T11:32:40","modified_gmt":"2018-08-06T08:32:40","slug":"cherne-pertsikovichiute","status":"publish","type":"page","link":"https:\/\/manoteises.lt\/atminimo-akmenys\/english\/kaunas\/cherne-pertsikovichiute\/","title":{"rendered":"Cherne Pertsikovichiute"},"content":{"rendered":"<h1 style=\"text-align: justify;\"><strong>Cherne Pertsikovichiute<\/strong><\/h1>\n<p style=\"text-align: justify;\">(born in 1912, killed in 1941\/1942 during one of the extermination operations in the Kovno Ghetto).<\/p>\n<p style=\"text-align: justify;\">Cherne Pertsikovichiute was considered to be reserved and enigmatic. She studied at Vytautas Magnus University in Kaunas, at the same time completing a two-year art course at the Justinas Vieno\u017einskis studio.<\/p>\n<p style=\"text-align: justify;\">During the ten years of her career, she took part in eighteen exhibitions, her works being accepted even to Chicago for the 1936 Lithuanian Art Exhibition. According to the art historian Violeta Kri\u0161topaityt\u0117, feminist ideology was of great importance to Cherne, who was an active member of the Lithuanian Women Artists\u2019 Association.<\/p>\n<p style=\"text-align: justify;\">In 1941, Cherne was interned in the Kovno Ghetto and is presumed to have been killed during one of the extermination operations in the ghetto.<\/p>\n<p style=\"text-align: justify;\"><strong>The Stumbling Stone commemorating Cherne Pertsikovichiute is laid at Mi\u0161ko g. 1 in Kaunas where the painter attended an art course at the Justinas Vieno\u017einskis studio.<\/strong><\/p>\n<div class=\"video-container\"><iframe loading=\"lazy\" title=\"\u201eAtminimo akmuo\u201c \u010cernei Percikovi\u010di\u016btei. Kalba Violeta Kri\u0161topaityt\u0117\" width=\"500\" height=\"281\" src=\"https:\/\/www.youtube.com\/embed\/p0C6J0TATDo?feature=oembed\" frameborder=\"0\" allow=\"accelerometer; autoplay; clipboard-write; encrypted-media; gyroscope; picture-in-picture; web-share\" referrerpolicy=\"strict-origin-when-cross-origin\" allowfullscreen><\/iframe><\/div>\n","protected":false},"excerpt":{"rendered":"<p>Cherne Pertsikovichiute (born in 1912, killed in 1941\/1942 during one of the extermination operations in the Kovno Ghetto). Cherne Pertsikovichiute was considered to be reserved and enigmatic. She studied at Vytautas Magnus University in Kaunas, at the same time completing a two-year art course at the Justinas Vieno\u017einskis studio. During the ten years of her<\/p>\n","protected":false},"author":1,"featured_media":0,"parent":15167,"menu_order":0,"comment_status":"closed","ping_status":"closed","template":"page-akmenys-vidinis.php","meta":{"_acf_changed":false,"footnotes":""},"class_list":["post-15172","page","type-page","status-publish","hentry"],"acf":[],"yoast_head":"<!-- This site is optimized with the Yoast SEO plugin v26.9 - https:\/\/yoast.com\/product\/yoast-seo-wordpress\/ -->\n<title>Cherne Pertsikovichiute - Atminimo akmenys<\/title>\n<meta name=\"description\" content=\"Cherne Pertsikovichiute, Stumbling Stones, Kaunas, Kovno Ghetto, Stolpersteine, Holocaust in Kovno, Holocaust in Lithuania\" \/>\n<meta name=\"robots\" content=\"index, follow, max-snippet:-1, max-image-preview:large, max-video-preview:-1\" \/>\n<link rel=\"canonical\" href=\"https:\/\/manoteises.lt\/atminimo-akmenys\/english\/kaunas\/cherne-pertsikovichiute\/\" \/>\n<meta name=\"twitter:label1\" content=\"Est. reading time\" \/>\n\t<meta name=\"twitter:data1\" content=\"1 minute\" \/>\n<script type=\"application\/ld+json\" class=\"yoast-schema-graph\">{\"@context\":\"https:\/\/schema.org\",\"@graph\":[{\"@type\":\"WebPage\",\"@id\":\"https:\/\/manoteises.lt\/atminimo-akmenys\/english\/kaunas\/cherne-pertsikovichiute\/\",\"url\":\"https:\/\/manoteises.lt\/atminimo-akmenys\/english\/kaunas\/cherne-pertsikovichiute\/\",\"name\":\"Cherne Pertsikovichiute\",\"isPartOf\":{\"@id\":\"https:\/\/manoteises.lt\/atminimo-akmenys\/#website\"},\"datePublished\":\"2018-01-18T09:31:21+00:00\",\"dateModified\":\"2018-08-06T08:32:40+00:00\",\"description\":\"Cherne Pertsikovichiute, Stumbling Stones, Kaunas, Kovno Ghetto, Stolpersteine, Holocaust in Kovno, Holocaust in Lithuania\",\"breadcrumb\":{\"@id\":\"https:\/\/manoteises.lt\/atminimo-akmenys\/english\/kaunas\/cherne-pertsikovichiute\/#breadcrumb\"},\"inLanguage\":\"en-US\",\"potentialAction\":[{\"@type\":\"ReadAction\",\"target\":[\"https:\/\/manoteises.lt\/atminimo-akmenys\/english\/kaunas\/cherne-pertsikovichiute\/\"]}]},{\"@type\":\"BreadcrumbList\",\"@id\":\"https:\/\/manoteises.lt\/atminimo-akmenys\/english\/kaunas\/cherne-pertsikovichiute\/#breadcrumb\",\"itemListElement\":[{\"@type\":\"ListItem\",\"position\":1,\"name\":\"Home\",\"item\":\"https:\/\/manoteises.lt\/atminimo-akmenys\/\"},{\"@type\":\"ListItem\",\"position\":2,\"name\":\"Stumbling Stones\",\"item\":\"https:\/\/manoteises.lt\/atminimo-akmenys\/english\/\"},{\"@type\":\"ListItem\",\"position\":3,\"name\":\"Kaunas\",\"item\":\"https:\/\/manoteises.lt\/atminimo-akmenys\/english\/kaunas\/\"},{\"@type\":\"ListItem\",\"position\":4,\"name\":\"Cherne Pertsikovichiute\"}]},{\"@type\":\"WebSite\",\"@id\":\"https:\/\/manoteises.lt\/atminimo-akmenys\/#website\",\"url\":\"https:\/\/manoteises.lt\/atminimo-akmenys\/\",\"name\":\"Atminimo akmenys\",\"description\":\"\",\"potentialAction\":[{\"@type\":\"SearchAction\",\"target\":{\"@type\":\"EntryPoint\",\"urlTemplate\":\"https:\/\/manoteises.lt\/atminimo-akmenys\/?s={search_term_string}\"},\"query-input\":{\"@type\":\"PropertyValueSpecification\",\"valueRequired\":true,\"valueName\":\"search_term_string\"}}],\"inLanguage\":\"en-US\"}]}<\/script>\n<!-- \/ Yoast SEO plugin. -->","yoast_head_json":{"title":"Cherne Pertsikovichiute - Atminimo akmenys","description":"Cherne Pertsikovichiute, Stumbling Stones, Kaunas, Kovno Ghetto, Stolpersteine, Holocaust in Kovno, Holocaust in Lithuania","robots":{"index":"index","follow":"follow","max-snippet":"max-snippet:-1","max-image-preview":"max-image-preview:large","max-video-preview":"max-video-preview:-1"},"canonical":"https:\/\/manoteises.lt\/atminimo-akmenys\/english\/kaunas\/cherne-pertsikovichiute\/","twitter_misc":{"Est. reading time":"1 minute"},"schema":{"@context":"https:\/\/schema.org","@graph":[{"@type":"WebPage","@id":"https:\/\/manoteises.lt\/atminimo-akmenys\/english\/kaunas\/cherne-pertsikovichiute\/","url":"https:\/\/manoteises.lt\/atminimo-akmenys\/english\/kaunas\/cherne-pertsikovichiute\/","name":"Cherne Pertsikovichiute","isPartOf":{"@id":"https:\/\/manoteises.lt\/atminimo-akmenys\/#website"},"datePublished":"2018-01-18T09:31:21+00:00","dateModified":"2018-08-06T08:32:40+00:00","description":"Cherne Pertsikovichiute, Stumbling Stones, Kaunas, Kovno Ghetto, Stolpersteine, Holocaust in Kovno, Holocaust in Lithuania","breadcrumb":{"@id":"https:\/\/manoteises.lt\/atminimo-akmenys\/english\/kaunas\/cherne-pertsikovichiute\/#breadcrumb"},"inLanguage":"en-US","potentialAction":[{"@type":"ReadAction","target":["https:\/\/manoteises.lt\/atminimo-akmenys\/english\/kaunas\/cherne-pertsikovichiute\/"]}]},{"@type":"BreadcrumbList","@id":"https:\/\/manoteises.lt\/atminimo-akmenys\/english\/kaunas\/cherne-pertsikovichiute\/#breadcrumb","itemListElement":[{"@type":"ListItem","position":1,"name":"Home","item":"https:\/\/manoteises.lt\/atminimo-akmenys\/"},{"@type":"ListItem","position":2,"name":"Stumbling Stones","item":"https:\/\/manoteises.lt\/atminimo-akmenys\/english\/"},{"@type":"ListItem","position":3,"name":"Kaunas","item":"https:\/\/manoteises.lt\/atminimo-akmenys\/english\/kaunas\/"},{"@type":"ListItem","position":4,"name":"Cherne Pertsikovichiute"}]},{"@type":"WebSite","@id":"https:\/\/manoteises.lt\/atminimo-akmenys\/#website","url":"https:\/\/manoteises.lt\/atminimo-akmenys\/","name":"Atminimo akmenys","description":"","potentialAction":[{"@type":"SearchAction","target":{"@type":"EntryPoint","urlTemplate":"https:\/\/manoteises.lt\/atminimo-akmenys\/?s={search_term_string}"},"query-input":{"@type":"PropertyValueSpecification","valueRequired":true,"valueName":"search_term_string"}}],"inLanguage":"en-US"}]}},"_links":{"self":[{"href":"https:\/\/manoteises.lt\/atminimo-akmenys\/wp-json\/wp\/v2\/pages\/15172","targetHints":{"allow":["GET"]}}],"collection":[{"href":"https:\/\/manoteises.lt\/atminimo-akmenys\/wp-json\/wp\/v2\/pages"}],"about":[{"href":"https:\/\/manoteises.lt\/atminimo-akmenys\/wp-json\/wp\/v2\/types\/page"}],"author":[{"embeddable":true,"href":"https:\/\/manoteises.lt\/atminimo-akmenys\/wp-json\/wp\/v2\/users\/1"}],"replies":[{"embeddable":true,"href":"https:\/\/manoteises.lt\/atminimo-akmenys\/wp-json\/wp\/v2\/comments?post=15172"}],"version-history":[{"count":0,"href":"https:\/\/manoteises.lt\/atminimo-akmenys\/wp-json\/wp\/v2\/pages\/15172\/revisions"}],"up":[{"embeddable":true,"href":"https:\/\/manoteises.lt\/atminimo-akmenys\/wp-json\/wp\/v2\/pages\/15167"}],"wp:attachment":[{"href":"https:\/\/manoteises.lt\/atminimo-akmenys\/wp-json\/wp\/v2\/media?parent=15172"}],"curies":[{"name":"wp","href":"https:\/\/api.w.org\/{rel}","templated":true}]}}