{"id":17885,"date":"2018-09-01T11:33:57","date_gmt":"2018-09-01T08:33:57","guid":{"rendered":"http:\/\/manoteises.lt\/?page_id=17885"},"modified":"2022-07-12T19:29:05","modified_gmt":"2022-07-12T16:29:05","slug":"alytus","status":"publish","type":"page","link":"https:\/\/manoteises.lt\/atminimo-akmenys\/alytus\/","title":{"rendered":"Alytus"},"content":{"rendered":"<p style=\"text-align: justify;\">\u017dyd\u0173 bendruomen\u0117 Alytuje susik\u016br\u0117 XVI a., o tarpukariu jos nari\u0173 skai\u010dius siek\u0117 apie 2000 t\u016bkst.<\/p>\n<p style=\"text-align: justify;\">Vokie\u010di\u0173 kariuomen\u0117 Alyt\u0173 u\u017e\u0117m\u0117 1941 m. bir\u017eelio 22 d., pirm\u0105j\u0105 karo tarp Vokietijos ir SSRS dien\u0105. \u017dyd\u0173 persekiojimas prasid\u0117jo i\u0161 karto, bet ypa\u010d sustipr\u0117jo nuo 1941 m. liepos vidurio.<\/p>\n<p style=\"text-align: justify;\">1941 m. rugpj\u016b\u010dio viduryje Alytaus apskrities \u017eydus prad\u0117ta gabenti \u012f Alytaus kal\u0117jim\u0105, \u012f kur\u012f pristatyta apie 1 000 vyr\u0173 ir moter\u0173. \u017dmon\u0117s buvo laikomi Alytaus kal\u0117jimo kieme.<\/p>\n<p style=\"text-align: justify;\">Pirmosios masin\u0117s \u017eudyn\u0117s \u012fvyko 1941 m. rugpj\u016b\u010dio 13 d.. \u017dydai buvo suvaryti \u012f saugumo policijos kiem\u0105, ten sudaryti j\u0173 s\u0105ra\u0161ai (617 vyr\u0173 ir 100 moter\u0173), po to \u017emon\u0117s nuvaryti \u012f mi\u0161k\u0105 ir ten su\u0161audyti. Iki 1941 m. rugpj\u016b\u010dio 31 d. nu\u017eudyta dar 233 Alytaus miesto ir apskrities \u017eyd\u0173.<\/p>\n<p style=\"text-align: justify;\">Pirmojo masinio \u017eyd\u0173 \u0161audymo metu dalyvavo J. Hamannas su 4 vokie\u010di\u0173 puskarininkiais. Duob\u0117s buvo i\u0161kastos netoli kal\u0117jimo esan\u010diame Vidzgirio mi\u0161ke. Mir\u010diai pasmerkti \u017emon\u0117s grup\u0117mis buvo atvaromi prie duobi\u0173, suguldomi duob\u0117se veidais \u012f \u017eem\u0119 ir nuo duob\u0117s kra\u0161to su\u0161audomi. Pasmerktuosius mirti prie duobi\u0173 rikiavo Tautos darbo apsaugos baltaliono (TDA) vietin\u0117s kuopos kariai, vadovaujami Jono Borevi\u010diaus. I\u0161 prad\u017ei\u0173 su automatais \u0161aud\u0117 vokie\u010di\u0173 esesininkai, paskutin\u0119 atvaryt\u0173j\u0173 grup\u0119 su\u0161aud\u0117 vietiniai TDA nariai ir keli kal\u0117jimo pri\u017ei\u016br\u0117tojai.<\/p>\n<p style=\"text-align: justify;\">Po keletos dien\u0173 J. Hamanno ir Broniaus Norkaus vadovaujamas specialusis b\u016brys (1-ojo bataliono 3-ioji kuopa) organizavo nauj\u0105 \u017eyd\u0173 \u017eudymo akcij\u0105. \u0160\u012f kart\u0105 buvo su\u0161audyta apie 50 vyr\u0173. \u0160aud\u0117 keturi vokie\u010di\u0173 puskarininkiai ir vietiniai baltarai\u0161\u010diai. Po \u0161i\u0173 \u017eudyni\u0173 \u012f Alyt\u0173 dar kelis kartus buvo atvyk\u0119s B. Norkaus ir Juozo Obelenio vadovaujamas specialusis b\u016brys.<\/p>\n<p style=\"text-align: justify;\">Paskutin\u0117 Alytaus \u017eyd\u0173 bendruomen\u0117s sunaikinimo data K. J\u00e4gerio raporte yra u\u017era\u0161yta kaip 1941 m. rugs\u0117jo 9 d. T\u0105 dien\u0105 buvo su\u0161audyti 1279 \u017emon\u0117s \u2013 287 vyrai, 640 moter\u0173 ir 352 vaikai. Per \u0161ias Alytaus \u017eyd\u0173 \u017eudyni\u0173 akcijas i\u0161 viso buvo nu\u017eudyta apie 2230 \u017emoni\u0173.<\/p>\n","protected":false},"excerpt":{"rendered":"<p>\u017dyd\u0173 bendruomen\u0117 Alytuje susik\u016br\u0117 XVI a., o tarpukariu jos nari\u0173 skai\u010dius siek\u0117 apie 2000 t\u016bkst. Vokie\u010di\u0173 kariuomen\u0117 Alyt\u0173 u\u017e\u0117m\u0117 1941 m. bir\u017eelio 22 d., pirm\u0105j\u0105 karo tarp Vokietijos ir SSRS dien\u0105. \u017dyd\u0173 persekiojimas prasid\u0117jo i\u0161 karto, bet ypa\u010d sustipr\u0117jo nuo 1941 m. liepos vidurio. 1941 m. rugpj\u016b\u010dio viduryje Alytaus apskrities \u017eydus prad\u0117ta gabenti \u012f Alytaus<\/p>\n","protected":false},"author":15,"featured_media":0,"parent":0,"menu_order":1,"comment_status":"closed","ping_status":"closed","template":"page-akmenys-miestas.php","meta":{"_acf_changed":false,"footnotes":""},"class_list":["post-17885","page","type-page","status-publish","hentry"],"acf":[],"yoast_head":"<!-- This site is optimized with the Yoast SEO plugin v26.9 - https:\/\/yoast.com\/product\/yoast-seo-wordpress\/ -->\n<title>Alytus - Atminimo akmenys<\/title>\n<meta name=\"description\" content=\"56\" \/>\n<meta name=\"robots\" content=\"index, follow, max-snippet:-1, max-image-preview:large, max-video-preview:-1\" \/>\n<link rel=\"canonical\" href=\"https:\/\/manoteises.lt\/atminimo-akmenys\/alytus\/\" \/>\n<meta name=\"twitter:label1\" content=\"Est. reading time\" \/>\n\t<meta name=\"twitter:data1\" content=\"2 minutes\" \/>\n<script type=\"application\/ld+json\" class=\"yoast-schema-graph\">{\"@context\":\"https:\/\/schema.org\",\"@graph\":[{\"@type\":\"WebPage\",\"@id\":\"https:\/\/manoteises.lt\/atminimo-akmenys\/alytus\/\",\"url\":\"https:\/\/manoteises.lt\/atminimo-akmenys\/alytus\/\",\"name\":\"Alytus\",\"isPartOf\":{\"@id\":\"https:\/\/manoteises.lt\/atminimo-akmenys\/#website\"},\"datePublished\":\"2018-09-01T08:33:57+00:00\",\"dateModified\":\"2022-07-12T16:29:05+00:00\",\"description\":\"56\",\"breadcrumb\":{\"@id\":\"https:\/\/manoteises.lt\/atminimo-akmenys\/alytus\/#breadcrumb\"},\"inLanguage\":\"en-US\",\"potentialAction\":[{\"@type\":\"ReadAction\",\"target\":[\"https:\/\/manoteises.lt\/atminimo-akmenys\/alytus\/\"]}]},{\"@type\":\"BreadcrumbList\",\"@id\":\"https:\/\/manoteises.lt\/atminimo-akmenys\/alytus\/#breadcrumb\",\"itemListElement\":[{\"@type\":\"ListItem\",\"position\":1,\"name\":\"Home\",\"item\":\"https:\/\/manoteises.lt\/atminimo-akmenys\/\"},{\"@type\":\"ListItem\",\"position\":2,\"name\":\"Alytus\"}]},{\"@type\":\"WebSite\",\"@id\":\"https:\/\/manoteises.lt\/atminimo-akmenys\/#website\",\"url\":\"https:\/\/manoteises.lt\/atminimo-akmenys\/\",\"name\":\"Atminimo akmenys\",\"description\":\"\",\"potentialAction\":[{\"@type\":\"SearchAction\",\"target\":{\"@type\":\"EntryPoint\",\"urlTemplate\":\"https:\/\/manoteises.lt\/atminimo-akmenys\/?s={search_term_string}\"},\"query-input\":{\"@type\":\"PropertyValueSpecification\",\"valueRequired\":true,\"valueName\":\"search_term_string\"}}],\"inLanguage\":\"en-US\"}]}<\/script>\n<!-- \/ Yoast SEO plugin. -->","yoast_head_json":{"title":"Alytus - Atminimo akmenys","description":"56","robots":{"index":"index","follow":"follow","max-snippet":"max-snippet:-1","max-image-preview":"max-image-preview:large","max-video-preview":"max-video-preview:-1"},"canonical":"https:\/\/manoteises.lt\/atminimo-akmenys\/alytus\/","twitter_misc":{"Est. reading time":"2 minutes"},"schema":{"@context":"https:\/\/schema.org","@graph":[{"@type":"WebPage","@id":"https:\/\/manoteises.lt\/atminimo-akmenys\/alytus\/","url":"https:\/\/manoteises.lt\/atminimo-akmenys\/alytus\/","name":"Alytus","isPartOf":{"@id":"https:\/\/manoteises.lt\/atminimo-akmenys\/#website"},"datePublished":"2018-09-01T08:33:57+00:00","dateModified":"2022-07-12T16:29:05+00:00","description":"56","breadcrumb":{"@id":"https:\/\/manoteises.lt\/atminimo-akmenys\/alytus\/#breadcrumb"},"inLanguage":"en-US","potentialAction":[{"@type":"ReadAction","target":["https:\/\/manoteises.lt\/atminimo-akmenys\/alytus\/"]}]},{"@type":"BreadcrumbList","@id":"https:\/\/manoteises.lt\/atminimo-akmenys\/alytus\/#breadcrumb","itemListElement":[{"@type":"ListItem","position":1,"name":"Home","item":"https:\/\/manoteises.lt\/atminimo-akmenys\/"},{"@type":"ListItem","position":2,"name":"Alytus"}]},{"@type":"WebSite","@id":"https:\/\/manoteises.lt\/atminimo-akmenys\/#website","url":"https:\/\/manoteises.lt\/atminimo-akmenys\/","name":"Atminimo akmenys","description":"","potentialAction":[{"@type":"SearchAction","target":{"@type":"EntryPoint","urlTemplate":"https:\/\/manoteises.lt\/atminimo-akmenys\/?s={search_term_string}"},"query-input":{"@type":"PropertyValueSpecification","valueRequired":true,"valueName":"search_term_string"}}],"inLanguage":"en-US"}]}},"_links":{"self":[{"href":"https:\/\/manoteises.lt\/atminimo-akmenys\/wp-json\/wp\/v2\/pages\/17885","targetHints":{"allow":["GET"]}}],"collection":[{"href":"https:\/\/manoteises.lt\/atminimo-akmenys\/wp-json\/wp\/v2\/pages"}],"about":[{"href":"https:\/\/manoteises.lt\/atminimo-akmenys\/wp-json\/wp\/v2\/types\/page"}],"author":[{"embeddable":true,"href":"https:\/\/manoteises.lt\/atminimo-akmenys\/wp-json\/wp\/v2\/users\/15"}],"replies":[{"embeddable":true,"href":"https:\/\/manoteises.lt\/atminimo-akmenys\/wp-json\/wp\/v2\/comments?post=17885"}],"version-history":[{"count":1,"href":"https:\/\/manoteises.lt\/atminimo-akmenys\/wp-json\/wp\/v2\/pages\/17885\/revisions"}],"predecessor-version":[{"id":23148,"href":"https:\/\/manoteises.lt\/atminimo-akmenys\/wp-json\/wp\/v2\/pages\/17885\/revisions\/23148"}],"wp:attachment":[{"href":"https:\/\/manoteises.lt\/atminimo-akmenys\/wp-json\/wp\/v2\/media?parent=17885"}],"curies":[{"name":"wp","href":"https:\/\/api.w.org\/{rel}","templated":true}]}}