{"id":17922,"date":"2018-09-01T12:51:46","date_gmt":"2018-09-01T09:51:46","guid":{"rendered":"http:\/\/manoteises.lt\/?page_id=17922"},"modified":"2020-10-21T15:37:19","modified_gmt":"2020-10-21T12:37:19","slug":"mendelis-boksickis","status":"publish","type":"page","link":"https:\/\/manoteises.lt\/atminimo-akmenys\/alytus\/mendelis-boksickis\/","title":{"rendered":"Mendelis Bok\u0161ickis"},"content":{"rendered":"<h1 style=\"text-align: justify;\"><strong>Mendelis Bok\u0161ickis<\/strong><\/h1>\n<p style=\"text-align: justify;\">(g. 1898 m. Alytuje, nu\u017eudytas 1941 m. rugs\u0117j\u012f, Paneriuose).<\/p>\n<p style=\"text-align: justify;\">Mendelis Bok\u0161ickis studijavo Vytauto Did\u017eiojo universitete, buvo advokatas, visuomen\u0117s veik\u0117jas. Atk\u016brus Lietuvos valstybingum\u0105 aktyviai dalyvavo Alytaus miesto ir apskrities savivaldos institucij\u0173 k\u016brime. Teik\u0117 \u012fvairi\u0105 pagalb\u0105 besikurian\u010diam 1-ajam p\u0117stinink\u0173 pulkui. Kelis kartus buvo i\u0161rinktas \u012f Alytaus miesto taryb\u0105. Aktyviai dalyvavo organizuojant Alytaus savanori\u0173 gaisrinink\u0173 komand\u0105, 1921-1935 m. buvo \u0161ios komandos vadas. 1925-1934 m. Lietuvos ugniagesi\u0173 organizacij\u0173 s\u0105jungos Tarybos narys. Dalyvavo \u012fvairi\u0173 lietuvi\u0173 ir \u017eyd\u0173 draugij\u0173 veikloje. Tur\u0117jo du vaikus.<\/p>\n<p>M. Bok\u0161ickio s\u016bnus Saadia Bahat taip prisimena savo t\u0117t\u012f:<\/p>\n<p style=\"text-align: justify;\">\u201eTada imu prisiminti \u0161eim\u0105 ir namus: t\u0117vel\u012f, mamyt\u0119, trylika m\u0117nesi\u0173 vyresn\u0119 sesut\u0119 Lili\u0105 ir Rozalij\u0105, kuri \u201evisada\u201c gyveno su mumis ir dirbo mums. Antrame m\u016bs\u0173 namo auk\u0161te gyveno mo\u010diut\u0117 ir senelis. Prie\u0161 akis i\u0161kyla kupini tyros laim\u0117s vaizdai \u2013 mes keturiese apsikabin\u0119 s\u0117dime svetain\u0117je ant sofut\u0117s, pasibu\u010diuojame ir klausom\u0117s begalini\u0173 t\u0117velio istorij\u0173 apie tolimus kra\u0161tus ir \u017emones. Dar menu \u201et\u0117velio mokykl\u0117l\u0119\u201c, kai savaitgaliais mes, vaikai, priguldavome pails\u0117ti i\u0161 abiej\u0173 t\u0117velio \u0161on\u0173, o jis atsakin\u0117davo \u012f m\u016bs\u0173 begalinius klausimus apie visk\u0105. Mano t\u0117velis buvo ne tik advokatas, bet ir Alytaus savanori\u0173 gaisrinink\u0173 komandos \u012fk\u016br\u0117jas ir vir\u0161ininkas. Tod\u0117l a\u0161 labai dom\u0117jausi gaisrais ir j\u0173 gesinimu. Prisimenu kaukian\u010dias sirenas, t\u0117vel\u012f, b\u0117gant\u012f gesinti gaisro, v\u0117liau gr\u012f\u017etant\u012f kartais apdegusiu veidu. Labai did\u017eiavom\u0117s juo ir d\u017eiaug\u0117m\u0117s, kai jis gavo pirm\u0105j\u012f ir antr\u0105j\u012f medalius \u201eArtimui pagelbon\u201c. Kai t\u0117velis suprojektavo neu\u017e\u0161\u0105lan\u010dias ir neu\u017edumbl\u0117jan\u010dias po\u017eemines vandens talpyklas, i\u0161gars\u0117jo ir u\u017esienyje. Tada jis gavo paauksuot\u0105 medal\u012f i\u0161 Estijos. A\u0161 buvau toks laimingas ir i\u0161didus, kad i\u0161s\u0117d\u0117davau per visus t\u0117velio vedamus mokymus naujoms savanori\u0173 grup\u0117ms, nors buvau tik ma\u017eas berniukas\u201c.<\/p>\n<p><strong>Atminimo akmuo Mendeliui Bok\u0161ickiui \u012frengtas\u00a0Vilniaus g. 27 \u0161alia kit\u0173 atminimo akmen\u0173 skirt\u0173 jos \u017emonai \u0160einei Kronzonaitei-Bok\u0161ickienei ir vaikams \u2013 dukrai Lilijai ir s\u016bnui Saadia.<\/strong><\/p>\n<p>Atminimo akmuo Mendeliui Bok\u0161ickiui \u012fd\u0117tas s\u016bnaus Saadios Bahat, Adolfo Ramanausko Vanago gimnazijos moksleivi\u0173, mokytojos Meil\u0117s Plat\u016bkien\u0117s ir Alytaus miesto savivaldyb\u0117s iniciatyva.<\/p>\n","protected":false},"excerpt":{"rendered":"<p>Mendelis Bok\u0161ickis (g. 1898 m. Alytuje, nu\u017eudytas 1941 m. rugs\u0117j\u012f, Paneriuose). Mendelis Bok\u0161ickis studijavo Vytauto Did\u017eiojo universitete, buvo advokatas, visuomen\u0117s veik\u0117jas. Atk\u016brus Lietuvos valstybingum\u0105 aktyviai dalyvavo Alytaus miesto ir apskrities savivaldos institucij\u0173 k\u016brime. Teik\u0117 \u012fvairi\u0105 pagalb\u0105 besikurian\u010diam 1-ajam p\u0117stinink\u0173 pulkui. Kelis kartus buvo i\u0161rinktas \u012f Alytaus miesto taryb\u0105. Aktyviai dalyvavo organizuojant Alytaus savanori\u0173 gaisrinink\u0173 komand\u0105,<\/p>\n","protected":false},"author":15,"featured_media":0,"parent":17885,"menu_order":2,"comment_status":"closed","ping_status":"closed","template":"page-akmenys-vidinis.php","meta":{"_acf_changed":false,"footnotes":""},"class_list":["post-17922","page","type-page","status-publish","hentry"],"acf":[],"yoast_head":"<!-- This site is optimized with the Yoast SEO plugin v26.9 - https:\/\/yoast.com\/product\/yoast-seo-wordpress\/ -->\n<title>Mendelis Bok\u0161ickis - Atminimo akmenys<\/title>\n<meta name=\"description\" content=\"Mendelis Bok\u0161ickis, Atminimo akmenys, Alytus, Holokaustas Lietuvoje, Lietuvos ugniagesi\u0173 organizacij\u0173 s\u0105junga, Alytaus miesto taryba, ugniagesi\u0173 istorija, Alytaus istorija\" \/>\n<meta name=\"robots\" content=\"index, follow, max-snippet:-1, max-image-preview:large, max-video-preview:-1\" \/>\n<link rel=\"canonical\" href=\"https:\/\/manoteises.lt\/atminimo-akmenys\/alytus\/mendelis-boksickis\/\" \/>\n<meta name=\"twitter:label1\" content=\"Est. reading time\" \/>\n\t<meta name=\"twitter:data1\" content=\"2 minutes\" \/>\n<script type=\"application\/ld+json\" class=\"yoast-schema-graph\">{\"@context\":\"https:\/\/schema.org\",\"@graph\":[{\"@type\":\"WebPage\",\"@id\":\"https:\/\/manoteises.lt\/atminimo-akmenys\/alytus\/mendelis-boksickis\/\",\"url\":\"https:\/\/manoteises.lt\/atminimo-akmenys\/alytus\/mendelis-boksickis\/\",\"name\":\"Mendelis Bok\u0161ickis\",\"isPartOf\":{\"@id\":\"https:\/\/manoteises.lt\/atminimo-akmenys\/#website\"},\"datePublished\":\"2018-09-01T09:51:46+00:00\",\"dateModified\":\"2020-10-21T12:37:19+00:00\",\"description\":\"Mendelis Bok\u0161ickis, Atminimo akmenys, Alytus, Holokaustas Lietuvoje, Lietuvos ugniagesi\u0173 organizacij\u0173 s\u0105junga, Alytaus miesto taryba, ugniagesi\u0173 istorija, Alytaus istorija\",\"breadcrumb\":{\"@id\":\"https:\/\/manoteises.lt\/atminimo-akmenys\/alytus\/mendelis-boksickis\/#breadcrumb\"},\"inLanguage\":\"en-US\",\"potentialAction\":[{\"@type\":\"ReadAction\",\"target\":[\"https:\/\/manoteises.lt\/atminimo-akmenys\/alytus\/mendelis-boksickis\/\"]}]},{\"@type\":\"BreadcrumbList\",\"@id\":\"https:\/\/manoteises.lt\/atminimo-akmenys\/alytus\/mendelis-boksickis\/#breadcrumb\",\"itemListElement\":[{\"@type\":\"ListItem\",\"position\":1,\"name\":\"Home\",\"item\":\"https:\/\/manoteises.lt\/atminimo-akmenys\/\"},{\"@type\":\"ListItem\",\"position\":2,\"name\":\"Alytus\",\"item\":\"https:\/\/manoteises.lt\/atminimo-akmenys\/alytus\/\"},{\"@type\":\"ListItem\",\"position\":3,\"name\":\"Mendelis Bok\u0161ickis\"}]},{\"@type\":\"WebSite\",\"@id\":\"https:\/\/manoteises.lt\/atminimo-akmenys\/#website\",\"url\":\"https:\/\/manoteises.lt\/atminimo-akmenys\/\",\"name\":\"Atminimo akmenys\",\"description\":\"\",\"potentialAction\":[{\"@type\":\"SearchAction\",\"target\":{\"@type\":\"EntryPoint\",\"urlTemplate\":\"https:\/\/manoteises.lt\/atminimo-akmenys\/?s={search_term_string}\"},\"query-input\":{\"@type\":\"PropertyValueSpecification\",\"valueRequired\":true,\"valueName\":\"search_term_string\"}}],\"inLanguage\":\"en-US\"}]}<\/script>\n<!-- \/ Yoast SEO plugin. -->","yoast_head_json":{"title":"Mendelis Bok\u0161ickis - Atminimo akmenys","description":"Mendelis Bok\u0161ickis, Atminimo akmenys, Alytus, Holokaustas Lietuvoje, Lietuvos ugniagesi\u0173 organizacij\u0173 s\u0105junga, Alytaus miesto taryba, ugniagesi\u0173 istorija, Alytaus istorija","robots":{"index":"index","follow":"follow","max-snippet":"max-snippet:-1","max-image-preview":"max-image-preview:large","max-video-preview":"max-video-preview:-1"},"canonical":"https:\/\/manoteises.lt\/atminimo-akmenys\/alytus\/mendelis-boksickis\/","twitter_misc":{"Est. reading time":"2 minutes"},"schema":{"@context":"https:\/\/schema.org","@graph":[{"@type":"WebPage","@id":"https:\/\/manoteises.lt\/atminimo-akmenys\/alytus\/mendelis-boksickis\/","url":"https:\/\/manoteises.lt\/atminimo-akmenys\/alytus\/mendelis-boksickis\/","name":"Mendelis Bok\u0161ickis","isPartOf":{"@id":"https:\/\/manoteises.lt\/atminimo-akmenys\/#website"},"datePublished":"2018-09-01T09:51:46+00:00","dateModified":"2020-10-21T12:37:19+00:00","description":"Mendelis Bok\u0161ickis, Atminimo akmenys, Alytus, Holokaustas Lietuvoje, Lietuvos ugniagesi\u0173 organizacij\u0173 s\u0105junga, Alytaus miesto taryba, ugniagesi\u0173 istorija, Alytaus istorija","breadcrumb":{"@id":"https:\/\/manoteises.lt\/atminimo-akmenys\/alytus\/mendelis-boksickis\/#breadcrumb"},"inLanguage":"en-US","potentialAction":[{"@type":"ReadAction","target":["https:\/\/manoteises.lt\/atminimo-akmenys\/alytus\/mendelis-boksickis\/"]}]},{"@type":"BreadcrumbList","@id":"https:\/\/manoteises.lt\/atminimo-akmenys\/alytus\/mendelis-boksickis\/#breadcrumb","itemListElement":[{"@type":"ListItem","position":1,"name":"Home","item":"https:\/\/manoteises.lt\/atminimo-akmenys\/"},{"@type":"ListItem","position":2,"name":"Alytus","item":"https:\/\/manoteises.lt\/atminimo-akmenys\/alytus\/"},{"@type":"ListItem","position":3,"name":"Mendelis Bok\u0161ickis"}]},{"@type":"WebSite","@id":"https:\/\/manoteises.lt\/atminimo-akmenys\/#website","url":"https:\/\/manoteises.lt\/atminimo-akmenys\/","name":"Atminimo akmenys","description":"","potentialAction":[{"@type":"SearchAction","target":{"@type":"EntryPoint","urlTemplate":"https:\/\/manoteises.lt\/atminimo-akmenys\/?s={search_term_string}"},"query-input":{"@type":"PropertyValueSpecification","valueRequired":true,"valueName":"search_term_string"}}],"inLanguage":"en-US"}]}},"_links":{"self":[{"href":"https:\/\/manoteises.lt\/atminimo-akmenys\/wp-json\/wp\/v2\/pages\/17922","targetHints":{"allow":["GET"]}}],"collection":[{"href":"https:\/\/manoteises.lt\/atminimo-akmenys\/wp-json\/wp\/v2\/pages"}],"about":[{"href":"https:\/\/manoteises.lt\/atminimo-akmenys\/wp-json\/wp\/v2\/types\/page"}],"author":[{"embeddable":true,"href":"https:\/\/manoteises.lt\/atminimo-akmenys\/wp-json\/wp\/v2\/users\/15"}],"replies":[{"embeddable":true,"href":"https:\/\/manoteises.lt\/atminimo-akmenys\/wp-json\/wp\/v2\/comments?post=17922"}],"version-history":[{"count":1,"href":"https:\/\/manoteises.lt\/atminimo-akmenys\/wp-json\/wp\/v2\/pages\/17922\/revisions"}],"predecessor-version":[{"id":23150,"href":"https:\/\/manoteises.lt\/atminimo-akmenys\/wp-json\/wp\/v2\/pages\/17922\/revisions\/23150"}],"up":[{"embeddable":true,"href":"https:\/\/manoteises.lt\/atminimo-akmenys\/wp-json\/wp\/v2\/pages\/17885"}],"wp:attachment":[{"href":"https:\/\/manoteises.lt\/atminimo-akmenys\/wp-json\/wp\/v2\/media?parent=17922"}],"curies":[{"name":"wp","href":"https:\/\/api.w.org\/{rel}","templated":true}]}}