{"id":17940,"date":"2018-09-01T13:36:08","date_gmt":"2018-09-01T10:36:08","guid":{"rendered":"http:\/\/manoteises.lt\/?page_id=17940"},"modified":"2022-07-12T19:31:52","modified_gmt":"2022-07-12T16:31:52","slug":"kuliai","status":"publish","type":"page","link":"https:\/\/manoteises.lt\/atminimo-akmenys\/kuliai\/","title":{"rendered":"Kuliai (Plung\u0117s raj.)"},"content":{"rendered":"<p style=\"text-align: justify;\">Nurodoma, jog Kuliuose (dabar &#8211; Plung\u0117s rajonas) \u017eydai \u012fsik\u016br\u0117 XVIII am\u017eiuje. Miestelyje jie tur\u0117jo ma\u017e\u0105 sinagog\u0105, ta\u010diau \u017eyd\u0173 bendruomen\u0117s vaikai vaik\u0161\u010diojo \u012f lietuvi\u0173 mokykl\u0105, hebraj\u0173 kalbos mokydamiesi po pamok\u0173. Did\u017eioji dalis \u0161vietimui reikaling\u0173 knyg\u0173 buvo skolinamasi i\u0161 Plung\u0117je esan\u010dios \u017eyd\u0173 bendruomen\u0117s bibliotekos. Beveik visos \u017eyd\u0173 \u0161eimos vert\u0117si prekyba.<\/p>\n<p style=\"text-align: justify;\">Tarpukario gyventoj\u0173 sura\u0161ymo duomenimis i\u0161 viso Kuliuose gyveno 556 \u017emon\u0117s, i\u0161 kuri\u0173 142 buvo \u017eyd\u0173 tautyb\u0117s. 1941 m. bir\u017eel\u012f nacistinei Vokietijai u\u017e\u0117mus kra\u0161t\u0105, \u017eydai buvo \u012fkalinti dideliame pastate &#8211; Bruko name &#8211; ir laikomi be maisto ar vandens. Bir\u017eelio 29d. \u017eyd\u0173 tautyb\u0117s Kuli\u0173 gyventojai, tikinant, jog yra ve\u017eami pad\u0117ti gesinti gaisro Plung\u0117je, buvo nugabenti \u012f mi\u0161k\u0105 netoli Kuli\u0173 ir su\u0161audyti.<\/p>\n<p style=\"text-align: justify;\">Remiantis netoliese rastais \u017emoni\u0173 palaikais, manoma, jog i\u0161 viso buvo nu\u017eudyti 82 Kuli\u0173 gyventojai \u017eydai.<\/p>\n","protected":false},"excerpt":{"rendered":"<p>Nurodoma, jog Kuliuose (dabar &#8211; Plung\u0117s rajonas) \u017eydai \u012fsik\u016br\u0117 XVIII am\u017eiuje. Miestelyje jie tur\u0117jo ma\u017e\u0105 sinagog\u0105, ta\u010diau \u017eyd\u0173 bendruomen\u0117s vaikai vaik\u0161\u010diojo \u012f lietuvi\u0173 mokykl\u0105, hebraj\u0173 kalbos mokydamiesi po pamok\u0173. Did\u017eioji dalis \u0161vietimui reikaling\u0173 knyg\u0173 buvo skolinamasi i\u0161 Plung\u0117je esan\u010dios \u017eyd\u0173 bendruomen\u0117s bibliotekos. Beveik visos \u017eyd\u0173 \u0161eimos vert\u0117si prekyba. Tarpukario gyventoj\u0173 sura\u0161ymo duomenimis i\u0161 viso Kuliuose<\/p>\n","protected":false},"author":15,"featured_media":0,"parent":0,"menu_order":6,"comment_status":"closed","ping_status":"closed","template":"page-akmenys-miestas.php","meta":{"_acf_changed":false,"footnotes":""},"class_list":["post-17940","page","type-page","status-publish","hentry"],"acf":[],"yoast_head":"<!-- This site is optimized with the Yoast SEO plugin v26.9 - https:\/\/yoast.com\/product\/yoast-seo-wordpress\/ -->\n<title>Kuliai - Atminimo akmenys<\/title>\n<meta name=\"description\" content=\"Kuliai, Plung\u0117s rajonas, Kuli\u0173 \u017eyd\u0173 bendruomen\u0117, Holokaustas Kuliuose, Bruko namas, Atminimo akmenys, Stolpersteine\" \/>\n<meta name=\"robots\" content=\"index, follow, max-snippet:-1, max-image-preview:large, max-video-preview:-1\" \/>\n<link rel=\"canonical\" href=\"https:\/\/manoteises.lt\/atminimo-akmenys\/kuliai\/\" \/>\n<meta name=\"twitter:label1\" content=\"Est. reading time\" \/>\n\t<meta name=\"twitter:data1\" content=\"1 minute\" \/>\n<script type=\"application\/ld+json\" class=\"yoast-schema-graph\">{\"@context\":\"https:\/\/schema.org\",\"@graph\":[{\"@type\":\"WebPage\",\"@id\":\"https:\/\/manoteises.lt\/atminimo-akmenys\/kuliai\/\",\"url\":\"https:\/\/manoteises.lt\/atminimo-akmenys\/kuliai\/\",\"name\":\"Kuliai\",\"isPartOf\":{\"@id\":\"https:\/\/manoteises.lt\/atminimo-akmenys\/#website\"},\"datePublished\":\"2018-09-01T10:36:08+00:00\",\"dateModified\":\"2022-07-12T16:31:52+00:00\",\"description\":\"Kuliai, Plung\u0117s rajonas, Kuli\u0173 \u017eyd\u0173 bendruomen\u0117, Holokaustas Kuliuose, Bruko namas, Atminimo akmenys, Stolpersteine\",\"breadcrumb\":{\"@id\":\"https:\/\/manoteises.lt\/atminimo-akmenys\/kuliai\/#breadcrumb\"},\"inLanguage\":\"en-US\",\"potentialAction\":[{\"@type\":\"ReadAction\",\"target\":[\"https:\/\/manoteises.lt\/atminimo-akmenys\/kuliai\/\"]}]},{\"@type\":\"BreadcrumbList\",\"@id\":\"https:\/\/manoteises.lt\/atminimo-akmenys\/kuliai\/#breadcrumb\",\"itemListElement\":[{\"@type\":\"ListItem\",\"position\":1,\"name\":\"Home\",\"item\":\"https:\/\/manoteises.lt\/atminimo-akmenys\/\"},{\"@type\":\"ListItem\",\"position\":2,\"name\":\"Kuliai (Plung\u0117s raj.)\"}]},{\"@type\":\"WebSite\",\"@id\":\"https:\/\/manoteises.lt\/atminimo-akmenys\/#website\",\"url\":\"https:\/\/manoteises.lt\/atminimo-akmenys\/\",\"name\":\"Atminimo akmenys\",\"description\":\"\",\"potentialAction\":[{\"@type\":\"SearchAction\",\"target\":{\"@type\":\"EntryPoint\",\"urlTemplate\":\"https:\/\/manoteises.lt\/atminimo-akmenys\/?s={search_term_string}\"},\"query-input\":{\"@type\":\"PropertyValueSpecification\",\"valueRequired\":true,\"valueName\":\"search_term_string\"}}],\"inLanguage\":\"en-US\"}]}<\/script>\n<!-- \/ Yoast SEO plugin. -->","yoast_head_json":{"title":"Kuliai - Atminimo akmenys","description":"Kuliai, Plung\u0117s rajonas, Kuli\u0173 \u017eyd\u0173 bendruomen\u0117, Holokaustas Kuliuose, Bruko namas, Atminimo akmenys, Stolpersteine","robots":{"index":"index","follow":"follow","max-snippet":"max-snippet:-1","max-image-preview":"max-image-preview:large","max-video-preview":"max-video-preview:-1"},"canonical":"https:\/\/manoteises.lt\/atminimo-akmenys\/kuliai\/","twitter_misc":{"Est. reading time":"1 minute"},"schema":{"@context":"https:\/\/schema.org","@graph":[{"@type":"WebPage","@id":"https:\/\/manoteises.lt\/atminimo-akmenys\/kuliai\/","url":"https:\/\/manoteises.lt\/atminimo-akmenys\/kuliai\/","name":"Kuliai","isPartOf":{"@id":"https:\/\/manoteises.lt\/atminimo-akmenys\/#website"},"datePublished":"2018-09-01T10:36:08+00:00","dateModified":"2022-07-12T16:31:52+00:00","description":"Kuliai, Plung\u0117s rajonas, Kuli\u0173 \u017eyd\u0173 bendruomen\u0117, Holokaustas Kuliuose, Bruko namas, Atminimo akmenys, Stolpersteine","breadcrumb":{"@id":"https:\/\/manoteises.lt\/atminimo-akmenys\/kuliai\/#breadcrumb"},"inLanguage":"en-US","potentialAction":[{"@type":"ReadAction","target":["https:\/\/manoteises.lt\/atminimo-akmenys\/kuliai\/"]}]},{"@type":"BreadcrumbList","@id":"https:\/\/manoteises.lt\/atminimo-akmenys\/kuliai\/#breadcrumb","itemListElement":[{"@type":"ListItem","position":1,"name":"Home","item":"https:\/\/manoteises.lt\/atminimo-akmenys\/"},{"@type":"ListItem","position":2,"name":"Kuliai (Plung\u0117s raj.)"}]},{"@type":"WebSite","@id":"https:\/\/manoteises.lt\/atminimo-akmenys\/#website","url":"https:\/\/manoteises.lt\/atminimo-akmenys\/","name":"Atminimo akmenys","description":"","potentialAction":[{"@type":"SearchAction","target":{"@type":"EntryPoint","urlTemplate":"https:\/\/manoteises.lt\/atminimo-akmenys\/?s={search_term_string}"},"query-input":{"@type":"PropertyValueSpecification","valueRequired":true,"valueName":"search_term_string"}}],"inLanguage":"en-US"}]}},"_links":{"self":[{"href":"https:\/\/manoteises.lt\/atminimo-akmenys\/wp-json\/wp\/v2\/pages\/17940","targetHints":{"allow":["GET"]}}],"collection":[{"href":"https:\/\/manoteises.lt\/atminimo-akmenys\/wp-json\/wp\/v2\/pages"}],"about":[{"href":"https:\/\/manoteises.lt\/atminimo-akmenys\/wp-json\/wp\/v2\/types\/page"}],"author":[{"embeddable":true,"href":"https:\/\/manoteises.lt\/atminimo-akmenys\/wp-json\/wp\/v2\/users\/15"}],"replies":[{"embeddable":true,"href":"https:\/\/manoteises.lt\/atminimo-akmenys\/wp-json\/wp\/v2\/comments?post=17940"}],"version-history":[{"count":2,"href":"https:\/\/manoteises.lt\/atminimo-akmenys\/wp-json\/wp\/v2\/pages\/17940\/revisions"}],"predecessor-version":[{"id":23572,"href":"https:\/\/manoteises.lt\/atminimo-akmenys\/wp-json\/wp\/v2\/pages\/17940\/revisions\/23572"}],"wp:attachment":[{"href":"https:\/\/manoteises.lt\/atminimo-akmenys\/wp-json\/wp\/v2\/media?parent=17940"}],"curies":[{"name":"wp","href":"https:\/\/api.w.org\/{rel}","templated":true}]}}