{"id":17945,"date":"2018-09-01T14:11:44","date_gmt":"2018-09-01T11:11:44","guid":{"rendered":"http:\/\/manoteises.lt\/?page_id=17945"},"modified":"2020-10-21T14:50:48","modified_gmt":"2020-10-21T11:50:48","slug":"eta-odesaite","status":"publish","type":"page","link":"https:\/\/manoteises.lt\/atminimo-akmenys\/kuliai\/eta-odesaite\/","title":{"rendered":"Eta Odesait\u0117"},"content":{"rendered":"<h1 style=\"text-align: justify;\"><strong>Eta Odesait\u0117<\/strong><\/h1>\n<p style=\"text-align: justify;\">(g. 1922 m., nu\u017eudyta 1944 m. liepos 19 d. Kuli\u0173 miestelyje).<\/p>\n<p style=\"text-align: justify;\">Eta Odesait\u0117 &#8211; paskutin\u0117 \u017eyd\u0173 tautos atstov\u0117 Kuli\u0173 miestelyje. 1941 metais, Eta buvo sugauta ir vedama kartu su kitais Kuli\u0173 \u017eydais \u012f Bruko nam\u0105, kuriame buvo \u012frengtas getas, ta\u010diau tada jai pavyko pab\u0117gti. Iki 1944 met\u0173 vasaros j\u0105 slapst\u0117 net keturios kuli\u0161ki\u0173 ir aplinkini\u0173 kaim\u0173 \u0161eimos. Prie\u0161 pat Raudonajai armijai atvykstant \u012f Kulius, ji buvo i\u0161duota ir nu\u017eudyta.<\/p>\n<p style=\"text-align: justify;\">Apie Et\u0105 Odesait\u0119 yra \u017einoma tik i\u0161 \u017emoni\u0173 atsiminim\u0173.\u00a0Jos t\u0117vo vardas buvo Icik, o mamos &#8211; L\u0117ja. Eta buvo gra\u017ei, linksma mergina ir miestelyje tur\u0117jo daug draug\u0173.\u00a0Fotografijos, kuriose ji jau buvo suaugusi, nei\u0161liko. Ta\u010diau yra \u017einomos kelios nuotraukos, kurioje ji mokyklinio am\u017eiaus.<\/p>\n<p style=\"text-align: justify;\"><strong>Atminimo akmuo Etai Odesaitei \u012frengtas J. Tumo-Vai\u017eganto gatv\u0117je, netoli vietos, kurioje ji gyveno. Etos namas nei\u0161liko.<\/strong><\/p>\n<p>Atminimo akmuo Etai Odesaitei \u012fd\u0117tas Kuli\u0173 gimnazijos moksleivi\u0173, mokytojo Kazimiero Garasimavi\u010diaus ir Kuli\u0173 kra\u0161to muziejaus vadovo Andriaus Petrai\u010dio\u00a0 iniciatyva.<\/p>\n","protected":false},"excerpt":{"rendered":"<p>Eta Odesait\u0117 (g. 1922 m., nu\u017eudyta 1944 m. liepos 19 d. Kuli\u0173 miestelyje). Eta Odesait\u0117 &#8211; paskutin\u0117 \u017eyd\u0173 tautos atstov\u0117 Kuli\u0173 miestelyje. 1941 metais, Eta buvo sugauta ir vedama kartu su kitais Kuli\u0173 \u017eydais \u012f Bruko nam\u0105, kuriame buvo \u012frengtas getas, ta\u010diau tada jai pavyko pab\u0117gti. Iki 1944 met\u0173 vasaros j\u0105 slapst\u0117 net keturios kuli\u0161ki\u0173<\/p>\n","protected":false},"author":15,"featured_media":0,"parent":17940,"menu_order":0,"comment_status":"closed","ping_status":"closed","template":"page-akmenys-vidinis.php","meta":{"_acf_changed":false,"footnotes":""},"class_list":["post-17945","page","type-page","status-publish","hentry"],"acf":[],"yoast_head":"<!-- This site is optimized with the Yoast SEO plugin v26.9 - https:\/\/yoast.com\/product\/yoast-seo-wordpress\/ -->\n<title>Eta Odesait\u0117 - Atminimo akmenys<\/title>\n<meta name=\"description\" content=\"Eta Odesait\u0117, Holokaustas Lietuvoje, Kuliai,Bruko namas\" \/>\n<meta name=\"robots\" content=\"index, follow, max-snippet:-1, max-image-preview:large, max-video-preview:-1\" \/>\n<link rel=\"canonical\" href=\"https:\/\/manoteises.lt\/atminimo-akmenys\/kuliai\/eta-odesaite\/\" \/>\n<meta name=\"twitter:label1\" content=\"Est. reading time\" \/>\n\t<meta name=\"twitter:data1\" content=\"1 minute\" \/>\n<script type=\"application\/ld+json\" class=\"yoast-schema-graph\">{\"@context\":\"https:\/\/schema.org\",\"@graph\":[{\"@type\":\"WebPage\",\"@id\":\"https:\/\/manoteises.lt\/atminimo-akmenys\/kuliai\/eta-odesaite\/\",\"url\":\"https:\/\/manoteises.lt\/atminimo-akmenys\/kuliai\/eta-odesaite\/\",\"name\":\"Eta Odesait\u0117\",\"isPartOf\":{\"@id\":\"https:\/\/manoteises.lt\/atminimo-akmenys\/#website\"},\"datePublished\":\"2018-09-01T11:11:44+00:00\",\"dateModified\":\"2020-10-21T11:50:48+00:00\",\"description\":\"Eta Odesait\u0117, Holokaustas Lietuvoje, Kuliai,Bruko namas\",\"breadcrumb\":{\"@id\":\"https:\/\/manoteises.lt\/atminimo-akmenys\/kuliai\/eta-odesaite\/#breadcrumb\"},\"inLanguage\":\"en-US\",\"potentialAction\":[{\"@type\":\"ReadAction\",\"target\":[\"https:\/\/manoteises.lt\/atminimo-akmenys\/kuliai\/eta-odesaite\/\"]}]},{\"@type\":\"BreadcrumbList\",\"@id\":\"https:\/\/manoteises.lt\/atminimo-akmenys\/kuliai\/eta-odesaite\/#breadcrumb\",\"itemListElement\":[{\"@type\":\"ListItem\",\"position\":1,\"name\":\"Home\",\"item\":\"https:\/\/manoteises.lt\/atminimo-akmenys\/\"},{\"@type\":\"ListItem\",\"position\":2,\"name\":\"Kuliai (Plung\u0117s raj.)\",\"item\":\"https:\/\/manoteises.lt\/atminimo-akmenys\/kuliai\/\"},{\"@type\":\"ListItem\",\"position\":3,\"name\":\"Eta Odesait\u0117\"}]},{\"@type\":\"WebSite\",\"@id\":\"https:\/\/manoteises.lt\/atminimo-akmenys\/#website\",\"url\":\"https:\/\/manoteises.lt\/atminimo-akmenys\/\",\"name\":\"Atminimo akmenys\",\"description\":\"\",\"potentialAction\":[{\"@type\":\"SearchAction\",\"target\":{\"@type\":\"EntryPoint\",\"urlTemplate\":\"https:\/\/manoteises.lt\/atminimo-akmenys\/?s={search_term_string}\"},\"query-input\":{\"@type\":\"PropertyValueSpecification\",\"valueRequired\":true,\"valueName\":\"search_term_string\"}}],\"inLanguage\":\"en-US\"}]}<\/script>\n<!-- \/ Yoast SEO plugin. -->","yoast_head_json":{"title":"Eta Odesait\u0117 - Atminimo akmenys","description":"Eta Odesait\u0117, Holokaustas Lietuvoje, Kuliai,Bruko namas","robots":{"index":"index","follow":"follow","max-snippet":"max-snippet:-1","max-image-preview":"max-image-preview:large","max-video-preview":"max-video-preview:-1"},"canonical":"https:\/\/manoteises.lt\/atminimo-akmenys\/kuliai\/eta-odesaite\/","twitter_misc":{"Est. reading time":"1 minute"},"schema":{"@context":"https:\/\/schema.org","@graph":[{"@type":"WebPage","@id":"https:\/\/manoteises.lt\/atminimo-akmenys\/kuliai\/eta-odesaite\/","url":"https:\/\/manoteises.lt\/atminimo-akmenys\/kuliai\/eta-odesaite\/","name":"Eta Odesait\u0117","isPartOf":{"@id":"https:\/\/manoteises.lt\/atminimo-akmenys\/#website"},"datePublished":"2018-09-01T11:11:44+00:00","dateModified":"2020-10-21T11:50:48+00:00","description":"Eta Odesait\u0117, Holokaustas Lietuvoje, Kuliai,Bruko namas","breadcrumb":{"@id":"https:\/\/manoteises.lt\/atminimo-akmenys\/kuliai\/eta-odesaite\/#breadcrumb"},"inLanguage":"en-US","potentialAction":[{"@type":"ReadAction","target":["https:\/\/manoteises.lt\/atminimo-akmenys\/kuliai\/eta-odesaite\/"]}]},{"@type":"BreadcrumbList","@id":"https:\/\/manoteises.lt\/atminimo-akmenys\/kuliai\/eta-odesaite\/#breadcrumb","itemListElement":[{"@type":"ListItem","position":1,"name":"Home","item":"https:\/\/manoteises.lt\/atminimo-akmenys\/"},{"@type":"ListItem","position":2,"name":"Kuliai (Plung\u0117s raj.)","item":"https:\/\/manoteises.lt\/atminimo-akmenys\/kuliai\/"},{"@type":"ListItem","position":3,"name":"Eta Odesait\u0117"}]},{"@type":"WebSite","@id":"https:\/\/manoteises.lt\/atminimo-akmenys\/#website","url":"https:\/\/manoteises.lt\/atminimo-akmenys\/","name":"Atminimo akmenys","description":"","potentialAction":[{"@type":"SearchAction","target":{"@type":"EntryPoint","urlTemplate":"https:\/\/manoteises.lt\/atminimo-akmenys\/?s={search_term_string}"},"query-input":{"@type":"PropertyValueSpecification","valueRequired":true,"valueName":"search_term_string"}}],"inLanguage":"en-US"}]}},"_links":{"self":[{"href":"https:\/\/manoteises.lt\/atminimo-akmenys\/wp-json\/wp\/v2\/pages\/17945","targetHints":{"allow":["GET"]}}],"collection":[{"href":"https:\/\/manoteises.lt\/atminimo-akmenys\/wp-json\/wp\/v2\/pages"}],"about":[{"href":"https:\/\/manoteises.lt\/atminimo-akmenys\/wp-json\/wp\/v2\/types\/page"}],"author":[{"embeddable":true,"href":"https:\/\/manoteises.lt\/atminimo-akmenys\/wp-json\/wp\/v2\/users\/15"}],"replies":[{"embeddable":true,"href":"https:\/\/manoteises.lt\/atminimo-akmenys\/wp-json\/wp\/v2\/comments?post=17945"}],"version-history":[{"count":1,"href":"https:\/\/manoteises.lt\/atminimo-akmenys\/wp-json\/wp\/v2\/pages\/17945\/revisions"}],"predecessor-version":[{"id":23163,"href":"https:\/\/manoteises.lt\/atminimo-akmenys\/wp-json\/wp\/v2\/pages\/17945\/revisions\/23163"}],"up":[{"embeddable":true,"href":"https:\/\/manoteises.lt\/atminimo-akmenys\/wp-json\/wp\/v2\/pages\/17940"}],"wp:attachment":[{"href":"https:\/\/manoteises.lt\/atminimo-akmenys\/wp-json\/wp\/v2\/media?parent=17945"}],"curies":[{"name":"wp","href":"https:\/\/api.w.org\/{rel}","templated":true}]}}