{"id":17958,"date":"2018-09-01T14:16:49","date_gmt":"2018-09-01T11:16:49","guid":{"rendered":"http:\/\/manoteises.lt\/?page_id=17958"},"modified":"2022-07-12T19:33:05","modified_gmt":"2022-07-12T16:33:05","slug":"plunge","status":"publish","type":"page","link":"https:\/\/manoteises.lt\/atminimo-akmenys\/plunge\/","title":{"rendered":"Plung\u0117"},"content":{"rendered":"<p style=\"text-align: justify;\">Manoma, jog \u017eydai Plung\u0117je apsigyveno dar XVII am\u017eiuje, o 1923 metais jie sudar\u0117 apie 44 proc. vis\u0173 miesto gyventoj\u0173.<\/p>\n<p style=\"text-align: justify;\">1941 m. liepos m\u0117nes\u012f naciams pasiekus Plung\u0119, didel\u0117 ir aktyvi miesto \u017eyd\u0173 bendruomen\u0117 buvo sunaikinta.<\/p>\n<p style=\"text-align: justify;\">Iki karo Plung\u0117s \u017eydai, gal\u0117j\u0119 d\u017eiaugtis kult\u016brine autonomija \u2013 sinagogomis, mokyklomis, knyg\u0173 spausdinimu \u017eyd\u0173 kalba \u2013 dabar tur\u0117jo kovoti u\u017e savo i\u0161gyvenim\u0105. Plung\u0117s rajone skai\u010diuojama apie 10 masinio \u017eyd\u0173 \u017eudymo viet\u0173, ta\u010diau \u0161alia Plung\u0117s esantis Kau\u0161\u0117n\u0173 kaimelio mi\u0161kelis tapo masi\u0161kiausia \u017eyd\u0173 naikinimo vieta \u0161iose apylink\u0117se \u2013 ten nu\u017eudyta ir palaidota apie 1800 \u017eyd\u0173 bendruomen\u0117s nari\u0173. I\u0161 prad\u017ei\u0173 \u0161ie \u017emon\u0117s 2 savaites buvo laikomi u\u017edaryti Plung\u0117s sinagogoje be maisto, antisanitarin\u0117mis s\u0105lygomis, o v\u0117liau varomi apie 5 kilometrus \u012f min\u0117t\u0105j\u0105 egzekucijos viet\u0105.<\/p>\n<p style=\"text-align: justify;\">2011 m., minint 70-\u0105sias Kau\u0161\u0117n\u0173 \u017eudyni\u0173 metines, pastatyta Atminties siena, kurioje panaudotos 1800 nugriautos Plung\u0117s sinagogos plytos, simbolizuojan\u010dios \u010dia nu\u017eudytus \u017emones.<\/p>\n","protected":false},"excerpt":{"rendered":"<p>Manoma, jog \u017eydai Plung\u0117je apsigyveno dar XVII am\u017eiuje, o 1923 metais jie sudar\u0117 apie 44 proc. vis\u0173 miesto gyventoj\u0173. 1941 m. liepos m\u0117nes\u012f naciams pasiekus Plung\u0119, didel\u0117 ir aktyvi miesto \u017eyd\u0173 bendruomen\u0117 buvo sunaikinta. Iki karo Plung\u0117s \u017eydai, gal\u0117j\u0119 d\u017eiaugtis kult\u016brine autonomija \u2013 sinagogomis, mokyklomis, knyg\u0173 spausdinimu \u017eyd\u0173 kalba \u2013 dabar tur\u0117jo kovoti u\u017e savo<\/p>\n","protected":false},"author":15,"featured_media":0,"parent":0,"menu_order":9,"comment_status":"closed","ping_status":"closed","template":"page-akmenys-miestas.php","meta":{"_acf_changed":false,"footnotes":""},"class_list":["post-17958","page","type-page","status-publish","hentry"],"acf":[],"yoast_head":"<!-- This site is optimized with the Yoast SEO plugin v26.9 - https:\/\/yoast.com\/product\/yoast-seo-wordpress\/ -->\n<title>Plung\u0117 - Atminimo akmenys<\/title>\n<meta name=\"description\" content=\"Plung\u0117, Holokaustas, Kau\u0161\u0117nai, Plung\u0117s \u017eyd\u0173 bendruomen\u0117, Atminimo akmenys\" \/>\n<meta name=\"robots\" content=\"index, follow, max-snippet:-1, max-image-preview:large, max-video-preview:-1\" \/>\n<link rel=\"canonical\" href=\"https:\/\/manoteises.lt\/atminimo-akmenys\/plunge\/\" \/>\n<meta name=\"twitter:label1\" content=\"Est. reading time\" \/>\n\t<meta name=\"twitter:data1\" content=\"1 minute\" \/>\n<script type=\"application\/ld+json\" class=\"yoast-schema-graph\">{\"@context\":\"https:\/\/schema.org\",\"@graph\":[{\"@type\":\"WebPage\",\"@id\":\"https:\/\/manoteises.lt\/atminimo-akmenys\/plunge\/\",\"url\":\"https:\/\/manoteises.lt\/atminimo-akmenys\/plunge\/\",\"name\":\"Plung\u0117\",\"isPartOf\":{\"@id\":\"https:\/\/manoteises.lt\/atminimo-akmenys\/#website\"},\"datePublished\":\"2018-09-01T11:16:49+00:00\",\"dateModified\":\"2022-07-12T16:33:05+00:00\",\"description\":\"Plung\u0117, Holokaustas, Kau\u0161\u0117nai, Plung\u0117s \u017eyd\u0173 bendruomen\u0117, Atminimo akmenys\",\"breadcrumb\":{\"@id\":\"https:\/\/manoteises.lt\/atminimo-akmenys\/plunge\/#breadcrumb\"},\"inLanguage\":\"en-US\",\"potentialAction\":[{\"@type\":\"ReadAction\",\"target\":[\"https:\/\/manoteises.lt\/atminimo-akmenys\/plunge\/\"]}]},{\"@type\":\"BreadcrumbList\",\"@id\":\"https:\/\/manoteises.lt\/atminimo-akmenys\/plunge\/#breadcrumb\",\"itemListElement\":[{\"@type\":\"ListItem\",\"position\":1,\"name\":\"Home\",\"item\":\"https:\/\/manoteises.lt\/atminimo-akmenys\/\"},{\"@type\":\"ListItem\",\"position\":2,\"name\":\"Plung\u0117\"}]},{\"@type\":\"WebSite\",\"@id\":\"https:\/\/manoteises.lt\/atminimo-akmenys\/#website\",\"url\":\"https:\/\/manoteises.lt\/atminimo-akmenys\/\",\"name\":\"Atminimo akmenys\",\"description\":\"\",\"potentialAction\":[{\"@type\":\"SearchAction\",\"target\":{\"@type\":\"EntryPoint\",\"urlTemplate\":\"https:\/\/manoteises.lt\/atminimo-akmenys\/?s={search_term_string}\"},\"query-input\":{\"@type\":\"PropertyValueSpecification\",\"valueRequired\":true,\"valueName\":\"search_term_string\"}}],\"inLanguage\":\"en-US\"}]}<\/script>\n<!-- \/ Yoast SEO plugin. -->","yoast_head_json":{"title":"Plung\u0117 - Atminimo akmenys","description":"Plung\u0117, Holokaustas, Kau\u0161\u0117nai, Plung\u0117s \u017eyd\u0173 bendruomen\u0117, Atminimo akmenys","robots":{"index":"index","follow":"follow","max-snippet":"max-snippet:-1","max-image-preview":"max-image-preview:large","max-video-preview":"max-video-preview:-1"},"canonical":"https:\/\/manoteises.lt\/atminimo-akmenys\/plunge\/","twitter_misc":{"Est. reading time":"1 minute"},"schema":{"@context":"https:\/\/schema.org","@graph":[{"@type":"WebPage","@id":"https:\/\/manoteises.lt\/atminimo-akmenys\/plunge\/","url":"https:\/\/manoteises.lt\/atminimo-akmenys\/plunge\/","name":"Plung\u0117","isPartOf":{"@id":"https:\/\/manoteises.lt\/atminimo-akmenys\/#website"},"datePublished":"2018-09-01T11:16:49+00:00","dateModified":"2022-07-12T16:33:05+00:00","description":"Plung\u0117, Holokaustas, Kau\u0161\u0117nai, Plung\u0117s \u017eyd\u0173 bendruomen\u0117, Atminimo akmenys","breadcrumb":{"@id":"https:\/\/manoteises.lt\/atminimo-akmenys\/plunge\/#breadcrumb"},"inLanguage":"en-US","potentialAction":[{"@type":"ReadAction","target":["https:\/\/manoteises.lt\/atminimo-akmenys\/plunge\/"]}]},{"@type":"BreadcrumbList","@id":"https:\/\/manoteises.lt\/atminimo-akmenys\/plunge\/#breadcrumb","itemListElement":[{"@type":"ListItem","position":1,"name":"Home","item":"https:\/\/manoteises.lt\/atminimo-akmenys\/"},{"@type":"ListItem","position":2,"name":"Plung\u0117"}]},{"@type":"WebSite","@id":"https:\/\/manoteises.lt\/atminimo-akmenys\/#website","url":"https:\/\/manoteises.lt\/atminimo-akmenys\/","name":"Atminimo akmenys","description":"","potentialAction":[{"@type":"SearchAction","target":{"@type":"EntryPoint","urlTemplate":"https:\/\/manoteises.lt\/atminimo-akmenys\/?s={search_term_string}"},"query-input":{"@type":"PropertyValueSpecification","valueRequired":true,"valueName":"search_term_string"}}],"inLanguage":"en-US"}]}},"_links":{"self":[{"href":"https:\/\/manoteises.lt\/atminimo-akmenys\/wp-json\/wp\/v2\/pages\/17958","targetHints":{"allow":["GET"]}}],"collection":[{"href":"https:\/\/manoteises.lt\/atminimo-akmenys\/wp-json\/wp\/v2\/pages"}],"about":[{"href":"https:\/\/manoteises.lt\/atminimo-akmenys\/wp-json\/wp\/v2\/types\/page"}],"author":[{"embeddable":true,"href":"https:\/\/manoteises.lt\/atminimo-akmenys\/wp-json\/wp\/v2\/users\/15"}],"replies":[{"embeddable":true,"href":"https:\/\/manoteises.lt\/atminimo-akmenys\/wp-json\/wp\/v2\/comments?post=17958"}],"version-history":[{"count":1,"href":"https:\/\/manoteises.lt\/atminimo-akmenys\/wp-json\/wp\/v2\/pages\/17958\/revisions"}],"predecessor-version":[{"id":23169,"href":"https:\/\/manoteises.lt\/atminimo-akmenys\/wp-json\/wp\/v2\/pages\/17958\/revisions\/23169"}],"wp:attachment":[{"href":"https:\/\/manoteises.lt\/atminimo-akmenys\/wp-json\/wp\/v2\/media?parent=17958"}],"curies":[{"name":"wp","href":"https:\/\/api.w.org\/{rel}","templated":true}]}}