{"id":17964,"date":"2018-09-01T14:28:38","date_gmt":"2018-09-01T11:28:38","guid":{"rendered":"http:\/\/manoteises.lt\/?page_id=17964"},"modified":"2020-10-21T14:51:20","modified_gmt":"2020-10-21T11:51:20","slug":"masa-rolnikaite","status":"publish","type":"page","link":"https:\/\/manoteises.lt\/atminimo-akmenys\/plunge\/masa-rolnikaite\/","title":{"rendered":"Ma\u0161a Rolnikait\u0117"},"content":{"rendered":"<h1 style=\"text-align: justify;\"><strong>Ma\u0161a Rolnikait\u0117<\/strong><\/h1>\n<p style=\"text-align: justify;\">( g. 1927 m. liepos 21 d. Klaip\u0117doje, mir\u0117 2016 m. Sankt Peterburge).<\/p>\n<p style=\"text-align: justify;\">Ma\u0161a Rolnikait\u0117 vaikyst\u0119 praleido Plung\u0117je, prie\u0161 Antr\u0105j\u012f pasaulin\u012f kar\u0105 su \u0161eima persik\u0117l\u0117 \u012f Vilni\u0173. B\u016bdama 14 met\u0173 pateko \u012f Vilniaus \u017eyd\u0173 get\u0105, po to \u012f Strazdamui\u017eos (Latvija) ir \u0160tuthofo (dabartin\u0117 Lenkija) koncentracijos stovyklas. Siaubing\u0105 mirties stovykl\u0173 patirt\u012f ji perteik\u0117 savo dokumentin\u0117je apysakoje \u201eTuriu papasakoti\u201c (1963), kuri yra i\u0161versta \u012f a\u0161tuoniolika kalb\u0173.<\/p>\n<p style=\"text-align: justify;\">Apysakoje \u201eKam \u017emogui veidrodis?\u201c (1990) ra\u0161ytoja pasakoja apie savo vaikyst\u0119 Plung\u0117je, \u0161io tarpsnio reik\u0161m\u0119 \u017emogaus gyvenimui. Pasakotoja \u2013 subrendusi moteris \u2013 i\u0161 laiko perspektyvos vertina savo vaiki\u0161k\u0105 patirt\u012f, prisimena brangiausius \u017emones.<\/p>\n<p style=\"text-align: justify;\">Po karo M. Rolnikait\u0117 gyveno ir dirbo Vilniuje, \u012fgijo lietuvi\u0161kos vakarin\u0117s mokyklos brandos atestat\u0105, neakivaizdiniu b\u016bdu baig\u0117 Maskvos M. Gorkio institut\u0105. Nuo 1965 m. prozinink\u0117 Ma\u0161a Rolnikait\u0117 gyveno Sankt Peterburge, kur 2016 m. baland\u017eio 7 d. ir mir\u0117.<\/p>\n<p style=\"text-align: justify;\">2015 m. Holokausto min\u0117jime Sankt Peterburge Ma\u0161a Rolnikait\u0117 pasak\u0117: \u201eKankini\u0173 mirtimi mir\u0117 \u0161e\u0161i milijonai vien \u017eyd\u0173 tautyb\u0117s \u017emoni\u0173. Apie tai gyvieji, ypa\u010d jaunimas, neturi ties\u0117s pamir\u0161ti. Neapykanta labai, labai pavojingas ginklas. A\u0161 nekvie\u010diu nuolat ged\u0117ti. Gyvieji turi gyventi. Tiesa, gyventi oriai\u201c.<\/p>\n<p><strong>Atminimo akmuo Ma\u0161ai Rolnikaitei \u012frengtas\u00a0Laisv\u0117s al. 11, kur M. Rolnikait\u0117 gyveno vaikyst\u0117je.<\/strong><\/p>\n<p>Atminimo akmuo Ma\u0161ai Rolnikaitei \u012fd\u0117tas Plung\u0117s \u201eSaul\u0117s\u201c Gimnazijos, Plung\u0117s Senamies\u010dio mokyklos moksleivi\u0173 bei mokytoj\u0173 Jolantos Ma\u017eukn\u0117s ir R\u016btos Paulikien\u0117s iniciatyva.<\/p>\n","protected":false},"excerpt":{"rendered":"<p>Ma\u0161a Rolnikait\u0117 ( g. 1927 m. liepos 21 d. Klaip\u0117doje, mir\u0117 2016 m. Sankt Peterburge). Ma\u0161a Rolnikait\u0117 vaikyst\u0119 praleido Plung\u0117je, prie\u0161 Antr\u0105j\u012f pasaulin\u012f kar\u0105 su \u0161eima persik\u0117l\u0117 \u012f Vilni\u0173. B\u016bdama 14 met\u0173 pateko \u012f Vilniaus \u017eyd\u0173 get\u0105, po to \u012f Strazdamui\u017eos (Latvija) ir \u0160tuthofo (dabartin\u0117 Lenkija) koncentracijos stovyklas. Siaubing\u0105 mirties stovykl\u0173 patirt\u012f ji perteik\u0117 savo<\/p>\n","protected":false},"author":15,"featured_media":0,"parent":17958,"menu_order":0,"comment_status":"closed","ping_status":"closed","template":"page-akmenys-vidinis.php","meta":{"_acf_changed":false,"footnotes":""},"class_list":["post-17964","page","type-page","status-publish","hentry"],"acf":[],"yoast_head":"<!-- This site is optimized with the Yoast SEO plugin v26.9 - https:\/\/yoast.com\/product\/yoast-seo-wordpress\/ -->\n<title>Ma\u0161a Rolnikait\u0117 - Atminimo akmenys<\/title>\n<meta name=\"description\" content=\"Ma\u0161a Rolnikait\u0117, Plung\u0117, Holokaustas Lietuvoje, \u201eKam \u017emogui veidrodis?\u201c, \u201eTuriu papasakoti\u201c, Strazdamui\u017eos koncentracijos stovykla, \u0160tuthofo koncentracijos stovykla, Atminimo akmenys, Stolpersteine\" \/>\n<meta name=\"robots\" content=\"index, follow, max-snippet:-1, max-image-preview:large, max-video-preview:-1\" \/>\n<link rel=\"canonical\" href=\"https:\/\/manoteises.lt\/atminimo-akmenys\/plunge\/masa-rolnikaite\/\" \/>\n<meta name=\"twitter:label1\" content=\"Est. reading time\" \/>\n\t<meta name=\"twitter:data1\" content=\"1 minute\" \/>\n<script type=\"application\/ld+json\" class=\"yoast-schema-graph\">{\"@context\":\"https:\/\/schema.org\",\"@graph\":[{\"@type\":\"WebPage\",\"@id\":\"https:\/\/manoteises.lt\/atminimo-akmenys\/plunge\/masa-rolnikaite\/\",\"url\":\"https:\/\/manoteises.lt\/atminimo-akmenys\/plunge\/masa-rolnikaite\/\",\"name\":\"Ma\u0161a Rolnikait\u0117\",\"isPartOf\":{\"@id\":\"https:\/\/manoteises.lt\/atminimo-akmenys\/#website\"},\"datePublished\":\"2018-09-01T11:28:38+00:00\",\"dateModified\":\"2020-10-21T11:51:20+00:00\",\"description\":\"Ma\u0161a Rolnikait\u0117, Plung\u0117, Holokaustas Lietuvoje, \u201eKam \u017emogui veidrodis?\u201c, \u201eTuriu papasakoti\u201c, Strazdamui\u017eos koncentracijos stovykla, \u0160tuthofo koncentracijos stovykla, Atminimo akmenys, Stolpersteine\",\"breadcrumb\":{\"@id\":\"https:\/\/manoteises.lt\/atminimo-akmenys\/plunge\/masa-rolnikaite\/#breadcrumb\"},\"inLanguage\":\"en-US\",\"potentialAction\":[{\"@type\":\"ReadAction\",\"target\":[\"https:\/\/manoteises.lt\/atminimo-akmenys\/plunge\/masa-rolnikaite\/\"]}]},{\"@type\":\"BreadcrumbList\",\"@id\":\"https:\/\/manoteises.lt\/atminimo-akmenys\/plunge\/masa-rolnikaite\/#breadcrumb\",\"itemListElement\":[{\"@type\":\"ListItem\",\"position\":1,\"name\":\"Home\",\"item\":\"https:\/\/manoteises.lt\/atminimo-akmenys\/\"},{\"@type\":\"ListItem\",\"position\":2,\"name\":\"Plung\u0117\",\"item\":\"https:\/\/manoteises.lt\/atminimo-akmenys\/plunge\/\"},{\"@type\":\"ListItem\",\"position\":3,\"name\":\"Ma\u0161a Rolnikait\u0117\"}]},{\"@type\":\"WebSite\",\"@id\":\"https:\/\/manoteises.lt\/atminimo-akmenys\/#website\",\"url\":\"https:\/\/manoteises.lt\/atminimo-akmenys\/\",\"name\":\"Atminimo akmenys\",\"description\":\"\",\"potentialAction\":[{\"@type\":\"SearchAction\",\"target\":{\"@type\":\"EntryPoint\",\"urlTemplate\":\"https:\/\/manoteises.lt\/atminimo-akmenys\/?s={search_term_string}\"},\"query-input\":{\"@type\":\"PropertyValueSpecification\",\"valueRequired\":true,\"valueName\":\"search_term_string\"}}],\"inLanguage\":\"en-US\"}]}<\/script>\n<!-- \/ Yoast SEO plugin. -->","yoast_head_json":{"title":"Ma\u0161a Rolnikait\u0117 - Atminimo akmenys","description":"Ma\u0161a Rolnikait\u0117, Plung\u0117, Holokaustas Lietuvoje, \u201eKam \u017emogui veidrodis?\u201c, \u201eTuriu papasakoti\u201c, Strazdamui\u017eos koncentracijos stovykla, \u0160tuthofo koncentracijos stovykla, Atminimo akmenys, Stolpersteine","robots":{"index":"index","follow":"follow","max-snippet":"max-snippet:-1","max-image-preview":"max-image-preview:large","max-video-preview":"max-video-preview:-1"},"canonical":"https:\/\/manoteises.lt\/atminimo-akmenys\/plunge\/masa-rolnikaite\/","twitter_misc":{"Est. reading time":"1 minute"},"schema":{"@context":"https:\/\/schema.org","@graph":[{"@type":"WebPage","@id":"https:\/\/manoteises.lt\/atminimo-akmenys\/plunge\/masa-rolnikaite\/","url":"https:\/\/manoteises.lt\/atminimo-akmenys\/plunge\/masa-rolnikaite\/","name":"Ma\u0161a Rolnikait\u0117","isPartOf":{"@id":"https:\/\/manoteises.lt\/atminimo-akmenys\/#website"},"datePublished":"2018-09-01T11:28:38+00:00","dateModified":"2020-10-21T11:51:20+00:00","description":"Ma\u0161a Rolnikait\u0117, Plung\u0117, Holokaustas Lietuvoje, \u201eKam \u017emogui veidrodis?\u201c, \u201eTuriu papasakoti\u201c, Strazdamui\u017eos koncentracijos stovykla, \u0160tuthofo koncentracijos stovykla, Atminimo akmenys, Stolpersteine","breadcrumb":{"@id":"https:\/\/manoteises.lt\/atminimo-akmenys\/plunge\/masa-rolnikaite\/#breadcrumb"},"inLanguage":"en-US","potentialAction":[{"@type":"ReadAction","target":["https:\/\/manoteises.lt\/atminimo-akmenys\/plunge\/masa-rolnikaite\/"]}]},{"@type":"BreadcrumbList","@id":"https:\/\/manoteises.lt\/atminimo-akmenys\/plunge\/masa-rolnikaite\/#breadcrumb","itemListElement":[{"@type":"ListItem","position":1,"name":"Home","item":"https:\/\/manoteises.lt\/atminimo-akmenys\/"},{"@type":"ListItem","position":2,"name":"Plung\u0117","item":"https:\/\/manoteises.lt\/atminimo-akmenys\/plunge\/"},{"@type":"ListItem","position":3,"name":"Ma\u0161a Rolnikait\u0117"}]},{"@type":"WebSite","@id":"https:\/\/manoteises.lt\/atminimo-akmenys\/#website","url":"https:\/\/manoteises.lt\/atminimo-akmenys\/","name":"Atminimo akmenys","description":"","potentialAction":[{"@type":"SearchAction","target":{"@type":"EntryPoint","urlTemplate":"https:\/\/manoteises.lt\/atminimo-akmenys\/?s={search_term_string}"},"query-input":{"@type":"PropertyValueSpecification","valueRequired":true,"valueName":"search_term_string"}}],"inLanguage":"en-US"}]}},"_links":{"self":[{"href":"https:\/\/manoteises.lt\/atminimo-akmenys\/wp-json\/wp\/v2\/pages\/17964","targetHints":{"allow":["GET"]}}],"collection":[{"href":"https:\/\/manoteises.lt\/atminimo-akmenys\/wp-json\/wp\/v2\/pages"}],"about":[{"href":"https:\/\/manoteises.lt\/atminimo-akmenys\/wp-json\/wp\/v2\/types\/page"}],"author":[{"embeddable":true,"href":"https:\/\/manoteises.lt\/atminimo-akmenys\/wp-json\/wp\/v2\/users\/15"}],"replies":[{"embeddable":true,"href":"https:\/\/manoteises.lt\/atminimo-akmenys\/wp-json\/wp\/v2\/comments?post=17964"}],"version-history":[{"count":1,"href":"https:\/\/manoteises.lt\/atminimo-akmenys\/wp-json\/wp\/v2\/pages\/17964\/revisions"}],"predecessor-version":[{"id":23170,"href":"https:\/\/manoteises.lt\/atminimo-akmenys\/wp-json\/wp\/v2\/pages\/17964\/revisions\/23170"}],"up":[{"embeddable":true,"href":"https:\/\/manoteises.lt\/atminimo-akmenys\/wp-json\/wp\/v2\/pages\/17958"}],"wp:attachment":[{"href":"https:\/\/manoteises.lt\/atminimo-akmenys\/wp-json\/wp\/v2\/media?parent=17964"}],"curies":[{"name":"wp","href":"https:\/\/api.w.org\/{rel}","templated":true}]}}