{"id":17971,"date":"2018-09-01T14:39:00","date_gmt":"2018-09-01T11:39:00","guid":{"rendered":"http:\/\/manoteises.lt\/?page_id=17971"},"modified":"2020-10-21T14:51:24","modified_gmt":"2020-10-21T11:51:24","slug":"mendelis-rilas","status":"publish","type":"page","link":"https:\/\/manoteises.lt\/atminimo-akmenys\/plunge\/mendelis-rilas\/","title":{"rendered":"Mendelis Rilas"},"content":{"rendered":"<h1 style=\"text-align: justify;\"><strong>Mendelis Rilas<\/strong><\/h1>\n<p style=\"text-align: justify;\">(g.\u00a01875, nu\u017eudytas 1941 m. Skaudvil\u0117je).<\/p>\n<p style=\"text-align: justify;\"><em>(I\u0161 paskutinio Plung\u0117s \u017eydo Jakovo Bunkos atsiminim\u0173 apie savo senel\u012f Mendel\u012f Ril\u0105)<\/em><\/p>\n<p style=\"text-align: justify;\">Senelis i\u0161 motinos pus\u0117s Mendelis Rilas gydydavo \u201ero\u017ee\u201c vadinama liga sergan\u010dius ligonius, nes gydytojai buvo bej\u0117giai. Tai iliustruoja iki \u0161io laiko i\u0161lik\u0119s \u017eemaiti\u0161kas pasakymas, kad yra trys \u201esmer\u010dio\u201c (mirties) prie\u017eastys: \u201e\u010diongs, ruo\u017e\u0117 \u0117 i\u0161gostis\u201c (skersv\u0117jis, ro\u017e\u0117 ir i\u0161g\u0105stis).<\/p>\n<p style=\"text-align: justify;\">Pas senel\u012f, kur\u012f dabar vadintume ekstrasensu, ateidavo ir atva\u017eiuodavo ne tik \u017eydai, bet ir \u017eemai\u010diai i\u0161 visos Plung\u0117s apylink\u0117s ir tolimesni\u0173 kaim\u0173 bei miesteli\u0173. \u012e stiklin\u0119 jis \u012fpildavo vandens arba, jei ligonis atsine\u0161davo, limonado, eidavo \u012f kit\u0105 kambar\u012f, nes savo u\u017ekalb\u0117jim\u0105 laik\u0117 paslaptyje, ka\u017ek\u0105 murm\u0117damas de\u0161in\u0117s rankos rodomuoju pir\u0161tu ved\u017eiodavo \u2013 sukdavo aplink stiklin\u0119 kelet\u0105 minu\u010di\u0173. Baig\u0119s u\u017ekalb\u0117jim\u0105, atne\u0161davo pacientui, liepdavo gerti po \u0161auk\u0161tel\u012f kelis kartus per dien\u0105, o jei reik\u0117s, pra\u0161\u0117 ateiti dar kart\u0105.<\/p>\n<p style=\"text-align: justify;\">I\u0161 anksto jokio u\u017emokes\u010dio neimdavo ir apskritai jo nepra\u0161ydavo. Jeigu pagij\u0119s atne\u0161davo dovan\u0173, priimdavo, o jeigu ne \u2013 blogo \u017eod\u017eio nesakydavo.<\/p>\n<p style=\"text-align: justify;\">Man nedav\u0117 ramyb\u0117s tas b\u016brimas, labai nor\u0117jau su\u017einoti paslapt\u012f ir pra\u0161iau, kad pasakyt\u0173, bet senelis pa\u017ead\u0117jo paai\u0161kinti, kai jis bus labai senas. Tik savo gilios senatv\u0117s senelis nesulauk\u0117, j\u012f kartu su senele ir viena mano sesute nu\u017eud\u0117 Skaudvil\u0117je, \u012f kuri\u0105 jie buvo nuva\u017eiav\u0119 aplankyti ten nutek\u0117jusios dukros. Taip senelis savo paslapt\u012f nusine\u0161\u0117 \u012f kapus.<\/p>\n<p style=\"text-align: justify;\">Ne visi tik\u0117jo tokiu u\u017ekalb\u0117jimu, bet daug \u017emoni\u0173 i\u0161gydavo. Kart\u0105 i\u0161 kaimo t\u0117vai atve\u017e\u0117 sutinusi\u0105, raudonu veideliu mergait\u0119. Jie sak\u0117 apie senel\u012f su\u017einoj\u0119 i\u0161 i\u0161gijusio kaimyno ir meld\u0117 pad\u0117ti, nes gydytojai tik rankomis sk\u0117s\u010diojo, o jis es\u0105s j\u0173 paskutin\u0117 viltis. Senelis v\u0117l pakartojo vandens u\u017ekalb\u0117jim\u0105, liep\u0117 juo girdyti mergait\u0119, dar apie jos veidel\u012f ved\u017eiojo rankomis ir u\u017esimerk\u0119s kalb\u0117jo maldel\u0119. M\u016bs\u0173 vis\u0173 nuostabai ir d\u017eiaugsmui po dviej\u0173 savai\u010di\u0173 tie \u017emon\u0117s su dukra v\u0117l atva\u017eiavo. Mergait\u0117 buvo sveika, \u017evali ir gra\u017ei, o m\u016bs\u0173 namuose liko daug dovan\u0173 &#8211; kiau\u0161ini\u0173, sviesto, grietin\u0117s, s\u016brio ir keletas gyv\u0173 vi\u0161t\u0173.<\/p>\n<p style=\"text-align: justify;\">Mendelis Rilas kartu su \u017emona Golda augino penkis vaikus. Buvo r\u016bpestingas \u0161eimos t\u0117vas, kuris verslaudamas kep\u0117 riestainius (beigelius), r\u016bk\u0117 silk\u0119. Tai buvo darb\u0161tus ir nesavanaudis \u017emogus, pasiruo\u0161\u0119s pad\u0117ti artimui.<\/p>\n<p><strong>Atminimo akmuo Mendeliui Rilui \u012frengtas\u00a0 Rietavo g. 23, kur M. Rilas gyveno ir dirbo.<\/strong><\/p>\n<p>Atminimo akmuo Mendeliui Rilui \u012fd\u0117tas Plung\u0117s \u201eSaul\u0117s\u201c Gimnazijos, Plung\u0117s Senamies\u010dio mokyklos moksleivi\u0173 bei mokytoj\u0173 Jolantos Ma\u017eukn\u0117s ir R\u016btos Paulikien\u0117s iniciatyva.<\/p>\n","protected":false},"excerpt":{"rendered":"<p>Mendelis Rilas (g.\u00a01875, nu\u017eudytas 1941 m. Skaudvil\u0117je). (I\u0161 paskutinio Plung\u0117s \u017eydo Jakovo Bunkos atsiminim\u0173 apie savo senel\u012f Mendel\u012f Ril\u0105) Senelis i\u0161 motinos pus\u0117s Mendelis Rilas gydydavo \u201ero\u017ee\u201c vadinama liga sergan\u010dius ligonius, nes gydytojai buvo bej\u0117giai. Tai iliustruoja iki \u0161io laiko i\u0161lik\u0119s \u017eemaiti\u0161kas pasakymas, kad yra trys \u201esmer\u010dio\u201c (mirties) prie\u017eastys: \u201e\u010diongs, ruo\u017e\u0117 \u0117 i\u0161gostis\u201c (skersv\u0117jis, ro\u017e\u0117<\/p>\n","protected":false},"author":15,"featured_media":0,"parent":17958,"menu_order":0,"comment_status":"closed","ping_status":"closed","template":"page-akmenys-vidinis.php","meta":{"_acf_changed":false,"footnotes":""},"class_list":["post-17971","page","type-page","status-publish","hentry"],"acf":[],"yoast_head":"<!-- This site is optimized with the Yoast SEO plugin v26.9 - https:\/\/yoast.com\/product\/yoast-seo-wordpress\/ -->\n<title>Mendelis Rilas - Atminimo akmenys<\/title>\n<meta name=\"description\" content=\"Mendelis Rilas, Jokovas Bunka, Holokaustas Plung\u0117je, Plung\u0117, Atminimo akmenys, Stolpersteine, Skaudvil\u0117, \u017demaitija, paskutinis Plug\u0117s \u017eydas\" \/>\n<meta name=\"robots\" content=\"index, follow, max-snippet:-1, max-image-preview:large, max-video-preview:-1\" \/>\n<link rel=\"canonical\" href=\"https:\/\/manoteises.lt\/atminimo-akmenys\/plunge\/mendelis-rilas\/\" \/>\n<meta name=\"twitter:label1\" content=\"Est. reading time\" \/>\n\t<meta name=\"twitter:data1\" content=\"2 minutes\" \/>\n<script type=\"application\/ld+json\" class=\"yoast-schema-graph\">{\"@context\":\"https:\/\/schema.org\",\"@graph\":[{\"@type\":\"WebPage\",\"@id\":\"https:\/\/manoteises.lt\/atminimo-akmenys\/plunge\/mendelis-rilas\/\",\"url\":\"https:\/\/manoteises.lt\/atminimo-akmenys\/plunge\/mendelis-rilas\/\",\"name\":\"Mendelis Rilas\",\"isPartOf\":{\"@id\":\"https:\/\/manoteises.lt\/atminimo-akmenys\/#website\"},\"datePublished\":\"2018-09-01T11:39:00+00:00\",\"dateModified\":\"2020-10-21T11:51:24+00:00\",\"description\":\"Mendelis Rilas, Jokovas Bunka, Holokaustas Plung\u0117je, Plung\u0117, Atminimo akmenys, Stolpersteine, Skaudvil\u0117, \u017demaitija, paskutinis Plug\u0117s \u017eydas\",\"breadcrumb\":{\"@id\":\"https:\/\/manoteises.lt\/atminimo-akmenys\/plunge\/mendelis-rilas\/#breadcrumb\"},\"inLanguage\":\"en-US\",\"potentialAction\":[{\"@type\":\"ReadAction\",\"target\":[\"https:\/\/manoteises.lt\/atminimo-akmenys\/plunge\/mendelis-rilas\/\"]}]},{\"@type\":\"BreadcrumbList\",\"@id\":\"https:\/\/manoteises.lt\/atminimo-akmenys\/plunge\/mendelis-rilas\/#breadcrumb\",\"itemListElement\":[{\"@type\":\"ListItem\",\"position\":1,\"name\":\"Home\",\"item\":\"https:\/\/manoteises.lt\/atminimo-akmenys\/\"},{\"@type\":\"ListItem\",\"position\":2,\"name\":\"Plung\u0117\",\"item\":\"https:\/\/manoteises.lt\/atminimo-akmenys\/plunge\/\"},{\"@type\":\"ListItem\",\"position\":3,\"name\":\"Mendelis Rilas\"}]},{\"@type\":\"WebSite\",\"@id\":\"https:\/\/manoteises.lt\/atminimo-akmenys\/#website\",\"url\":\"https:\/\/manoteises.lt\/atminimo-akmenys\/\",\"name\":\"Atminimo akmenys\",\"description\":\"\",\"potentialAction\":[{\"@type\":\"SearchAction\",\"target\":{\"@type\":\"EntryPoint\",\"urlTemplate\":\"https:\/\/manoteises.lt\/atminimo-akmenys\/?s={search_term_string}\"},\"query-input\":{\"@type\":\"PropertyValueSpecification\",\"valueRequired\":true,\"valueName\":\"search_term_string\"}}],\"inLanguage\":\"en-US\"}]}<\/script>\n<!-- \/ Yoast SEO plugin. -->","yoast_head_json":{"title":"Mendelis Rilas - Atminimo akmenys","description":"Mendelis Rilas, Jokovas Bunka, Holokaustas Plung\u0117je, Plung\u0117, Atminimo akmenys, Stolpersteine, Skaudvil\u0117, \u017demaitija, paskutinis Plug\u0117s \u017eydas","robots":{"index":"index","follow":"follow","max-snippet":"max-snippet:-1","max-image-preview":"max-image-preview:large","max-video-preview":"max-video-preview:-1"},"canonical":"https:\/\/manoteises.lt\/atminimo-akmenys\/plunge\/mendelis-rilas\/","twitter_misc":{"Est. reading time":"2 minutes"},"schema":{"@context":"https:\/\/schema.org","@graph":[{"@type":"WebPage","@id":"https:\/\/manoteises.lt\/atminimo-akmenys\/plunge\/mendelis-rilas\/","url":"https:\/\/manoteises.lt\/atminimo-akmenys\/plunge\/mendelis-rilas\/","name":"Mendelis Rilas","isPartOf":{"@id":"https:\/\/manoteises.lt\/atminimo-akmenys\/#website"},"datePublished":"2018-09-01T11:39:00+00:00","dateModified":"2020-10-21T11:51:24+00:00","description":"Mendelis Rilas, Jokovas Bunka, Holokaustas Plung\u0117je, Plung\u0117, Atminimo akmenys, Stolpersteine, Skaudvil\u0117, \u017demaitija, paskutinis Plug\u0117s \u017eydas","breadcrumb":{"@id":"https:\/\/manoteises.lt\/atminimo-akmenys\/plunge\/mendelis-rilas\/#breadcrumb"},"inLanguage":"en-US","potentialAction":[{"@type":"ReadAction","target":["https:\/\/manoteises.lt\/atminimo-akmenys\/plunge\/mendelis-rilas\/"]}]},{"@type":"BreadcrumbList","@id":"https:\/\/manoteises.lt\/atminimo-akmenys\/plunge\/mendelis-rilas\/#breadcrumb","itemListElement":[{"@type":"ListItem","position":1,"name":"Home","item":"https:\/\/manoteises.lt\/atminimo-akmenys\/"},{"@type":"ListItem","position":2,"name":"Plung\u0117","item":"https:\/\/manoteises.lt\/atminimo-akmenys\/plunge\/"},{"@type":"ListItem","position":3,"name":"Mendelis Rilas"}]},{"@type":"WebSite","@id":"https:\/\/manoteises.lt\/atminimo-akmenys\/#website","url":"https:\/\/manoteises.lt\/atminimo-akmenys\/","name":"Atminimo akmenys","description":"","potentialAction":[{"@type":"SearchAction","target":{"@type":"EntryPoint","urlTemplate":"https:\/\/manoteises.lt\/atminimo-akmenys\/?s={search_term_string}"},"query-input":{"@type":"PropertyValueSpecification","valueRequired":true,"valueName":"search_term_string"}}],"inLanguage":"en-US"}]}},"_links":{"self":[{"href":"https:\/\/manoteises.lt\/atminimo-akmenys\/wp-json\/wp\/v2\/pages\/17971","targetHints":{"allow":["GET"]}}],"collection":[{"href":"https:\/\/manoteises.lt\/atminimo-akmenys\/wp-json\/wp\/v2\/pages"}],"about":[{"href":"https:\/\/manoteises.lt\/atminimo-akmenys\/wp-json\/wp\/v2\/types\/page"}],"author":[{"embeddable":true,"href":"https:\/\/manoteises.lt\/atminimo-akmenys\/wp-json\/wp\/v2\/users\/15"}],"replies":[{"embeddable":true,"href":"https:\/\/manoteises.lt\/atminimo-akmenys\/wp-json\/wp\/v2\/comments?post=17971"}],"version-history":[{"count":1,"href":"https:\/\/manoteises.lt\/atminimo-akmenys\/wp-json\/wp\/v2\/pages\/17971\/revisions"}],"predecessor-version":[{"id":23171,"href":"https:\/\/manoteises.lt\/atminimo-akmenys\/wp-json\/wp\/v2\/pages\/17971\/revisions\/23171"}],"up":[{"embeddable":true,"href":"https:\/\/manoteises.lt\/atminimo-akmenys\/wp-json\/wp\/v2\/pages\/17958"}],"wp:attachment":[{"href":"https:\/\/manoteises.lt\/atminimo-akmenys\/wp-json\/wp\/v2\/media?parent=17971"}],"curies":[{"name":"wp","href":"https:\/\/api.w.org\/{rel}","templated":true}]}}