{"id":17990,"date":"2018-09-01T15:05:59","date_gmt":"2018-09-01T12:05:59","guid":{"rendered":"http:\/\/manoteises.lt\/?page_id=17990"},"modified":"2020-10-21T14:51:49","modified_gmt":"2020-10-21T11:51:49","slug":"josefas-zusmanovicius","status":"publish","type":"page","link":"https:\/\/manoteises.lt\/atminimo-akmenys\/ukmerge\/josefas-zusmanovicius\/","title":{"rendered":"Josefas Zusmanovi\u010dius"},"content":{"rendered":"<h1><strong>Josefas Zusmanovi\u010dius<\/strong><\/h1>\n<p style=\"text-align: justify;\">Remiantis Ger\u0161ono\u00a0Taico informacija, Josefas Zusmanovi\u010dius Lietuvoje i\u0161gars\u0117jo vardu \u201eGaon Yerushalmi\u201c (Jeruzal\u0117s genijus). Mok\u0117si Tel\u0161i\u0173 je\u0161ivoje, buvo paskutinis Ukmerg\u0117s rabinas.<\/p>\n<p style=\"text-align: justify;\">J. Zusmanovi\u010dius tur\u0117jo \u0161eim\u0105: \u017emona Leja, vaikai Mo\u0161e, Rachil, Hilde, Mordechal, Golda. 1941 m. rugs\u0117jo m\u0117n. Josefas Zusmonovi\u010dius su kartu savo jo \u0161eima ir kitais Umerg\u0117s rabinais nu\u017eudyti Ukmerg\u0117s Pivonijos \u0161ile.<\/p>\n<p style=\"text-align: justify;\"><strong>Atminimo akmuo \u012frengtas Vienuolyno g. 2, prie buvusio sinagogos pastato, kur J. Zusmanovi\u010dius iki mirties \u0117jo rabino pareigas.<\/strong><\/p>\n<p>Atminimo akmuo Jozifui Zusmanovi\u010diui \u012fd\u0117tas Ukmerg\u0117s Senamies\u010dio pagrindin\u0117s mokyklos moksleivi\u0173 ir mokytoj\u0173 Danguol\u0117s Tauginien\u0117s, \u017divil\u0117s Kudlinskien\u0117s ir Ukmerg\u0117s \u017eyd\u0173 bendruomen\u0117s iniciatyva.<\/p>\n","protected":false},"excerpt":{"rendered":"<p>Josefas Zusmanovi\u010dius Remiantis Ger\u0161ono\u00a0Taico informacija, Josefas Zusmanovi\u010dius Lietuvoje i\u0161gars\u0117jo vardu \u201eGaon Yerushalmi\u201c (Jeruzal\u0117s genijus). Mok\u0117si Tel\u0161i\u0173 je\u0161ivoje, buvo paskutinis Ukmerg\u0117s rabinas. J. Zusmanovi\u010dius tur\u0117jo \u0161eim\u0105: \u017emona Leja, vaikai Mo\u0161e, Rachil, Hilde, Mordechal, Golda. 1941 m. rugs\u0117jo m\u0117n. Josefas Zusmonovi\u010dius su kartu savo jo \u0161eima ir kitais Umerg\u0117s rabinais nu\u017eudyti Ukmerg\u0117s Pivonijos \u0161ile. Atminimo akmuo \u012frengtas<\/p>\n","protected":false},"author":15,"featured_media":0,"parent":17983,"menu_order":0,"comment_status":"closed","ping_status":"closed","template":"page-akmenys-vidinis.php","meta":{"_acf_changed":false,"footnotes":""},"class_list":["post-17990","page","type-page","status-publish","hentry"],"acf":[],"yoast_head":"<!-- This site is optimized with the Yoast SEO plugin v26.9 - https:\/\/yoast.com\/product\/yoast-seo-wordpress\/ -->\n<title>Josefas Zusmanovi\u010dius - Atminimo akmenys<\/title>\n<meta name=\"description\" content=\"Pivonijos \u0161ilas, Josefas Zusmanovi\u010dius, Ukmerg\u0117, Holokaustas Ukmerg\u0117je, Holokaustas Lietuvoje, rabinai, Atminimo akmenys, Stolpersteine\" \/>\n<meta name=\"robots\" content=\"index, follow, max-snippet:-1, max-image-preview:large, max-video-preview:-1\" \/>\n<link rel=\"canonical\" href=\"https:\/\/manoteises.lt\/atminimo-akmenys\/ukmerge\/josefas-zusmanovicius\/\" \/>\n<meta name=\"twitter:label1\" content=\"Est. reading time\" \/>\n\t<meta name=\"twitter:data1\" content=\"1 minute\" \/>\n<script type=\"application\/ld+json\" class=\"yoast-schema-graph\">{\"@context\":\"https:\/\/schema.org\",\"@graph\":[{\"@type\":\"WebPage\",\"@id\":\"https:\/\/manoteises.lt\/atminimo-akmenys\/ukmerge\/josefas-zusmanovicius\/\",\"url\":\"https:\/\/manoteises.lt\/atminimo-akmenys\/ukmerge\/josefas-zusmanovicius\/\",\"name\":\"Josefas Zusmanovi\u010dius\",\"isPartOf\":{\"@id\":\"https:\/\/manoteises.lt\/atminimo-akmenys\/#website\"},\"datePublished\":\"2018-09-01T12:05:59+00:00\",\"dateModified\":\"2020-10-21T11:51:49+00:00\",\"description\":\"Pivonijos \u0161ilas, Josefas Zusmanovi\u010dius, Ukmerg\u0117, Holokaustas Ukmerg\u0117je, Holokaustas Lietuvoje, rabinai, Atminimo akmenys, Stolpersteine\",\"breadcrumb\":{\"@id\":\"https:\/\/manoteises.lt\/atminimo-akmenys\/ukmerge\/josefas-zusmanovicius\/#breadcrumb\"},\"inLanguage\":\"en-US\",\"potentialAction\":[{\"@type\":\"ReadAction\",\"target\":[\"https:\/\/manoteises.lt\/atminimo-akmenys\/ukmerge\/josefas-zusmanovicius\/\"]}]},{\"@type\":\"BreadcrumbList\",\"@id\":\"https:\/\/manoteises.lt\/atminimo-akmenys\/ukmerge\/josefas-zusmanovicius\/#breadcrumb\",\"itemListElement\":[{\"@type\":\"ListItem\",\"position\":1,\"name\":\"Home\",\"item\":\"https:\/\/manoteises.lt\/atminimo-akmenys\/\"},{\"@type\":\"ListItem\",\"position\":2,\"name\":\"Ukmerg\u0117\",\"item\":\"https:\/\/manoteises.lt\/atminimo-akmenys\/ukmerge\/\"},{\"@type\":\"ListItem\",\"position\":3,\"name\":\"Josefas Zusmanovi\u010dius\"}]},{\"@type\":\"WebSite\",\"@id\":\"https:\/\/manoteises.lt\/atminimo-akmenys\/#website\",\"url\":\"https:\/\/manoteises.lt\/atminimo-akmenys\/\",\"name\":\"Atminimo akmenys\",\"description\":\"\",\"potentialAction\":[{\"@type\":\"SearchAction\",\"target\":{\"@type\":\"EntryPoint\",\"urlTemplate\":\"https:\/\/manoteises.lt\/atminimo-akmenys\/?s={search_term_string}\"},\"query-input\":{\"@type\":\"PropertyValueSpecification\",\"valueRequired\":true,\"valueName\":\"search_term_string\"}}],\"inLanguage\":\"en-US\"}]}<\/script>\n<!-- \/ Yoast SEO plugin. -->","yoast_head_json":{"title":"Josefas Zusmanovi\u010dius - Atminimo akmenys","description":"Pivonijos \u0161ilas, Josefas Zusmanovi\u010dius, Ukmerg\u0117, Holokaustas Ukmerg\u0117je, Holokaustas Lietuvoje, rabinai, Atminimo akmenys, Stolpersteine","robots":{"index":"index","follow":"follow","max-snippet":"max-snippet:-1","max-image-preview":"max-image-preview:large","max-video-preview":"max-video-preview:-1"},"canonical":"https:\/\/manoteises.lt\/atminimo-akmenys\/ukmerge\/josefas-zusmanovicius\/","twitter_misc":{"Est. reading time":"1 minute"},"schema":{"@context":"https:\/\/schema.org","@graph":[{"@type":"WebPage","@id":"https:\/\/manoteises.lt\/atminimo-akmenys\/ukmerge\/josefas-zusmanovicius\/","url":"https:\/\/manoteises.lt\/atminimo-akmenys\/ukmerge\/josefas-zusmanovicius\/","name":"Josefas Zusmanovi\u010dius","isPartOf":{"@id":"https:\/\/manoteises.lt\/atminimo-akmenys\/#website"},"datePublished":"2018-09-01T12:05:59+00:00","dateModified":"2020-10-21T11:51:49+00:00","description":"Pivonijos \u0161ilas, Josefas Zusmanovi\u010dius, Ukmerg\u0117, Holokaustas Ukmerg\u0117je, Holokaustas Lietuvoje, rabinai, Atminimo akmenys, Stolpersteine","breadcrumb":{"@id":"https:\/\/manoteises.lt\/atminimo-akmenys\/ukmerge\/josefas-zusmanovicius\/#breadcrumb"},"inLanguage":"en-US","potentialAction":[{"@type":"ReadAction","target":["https:\/\/manoteises.lt\/atminimo-akmenys\/ukmerge\/josefas-zusmanovicius\/"]}]},{"@type":"BreadcrumbList","@id":"https:\/\/manoteises.lt\/atminimo-akmenys\/ukmerge\/josefas-zusmanovicius\/#breadcrumb","itemListElement":[{"@type":"ListItem","position":1,"name":"Home","item":"https:\/\/manoteises.lt\/atminimo-akmenys\/"},{"@type":"ListItem","position":2,"name":"Ukmerg\u0117","item":"https:\/\/manoteises.lt\/atminimo-akmenys\/ukmerge\/"},{"@type":"ListItem","position":3,"name":"Josefas Zusmanovi\u010dius"}]},{"@type":"WebSite","@id":"https:\/\/manoteises.lt\/atminimo-akmenys\/#website","url":"https:\/\/manoteises.lt\/atminimo-akmenys\/","name":"Atminimo akmenys","description":"","potentialAction":[{"@type":"SearchAction","target":{"@type":"EntryPoint","urlTemplate":"https:\/\/manoteises.lt\/atminimo-akmenys\/?s={search_term_string}"},"query-input":{"@type":"PropertyValueSpecification","valueRequired":true,"valueName":"search_term_string"}}],"inLanguage":"en-US"}]}},"_links":{"self":[{"href":"https:\/\/manoteises.lt\/atminimo-akmenys\/wp-json\/wp\/v2\/pages\/17990","targetHints":{"allow":["GET"]}}],"collection":[{"href":"https:\/\/manoteises.lt\/atminimo-akmenys\/wp-json\/wp\/v2\/pages"}],"about":[{"href":"https:\/\/manoteises.lt\/atminimo-akmenys\/wp-json\/wp\/v2\/types\/page"}],"author":[{"embeddable":true,"href":"https:\/\/manoteises.lt\/atminimo-akmenys\/wp-json\/wp\/v2\/users\/15"}],"replies":[{"embeddable":true,"href":"https:\/\/manoteises.lt\/atminimo-akmenys\/wp-json\/wp\/v2\/comments?post=17990"}],"version-history":[{"count":1,"href":"https:\/\/manoteises.lt\/atminimo-akmenys\/wp-json\/wp\/v2\/pages\/17990\/revisions"}],"predecessor-version":[{"id":23176,"href":"https:\/\/manoteises.lt\/atminimo-akmenys\/wp-json\/wp\/v2\/pages\/17990\/revisions\/23176"}],"up":[{"embeddable":true,"href":"https:\/\/manoteises.lt\/atminimo-akmenys\/wp-json\/wp\/v2\/pages\/17983"}],"wp:attachment":[{"href":"https:\/\/manoteises.lt\/atminimo-akmenys\/wp-json\/wp\/v2\/media?parent=17990"}],"curies":[{"name":"wp","href":"https:\/\/api.w.org\/{rel}","templated":true}]}}