{"id":18096,"date":"2018-09-10T13:39:05","date_gmt":"2018-09-10T10:39:05","guid":{"rendered":"http:\/\/manoteises.lt\/?page_id=18096"},"modified":"2022-07-12T19:30:23","modified_gmt":"2022-07-12T16:30:23","slug":"jurbarkas","status":"publish","type":"page","link":"https:\/\/manoteises.lt\/atminimo-akmenys\/jurbarkas\/","title":{"rendered":"Jurbarkas"},"content":{"rendered":"<p style=\"text-align: justify;\">Jurbarko \u017eyd\u0173 bendruomen\u0117 jau nuo XVII a. mieste aktyviai u\u017esi\u0117m\u0117 prekyba ir amatais.<\/p>\n<p style=\"text-align: justify;\">Skai\u010diuojama, kad \u017eyd\u0173 bendruomen\u0119 Jurbarke iki Antrojo pasaulinio karo sudar\u0117 apie 2000 t\u016bkst. \u017emoni\u0173. Pa\u010diame Jurbarke buvo pastatytos dvi sinagogos: viena \u2013 medin\u0117, laikyta viena gra\u017eiausi\u0173 Ryt\u0173 Europoje, o v\u0117liau antroji \u2013 m\u016brin\u0117. 1941m. medin\u0117 sinagoga buvo nugriauta naci\u0173 \u012fsakymu, o m\u016brinis pastatas i\u0161liko ligi \u0161iol.<\/p>\n<p style=\"text-align: justify;\">1941m. bir\u017eelio 22d. Jurbarkas buvo u\u017eimtas nacistin\u0117s Vokietijos kari\u0173, o po keli\u0173 savai\u010di\u0173, liep\u0105, prasid\u0117jo masin\u0117s \u017eyd\u0173 \u017eudyn\u0117s. \u017dinomos kelios egzekucij\u0173 vietos \u2013 Nemuno \u0161laitas \u0161alia miesto \u012f rytus, senosios \u017eyd\u0173 kapin\u0117s, mi\u0161kas tarp Jurbarko ir Smalinink\u0173. Dalis \u017eyd\u0173 bendruomen\u0117s nari\u0173 taip pat pateko \u012f getus ar koncentracijos stovyklas.<\/p>\n<p style=\"text-align: justify;\">I\u0161sigelb\u0117ti pavyko tik labai nedidelei daliai \u017emoni\u0173, tad po karo \u017eyd\u0173 Jurbarke beveik nebeliko.<\/p>\n<p style=\"text-align: justify;\">2018 m. privat\u016bs asmenys Jurbarke \u012freng\u0117 11 Atminimo akmen\u0173 Berkoveri\u0173 \u0161eimai atminti.<\/p>\n","protected":false},"excerpt":{"rendered":"<p>Jurbarko \u017eyd\u0173 bendruomen\u0117 jau nuo XVII a. mieste aktyviai u\u017esi\u0117m\u0117 prekyba ir amatais. Skai\u010diuojama, kad \u017eyd\u0173 bendruomen\u0119 Jurbarke iki Antrojo pasaulinio karo sudar\u0117 apie 2000 t\u016bkst. \u017emoni\u0173. Pa\u010diame Jurbarke buvo pastatytos dvi sinagogos: viena \u2013 medin\u0117, laikyta viena gra\u017eiausi\u0173 Ryt\u0173 Europoje, o v\u0117liau antroji \u2013 m\u016brin\u0117. 1941m. medin\u0117 sinagoga buvo nugriauta naci\u0173 \u012fsakymu, o m\u016brinis<\/p>\n","protected":false},"author":15,"featured_media":0,"parent":0,"menu_order":3,"comment_status":"closed","ping_status":"closed","template":"page-akmenys-miestas.php","meta":{"_acf_changed":false,"footnotes":""},"class_list":["post-18096","page","type-page","status-publish","hentry"],"acf":[],"yoast_head":"<!-- This site is optimized with the Yoast SEO plugin v26.9 - https:\/\/yoast.com\/product\/yoast-seo-wordpress\/ -->\n<title>Jurbarkas - Atminimo akmenys<\/title>\n<meta name=\"description\" content=\"Holokaustas Jurbarke, Berkoveri\u0173 \u0161eima, \u017eydai Jurbarke, Atminimo akmenys, Jurbarkas, Stolpersteine\" \/>\n<meta name=\"robots\" content=\"index, follow, max-snippet:-1, max-image-preview:large, max-video-preview:-1\" \/>\n<link rel=\"canonical\" href=\"https:\/\/manoteises.lt\/atminimo-akmenys\/jurbarkas\/\" \/>\n<meta name=\"twitter:label1\" content=\"Est. reading time\" \/>\n\t<meta name=\"twitter:data1\" content=\"1 minute\" \/>\n<script type=\"application\/ld+json\" class=\"yoast-schema-graph\">{\"@context\":\"https:\/\/schema.org\",\"@graph\":[{\"@type\":\"WebPage\",\"@id\":\"https:\/\/manoteises.lt\/atminimo-akmenys\/jurbarkas\/\",\"url\":\"https:\/\/manoteises.lt\/atminimo-akmenys\/jurbarkas\/\",\"name\":\"Jurbarkas\",\"isPartOf\":{\"@id\":\"https:\/\/manoteises.lt\/atminimo-akmenys\/#website\"},\"datePublished\":\"2018-09-10T10:39:05+00:00\",\"dateModified\":\"2022-07-12T16:30:23+00:00\",\"description\":\"Holokaustas Jurbarke, Berkoveri\u0173 \u0161eima, \u017eydai Jurbarke, Atminimo akmenys, Jurbarkas, Stolpersteine\",\"breadcrumb\":{\"@id\":\"https:\/\/manoteises.lt\/atminimo-akmenys\/jurbarkas\/#breadcrumb\"},\"inLanguage\":\"en-US\",\"potentialAction\":[{\"@type\":\"ReadAction\",\"target\":[\"https:\/\/manoteises.lt\/atminimo-akmenys\/jurbarkas\/\"]}]},{\"@type\":\"BreadcrumbList\",\"@id\":\"https:\/\/manoteises.lt\/atminimo-akmenys\/jurbarkas\/#breadcrumb\",\"itemListElement\":[{\"@type\":\"ListItem\",\"position\":1,\"name\":\"Home\",\"item\":\"https:\/\/manoteises.lt\/atminimo-akmenys\/\"},{\"@type\":\"ListItem\",\"position\":2,\"name\":\"Jurbarkas\"}]},{\"@type\":\"WebSite\",\"@id\":\"https:\/\/manoteises.lt\/atminimo-akmenys\/#website\",\"url\":\"https:\/\/manoteises.lt\/atminimo-akmenys\/\",\"name\":\"Atminimo akmenys\",\"description\":\"\",\"potentialAction\":[{\"@type\":\"SearchAction\",\"target\":{\"@type\":\"EntryPoint\",\"urlTemplate\":\"https:\/\/manoteises.lt\/atminimo-akmenys\/?s={search_term_string}\"},\"query-input\":{\"@type\":\"PropertyValueSpecification\",\"valueRequired\":true,\"valueName\":\"search_term_string\"}}],\"inLanguage\":\"en-US\"}]}<\/script>\n<!-- \/ Yoast SEO plugin. -->","yoast_head_json":{"title":"Jurbarkas - Atminimo akmenys","description":"Holokaustas Jurbarke, Berkoveri\u0173 \u0161eima, \u017eydai Jurbarke, Atminimo akmenys, Jurbarkas, Stolpersteine","robots":{"index":"index","follow":"follow","max-snippet":"max-snippet:-1","max-image-preview":"max-image-preview:large","max-video-preview":"max-video-preview:-1"},"canonical":"https:\/\/manoteises.lt\/atminimo-akmenys\/jurbarkas\/","twitter_misc":{"Est. reading time":"1 minute"},"schema":{"@context":"https:\/\/schema.org","@graph":[{"@type":"WebPage","@id":"https:\/\/manoteises.lt\/atminimo-akmenys\/jurbarkas\/","url":"https:\/\/manoteises.lt\/atminimo-akmenys\/jurbarkas\/","name":"Jurbarkas","isPartOf":{"@id":"https:\/\/manoteises.lt\/atminimo-akmenys\/#website"},"datePublished":"2018-09-10T10:39:05+00:00","dateModified":"2022-07-12T16:30:23+00:00","description":"Holokaustas Jurbarke, Berkoveri\u0173 \u0161eima, \u017eydai Jurbarke, Atminimo akmenys, Jurbarkas, Stolpersteine","breadcrumb":{"@id":"https:\/\/manoteises.lt\/atminimo-akmenys\/jurbarkas\/#breadcrumb"},"inLanguage":"en-US","potentialAction":[{"@type":"ReadAction","target":["https:\/\/manoteises.lt\/atminimo-akmenys\/jurbarkas\/"]}]},{"@type":"BreadcrumbList","@id":"https:\/\/manoteises.lt\/atminimo-akmenys\/jurbarkas\/#breadcrumb","itemListElement":[{"@type":"ListItem","position":1,"name":"Home","item":"https:\/\/manoteises.lt\/atminimo-akmenys\/"},{"@type":"ListItem","position":2,"name":"Jurbarkas"}]},{"@type":"WebSite","@id":"https:\/\/manoteises.lt\/atminimo-akmenys\/#website","url":"https:\/\/manoteises.lt\/atminimo-akmenys\/","name":"Atminimo akmenys","description":"","potentialAction":[{"@type":"SearchAction","target":{"@type":"EntryPoint","urlTemplate":"https:\/\/manoteises.lt\/atminimo-akmenys\/?s={search_term_string}"},"query-input":{"@type":"PropertyValueSpecification","valueRequired":true,"valueName":"search_term_string"}}],"inLanguage":"en-US"}]}},"_links":{"self":[{"href":"https:\/\/manoteises.lt\/atminimo-akmenys\/wp-json\/wp\/v2\/pages\/18096","targetHints":{"allow":["GET"]}}],"collection":[{"href":"https:\/\/manoteises.lt\/atminimo-akmenys\/wp-json\/wp\/v2\/pages"}],"about":[{"href":"https:\/\/manoteises.lt\/atminimo-akmenys\/wp-json\/wp\/v2\/types\/page"}],"author":[{"embeddable":true,"href":"https:\/\/manoteises.lt\/atminimo-akmenys\/wp-json\/wp\/v2\/users\/15"}],"replies":[{"embeddable":true,"href":"https:\/\/manoteises.lt\/atminimo-akmenys\/wp-json\/wp\/v2\/comments?post=18096"}],"version-history":[{"count":1,"href":"https:\/\/manoteises.lt\/atminimo-akmenys\/wp-json\/wp\/v2\/pages\/18096\/revisions"}],"predecessor-version":[{"id":23155,"href":"https:\/\/manoteises.lt\/atminimo-akmenys\/wp-json\/wp\/v2\/pages\/18096\/revisions\/23155"}],"wp:attachment":[{"href":"https:\/\/manoteises.lt\/atminimo-akmenys\/wp-json\/wp\/v2\/media?parent=18096"}],"curies":[{"name":"wp","href":"https:\/\/api.w.org\/{rel}","templated":true}]}}