{"id":19786,"date":"2019-08-20T17:06:41","date_gmt":"2019-08-20T14:06:41","guid":{"rendered":"http:\/\/manoteises.lt\/?page_id=19786"},"modified":"2019-08-23T15:49:53","modified_gmt":"2019-08-23T12:49:53","slug":"joseph-zusmanovich","status":"publish","type":"page","link":"https:\/\/manoteises.lt\/atminimo-akmenys\/english\/ukmerge\/joseph-zusmanovich\/","title":{"rendered":"Joseph Zusmanovich"},"content":{"rendered":"<h1>Joseph Zusmanovich<\/h1>\n<p style=\"text-align: justify;\">According to Ger\u0161onas Taicas, Joseph Zusmanovich was known in Lithuania as \u201cGaon Yerushalmi\u201d (The Genius of Jerusalem). He studied at the Tel\u0161iai Yeshiva and was the last rabbi in Ukmerg\u0117.<\/p>\n<p style=\"text-align: justify;\">J. Zusmanovich had a family &#8211; a wife named L\u0117ja and four children &#8211; Mo\u0161e, Hilde, Mordechal, and Golda. All of them were killed during the September of 1941 in the woods of Pivonija, together with other Ukmerg\u0117\u2019s rabbis.<\/p>\n<p style=\"text-align: justify;\"><strong>The Stumbling Stone for Joseph Zusmanovich is installed at Vienuolyno st. 2, close to the synagogue where J. Zusmanovich used to work. The synagogue is no longer there today.<\/strong><\/p>\n","protected":false},"excerpt":{"rendered":"<p>Joseph Zusmanovich According to Ger\u0161onas Taicas, Joseph Zusmanovich was known in Lithuania as \u201cGaon Yerushalmi\u201d (The Genius of Jerusalem). He studied at the Tel\u0161iai Yeshiva and was the last rabbi in Ukmerg\u0117. J. Zusmanovich had a family &#8211; a wife named L\u0117ja and four children &#8211; Mo\u0161e, Hilde, Mordechal, and Golda. All of them were<\/p>\n","protected":false},"author":15,"featured_media":0,"parent":19783,"menu_order":0,"comment_status":"closed","ping_status":"closed","template":"page-akmenys-vidinis.php","meta":{"_acf_changed":false,"footnotes":""},"class_list":["post-19786","page","type-page","status-publish","hentry"],"acf":[],"yoast_head":"<!-- This site is optimized with the Yoast SEO plugin v26.9 - https:\/\/yoast.com\/product\/yoast-seo-wordpress\/ -->\n<title>Joseph Zusmanovich &#8211; Atminimo akmenys<\/title>\n<meta name=\"robots\" content=\"index, follow, max-snippet:-1, max-image-preview:large, max-video-preview:-1\" \/>\n<link rel=\"canonical\" href=\"https:\/\/manoteises.lt\/atminimo-akmenys\/english\/ukmerge\/joseph-zusmanovich\/\" \/>\n<meta name=\"twitter:label1\" content=\"Est. reading time\" \/>\n\t<meta name=\"twitter:data1\" content=\"1 minute\" \/>\n<script type=\"application\/ld+json\" class=\"yoast-schema-graph\">{\"@context\":\"https:\/\/schema.org\",\"@graph\":[{\"@type\":\"WebPage\",\"@id\":\"https:\/\/manoteises.lt\/atminimo-akmenys\/english\/ukmerge\/joseph-zusmanovich\/\",\"url\":\"https:\/\/manoteises.lt\/atminimo-akmenys\/english\/ukmerge\/joseph-zusmanovich\/\",\"name\":\"Joseph Zusmanovich &#8211; Atminimo akmenys\",\"isPartOf\":{\"@id\":\"https:\/\/manoteises.lt\/atminimo-akmenys\/#website\"},\"datePublished\":\"2019-08-20T14:06:41+00:00\",\"dateModified\":\"2019-08-23T12:49:53+00:00\",\"breadcrumb\":{\"@id\":\"https:\/\/manoteises.lt\/atminimo-akmenys\/english\/ukmerge\/joseph-zusmanovich\/#breadcrumb\"},\"inLanguage\":\"en-US\",\"potentialAction\":[{\"@type\":\"ReadAction\",\"target\":[\"https:\/\/manoteises.lt\/atminimo-akmenys\/english\/ukmerge\/joseph-zusmanovich\/\"]}]},{\"@type\":\"BreadcrumbList\",\"@id\":\"https:\/\/manoteises.lt\/atminimo-akmenys\/english\/ukmerge\/joseph-zusmanovich\/#breadcrumb\",\"itemListElement\":[{\"@type\":\"ListItem\",\"position\":1,\"name\":\"Home\",\"item\":\"https:\/\/manoteises.lt\/atminimo-akmenys\/\"},{\"@type\":\"ListItem\",\"position\":2,\"name\":\"Stumbling Stones\",\"item\":\"https:\/\/manoteises.lt\/atminimo-akmenys\/english\/\"},{\"@type\":\"ListItem\",\"position\":3,\"name\":\"Ukmerg\u0117\",\"item\":\"https:\/\/manoteises.lt\/atminimo-akmenys\/english\/ukmerge\/\"},{\"@type\":\"ListItem\",\"position\":4,\"name\":\"Joseph Zusmanovich\"}]},{\"@type\":\"WebSite\",\"@id\":\"https:\/\/manoteises.lt\/atminimo-akmenys\/#website\",\"url\":\"https:\/\/manoteises.lt\/atminimo-akmenys\/\",\"name\":\"Atminimo akmenys\",\"description\":\"\",\"potentialAction\":[{\"@type\":\"SearchAction\",\"target\":{\"@type\":\"EntryPoint\",\"urlTemplate\":\"https:\/\/manoteises.lt\/atminimo-akmenys\/?s={search_term_string}\"},\"query-input\":{\"@type\":\"PropertyValueSpecification\",\"valueRequired\":true,\"valueName\":\"search_term_string\"}}],\"inLanguage\":\"en-US\"}]}<\/script>\n<!-- \/ Yoast SEO plugin. -->","yoast_head_json":{"title":"Joseph Zusmanovich &#8211; Atminimo akmenys","robots":{"index":"index","follow":"follow","max-snippet":"max-snippet:-1","max-image-preview":"max-image-preview:large","max-video-preview":"max-video-preview:-1"},"canonical":"https:\/\/manoteises.lt\/atminimo-akmenys\/english\/ukmerge\/joseph-zusmanovich\/","twitter_misc":{"Est. reading time":"1 minute"},"schema":{"@context":"https:\/\/schema.org","@graph":[{"@type":"WebPage","@id":"https:\/\/manoteises.lt\/atminimo-akmenys\/english\/ukmerge\/joseph-zusmanovich\/","url":"https:\/\/manoteises.lt\/atminimo-akmenys\/english\/ukmerge\/joseph-zusmanovich\/","name":"Joseph Zusmanovich &#8211; Atminimo akmenys","isPartOf":{"@id":"https:\/\/manoteises.lt\/atminimo-akmenys\/#website"},"datePublished":"2019-08-20T14:06:41+00:00","dateModified":"2019-08-23T12:49:53+00:00","breadcrumb":{"@id":"https:\/\/manoteises.lt\/atminimo-akmenys\/english\/ukmerge\/joseph-zusmanovich\/#breadcrumb"},"inLanguage":"en-US","potentialAction":[{"@type":"ReadAction","target":["https:\/\/manoteises.lt\/atminimo-akmenys\/english\/ukmerge\/joseph-zusmanovich\/"]}]},{"@type":"BreadcrumbList","@id":"https:\/\/manoteises.lt\/atminimo-akmenys\/english\/ukmerge\/joseph-zusmanovich\/#breadcrumb","itemListElement":[{"@type":"ListItem","position":1,"name":"Home","item":"https:\/\/manoteises.lt\/atminimo-akmenys\/"},{"@type":"ListItem","position":2,"name":"Stumbling Stones","item":"https:\/\/manoteises.lt\/atminimo-akmenys\/english\/"},{"@type":"ListItem","position":3,"name":"Ukmerg\u0117","item":"https:\/\/manoteises.lt\/atminimo-akmenys\/english\/ukmerge\/"},{"@type":"ListItem","position":4,"name":"Joseph Zusmanovich"}]},{"@type":"WebSite","@id":"https:\/\/manoteises.lt\/atminimo-akmenys\/#website","url":"https:\/\/manoteises.lt\/atminimo-akmenys\/","name":"Atminimo akmenys","description":"","potentialAction":[{"@type":"SearchAction","target":{"@type":"EntryPoint","urlTemplate":"https:\/\/manoteises.lt\/atminimo-akmenys\/?s={search_term_string}"},"query-input":{"@type":"PropertyValueSpecification","valueRequired":true,"valueName":"search_term_string"}}],"inLanguage":"en-US"}]}},"_links":{"self":[{"href":"https:\/\/manoteises.lt\/atminimo-akmenys\/wp-json\/wp\/v2\/pages\/19786","targetHints":{"allow":["GET"]}}],"collection":[{"href":"https:\/\/manoteises.lt\/atminimo-akmenys\/wp-json\/wp\/v2\/pages"}],"about":[{"href":"https:\/\/manoteises.lt\/atminimo-akmenys\/wp-json\/wp\/v2\/types\/page"}],"author":[{"embeddable":true,"href":"https:\/\/manoteises.lt\/atminimo-akmenys\/wp-json\/wp\/v2\/users\/15"}],"replies":[{"embeddable":true,"href":"https:\/\/manoteises.lt\/atminimo-akmenys\/wp-json\/wp\/v2\/comments?post=19786"}],"version-history":[{"count":0,"href":"https:\/\/manoteises.lt\/atminimo-akmenys\/wp-json\/wp\/v2\/pages\/19786\/revisions"}],"up":[{"embeddable":true,"href":"https:\/\/manoteises.lt\/atminimo-akmenys\/wp-json\/wp\/v2\/pages\/19783"}],"wp:attachment":[{"href":"https:\/\/manoteises.lt\/atminimo-akmenys\/wp-json\/wp\/v2\/media?parent=19786"}],"curies":[{"name":"wp","href":"https:\/\/api.w.org\/{rel}","templated":true}]}}