{"id":20484,"date":"2020-02-21T21:19:15","date_gmt":"2020-02-21T18:19:15","guid":{"rendered":"https:\/\/manoteises.lt\/atminimo-akmenys\/?page_id=20484"},"modified":"2020-10-21T13:42:21","modified_gmt":"2020-10-21T10:42:21","slug":"lilija-boksickyte-winterfeld","status":"publish","type":"page","link":"https:\/\/manoteises.lt\/atminimo-akmenys\/alytus\/lilija-boksickyte-winterfeld\/","title":{"rendered":"Lilija Bok\u0161ickyt\u0117-Winterfeld"},"content":{"rendered":"<h1>Lilija Bok\u0161ickyt\u0117-Winterfeld<\/h1>\n<p>(g. 1927 m. bir\u017eelio 9 d. Kaune)<\/p>\n<p>Iki 1939 m. gyveno Alytuje, v\u0117liau persik\u0117l\u0117 \u012f Vilni\u0173 ir ten mok\u0117si Vilniuje Kunigaik\u0161tien\u0117s Birut\u0117s vardo mergai\u010di\u0173 gimnazijoje.<\/p>\n<p>1941 m. Vilni\u0173 okupavus vokie\u010diams Lilij\u0105 kartu su \u0161eima \u012fkalino Vilniaus gete, jos t\u0117vas buvo nu\u017eudytas tais pa\u010diais metais, o pati Lilija kartu su mama ir broliu du metus gyveno gete.<\/p>\n<p>1943 m. prie\u0161 pat geto likvidavim\u0105 jos brol\u012f i\u0161siunt\u0117 \u012f koncentracijos stovykl\u0105 Estijoje, o Lilija kartu su mama \u0160eine band\u0117 sl\u0117ptis, tiesa, i\u0161gyventi pavyko tik jai, mama buvo nu\u017eudyta. Slapstytis Lilijai pad\u0117jo lietuviai: Kazys Janavi\u010dius, Vanda Sruogien\u0117, Vanda Janavi\u010dien\u0117 ir Juozas Balutis, kuris \u201eapgyvendino\u201c Lilij\u0105 pas savo brol\u012f Adolf\u0105 Balut\u012f Pali\u016bn\u0173 kaime. Taip pat Lilija r\u016bpinosi ir Ona Balutien\u0117, kurios r\u016bpest\u012f Lilija prisimena \u201ekaip tikros motinos\u201c.<\/p>\n<p>1944 m. pasibaigus vokie\u010di\u0173 okupacijai ir likvidavus Vilniaus get\u0105, Lilija gyveno vaik\u0173 namuose, v\u0117liau bendrabutyje, gr\u012f\u017eo t\u0119sti moksl\u0173 Salom\u0117jos N\u0117ries gimnazijoje. 1947 m. baigusi mokykl\u0105 studijavo Vilniaus universitete (biologijos fakultete), dvejus metus dirbo eksperimentin\u0117s medicinos institute. V\u0117liau baig\u0117 aspirant\u016br\u0105 moksl\u0173 akademijos biologijos institute, kuriame t\u0119s\u0117 darbus ir paskutinius ketverius metus prie\u0161 i\u0161vykstant dirbo analitin\u0117je laboratorijoje.<\/p>\n<p>1970 m. Lilijai, kaip ji pati \u012fvardina: \u201epagaliau pavyko palikti Taryb\u0173 S\u0105jung\u0105, pabr\u0117\u017eiu \u2013 ne Lietuv\u0105, ir atvykti \u012f Izrael\u012f, kur jau gyveno, stebuklais i\u0161gyven\u0119s, mano brolis.\u201c Izraelyje Lilija dirbo pagal specialyb\u0119 ir gyvena ten iki \u0161i\u0173 dien\u0173.<\/p>\n<p><strong>Atminimo akmuo Lilijai Bok\u0161ickyt\u0117-Winterfield \u012frengtas\u00a0Vilniaus g. 27 \u0161alia atminimo akmen\u0173 skirt\u0173 jos t\u0117vams Mendeliui Bok\u0161ickiui, \u0160einei Kronzonaitei-Bok\u0161ickienei ir broliui Saadia Bok\u0161ickiui-Bahat.<\/strong><\/p>\n<p>Atminimo akmuo Lilijai Bok\u0161ickytei-Winterfeld \u012fd\u0117tas brolio Saadios Bahat (Bok\u0161ickio) iniciatyva, padedant Adolfo Ramanausko Vanago gimnazijos moksleiviams, mokytojai Meilei Plat\u016bkienei ir Alytaus miesto savivaldybei.<\/p>\n","protected":false},"excerpt":{"rendered":"<p>Lilija Bok\u0161ickyt\u0117-Winterfeld (g. 1927 m. bir\u017eelio 9 d. Kaune) Iki 1939 m. gyveno Alytuje, v\u0117liau persik\u0117l\u0117 \u012f Vilni\u0173 ir ten mok\u0117si Vilniuje Kunigaik\u0161tien\u0117s Birut\u0117s vardo mergai\u010di\u0173 gimnazijoje. 1941 m. Vilni\u0173 okupavus vokie\u010diams Lilij\u0105 kartu su \u0161eima \u012fkalino Vilniaus gete, jos t\u0117vas buvo nu\u017eudytas tais pa\u010diais metais, o pati Lilija kartu su mama ir broliu du<\/p>\n","protected":false},"author":13,"featured_media":0,"parent":17885,"menu_order":4,"comment_status":"closed","ping_status":"closed","template":"page-akmenys-vidinis.php","meta":{"_acf_changed":false,"footnotes":""},"class_list":["post-20484","page","type-page","status-publish","hentry"],"acf":[],"yoast_head":"<!-- This site is optimized with the Yoast SEO plugin v26.9 - https:\/\/yoast.com\/product\/yoast-seo-wordpress\/ -->\n<title>Lilija Bok\u0161ickyt\u0117-Winterfeld &#8211; Atminimo akmenys<\/title>\n<meta name=\"description\" content=\"Lilija Bok\u0161ickyt\u0117-Winterfeld, Atminimo akmenys, Holokaustas Lietuvoje, Alytuje, Kaune, Ona Balutien\u0117, Saadia Bahat\" \/>\n<meta name=\"robots\" content=\"index, follow, max-snippet:-1, max-image-preview:large, max-video-preview:-1\" \/>\n<link rel=\"canonical\" href=\"https:\/\/manoteises.lt\/atminimo-akmenys\/alytus\/lilija-boksickyte-winterfeld\/\" \/>\n<meta name=\"twitter:label1\" content=\"Est. reading time\" \/>\n\t<meta name=\"twitter:data1\" content=\"1 minute\" \/>\n<script type=\"application\/ld+json\" class=\"yoast-schema-graph\">{\"@context\":\"https:\/\/schema.org\",\"@graph\":[{\"@type\":\"WebPage\",\"@id\":\"https:\/\/manoteises.lt\/atminimo-akmenys\/alytus\/lilija-boksickyte-winterfeld\/\",\"url\":\"https:\/\/manoteises.lt\/atminimo-akmenys\/alytus\/lilija-boksickyte-winterfeld\/\",\"name\":\"Lilija Bok\u0161ickyt\u0117-Winterfeld &#8211; Atminimo akmenys\",\"isPartOf\":{\"@id\":\"https:\/\/manoteises.lt\/atminimo-akmenys\/#website\"},\"datePublished\":\"2020-02-21T18:19:15+00:00\",\"dateModified\":\"2020-10-21T10:42:21+00:00\",\"description\":\"Lilija Bok\u0161ickyt\u0117-Winterfeld, Atminimo akmenys, Holokaustas Lietuvoje, Alytuje, Kaune, Ona Balutien\u0117, Saadia Bahat\",\"breadcrumb\":{\"@id\":\"https:\/\/manoteises.lt\/atminimo-akmenys\/alytus\/lilija-boksickyte-winterfeld\/#breadcrumb\"},\"inLanguage\":\"en-US\",\"potentialAction\":[{\"@type\":\"ReadAction\",\"target\":[\"https:\/\/manoteises.lt\/atminimo-akmenys\/alytus\/lilija-boksickyte-winterfeld\/\"]}]},{\"@type\":\"BreadcrumbList\",\"@id\":\"https:\/\/manoteises.lt\/atminimo-akmenys\/alytus\/lilija-boksickyte-winterfeld\/#breadcrumb\",\"itemListElement\":[{\"@type\":\"ListItem\",\"position\":1,\"name\":\"Home\",\"item\":\"https:\/\/manoteises.lt\/atminimo-akmenys\/\"},{\"@type\":\"ListItem\",\"position\":2,\"name\":\"Alytus\",\"item\":\"https:\/\/manoteises.lt\/atminimo-akmenys\/alytus\/\"},{\"@type\":\"ListItem\",\"position\":3,\"name\":\"Lilija Bok\u0161ickyt\u0117-Winterfeld\"}]},{\"@type\":\"WebSite\",\"@id\":\"https:\/\/manoteises.lt\/atminimo-akmenys\/#website\",\"url\":\"https:\/\/manoteises.lt\/atminimo-akmenys\/\",\"name\":\"Atminimo akmenys\",\"description\":\"\",\"potentialAction\":[{\"@type\":\"SearchAction\",\"target\":{\"@type\":\"EntryPoint\",\"urlTemplate\":\"https:\/\/manoteises.lt\/atminimo-akmenys\/?s={search_term_string}\"},\"query-input\":{\"@type\":\"PropertyValueSpecification\",\"valueRequired\":true,\"valueName\":\"search_term_string\"}}],\"inLanguage\":\"en-US\"}]}<\/script>\n<!-- \/ Yoast SEO plugin. -->","yoast_head_json":{"title":"Lilija Bok\u0161ickyt\u0117-Winterfeld &#8211; Atminimo akmenys","description":"Lilija Bok\u0161ickyt\u0117-Winterfeld, Atminimo akmenys, Holokaustas Lietuvoje, Alytuje, Kaune, Ona Balutien\u0117, Saadia Bahat","robots":{"index":"index","follow":"follow","max-snippet":"max-snippet:-1","max-image-preview":"max-image-preview:large","max-video-preview":"max-video-preview:-1"},"canonical":"https:\/\/manoteises.lt\/atminimo-akmenys\/alytus\/lilija-boksickyte-winterfeld\/","twitter_misc":{"Est. reading time":"1 minute"},"schema":{"@context":"https:\/\/schema.org","@graph":[{"@type":"WebPage","@id":"https:\/\/manoteises.lt\/atminimo-akmenys\/alytus\/lilija-boksickyte-winterfeld\/","url":"https:\/\/manoteises.lt\/atminimo-akmenys\/alytus\/lilija-boksickyte-winterfeld\/","name":"Lilija Bok\u0161ickyt\u0117-Winterfeld &#8211; Atminimo akmenys","isPartOf":{"@id":"https:\/\/manoteises.lt\/atminimo-akmenys\/#website"},"datePublished":"2020-02-21T18:19:15+00:00","dateModified":"2020-10-21T10:42:21+00:00","description":"Lilija Bok\u0161ickyt\u0117-Winterfeld, Atminimo akmenys, Holokaustas Lietuvoje, Alytuje, Kaune, Ona Balutien\u0117, Saadia Bahat","breadcrumb":{"@id":"https:\/\/manoteises.lt\/atminimo-akmenys\/alytus\/lilija-boksickyte-winterfeld\/#breadcrumb"},"inLanguage":"en-US","potentialAction":[{"@type":"ReadAction","target":["https:\/\/manoteises.lt\/atminimo-akmenys\/alytus\/lilija-boksickyte-winterfeld\/"]}]},{"@type":"BreadcrumbList","@id":"https:\/\/manoteises.lt\/atminimo-akmenys\/alytus\/lilija-boksickyte-winterfeld\/#breadcrumb","itemListElement":[{"@type":"ListItem","position":1,"name":"Home","item":"https:\/\/manoteises.lt\/atminimo-akmenys\/"},{"@type":"ListItem","position":2,"name":"Alytus","item":"https:\/\/manoteises.lt\/atminimo-akmenys\/alytus\/"},{"@type":"ListItem","position":3,"name":"Lilija Bok\u0161ickyt\u0117-Winterfeld"}]},{"@type":"WebSite","@id":"https:\/\/manoteises.lt\/atminimo-akmenys\/#website","url":"https:\/\/manoteises.lt\/atminimo-akmenys\/","name":"Atminimo akmenys","description":"","potentialAction":[{"@type":"SearchAction","target":{"@type":"EntryPoint","urlTemplate":"https:\/\/manoteises.lt\/atminimo-akmenys\/?s={search_term_string}"},"query-input":{"@type":"PropertyValueSpecification","valueRequired":true,"valueName":"search_term_string"}}],"inLanguage":"en-US"}]}},"_links":{"self":[{"href":"https:\/\/manoteises.lt\/atminimo-akmenys\/wp-json\/wp\/v2\/pages\/20484","targetHints":{"allow":["GET"]}}],"collection":[{"href":"https:\/\/manoteises.lt\/atminimo-akmenys\/wp-json\/wp\/v2\/pages"}],"about":[{"href":"https:\/\/manoteises.lt\/atminimo-akmenys\/wp-json\/wp\/v2\/types\/page"}],"author":[{"embeddable":true,"href":"https:\/\/manoteises.lt\/atminimo-akmenys\/wp-json\/wp\/v2\/users\/13"}],"replies":[{"embeddable":true,"href":"https:\/\/manoteises.lt\/atminimo-akmenys\/wp-json\/wp\/v2\/comments?post=20484"}],"version-history":[{"count":1,"href":"https:\/\/manoteises.lt\/atminimo-akmenys\/wp-json\/wp\/v2\/pages\/20484\/revisions"}],"predecessor-version":[{"id":23152,"href":"https:\/\/manoteises.lt\/atminimo-akmenys\/wp-json\/wp\/v2\/pages\/20484\/revisions\/23152"}],"up":[{"embeddable":true,"href":"https:\/\/manoteises.lt\/atminimo-akmenys\/wp-json\/wp\/v2\/pages\/17885"}],"wp:attachment":[{"href":"https:\/\/manoteises.lt\/atminimo-akmenys\/wp-json\/wp\/v2\/media?parent=20484"}],"curies":[{"name":"wp","href":"https:\/\/api.w.org\/{rel}","templated":true}]}}