{"id":20493,"date":"2020-02-21T21:20:46","date_gmt":"2020-02-21T18:20:46","guid":{"rendered":"https:\/\/manoteises.lt\/atminimo-akmenys\/?page_id=20493"},"modified":"2020-10-21T13:42:24","modified_gmt":"2020-10-21T10:42:24","slug":"saadia-boksickis-bahat","status":"publish","type":"page","link":"https:\/\/manoteises.lt\/atminimo-akmenys\/alytus\/saadia-boksickis-bahat\/","title":{"rendered":"Saadia Bok\u0161ickis-Bahat"},"content":{"rendered":"<h1>Saadia Bok\u0161ickis-Bahat<\/h1>\n<p>(g. 1928 liepos 27 d., Alytuje)<\/p>\n<p>Saadia pirmuosius vienuolika savo gyvenimo met\u0173 praleido Alytuje ir 1939 metais persik\u0117l\u0117 \u012f Vilni\u0173. Ten jis mok\u0117si Petro Vilei\u0161io mokykloje, v\u0117liau vienerius metus Vytauto Did\u017eiojo gimnazijoje, ta\u010diau 1941 m. mokslus teko mesti ir kartu su visa \u0161eima persikelti \u012f get\u0105, kur juos kalino.<\/p>\n<p>1943 m. prie\u0161 pat geto likvidacij\u0105 Saadia buvo atskirtas nuo \u0161eimos ir deportuotas \u012f koncentracijos stovykl\u0105 Estijoje, kur teko k\u0119sti bad\u0105 ir sunkius fizinius darbus. 1944 m. jis buvo perkeltas \u012f \u0160tuthofo koncentracijos stovykl\u0105, ten jis sugeb\u0117jo pab\u0117gti i\u0161 vaik\u0173 b\u016brio, gabenamo \u012f duj\u0173 kambarius Birkenau (i\u0161gyvenusi\u0173j\u0173 buvo 7 i\u0161 514). V\u0117liau jis buvo perkeliamas \u012f Danzig-Burggraben povandenini\u0173 laiv\u0173 statybai, art\u0117jant rus\u0173 paj\u0117goms jis buvo priverstas palikti mirties stovykl\u0105 ir prisijungti prie mirties \u017eygio. Galiausiai jis buvo i\u0161laisvintas 1945 metais.<\/p>\n<p>Atgav\u0119s j\u0117gas jis band\u0117 sugr\u012f\u017eti \u012f Lietuv\u0105, ta\u010diau su\u017einojus, kad vienintelis \u0161eimos narys lik\u0119s Lietuvoje buvo jo sesuo Lilija, Saadia nusprend\u0117 vykti \u012f Palestin\u0105, j\u0105 jis pasiek\u0117 1946 metais.<\/p>\n<p>V\u0117liau Saadia \u012fstojo \u012f agrikult\u016bros mokykl\u0105, kuri\u0105 met\u0117 nepra\u0117jus dviems metams tam, kad prisijungt\u0173 prie Izraelo Nepriklausomyb\u0117s karo. Po karo jis tapo vienas i\u0161 Kibuco k\u016br\u0117j\u0173.<\/p>\n<p>1952 \u2013 1956 metais jis studijavo mechanin\u0119 in\u017einerij\u0105 ir 37-erius metus dirbo vienoje svarbiausi\u0173 Izraelio valstybini\u0173 kompanij\u0173 Armament Development Authority of Israel.<\/p>\n<p>I\u0161\u0117j\u0119s \u012f pensij\u0105 Saadia atrado savo nauj\u0105 pa\u0161aukim\u0105 ir prad\u0117jo savo skulptoriaus karjer\u0105. Jis yra laim\u0117j\u0119s du apdovanojimus \u2013 vien\u0105 Izraelyje, kit\u0105 Italijoje. Visame pasaulyje yra eksponuojama 20 jo skulpt\u016br\u0173.<\/p>\n<p><strong>Atminimo akmuo Saadia Bok\u0161ickiui-Bahat \u012frengtas\u00a0Vilniaus g. 27 \u0161alia atminimo akmen\u0173 skirt\u0173 jo t\u0117vams \u0160einei Kronzonaitei-Bok\u0161ickienei, Mendeliui Bok\u0161ickiui ir seseriai Lilijai Bok\u0161ickytei-Winterfeld.<br \/>\n<\/strong><\/p>\n<p>Atminimo akmuo Sadiai Bahaat \u012fd\u0117tas jo paties ir sesers Lilijos Bok\u0161ickyt\u0117s-Winterfeld iniciatyva, padedant Adolfo Ramanausko Vanago gimnazijos moksleiviams, mokytojai Meilei Plat\u016bkienei ir Alytaus miesto savivaldybei.<\/p>\n","protected":false},"excerpt":{"rendered":"<p>Saadia Bok\u0161ickis-Bahat (g. 1928 liepos 27 d., Alytuje) Saadia pirmuosius vienuolika savo gyvenimo met\u0173 praleido Alytuje ir 1939 metais persik\u0117l\u0117 \u012f Vilni\u0173. Ten jis mok\u0117si Petro Vilei\u0161io mokykloje, v\u0117liau vienerius metus Vytauto Did\u017eiojo gimnazijoje, ta\u010diau 1941 m. mokslus teko mesti ir kartu su visa \u0161eima persikelti \u012f get\u0105, kur juos kalino. 1943 m. prie\u0161 pat<\/p>\n","protected":false},"author":13,"featured_media":0,"parent":17885,"menu_order":5,"comment_status":"closed","ping_status":"closed","template":"page-akmenys-vidinis.php","meta":{"_acf_changed":false,"footnotes":""},"class_list":["post-20493","page","type-page","status-publish","hentry"],"acf":[],"yoast_head":"<!-- This site is optimized with the Yoast SEO plugin v26.9 - https:\/\/yoast.com\/product\/yoast-seo-wordpress\/ -->\n<title>Saadia Bok\u0161ickis-Bahat - Atminimo akmenys<\/title>\n<meta name=\"description\" content=\"Saadia Bok\u0161ickis-Bahat, Atminimo akmenys, Alytus, Birkenau, Holokaustas Lietuvoje, Alytaus istorija\" \/>\n<meta name=\"robots\" content=\"index, follow, max-snippet:-1, max-image-preview:large, max-video-preview:-1\" \/>\n<link rel=\"canonical\" href=\"https:\/\/manoteises.lt\/atminimo-akmenys\/alytus\/saadia-boksickis-bahat\/\" \/>\n<meta name=\"twitter:label1\" content=\"Est. reading time\" \/>\n\t<meta name=\"twitter:data1\" content=\"2 minutes\" \/>\n<script type=\"application\/ld+json\" class=\"yoast-schema-graph\">{\"@context\":\"https:\/\/schema.org\",\"@graph\":[{\"@type\":\"WebPage\",\"@id\":\"https:\/\/manoteises.lt\/atminimo-akmenys\/alytus\/saadia-boksickis-bahat\/\",\"url\":\"https:\/\/manoteises.lt\/atminimo-akmenys\/alytus\/saadia-boksickis-bahat\/\",\"name\":\"Saadia Bok\u0161ickis-Bahat\",\"isPartOf\":{\"@id\":\"https:\/\/manoteises.lt\/atminimo-akmenys\/#website\"},\"datePublished\":\"2020-02-21T18:20:46+00:00\",\"dateModified\":\"2020-10-21T10:42:24+00:00\",\"description\":\"Saadia Bok\u0161ickis-Bahat, Atminimo akmenys, Alytus, Birkenau, Holokaustas Lietuvoje, Alytaus istorija\",\"breadcrumb\":{\"@id\":\"https:\/\/manoteises.lt\/atminimo-akmenys\/alytus\/saadia-boksickis-bahat\/#breadcrumb\"},\"inLanguage\":\"en-US\",\"potentialAction\":[{\"@type\":\"ReadAction\",\"target\":[\"https:\/\/manoteises.lt\/atminimo-akmenys\/alytus\/saadia-boksickis-bahat\/\"]}]},{\"@type\":\"BreadcrumbList\",\"@id\":\"https:\/\/manoteises.lt\/atminimo-akmenys\/alytus\/saadia-boksickis-bahat\/#breadcrumb\",\"itemListElement\":[{\"@type\":\"ListItem\",\"position\":1,\"name\":\"Home\",\"item\":\"https:\/\/manoteises.lt\/atminimo-akmenys\/\"},{\"@type\":\"ListItem\",\"position\":2,\"name\":\"Alytus\",\"item\":\"https:\/\/manoteises.lt\/atminimo-akmenys\/alytus\/\"},{\"@type\":\"ListItem\",\"position\":3,\"name\":\"Saadia Bok\u0161ickis-Bahat\"}]},{\"@type\":\"WebSite\",\"@id\":\"https:\/\/manoteises.lt\/atminimo-akmenys\/#website\",\"url\":\"https:\/\/manoteises.lt\/atminimo-akmenys\/\",\"name\":\"Atminimo akmenys\",\"description\":\"\",\"potentialAction\":[{\"@type\":\"SearchAction\",\"target\":{\"@type\":\"EntryPoint\",\"urlTemplate\":\"https:\/\/manoteises.lt\/atminimo-akmenys\/?s={search_term_string}\"},\"query-input\":{\"@type\":\"PropertyValueSpecification\",\"valueRequired\":true,\"valueName\":\"search_term_string\"}}],\"inLanguage\":\"en-US\"}]}<\/script>\n<!-- \/ Yoast SEO plugin. -->","yoast_head_json":{"title":"Saadia Bok\u0161ickis-Bahat - Atminimo akmenys","description":"Saadia Bok\u0161ickis-Bahat, Atminimo akmenys, Alytus, Birkenau, Holokaustas Lietuvoje, Alytaus istorija","robots":{"index":"index","follow":"follow","max-snippet":"max-snippet:-1","max-image-preview":"max-image-preview:large","max-video-preview":"max-video-preview:-1"},"canonical":"https:\/\/manoteises.lt\/atminimo-akmenys\/alytus\/saadia-boksickis-bahat\/","twitter_misc":{"Est. reading time":"2 minutes"},"schema":{"@context":"https:\/\/schema.org","@graph":[{"@type":"WebPage","@id":"https:\/\/manoteises.lt\/atminimo-akmenys\/alytus\/saadia-boksickis-bahat\/","url":"https:\/\/manoteises.lt\/atminimo-akmenys\/alytus\/saadia-boksickis-bahat\/","name":"Saadia Bok\u0161ickis-Bahat","isPartOf":{"@id":"https:\/\/manoteises.lt\/atminimo-akmenys\/#website"},"datePublished":"2020-02-21T18:20:46+00:00","dateModified":"2020-10-21T10:42:24+00:00","description":"Saadia Bok\u0161ickis-Bahat, Atminimo akmenys, Alytus, Birkenau, Holokaustas Lietuvoje, Alytaus istorija","breadcrumb":{"@id":"https:\/\/manoteises.lt\/atminimo-akmenys\/alytus\/saadia-boksickis-bahat\/#breadcrumb"},"inLanguage":"en-US","potentialAction":[{"@type":"ReadAction","target":["https:\/\/manoteises.lt\/atminimo-akmenys\/alytus\/saadia-boksickis-bahat\/"]}]},{"@type":"BreadcrumbList","@id":"https:\/\/manoteises.lt\/atminimo-akmenys\/alytus\/saadia-boksickis-bahat\/#breadcrumb","itemListElement":[{"@type":"ListItem","position":1,"name":"Home","item":"https:\/\/manoteises.lt\/atminimo-akmenys\/"},{"@type":"ListItem","position":2,"name":"Alytus","item":"https:\/\/manoteises.lt\/atminimo-akmenys\/alytus\/"},{"@type":"ListItem","position":3,"name":"Saadia Bok\u0161ickis-Bahat"}]},{"@type":"WebSite","@id":"https:\/\/manoteises.lt\/atminimo-akmenys\/#website","url":"https:\/\/manoteises.lt\/atminimo-akmenys\/","name":"Atminimo akmenys","description":"","potentialAction":[{"@type":"SearchAction","target":{"@type":"EntryPoint","urlTemplate":"https:\/\/manoteises.lt\/atminimo-akmenys\/?s={search_term_string}"},"query-input":{"@type":"PropertyValueSpecification","valueRequired":true,"valueName":"search_term_string"}}],"inLanguage":"en-US"}]}},"_links":{"self":[{"href":"https:\/\/manoteises.lt\/atminimo-akmenys\/wp-json\/wp\/v2\/pages\/20493","targetHints":{"allow":["GET"]}}],"collection":[{"href":"https:\/\/manoteises.lt\/atminimo-akmenys\/wp-json\/wp\/v2\/pages"}],"about":[{"href":"https:\/\/manoteises.lt\/atminimo-akmenys\/wp-json\/wp\/v2\/types\/page"}],"author":[{"embeddable":true,"href":"https:\/\/manoteises.lt\/atminimo-akmenys\/wp-json\/wp\/v2\/users\/13"}],"replies":[{"embeddable":true,"href":"https:\/\/manoteises.lt\/atminimo-akmenys\/wp-json\/wp\/v2\/comments?post=20493"}],"version-history":[{"count":1,"href":"https:\/\/manoteises.lt\/atminimo-akmenys\/wp-json\/wp\/v2\/pages\/20493\/revisions"}],"predecessor-version":[{"id":23153,"href":"https:\/\/manoteises.lt\/atminimo-akmenys\/wp-json\/wp\/v2\/pages\/20493\/revisions\/23153"}],"up":[{"embeddable":true,"href":"https:\/\/manoteises.lt\/atminimo-akmenys\/wp-json\/wp\/v2\/pages\/17885"}],"wp:attachment":[{"href":"https:\/\/manoteises.lt\/atminimo-akmenys\/wp-json\/wp\/v2\/media?parent=20493"}],"curies":[{"name":"wp","href":"https:\/\/api.w.org\/{rel}","templated":true}]}}