{"id":23347,"date":"2021-06-24T04:26:27","date_gmt":"2021-06-24T01:26:27","guid":{"rendered":"https:\/\/manoteises.lt\/atminimo-akmenys\/?page_id=23347"},"modified":"2022-09-06T13:24:04","modified_gmt":"2022-09-06T10:24:04","slug":"atminimo-akmenys-2","status":"publish","type":"page","link":"https:\/\/manoteises.lt\/atminimo-akmenys\/","title":{"rendered":"Pagrindinis"},"content":{"rendered":"<p>Atminimo akmenys (vok. Stolpersteine) \u2013 tai \u0161aligatviuose ar gatvi\u0173 grindiniuose montuojamos atminimo lentel\u0117s, skirtos \u012fam\u017einti nacionalsocializmo aukas.<br \/>\n2019 m. buvo \u012fmontuoti 75 000 toki\u0173 atminties \u017eenkl\u0173, kartu jie sudaro did\u017eiausi\u0105 memorialin\u012f muziej\u0173 po atviru dangumi pasaulyje.<\/p>\n<p>Atminimo akmenys i\u0161ve\u017etuosius \u012f koncentracijos stovyklas, su\u0161audytus masini\u0173 \u017eudyni\u0173 vietose, nukankintus kal\u0117jimuose ar kitaip nukent\u0117jusius per Holokaust\u0105 simboli\u0161kai gr\u0105\u017eina \u012f miest\u0173 ir miesteli\u0173 erdves, kuriuose jie gyveno, mok\u0117si ar dirbo, taip primindami, kad per masines \u017eudynes nukent\u0117jo ne abstrakt\u016bs skai\u010diai, bet konkret\u016bs \u017emon\u0117s.<\/p>\n<p>Pirmoji tokia lentel\u0117 buvo \u012frengta 1992 m. Kelno\u00a0mieste, Vokietijoje. Ant jos Atminimo akmen\u0173 id\u0117jos autorius, menininkas Gunteris Demnigas i\u0161graviravo vadinamojo Au\u0161vico nutarimo eilutes, kuriomis SS reichsfiureris Heinrichas Himmleris \u012fsak\u0117 prad\u0117ti Vokietijos teritorijoje gyvenusi\u0173 rom\u0173 deportacij\u0105 \u012f Au\u0161vico koncentracijos stovykl\u0105.<\/p>\n<div id=\"attachment_23676\" style=\"width: 1034px\" class=\"wp-caption alignnone\"><a href=\"https:\/\/manoteises.lt\/atminimo-akmenys\/atminimo-akmenys-2\/olympus-digital-camera-41\/\" rel=\"attachment wp-att-23676\"><img loading=\"lazy\" decoding=\"async\" aria-describedby=\"caption-attachment-23676\" class=\"size-large wp-image-23676\" src=\"https:\/\/manoteises.lt\/atminimo-akmenys\/wp-content\/uploads\/2022\/07\/Koln-Stolperstein-Rathaus-024-1024x675.jpg\" alt=\"Pirmasis Atminimo akmuo, wikipedia nuotr.\" width=\"1024\" height=\"675\" srcset=\"https:\/\/manoteises.lt\/atminimo-akmenys\/wp-content\/uploads\/2022\/07\/Koln-Stolperstein-Rathaus-024-1024x675.jpg 1024w, https:\/\/manoteises.lt\/atminimo-akmenys\/wp-content\/uploads\/2022\/07\/Koln-Stolperstein-Rathaus-024-300x198.jpg 300w, https:\/\/manoteises.lt\/atminimo-akmenys\/wp-content\/uploads\/2022\/07\/Koln-Stolperstein-Rathaus-024-768x506.jpg 768w, https:\/\/manoteises.lt\/atminimo-akmenys\/wp-content\/uploads\/2022\/07\/Koln-Stolperstein-Rathaus-024-825x544.jpg 825w, https:\/\/manoteises.lt\/atminimo-akmenys\/wp-content\/uploads\/2022\/07\/Koln-Stolperstein-Rathaus-024-274x180.jpg 274w, https:\/\/manoteises.lt\/atminimo-akmenys\/wp-content\/uploads\/2022\/07\/Koln-Stolperstein-Rathaus-024-728x480.jpg 728w, https:\/\/manoteises.lt\/atminimo-akmenys\/wp-content\/uploads\/2022\/07\/Koln-Stolperstein-Rathaus-024.jpg 1109w\" sizes=\"auto, (max-width: 1024px) 100vw, 1024px\" \/><\/a><p id=\"caption-attachment-23676\" class=\"wp-caption-text\">Pirmasis Atminimo akmuo, wikipedia nuotr.<\/p><\/div>\n<p>Po dviej\u0173 met\u0173 menininkas i\u0161graviravo pirm\u0105sias plok\u0161teles konkretiems \u017emon\u0117ms \u2013 ant j\u0173 buvo u\u017era\u0161yti vardai ir pavard\u0117s, gimimo bei mirties metai ir \u017e\u016bties vieta. Dar po met\u0173 \u0161ie atminimo \u017eenklai atsid\u016br\u0117 Kelno miesto \u0161aligatviuose, taip prad\u0117dami iki \u0161iol besit\u0119siant\u012f menin\u012f projekt\u0105.<\/p>\n<p>Pra\u0117jus trisde\u0161im\u010diai met\u0173 nuo projekto prad\u017eios, Atminimo akmenis galite rasti beveik trisde\u0161imtyje valstybi\u0173. Lietuva buvo 21-oji \u0161alis, kurioje \u012fgyvendinama \u0161i iniciatyva.<\/p>\n<p>2016 m. <a href=\"http:\/\/lchr.lt\" target=\"_blank\" rel=\"noopener noreferrer\">Lietuvos \u017emogaus teisi\u0173 centro<\/a> iniciatyva pirmuosius Atminimo akmenis Lietuvoje \u012fmontavo menininkas Gunteris Demnigas.<\/p>\n<div id=\"attachment_23674\" style=\"width: 970px\" class=\"wp-caption alignnone\"><a href=\"https:\/\/manoteises.lt\/atminimo-akmenys\/atminimo-akmenys-2\/cerne\/\" rel=\"attachment wp-att-23674\"><img loading=\"lazy\" decoding=\"async\" aria-describedby=\"caption-attachment-23674\" class=\"size-full wp-image-23674\" src=\"https:\/\/manoteises.lt\/atminimo-akmenys\/wp-content\/uploads\/2022\/07\/cerne.jpg\" alt=\"\" width=\"960\" height=\"640\" srcset=\"https:\/\/manoteises.lt\/atminimo-akmenys\/wp-content\/uploads\/2022\/07\/cerne.jpg 960w, https:\/\/manoteises.lt\/atminimo-akmenys\/wp-content\/uploads\/2022\/07\/cerne-300x200.jpg 300w, https:\/\/manoteises.lt\/atminimo-akmenys\/wp-content\/uploads\/2022\/07\/cerne-768x512.jpg 768w, https:\/\/manoteises.lt\/atminimo-akmenys\/wp-content\/uploads\/2022\/07\/cerne-825x550.jpg 825w, https:\/\/manoteises.lt\/atminimo-akmenys\/wp-content\/uploads\/2022\/07\/cerne-720x480.jpg 720w\" sizes=\"auto, (max-width: 960px) 100vw, 960px\" \/><\/a><p id=\"caption-attachment-23674\" class=\"wp-caption-text\">G. Demnigas montuoja Atminimo akmen\u012f dailininkei \u010cernei Percikovi\u010di\u016btei Kaune.<\/p><\/div>\n<p>\u0160iuose devyniolikoje Atminimo akmen\u0173 atmenam\u0173 \u017emoni\u0173 vardai ir j\u0173 biografijos surinktos bendradarbiaujant\u00a0ir konsultuojantis su Lietuvos \u017eyd\u0173 (litvak\u0173) bendruomene, Vilniaus Gaono \u017eyd\u0173 muziejumi, Rom\u0173 visuomen\u0117s centru, dr. Lara Lempert, dr. Ilja Lempert, Vida Beinortiene ir seserimi Daiva Tumasonyte.<\/p>\n<p>\u0160iuo metu Lietuvoje yra \u012frengti 64 Atminimo akmenys trylikoje \u0161alies miest\u0173 ir miesteli\u0173 \u2013 Vilniuje, Kaune, \u0160iauliuose, Panev\u0117\u017eyje, Alytuje, Ukmerg\u0117je, Plung\u0117je, Jurbarke, \u0160v\u0117k\u0161noje, Darb\u0117nuose, Kuliuose, Krak\u0117se, Vilkavi\u0161kyje.<\/p>\n<p>Pirm\u0105j\u0105 Atminimo akmen\u0173 atsiradimo Lietuvoje iniciatyv\u0105 ir \u0161io puslapio suk\u016brim\u0105 par\u0117m\u0117 fondas EVZ ir \u201eGeros valios fondas\u201c.<\/p>\n<p>Kvie\u010diame prane\u0161ti apie naujai Lietuvoje \u012fmontuojamus Atminimo akmenis Lietuvos \u017emogaus teisi\u0173 centrui, kuris renka informacij\u0105 ir administruoja puslap\u012f <a href=\"http:\/\/atminimoakmenys.lt\" target=\"_blank\" rel=\"noopener noreferrer\">atminimoakmenys.lt<\/a>. Informacijos mielai lauksime el. pa\u0161tu <a href=\"mailto:info@lchr.lt\" target=\"_blank\" rel=\"noopener noreferrer\">info@lchr.lt<\/a><\/p>\n","protected":false},"excerpt":{"rendered":"<p>Atminimo akmenys (vok. Stolpersteine) \u2013 tai \u0161aligatviuose ar gatvi\u0173 grindiniuose montuojamos atminimo lentel\u0117s, skirtos \u012fam\u017einti nacionalsocializmo aukas. 2019 m. buvo \u012fmontuoti 75 000 toki\u0173 atminties \u017eenkl\u0173, kartu jie sudaro did\u017eiausi\u0105 memorialin\u012f muziej\u0173 po atviru dangumi pasaulyje. Atminimo akmenys i\u0161ve\u017etuosius \u012f koncentracijos stovyklas, su\u0161audytus masini\u0173 \u017eudyni\u0173 vietose, nukankintus kal\u0117jimuose ar kitaip nukent\u0117jusius per Holokaust\u0105 simboli\u0161kai gr\u0105\u017eina<\/p>\n","protected":false},"author":15,"featured_media":0,"parent":0,"menu_order":0,"comment_status":"closed","ping_status":"closed","template":"page-akmenys-titulinis.php","meta":{"_acf_changed":false,"footnotes":""},"class_list":["post-23347","page","type-page","status-publish","hentry"],"acf":[],"yoast_head":"<!-- This site is optimized with the Yoast SEO plugin v26.9 - https:\/\/yoast.com\/product\/yoast-seo-wordpress\/ -->\n<title>Atminimo akmenys - Atminimo akmenys<\/title>\n<meta name=\"description\" content=\"Atminimo akmenys, Vilnius, Kaunas, \u0160iauliai, Panev\u0117\u017eys, Alytus, Ukmerg\u0117, Plung\u0117, Jurbarkas, \u0160v\u0117k\u0161na, Darb\u0117nai, Kuliai, Krak\u0117s, Vilkavi\u0161kis\" \/>\n<meta name=\"robots\" content=\"index, follow, max-snippet:-1, max-image-preview:large, max-video-preview:-1\" \/>\n<link rel=\"canonical\" href=\"https:\/\/manoteises.lt\/atminimo-akmenys\/\" \/>\n<meta name=\"twitter:label1\" content=\"Est. reading time\" \/>\n\t<meta name=\"twitter:data1\" content=\"2 minutes\" \/>\n<script type=\"application\/ld+json\" class=\"yoast-schema-graph\">{\"@context\":\"https:\/\/schema.org\",\"@graph\":[{\"@type\":\"WebPage\",\"@id\":\"https:\/\/manoteises.lt\/atminimo-akmenys\/\",\"url\":\"https:\/\/manoteises.lt\/atminimo-akmenys\/\",\"name\":\"Atminimo akmenys\",\"isPartOf\":{\"@id\":\"https:\/\/manoteises.lt\/atminimo-akmenys\/#website\"},\"primaryImageOfPage\":{\"@id\":\"https:\/\/manoteises.lt\/atminimo-akmenys\/#primaryimage\"},\"image\":{\"@id\":\"https:\/\/manoteises.lt\/atminimo-akmenys\/#primaryimage\"},\"thumbnailUrl\":\"https:\/\/manoteises.lt\/atminimo-akmenys\/wp-content\/uploads\/2022\/07\/Koln-Stolperstein-Rathaus-024-1024x675.jpg\",\"datePublished\":\"2021-06-24T01:26:27+00:00\",\"dateModified\":\"2022-09-06T10:24:04+00:00\",\"description\":\"Atminimo akmenys, Vilnius, Kaunas, \u0160iauliai, Panev\u0117\u017eys, Alytus, Ukmerg\u0117, Plung\u0117, Jurbarkas, \u0160v\u0117k\u0161na, Darb\u0117nai, Kuliai, Krak\u0117s, Vilkavi\u0161kis\",\"breadcrumb\":{\"@id\":\"https:\/\/manoteises.lt\/atminimo-akmenys\/#breadcrumb\"},\"inLanguage\":\"en-US\",\"potentialAction\":[{\"@type\":\"ReadAction\",\"target\":[\"https:\/\/manoteises.lt\/atminimo-akmenys\/\"]}]},{\"@type\":\"ImageObject\",\"inLanguage\":\"en-US\",\"@id\":\"https:\/\/manoteises.lt\/atminimo-akmenys\/#primaryimage\",\"url\":\"https:\/\/manoteises.lt\/atminimo-akmenys\/wp-content\/uploads\/2022\/07\/Koln-Stolperstein-Rathaus-024.jpg\",\"contentUrl\":\"https:\/\/manoteises.lt\/atminimo-akmenys\/wp-content\/uploads\/2022\/07\/Koln-Stolperstein-Rathaus-024.jpg\",\"width\":1109,\"height\":731,\"caption\":\"Pirmasis Atminimo akmuo, wikipedia nuotr.\"},{\"@type\":\"BreadcrumbList\",\"@id\":\"https:\/\/manoteises.lt\/atminimo-akmenys\/#breadcrumb\",\"itemListElement\":[{\"@type\":\"ListItem\",\"position\":1,\"name\":\"Home\",\"item\":\"https:\/\/manoteises.lt\/atminimo-akmenys\/\"},{\"@type\":\"ListItem\",\"position\":2,\"name\":\"Pagrindinis\"}]},{\"@type\":\"WebSite\",\"@id\":\"https:\/\/manoteises.lt\/atminimo-akmenys\/#website\",\"url\":\"https:\/\/manoteises.lt\/atminimo-akmenys\/\",\"name\":\"Atminimo akmenys\",\"description\":\"\",\"potentialAction\":[{\"@type\":\"SearchAction\",\"target\":{\"@type\":\"EntryPoint\",\"urlTemplate\":\"https:\/\/manoteises.lt\/atminimo-akmenys\/?s={search_term_string}\"},\"query-input\":{\"@type\":\"PropertyValueSpecification\",\"valueRequired\":true,\"valueName\":\"search_term_string\"}}],\"inLanguage\":\"en-US\"}]}<\/script>\n<!-- \/ Yoast SEO plugin. -->","yoast_head_json":{"title":"Atminimo akmenys - Atminimo akmenys","description":"Atminimo akmenys, Vilnius, Kaunas, \u0160iauliai, Panev\u0117\u017eys, Alytus, Ukmerg\u0117, Plung\u0117, Jurbarkas, \u0160v\u0117k\u0161na, Darb\u0117nai, Kuliai, Krak\u0117s, Vilkavi\u0161kis","robots":{"index":"index","follow":"follow","max-snippet":"max-snippet:-1","max-image-preview":"max-image-preview:large","max-video-preview":"max-video-preview:-1"},"canonical":"https:\/\/manoteises.lt\/atminimo-akmenys\/","twitter_misc":{"Est. reading time":"2 minutes"},"schema":{"@context":"https:\/\/schema.org","@graph":[{"@type":"WebPage","@id":"https:\/\/manoteises.lt\/atminimo-akmenys\/","url":"https:\/\/manoteises.lt\/atminimo-akmenys\/","name":"Atminimo akmenys","isPartOf":{"@id":"https:\/\/manoteises.lt\/atminimo-akmenys\/#website"},"primaryImageOfPage":{"@id":"https:\/\/manoteises.lt\/atminimo-akmenys\/#primaryimage"},"image":{"@id":"https:\/\/manoteises.lt\/atminimo-akmenys\/#primaryimage"},"thumbnailUrl":"https:\/\/manoteises.lt\/atminimo-akmenys\/wp-content\/uploads\/2022\/07\/Koln-Stolperstein-Rathaus-024-1024x675.jpg","datePublished":"2021-06-24T01:26:27+00:00","dateModified":"2022-09-06T10:24:04+00:00","description":"Atminimo akmenys, Vilnius, Kaunas, \u0160iauliai, Panev\u0117\u017eys, Alytus, Ukmerg\u0117, Plung\u0117, Jurbarkas, \u0160v\u0117k\u0161na, Darb\u0117nai, Kuliai, Krak\u0117s, Vilkavi\u0161kis","breadcrumb":{"@id":"https:\/\/manoteises.lt\/atminimo-akmenys\/#breadcrumb"},"inLanguage":"en-US","potentialAction":[{"@type":"ReadAction","target":["https:\/\/manoteises.lt\/atminimo-akmenys\/"]}]},{"@type":"ImageObject","inLanguage":"en-US","@id":"https:\/\/manoteises.lt\/atminimo-akmenys\/#primaryimage","url":"https:\/\/manoteises.lt\/atminimo-akmenys\/wp-content\/uploads\/2022\/07\/Koln-Stolperstein-Rathaus-024.jpg","contentUrl":"https:\/\/manoteises.lt\/atminimo-akmenys\/wp-content\/uploads\/2022\/07\/Koln-Stolperstein-Rathaus-024.jpg","width":1109,"height":731,"caption":"Pirmasis Atminimo akmuo, wikipedia nuotr."},{"@type":"BreadcrumbList","@id":"https:\/\/manoteises.lt\/atminimo-akmenys\/#breadcrumb","itemListElement":[{"@type":"ListItem","position":1,"name":"Home","item":"https:\/\/manoteises.lt\/atminimo-akmenys\/"},{"@type":"ListItem","position":2,"name":"Pagrindinis"}]},{"@type":"WebSite","@id":"https:\/\/manoteises.lt\/atminimo-akmenys\/#website","url":"https:\/\/manoteises.lt\/atminimo-akmenys\/","name":"Atminimo akmenys","description":"","potentialAction":[{"@type":"SearchAction","target":{"@type":"EntryPoint","urlTemplate":"https:\/\/manoteises.lt\/atminimo-akmenys\/?s={search_term_string}"},"query-input":{"@type":"PropertyValueSpecification","valueRequired":true,"valueName":"search_term_string"}}],"inLanguage":"en-US"}]}},"_links":{"self":[{"href":"https:\/\/manoteises.lt\/atminimo-akmenys\/wp-json\/wp\/v2\/pages\/23347","targetHints":{"allow":["GET"]}}],"collection":[{"href":"https:\/\/manoteises.lt\/atminimo-akmenys\/wp-json\/wp\/v2\/pages"}],"about":[{"href":"https:\/\/manoteises.lt\/atminimo-akmenys\/wp-json\/wp\/v2\/types\/page"}],"author":[{"embeddable":true,"href":"https:\/\/manoteises.lt\/atminimo-akmenys\/wp-json\/wp\/v2\/users\/15"}],"replies":[{"embeddable":true,"href":"https:\/\/manoteises.lt\/atminimo-akmenys\/wp-json\/wp\/v2\/comments?post=23347"}],"version-history":[{"count":41,"href":"https:\/\/manoteises.lt\/atminimo-akmenys\/wp-json\/wp\/v2\/pages\/23347\/revisions"}],"predecessor-version":[{"id":23954,"href":"https:\/\/manoteises.lt\/atminimo-akmenys\/wp-json\/wp\/v2\/pages\/23347\/revisions\/23954"}],"wp:attachment":[{"href":"https:\/\/manoteises.lt\/atminimo-akmenys\/wp-json\/wp\/v2\/media?parent=23347"}],"curies":[{"name":"wp","href":"https:\/\/api.w.org\/{rel}","templated":true}]}}