{"id":23415,"date":"2021-06-27T16:05:42","date_gmt":"2021-06-27T13:05:42","guid":{"rendered":"https:\/\/manoteises.lt\/atminimo-akmenys\/?page_id=23415"},"modified":"2022-08-31T14:43:28","modified_gmt":"2022-08-31T11:43:28","slug":"darbenai","status":"publish","type":"page","link":"https:\/\/manoteises.lt\/atminimo-akmenys\/english\/darbenai\/","title":{"rendered":"Darb\u0117nai (KRETINGA DIST.)"},"content":{"rendered":"<p><!--more--><\/p>\n<p>Darb\u0117nai is one among many Lithuanian towns with rich histories of local Litvaks.<\/p>\n<p>The local Jewish community is thought to have started forming as early as 1701, when Darb\u0117nai was awarded the privilege of hosting markets and fairs and entered a successful competition with the neighbouring town of Lauk\u017eem\u0117. After the Port of \u0160ventoji was razed during the Great Northern War, the Lauk\u017eem\u0117 Jewish community moved to Darb\u0117nai. Jews would have a Yiddish name for their shtetl: Dorbian or Drobian. The town was famous for its Jewish artisans, tailors, merchants, doctors, and public figures.<\/p>\n<p>Before the Holocaust, 550 Jews lived in Darb\u0117nai. After the town was occupied by the Nazi German armed forces on June 22, 1941, the local Jewish community was mobilised for \u201ewelfare works\u201c (street sweeping, latrine cleaning, etc.).<\/p>\n<p>On June 28, the whole community was gathered in the centre of the town and forced to march to Kretinga on foot. When in Kretinga, they were photographed by the Jewish cemetery and sent back to Darb\u0117nai, where they would spend the night under the stars at the southwestern side of the town.<\/p>\n<p>On June 29, German officers arrived and, with help from the local auxiliary police, separated around 150 Jewish men and shot them on the outskirts of the town, by the Palanga road. The remaining women and children, of which there were around 400, were imprisoned in the local synagogue. In early July, around 60 young women (and girls) were selected and sent to work as servants in local farmsteads.<\/p>\n<p>In early September, the head of the Darb\u0117nai Public Police Station drew up a list of women and children imprisoned in the synagogue. This same officer led a squad of 7 auxiliary policemen who rounded up around 120 people in the synagogue, drove them to the Balto Kalno (White Hill) Forest, and massacred them in cold blood by beating them to death with iron-coated wooden sticks. After 2\u20133 days, the remaining 200 people were driven to the same spot and shot to death. In total, more than 320 Jewish women and children from Darb\u0117nai were killed in the Balto Kalno Forest.<\/p>\n<p>Nowadays, the once numerous community is commemorated only by time-faded tombstones in the Old Jewish Cemetery and the two houses in the town centre that were once inhabited by Jews, but are now empty and should at some point undergo reconstruction. The material heritage of Darb\u0117nai Jews is not reflected in the town\u2019s architecture anymore, and the spiritual heritage was destroyed alongside the old shtetl.<\/p>\n","protected":false},"excerpt":{"rendered":"","protected":false},"author":15,"featured_media":0,"parent":15152,"menu_order":2,"comment_status":"closed","ping_status":"closed","template":"page-akmenys-miestas.php","meta":{"_acf_changed":false,"footnotes":""},"class_list":["post-23415","page","type-page","status-publish","hentry"],"acf":[],"yoast_head":"<!-- This site is optimized with the Yoast SEO plugin v26.9 - https:\/\/yoast.com\/product\/yoast-seo-wordpress\/ -->\n<title>Darb\u0117nai - Atminimo akmenys<\/title>\n<meta name=\"robots\" content=\"index, follow, max-snippet:-1, max-image-preview:large, max-video-preview:-1\" \/>\n<link rel=\"canonical\" href=\"https:\/\/manoteises.lt\/atminimo-akmenys\/english\/darbenai\/\" \/>\n<meta name=\"twitter:label1\" content=\"Est. reading time\" \/>\n\t<meta name=\"twitter:data1\" content=\"2 minutes\" \/>\n<script type=\"application\/ld+json\" class=\"yoast-schema-graph\">{\"@context\":\"https:\/\/schema.org\",\"@graph\":[{\"@type\":\"WebPage\",\"@id\":\"https:\/\/manoteises.lt\/atminimo-akmenys\/english\/darbenai\/\",\"url\":\"https:\/\/manoteises.lt\/atminimo-akmenys\/english\/darbenai\/\",\"name\":\"Darb\u0117nai\",\"isPartOf\":{\"@id\":\"https:\/\/manoteises.lt\/atminimo-akmenys\/#website\"},\"datePublished\":\"2021-06-27T13:05:42+00:00\",\"dateModified\":\"2022-08-31T11:43:28+00:00\",\"breadcrumb\":{\"@id\":\"https:\/\/manoteises.lt\/atminimo-akmenys\/english\/darbenai\/#breadcrumb\"},\"inLanguage\":\"en-US\",\"potentialAction\":[{\"@type\":\"ReadAction\",\"target\":[\"https:\/\/manoteises.lt\/atminimo-akmenys\/english\/darbenai\/\"]}]},{\"@type\":\"BreadcrumbList\",\"@id\":\"https:\/\/manoteises.lt\/atminimo-akmenys\/english\/darbenai\/#breadcrumb\",\"itemListElement\":[{\"@type\":\"ListItem\",\"position\":1,\"name\":\"Home\",\"item\":\"https:\/\/manoteises.lt\/atminimo-akmenys\/\"},{\"@type\":\"ListItem\",\"position\":2,\"name\":\"Stumbling Stones\",\"item\":\"https:\/\/manoteises.lt\/atminimo-akmenys\/english\/\"},{\"@type\":\"ListItem\",\"position\":3,\"name\":\"Darb\u0117nai (KRETINGA DIST.)\"}]},{\"@type\":\"WebSite\",\"@id\":\"https:\/\/manoteises.lt\/atminimo-akmenys\/#website\",\"url\":\"https:\/\/manoteises.lt\/atminimo-akmenys\/\",\"name\":\"Atminimo akmenys\",\"description\":\"\",\"potentialAction\":[{\"@type\":\"SearchAction\",\"target\":{\"@type\":\"EntryPoint\",\"urlTemplate\":\"https:\/\/manoteises.lt\/atminimo-akmenys\/?s={search_term_string}\"},\"query-input\":{\"@type\":\"PropertyValueSpecification\",\"valueRequired\":true,\"valueName\":\"search_term_string\"}}],\"inLanguage\":\"en-US\"}]}<\/script>\n<!-- \/ Yoast SEO plugin. -->","yoast_head_json":{"title":"Darb\u0117nai - Atminimo akmenys","robots":{"index":"index","follow":"follow","max-snippet":"max-snippet:-1","max-image-preview":"max-image-preview:large","max-video-preview":"max-video-preview:-1"},"canonical":"https:\/\/manoteises.lt\/atminimo-akmenys\/english\/darbenai\/","twitter_misc":{"Est. reading time":"2 minutes"},"schema":{"@context":"https:\/\/schema.org","@graph":[{"@type":"WebPage","@id":"https:\/\/manoteises.lt\/atminimo-akmenys\/english\/darbenai\/","url":"https:\/\/manoteises.lt\/atminimo-akmenys\/english\/darbenai\/","name":"Darb\u0117nai","isPartOf":{"@id":"https:\/\/manoteises.lt\/atminimo-akmenys\/#website"},"datePublished":"2021-06-27T13:05:42+00:00","dateModified":"2022-08-31T11:43:28+00:00","breadcrumb":{"@id":"https:\/\/manoteises.lt\/atminimo-akmenys\/english\/darbenai\/#breadcrumb"},"inLanguage":"en-US","potentialAction":[{"@type":"ReadAction","target":["https:\/\/manoteises.lt\/atminimo-akmenys\/english\/darbenai\/"]}]},{"@type":"BreadcrumbList","@id":"https:\/\/manoteises.lt\/atminimo-akmenys\/english\/darbenai\/#breadcrumb","itemListElement":[{"@type":"ListItem","position":1,"name":"Home","item":"https:\/\/manoteises.lt\/atminimo-akmenys\/"},{"@type":"ListItem","position":2,"name":"Stumbling Stones","item":"https:\/\/manoteises.lt\/atminimo-akmenys\/english\/"},{"@type":"ListItem","position":3,"name":"Darb\u0117nai (KRETINGA DIST.)"}]},{"@type":"WebSite","@id":"https:\/\/manoteises.lt\/atminimo-akmenys\/#website","url":"https:\/\/manoteises.lt\/atminimo-akmenys\/","name":"Atminimo akmenys","description":"","potentialAction":[{"@type":"SearchAction","target":{"@type":"EntryPoint","urlTemplate":"https:\/\/manoteises.lt\/atminimo-akmenys\/?s={search_term_string}"},"query-input":{"@type":"PropertyValueSpecification","valueRequired":true,"valueName":"search_term_string"}}],"inLanguage":"en-US"}]}},"_links":{"self":[{"href":"https:\/\/manoteises.lt\/atminimo-akmenys\/wp-json\/wp\/v2\/pages\/23415","targetHints":{"allow":["GET"]}}],"collection":[{"href":"https:\/\/manoteises.lt\/atminimo-akmenys\/wp-json\/wp\/v2\/pages"}],"about":[{"href":"https:\/\/manoteises.lt\/atminimo-akmenys\/wp-json\/wp\/v2\/types\/page"}],"author":[{"embeddable":true,"href":"https:\/\/manoteises.lt\/atminimo-akmenys\/wp-json\/wp\/v2\/users\/15"}],"replies":[{"embeddable":true,"href":"https:\/\/manoteises.lt\/atminimo-akmenys\/wp-json\/wp\/v2\/comments?post=23415"}],"version-history":[{"count":7,"href":"https:\/\/manoteises.lt\/atminimo-akmenys\/wp-json\/wp\/v2\/pages\/23415\/revisions"}],"predecessor-version":[{"id":23823,"href":"https:\/\/manoteises.lt\/atminimo-akmenys\/wp-json\/wp\/v2\/pages\/23415\/revisions\/23823"}],"up":[{"embeddable":true,"href":"https:\/\/manoteises.lt\/atminimo-akmenys\/wp-json\/wp\/v2\/pages\/15152"}],"wp:attachment":[{"href":"https:\/\/manoteises.lt\/atminimo-akmenys\/wp-json\/wp\/v2\/media?parent=23415"}],"curies":[{"name":"wp","href":"https:\/\/api.w.org\/{rel}","templated":true}]}}