{"id":23452,"date":"2022-07-11T12:31:39","date_gmt":"2022-07-11T09:31:39","guid":{"rendered":"https:\/\/manoteises.lt\/atminimo-akmenys\/?page_id=23452"},"modified":"2022-07-18T18:31:28","modified_gmt":"2022-07-18T15:31:28","slug":"krakes","status":"publish","type":"page","link":"https:\/\/manoteises.lt\/atminimo-akmenys\/krakes\/","title":{"rendered":"Krak\u0117s (K\u0117daini\u0173 raj.)"},"content":{"rendered":"<p><!--more--><\/p>\n<p style=\"text-align: justify;\">Manoma, kad \u017eyd\u0173 bendruomen\u0117 Krak\u0117se \u012fsik\u016br\u0117 jau XVIII a. Tarpukariu Krak\u0117se gyveno gausi \u017eyd\u0173 bendruomen\u0117 \u2013apie 600 \u017emoni\u0173, o tai sudar\u0117 beveik pus\u0119 miestelio gyventoj\u0173. \u017dinoma, kad 1930 m. Krak\u0117se gyveno 156 \u017eyd\u0173 \u0161eimos. \u017dyd\u0173 bendruomen\u0117 buvo aktyvi, vert\u0117si amatais ir prekyba. \u017dydai \u010dia tur\u0117jo apie 60 \u012fvairiausi\u0173 krautuvi\u0173 ir dirbtuvi\u0173, sinagog\u0105, mokykl\u0105, kurioje mok\u0117si apie 80 mokini\u0173, kredito unijos bank\u0105, chor\u0105.<\/p>\n<p style=\"text-align: justify;\">\n1941 m., bir\u017eelio m\u0117nes\u012f, prasid\u0117jus vokie\u010di\u0173 okupacijai, Kraki\u0173 miestelio centre buvo \u012fkurtas \u017eyd\u0173 getas, \u012f kur\u012f buvo suvaryti \u017eydai i\u0161 Kraki\u0173, Grinki\u0161kio, Dotnuvos, Baisiogalos ir kit\u0173 aplinkini\u0173 kaim\u0173. Gete gyveno 452 \u017emon\u0117s.<br \/>\nPo keli\u0173 m\u0117nesi\u0173, 1941 m. rugs\u0117jo 2 d. \u0161alia Kraki\u0173 esan\u010diame Pe\u0161tiniuk\u0173 kaime buvo \u012fvykdytos masin\u0117s \u017eudyn\u0117s, kuri\u0173 metu su\u0161audyti 1125 Kraki\u0173 ir apylinki\u0173 \u017eydai.<\/p>\n<p style=\"text-align: justify;\">Atminimo akmenys Krak\u0117se \u012frengti <a href=\"https:\/\/manoteises.lt\/atminimo-akmenys\/krakes\/abramas-michelis-volpovicius\/\" target=\"_blank\" rel=\"noopener noreferrer\">Abramui Micheliui Volpovi\u010diui<\/a> (Kauno g. 2), <a href=\"https:\/\/manoteises.lt\/atminimo-akmenys\/krakes\/aronas-polunskis\/\" target=\"_blank\" rel=\"noopener noreferrer\">Aronui Polunskiui<\/a> (Vasario 16-osios g.\u00a0 6) ir <a href=\"https:\/\/manoteises.lt\/atminimo-akmenys\/krakes\/boruchas-alperavicius\/\" target=\"_blank\" rel=\"noopener noreferrer\">Boruchui Alperavi\u010diui<\/a> (V. Kudirkos g. 5,) atminti. \u012erengim\u0105 inicijavo Kraki\u0173 kult\u016bros centro darbuotojai Robertas, Daiva ir Aist\u0117 Dubinkai, finansavo K\u0117daini\u0173 r. savivaldyb\u0117.<\/p>\n","protected":false},"excerpt":{"rendered":"","protected":false},"author":15,"featured_media":0,"parent":0,"menu_order":5,"comment_status":"closed","ping_status":"closed","template":"page-akmenys-miestas.php","meta":{"_acf_changed":false,"footnotes":""},"class_list":["post-23452","page","type-page","status-publish","hentry"],"acf":[],"yoast_head":"<!-- This site is optimized with the Yoast SEO plugin v26.9 - https:\/\/yoast.com\/product\/yoast-seo-wordpress\/ -->\n<title>Krak\u0117s (K\u0117daini\u0173 raj.) - Atminimo akmenys<\/title>\n<meta name=\"description\" content=\"Krak\u0117s, K\u0117daini\u0173 rajonas, Kraki\u0173 kult\u016bros centras, K\u0117daini\u0173 rajono savivaldyb\u0117, Robertas, Daiva ir Aist\u0117 Dubinkai, Atminimo akmenys\" \/>\n<meta name=\"robots\" content=\"index, follow, max-snippet:-1, max-image-preview:large, max-video-preview:-1\" \/>\n<link rel=\"canonical\" href=\"https:\/\/manoteises.lt\/atminimo-akmenys\/krakes\/\" \/>\n<meta name=\"twitter:label1\" content=\"Est. reading time\" \/>\n\t<meta name=\"twitter:data1\" content=\"1 minute\" \/>\n<script type=\"application\/ld+json\" class=\"yoast-schema-graph\">{\"@context\":\"https:\/\/schema.org\",\"@graph\":[{\"@type\":\"WebPage\",\"@id\":\"https:\/\/manoteises.lt\/atminimo-akmenys\/krakes\/\",\"url\":\"https:\/\/manoteises.lt\/atminimo-akmenys\/krakes\/\",\"name\":\"Krak\u0117s (K\u0117daini\u0173 raj.)\",\"isPartOf\":{\"@id\":\"https:\/\/manoteises.lt\/atminimo-akmenys\/#website\"},\"datePublished\":\"2022-07-11T09:31:39+00:00\",\"dateModified\":\"2022-07-18T15:31:28+00:00\",\"description\":\"Krak\u0117s, K\u0117daini\u0173 rajonas, Kraki\u0173 kult\u016bros centras, K\u0117daini\u0173 rajono savivaldyb\u0117, Robertas, Daiva ir Aist\u0117 Dubinkai, Atminimo akmenys\",\"breadcrumb\":{\"@id\":\"https:\/\/manoteises.lt\/atminimo-akmenys\/krakes\/#breadcrumb\"},\"inLanguage\":\"en-US\",\"potentialAction\":[{\"@type\":\"ReadAction\",\"target\":[\"https:\/\/manoteises.lt\/atminimo-akmenys\/krakes\/\"]}]},{\"@type\":\"BreadcrumbList\",\"@id\":\"https:\/\/manoteises.lt\/atminimo-akmenys\/krakes\/#breadcrumb\",\"itemListElement\":[{\"@type\":\"ListItem\",\"position\":1,\"name\":\"Home\",\"item\":\"https:\/\/manoteises.lt\/atminimo-akmenys\/\"},{\"@type\":\"ListItem\",\"position\":2,\"name\":\"Krak\u0117s (K\u0117daini\u0173 raj.)\"}]},{\"@type\":\"WebSite\",\"@id\":\"https:\/\/manoteises.lt\/atminimo-akmenys\/#website\",\"url\":\"https:\/\/manoteises.lt\/atminimo-akmenys\/\",\"name\":\"Atminimo akmenys\",\"description\":\"\",\"potentialAction\":[{\"@type\":\"SearchAction\",\"target\":{\"@type\":\"EntryPoint\",\"urlTemplate\":\"https:\/\/manoteises.lt\/atminimo-akmenys\/?s={search_term_string}\"},\"query-input\":{\"@type\":\"PropertyValueSpecification\",\"valueRequired\":true,\"valueName\":\"search_term_string\"}}],\"inLanguage\":\"en-US\"}]}<\/script>\n<!-- \/ Yoast SEO plugin. -->","yoast_head_json":{"title":"Krak\u0117s (K\u0117daini\u0173 raj.) - Atminimo akmenys","description":"Krak\u0117s, K\u0117daini\u0173 rajonas, Kraki\u0173 kult\u016bros centras, K\u0117daini\u0173 rajono savivaldyb\u0117, Robertas, Daiva ir Aist\u0117 Dubinkai, Atminimo akmenys","robots":{"index":"index","follow":"follow","max-snippet":"max-snippet:-1","max-image-preview":"max-image-preview:large","max-video-preview":"max-video-preview:-1"},"canonical":"https:\/\/manoteises.lt\/atminimo-akmenys\/krakes\/","twitter_misc":{"Est. reading time":"1 minute"},"schema":{"@context":"https:\/\/schema.org","@graph":[{"@type":"WebPage","@id":"https:\/\/manoteises.lt\/atminimo-akmenys\/krakes\/","url":"https:\/\/manoteises.lt\/atminimo-akmenys\/krakes\/","name":"Krak\u0117s (K\u0117daini\u0173 raj.)","isPartOf":{"@id":"https:\/\/manoteises.lt\/atminimo-akmenys\/#website"},"datePublished":"2022-07-11T09:31:39+00:00","dateModified":"2022-07-18T15:31:28+00:00","description":"Krak\u0117s, K\u0117daini\u0173 rajonas, Kraki\u0173 kult\u016bros centras, K\u0117daini\u0173 rajono savivaldyb\u0117, Robertas, Daiva ir Aist\u0117 Dubinkai, Atminimo akmenys","breadcrumb":{"@id":"https:\/\/manoteises.lt\/atminimo-akmenys\/krakes\/#breadcrumb"},"inLanguage":"en-US","potentialAction":[{"@type":"ReadAction","target":["https:\/\/manoteises.lt\/atminimo-akmenys\/krakes\/"]}]},{"@type":"BreadcrumbList","@id":"https:\/\/manoteises.lt\/atminimo-akmenys\/krakes\/#breadcrumb","itemListElement":[{"@type":"ListItem","position":1,"name":"Home","item":"https:\/\/manoteises.lt\/atminimo-akmenys\/"},{"@type":"ListItem","position":2,"name":"Krak\u0117s (K\u0117daini\u0173 raj.)"}]},{"@type":"WebSite","@id":"https:\/\/manoteises.lt\/atminimo-akmenys\/#website","url":"https:\/\/manoteises.lt\/atminimo-akmenys\/","name":"Atminimo akmenys","description":"","potentialAction":[{"@type":"SearchAction","target":{"@type":"EntryPoint","urlTemplate":"https:\/\/manoteises.lt\/atminimo-akmenys\/?s={search_term_string}"},"query-input":{"@type":"PropertyValueSpecification","valueRequired":true,"valueName":"search_term_string"}}],"inLanguage":"en-US"}]}},"_links":{"self":[{"href":"https:\/\/manoteises.lt\/atminimo-akmenys\/wp-json\/wp\/v2\/pages\/23452","targetHints":{"allow":["GET"]}}],"collection":[{"href":"https:\/\/manoteises.lt\/atminimo-akmenys\/wp-json\/wp\/v2\/pages"}],"about":[{"href":"https:\/\/manoteises.lt\/atminimo-akmenys\/wp-json\/wp\/v2\/types\/page"}],"author":[{"embeddable":true,"href":"https:\/\/manoteises.lt\/atminimo-akmenys\/wp-json\/wp\/v2\/users\/15"}],"replies":[{"embeddable":true,"href":"https:\/\/manoteises.lt\/atminimo-akmenys\/wp-json\/wp\/v2\/comments?post=23452"}],"version-history":[{"count":10,"href":"https:\/\/manoteises.lt\/atminimo-akmenys\/wp-json\/wp\/v2\/pages\/23452\/revisions"}],"predecessor-version":[{"id":23691,"href":"https:\/\/manoteises.lt\/atminimo-akmenys\/wp-json\/wp\/v2\/pages\/23452\/revisions\/23691"}],"wp:attachment":[{"href":"https:\/\/manoteises.lt\/atminimo-akmenys\/wp-json\/wp\/v2\/media?parent=23452"}],"curies":[{"name":"wp","href":"https:\/\/api.w.org\/{rel}","templated":true}]}}