{"id":23476,"date":"2022-07-11T13:50:12","date_gmt":"2022-07-11T10:50:12","guid":{"rendered":"https:\/\/manoteises.lt\/atminimo-akmenys\/?page_id=23476"},"modified":"2022-07-12T15:59:31","modified_gmt":"2022-07-12T12:59:31","slug":"bencionas-michtomas","status":"publish","type":"page","link":"https:\/\/manoteises.lt\/atminimo-akmenys\/vilnius\/bencionas-michtomas\/","title":{"rendered":"Bencionas Michtomas"},"content":{"rendered":"<h1><strong>Bencionas Michtomas<\/strong><\/h1>\n<p><strong>(1909\u20131941)<\/strong><\/p>\n<p>Vienas talentingiausi\u0173 tarpukario Vilniaus \u017eyd\u0173 dailinink\u0173, tapytojas, grafikas, scenografas. Kilo i\u0161 neturtingos \u0161eimos, ta\u010diau baig\u0117 Sofijos Gurvi\u010d gimnazij\u0105 ir \u012fstojo laisvo klausytojo teis\u0117mis \u012f Stepono Batoro universiteto Dail\u0117s fakultet\u0105, kuriame studijavo iki 1929. Meninink\u0173 modernist\u0173 grup\u0117s \u201eYung Vilne\u201c ir Vilniaus \u017eyd\u0173 dailinink\u0173 draugijos narys. Fig\u016brin\u0117ms kompozicijoms b\u016bdingi socialin\u0117s kritikos motyvai, nutap\u0117 Vilniaus ir Vilnijos peiza\u017e\u0173, suk\u016br\u0117 am\u017einink\u0173, daugiausia \u017eyd\u0173 kult\u016bros veik\u0117j\u0173 portret\u0173, apipavidalino \u017eurnal\u0173 ir knyg\u0173, suk\u016br\u0117 plakat\u0173, grupuot\u0117s \u201eYung Vilne\u201c ir marione\u010di\u0173 teatro \u201eMaidim\u201c emblemas. Su\u0161audytas Paneriuose naci\u0173 okupacijos prad\u017eioje. Atminimo akmuo i\u0328rengiamas prie\u0161ais pastata\u0328 \u017demaitijos g. 1 (buvusi Stra\u0161u\u0304no g. 3) \u2013 \u010dia Michtomas buvo registruotas 1940 12 02.<\/p>\n","protected":false},"excerpt":{"rendered":"<p>Bencionas Michtomas (1909\u20131941) Vienas talentingiausi\u0173 tarpukario Vilniaus \u017eyd\u0173 dailinink\u0173, tapytojas, grafikas, scenografas. Kilo i\u0161 neturtingos \u0161eimos, ta\u010diau baig\u0117 Sofijos Gurvi\u010d gimnazij\u0105 ir \u012fstojo laisvo klausytojo teis\u0117mis \u012f Stepono Batoro universiteto Dail\u0117s fakultet\u0105, kuriame studijavo iki 1929. Meninink\u0173 modernist\u0173 grup\u0117s \u201eYung Vilne\u201c ir Vilniaus \u017eyd\u0173 dailinink\u0173 draugijos narys. Fig\u016brin\u0117ms kompozicijoms b\u016bdingi socialin\u0117s kritikos motyvai, nutap\u0117 Vilniaus<\/p>\n","protected":false},"author":15,"featured_media":0,"parent":10958,"menu_order":0,"comment_status":"closed","ping_status":"closed","template":"page-akmenys-vidinis.php","meta":{"_acf_changed":false,"footnotes":""},"class_list":["post-23476","page","type-page","status-publish","hentry"],"acf":[],"yoast_head":"<!-- This site is optimized with the Yoast SEO plugin v26.9 - https:\/\/yoast.com\/product\/yoast-seo-wordpress\/ -->\n<title>Bencionas Michtomas &#8211; Atminimo akmenys<\/title>\n<meta name=\"robots\" content=\"index, follow, max-snippet:-1, max-image-preview:large, max-video-preview:-1\" \/>\n<link rel=\"canonical\" href=\"https:\/\/manoteises.lt\/atminimo-akmenys\/vilnius\/bencionas-michtomas\/\" \/>\n<meta name=\"twitter:label1\" content=\"Est. reading time\" \/>\n\t<meta name=\"twitter:data1\" content=\"1 minute\" \/>\n<script type=\"application\/ld+json\" class=\"yoast-schema-graph\">{\"@context\":\"https:\/\/schema.org\",\"@graph\":[{\"@type\":\"WebPage\",\"@id\":\"https:\/\/manoteises.lt\/atminimo-akmenys\/vilnius\/bencionas-michtomas\/\",\"url\":\"https:\/\/manoteises.lt\/atminimo-akmenys\/vilnius\/bencionas-michtomas\/\",\"name\":\"Bencionas Michtomas &#8211; Atminimo akmenys\",\"isPartOf\":{\"@id\":\"https:\/\/manoteises.lt\/atminimo-akmenys\/#website\"},\"datePublished\":\"2022-07-11T10:50:12+00:00\",\"dateModified\":\"2022-07-12T12:59:31+00:00\",\"breadcrumb\":{\"@id\":\"https:\/\/manoteises.lt\/atminimo-akmenys\/vilnius\/bencionas-michtomas\/#breadcrumb\"},\"inLanguage\":\"en-US\",\"potentialAction\":[{\"@type\":\"ReadAction\",\"target\":[\"https:\/\/manoteises.lt\/atminimo-akmenys\/vilnius\/bencionas-michtomas\/\"]}]},{\"@type\":\"BreadcrumbList\",\"@id\":\"https:\/\/manoteises.lt\/atminimo-akmenys\/vilnius\/bencionas-michtomas\/#breadcrumb\",\"itemListElement\":[{\"@type\":\"ListItem\",\"position\":1,\"name\":\"Home\",\"item\":\"https:\/\/manoteises.lt\/atminimo-akmenys\/\"},{\"@type\":\"ListItem\",\"position\":2,\"name\":\"Vilnius\",\"item\":\"https:\/\/manoteises.lt\/atminimo-akmenys\/vilnius\/\"},{\"@type\":\"ListItem\",\"position\":3,\"name\":\"Bencionas Michtomas\"}]},{\"@type\":\"WebSite\",\"@id\":\"https:\/\/manoteises.lt\/atminimo-akmenys\/#website\",\"url\":\"https:\/\/manoteises.lt\/atminimo-akmenys\/\",\"name\":\"Atminimo akmenys\",\"description\":\"\",\"potentialAction\":[{\"@type\":\"SearchAction\",\"target\":{\"@type\":\"EntryPoint\",\"urlTemplate\":\"https:\/\/manoteises.lt\/atminimo-akmenys\/?s={search_term_string}\"},\"query-input\":{\"@type\":\"PropertyValueSpecification\",\"valueRequired\":true,\"valueName\":\"search_term_string\"}}],\"inLanguage\":\"en-US\"}]}<\/script>\n<!-- \/ Yoast SEO plugin. -->","yoast_head_json":{"title":"Bencionas Michtomas &#8211; Atminimo akmenys","robots":{"index":"index","follow":"follow","max-snippet":"max-snippet:-1","max-image-preview":"max-image-preview:large","max-video-preview":"max-video-preview:-1"},"canonical":"https:\/\/manoteises.lt\/atminimo-akmenys\/vilnius\/bencionas-michtomas\/","twitter_misc":{"Est. reading time":"1 minute"},"schema":{"@context":"https:\/\/schema.org","@graph":[{"@type":"WebPage","@id":"https:\/\/manoteises.lt\/atminimo-akmenys\/vilnius\/bencionas-michtomas\/","url":"https:\/\/manoteises.lt\/atminimo-akmenys\/vilnius\/bencionas-michtomas\/","name":"Bencionas Michtomas &#8211; Atminimo akmenys","isPartOf":{"@id":"https:\/\/manoteises.lt\/atminimo-akmenys\/#website"},"datePublished":"2022-07-11T10:50:12+00:00","dateModified":"2022-07-12T12:59:31+00:00","breadcrumb":{"@id":"https:\/\/manoteises.lt\/atminimo-akmenys\/vilnius\/bencionas-michtomas\/#breadcrumb"},"inLanguage":"en-US","potentialAction":[{"@type":"ReadAction","target":["https:\/\/manoteises.lt\/atminimo-akmenys\/vilnius\/bencionas-michtomas\/"]}]},{"@type":"BreadcrumbList","@id":"https:\/\/manoteises.lt\/atminimo-akmenys\/vilnius\/bencionas-michtomas\/#breadcrumb","itemListElement":[{"@type":"ListItem","position":1,"name":"Home","item":"https:\/\/manoteises.lt\/atminimo-akmenys\/"},{"@type":"ListItem","position":2,"name":"Vilnius","item":"https:\/\/manoteises.lt\/atminimo-akmenys\/vilnius\/"},{"@type":"ListItem","position":3,"name":"Bencionas Michtomas"}]},{"@type":"WebSite","@id":"https:\/\/manoteises.lt\/atminimo-akmenys\/#website","url":"https:\/\/manoteises.lt\/atminimo-akmenys\/","name":"Atminimo akmenys","description":"","potentialAction":[{"@type":"SearchAction","target":{"@type":"EntryPoint","urlTemplate":"https:\/\/manoteises.lt\/atminimo-akmenys\/?s={search_term_string}"},"query-input":{"@type":"PropertyValueSpecification","valueRequired":true,"valueName":"search_term_string"}}],"inLanguage":"en-US"}]}},"_links":{"self":[{"href":"https:\/\/manoteises.lt\/atminimo-akmenys\/wp-json\/wp\/v2\/pages\/23476","targetHints":{"allow":["GET"]}}],"collection":[{"href":"https:\/\/manoteises.lt\/atminimo-akmenys\/wp-json\/wp\/v2\/pages"}],"about":[{"href":"https:\/\/manoteises.lt\/atminimo-akmenys\/wp-json\/wp\/v2\/types\/page"}],"author":[{"embeddable":true,"href":"https:\/\/manoteises.lt\/atminimo-akmenys\/wp-json\/wp\/v2\/users\/15"}],"replies":[{"embeddable":true,"href":"https:\/\/manoteises.lt\/atminimo-akmenys\/wp-json\/wp\/v2\/comments?post=23476"}],"version-history":[{"count":5,"href":"https:\/\/manoteises.lt\/atminimo-akmenys\/wp-json\/wp\/v2\/pages\/23476\/revisions"}],"predecessor-version":[{"id":23488,"href":"https:\/\/manoteises.lt\/atminimo-akmenys\/wp-json\/wp\/v2\/pages\/23476\/revisions\/23488"}],"up":[{"embeddable":true,"href":"https:\/\/manoteises.lt\/atminimo-akmenys\/wp-json\/wp\/v2\/pages\/10958"}],"wp:attachment":[{"href":"https:\/\/manoteises.lt\/atminimo-akmenys\/wp-json\/wp\/v2\/media?parent=23476"}],"curies":[{"name":"wp","href":"https:\/\/api.w.org\/{rel}","templated":true}]}}