{"id":23502,"date":"2022-07-11T15:52:30","date_gmt":"2022-07-11T12:52:30","guid":{"rendered":"https:\/\/manoteises.lt\/atminimo-akmenys\/?page_id=23502"},"modified":"2022-07-19T09:41:14","modified_gmt":"2022-07-19T06:41:14","slug":"abramas-michelis-volpovicius","status":"publish","type":"page","link":"https:\/\/manoteises.lt\/atminimo-akmenys\/krakes\/abramas-michelis-volpovicius\/","title":{"rendered":"Abramas Michelis Volpovi\u010dius"},"content":{"rendered":"<h1>Abramas Michelis Volpovi\u010dius<\/h1>\n<p><em>Atminimo akmuo Abramui Micheliui Volpovi\u010diui \u012frengtas Kauno g. 2, Krak\u0117se, K\u0117daini\u0173 raj.<\/em><\/p>\n<p style=\"text-align: justify;\">Krak\u0117se gyven\u0119s ir dirb\u0119s gydytojas, kurio pagalbos \u017emon\u0117s sulaukdavo bet kuriuo paros metu. Pas Abram\u0105 Michel\u012f Volpovi\u010di\u0173 gydydavosi ne tik vietiniai, bet ir aplinkini\u0173 gyvenvie\u010di\u0173 \u017emon\u0117s.<\/p>\n<p style=\"text-align: justify;\">\u017dinoma, kad gydytojas gim\u0117 1895 m., tur\u0117jo \u0161eim\u0105 \u2013 \u017emon\u0105 Chan\u0105 Ester ir dukr\u0105 Tamar\u0105. Visi trys su\u0161audyti 1941 m. rugs\u0117jo 2 d. \u0161alia Kraki\u0173 esan\u010diame <a href=\"https:\/\/manoteises.lt\/atminimo-akmenys\/krakes\/\" target=\"_blank\" rel=\"noopener noreferrer\">Pe\u0161tiniuk\u0173 kaime<\/a>.<\/p>\n<p style=\"text-align: justify;\">Atminimo akmuo \u012frengtas \u0161alia namo, kur A. M. Volpovi\u010dius dirbo ir gyd\u0117 \u017emones. Abramo Michelio Volpovi\u010diaus atminimas \u012fam\u017eintas Kraki\u0173 kult\u016bros centro darbuotoj\u0173 Roberto, Daivos ir Aist\u0117s Dubink\u0173 iniciatyva, finansuojant K\u0117daini\u0173 r. savivaldybei.<\/p>\n","protected":false},"excerpt":{"rendered":"<p>Abramas Michelis Volpovi\u010dius Atminimo akmuo Abramui Micheliui Volpovi\u010diui \u012frengtas Kauno g. 2, Krak\u0117se, K\u0117daini\u0173 raj. Krak\u0117se gyven\u0119s ir dirb\u0119s gydytojas, kurio pagalbos \u017emon\u0117s sulaukdavo bet kuriuo paros metu. Pas Abram\u0105 Michel\u012f Volpovi\u010di\u0173 gydydavosi ne tik vietiniai, bet ir aplinkini\u0173 gyvenvie\u010di\u0173 \u017emon\u0117s. \u017dinoma, kad gydytojas gim\u0117 1895 m., tur\u0117jo \u0161eim\u0105 \u2013 \u017emon\u0105 Chan\u0105 Ester ir dukr\u0105<\/p>\n","protected":false},"author":15,"featured_media":0,"parent":23452,"menu_order":0,"comment_status":"closed","ping_status":"closed","template":"page-akmenys-vidinis.php","meta":{"_acf_changed":false,"footnotes":""},"class_list":["post-23502","page","type-page","status-publish","hentry"],"acf":[],"yoast_head":"<!-- This site is optimized with the Yoast SEO plugin v26.9 - https:\/\/yoast.com\/product\/yoast-seo-wordpress\/ -->\n<title>Abramas Michelis Volpovi\u010dius - Atminimo akmenys<\/title>\n<meta name=\"description\" content=\"Abramas Michelis Volpovi\u010dius, Krak\u0117s, K\u0117daini\u0173 rajonas, Holokaustas Lietuvoje, Lietuvos \u017eydai, \u017eydai, Pe\u0161tiniuk\u0173 kaimas\" \/>\n<meta name=\"robots\" content=\"index, follow, max-snippet:-1, max-image-preview:large, max-video-preview:-1\" \/>\n<link rel=\"canonical\" href=\"https:\/\/manoteises.lt\/atminimo-akmenys\/krakes\/abramas-michelis-volpovicius\/\" \/>\n<meta name=\"twitter:label1\" content=\"Est. reading time\" \/>\n\t<meta name=\"twitter:data1\" content=\"1 minute\" \/>\n<script type=\"application\/ld+json\" class=\"yoast-schema-graph\">{\"@context\":\"https:\/\/schema.org\",\"@graph\":[{\"@type\":\"WebPage\",\"@id\":\"https:\/\/manoteises.lt\/atminimo-akmenys\/krakes\/abramas-michelis-volpovicius\/\",\"url\":\"https:\/\/manoteises.lt\/atminimo-akmenys\/krakes\/abramas-michelis-volpovicius\/\",\"name\":\"Abramas Michelis Volpovi\u010dius\",\"isPartOf\":{\"@id\":\"https:\/\/manoteises.lt\/atminimo-akmenys\/#website\"},\"datePublished\":\"2022-07-11T12:52:30+00:00\",\"dateModified\":\"2022-07-19T06:41:14+00:00\",\"description\":\"Abramas Michelis Volpovi\u010dius, Krak\u0117s, K\u0117daini\u0173 rajonas, Holokaustas Lietuvoje, Lietuvos \u017eydai, \u017eydai, Pe\u0161tiniuk\u0173 kaimas\",\"breadcrumb\":{\"@id\":\"https:\/\/manoteises.lt\/atminimo-akmenys\/krakes\/abramas-michelis-volpovicius\/#breadcrumb\"},\"inLanguage\":\"en-US\",\"potentialAction\":[{\"@type\":\"ReadAction\",\"target\":[\"https:\/\/manoteises.lt\/atminimo-akmenys\/krakes\/abramas-michelis-volpovicius\/\"]}]},{\"@type\":\"BreadcrumbList\",\"@id\":\"https:\/\/manoteises.lt\/atminimo-akmenys\/krakes\/abramas-michelis-volpovicius\/#breadcrumb\",\"itemListElement\":[{\"@type\":\"ListItem\",\"position\":1,\"name\":\"Home\",\"item\":\"https:\/\/manoteises.lt\/atminimo-akmenys\/\"},{\"@type\":\"ListItem\",\"position\":2,\"name\":\"Krak\u0117s (K\u0117daini\u0173 raj.)\",\"item\":\"https:\/\/manoteises.lt\/atminimo-akmenys\/krakes\/\"},{\"@type\":\"ListItem\",\"position\":3,\"name\":\"Abramas Michelis Volpovi\u010dius\"}]},{\"@type\":\"WebSite\",\"@id\":\"https:\/\/manoteises.lt\/atminimo-akmenys\/#website\",\"url\":\"https:\/\/manoteises.lt\/atminimo-akmenys\/\",\"name\":\"Atminimo akmenys\",\"description\":\"\",\"potentialAction\":[{\"@type\":\"SearchAction\",\"target\":{\"@type\":\"EntryPoint\",\"urlTemplate\":\"https:\/\/manoteises.lt\/atminimo-akmenys\/?s={search_term_string}\"},\"query-input\":{\"@type\":\"PropertyValueSpecification\",\"valueRequired\":true,\"valueName\":\"search_term_string\"}}],\"inLanguage\":\"en-US\"}]}<\/script>\n<!-- \/ Yoast SEO plugin. -->","yoast_head_json":{"title":"Abramas Michelis Volpovi\u010dius - Atminimo akmenys","description":"Abramas Michelis Volpovi\u010dius, Krak\u0117s, K\u0117daini\u0173 rajonas, Holokaustas Lietuvoje, Lietuvos \u017eydai, \u017eydai, Pe\u0161tiniuk\u0173 kaimas","robots":{"index":"index","follow":"follow","max-snippet":"max-snippet:-1","max-image-preview":"max-image-preview:large","max-video-preview":"max-video-preview:-1"},"canonical":"https:\/\/manoteises.lt\/atminimo-akmenys\/krakes\/abramas-michelis-volpovicius\/","twitter_misc":{"Est. reading time":"1 minute"},"schema":{"@context":"https:\/\/schema.org","@graph":[{"@type":"WebPage","@id":"https:\/\/manoteises.lt\/atminimo-akmenys\/krakes\/abramas-michelis-volpovicius\/","url":"https:\/\/manoteises.lt\/atminimo-akmenys\/krakes\/abramas-michelis-volpovicius\/","name":"Abramas Michelis Volpovi\u010dius","isPartOf":{"@id":"https:\/\/manoteises.lt\/atminimo-akmenys\/#website"},"datePublished":"2022-07-11T12:52:30+00:00","dateModified":"2022-07-19T06:41:14+00:00","description":"Abramas Michelis Volpovi\u010dius, Krak\u0117s, K\u0117daini\u0173 rajonas, Holokaustas Lietuvoje, Lietuvos \u017eydai, \u017eydai, Pe\u0161tiniuk\u0173 kaimas","breadcrumb":{"@id":"https:\/\/manoteises.lt\/atminimo-akmenys\/krakes\/abramas-michelis-volpovicius\/#breadcrumb"},"inLanguage":"en-US","potentialAction":[{"@type":"ReadAction","target":["https:\/\/manoteises.lt\/atminimo-akmenys\/krakes\/abramas-michelis-volpovicius\/"]}]},{"@type":"BreadcrumbList","@id":"https:\/\/manoteises.lt\/atminimo-akmenys\/krakes\/abramas-michelis-volpovicius\/#breadcrumb","itemListElement":[{"@type":"ListItem","position":1,"name":"Home","item":"https:\/\/manoteises.lt\/atminimo-akmenys\/"},{"@type":"ListItem","position":2,"name":"Krak\u0117s (K\u0117daini\u0173 raj.)","item":"https:\/\/manoteises.lt\/atminimo-akmenys\/krakes\/"},{"@type":"ListItem","position":3,"name":"Abramas Michelis Volpovi\u010dius"}]},{"@type":"WebSite","@id":"https:\/\/manoteises.lt\/atminimo-akmenys\/#website","url":"https:\/\/manoteises.lt\/atminimo-akmenys\/","name":"Atminimo akmenys","description":"","potentialAction":[{"@type":"SearchAction","target":{"@type":"EntryPoint","urlTemplate":"https:\/\/manoteises.lt\/atminimo-akmenys\/?s={search_term_string}"},"query-input":{"@type":"PropertyValueSpecification","valueRequired":true,"valueName":"search_term_string"}}],"inLanguage":"en-US"}]}},"_links":{"self":[{"href":"https:\/\/manoteises.lt\/atminimo-akmenys\/wp-json\/wp\/v2\/pages\/23502","targetHints":{"allow":["GET"]}}],"collection":[{"href":"https:\/\/manoteises.lt\/atminimo-akmenys\/wp-json\/wp\/v2\/pages"}],"about":[{"href":"https:\/\/manoteises.lt\/atminimo-akmenys\/wp-json\/wp\/v2\/types\/page"}],"author":[{"embeddable":true,"href":"https:\/\/manoteises.lt\/atminimo-akmenys\/wp-json\/wp\/v2\/users\/15"}],"replies":[{"embeddable":true,"href":"https:\/\/manoteises.lt\/atminimo-akmenys\/wp-json\/wp\/v2\/comments?post=23502"}],"version-history":[{"count":5,"href":"https:\/\/manoteises.lt\/atminimo-akmenys\/wp-json\/wp\/v2\/pages\/23502\/revisions"}],"predecessor-version":[{"id":23698,"href":"https:\/\/manoteises.lt\/atminimo-akmenys\/wp-json\/wp\/v2\/pages\/23502\/revisions\/23698"}],"up":[{"embeddable":true,"href":"https:\/\/manoteises.lt\/atminimo-akmenys\/wp-json\/wp\/v2\/pages\/23452"}],"wp:attachment":[{"href":"https:\/\/manoteises.lt\/atminimo-akmenys\/wp-json\/wp\/v2\/media?parent=23502"}],"curies":[{"name":"wp","href":"https:\/\/api.w.org\/{rel}","templated":true}]}}