{"id":23510,"date":"2022-07-11T15:56:33","date_gmt":"2022-07-11T12:56:33","guid":{"rendered":"https:\/\/manoteises.lt\/atminimo-akmenys\/?page_id=23510"},"modified":"2022-07-18T18:53:53","modified_gmt":"2022-07-18T15:53:53","slug":"aronas-polunskis","status":"publish","type":"page","link":"https:\/\/manoteises.lt\/atminimo-akmenys\/krakes\/aronas-polunskis\/","title":{"rendered":"Aronas Polunskis"},"content":{"rendered":"<h1>Aronas Polunskis<\/h1>\n<p><em>Atminimo akmuo Aronui Polunskiui \u012frengtas Vasario 16-osios g. 6, Krak\u0117se, K\u0117daini\u0173 raj.\u00a0<\/em><\/p>\n<p style=\"text-align: justify;\">Apie vaistinink\u0105 Aron\u0105 Polunsk\u012f informacijos i\u0161liko nedaug. \u017dinoma, kad Aronas gim\u0117 1898 m., <a href=\"https:\/\/manoteises.lt\/atminimo-akmenys\/krakes\/\" target=\"_blank\" rel=\"noopener noreferrer\">nu\u017eudytas<\/a> 1941 m. \u0161alia Kraki\u0173 esan\u010diame Pe\u0161tiniuk\u0173 kaime.<\/p>\n<p style=\"text-align: justify;\">Aronas Polunskis ne tik prekiavo vaistais, bet ir patardavo, kaip i\u0161sigydyti. Kreiptis pagalbos \u012f A. Polunsk\u012f buvo galima bet kuriuo paros metu. Atminimo akmuo vaistininkui \u012frengtas \u0161alia namo, esan\u010dio Vasario 16-osios g. 6, kur buvo \u012fsik\u016brusi vaistin\u0117 ir Aronas Polunskis dirbo.<\/p>\n<p style=\"text-align: justify;\">Atminimo akmuo vaistininkui Aronui Polunskiui \u012frengtas Kraki\u0173 kult\u016bros centro darbuotoj\u0173 Roberto, Daivos ir Aist\u0117s Dubink\u0173 iniciatyva, finansuojant K\u0117daini\u0173 r. savivaldybei.<\/p>\n","protected":false},"excerpt":{"rendered":"<p>Aronas Polunskis Atminimo akmuo Aronui Polunskiui \u012frengtas Vasario 16-osios g. 6, Krak\u0117se, K\u0117daini\u0173 raj.\u00a0 Apie vaistinink\u0105 Aron\u0105 Polunsk\u012f informacijos i\u0161liko nedaug. \u017dinoma, kad Aronas gim\u0117 1898 m., nu\u017eudytas 1941 m. \u0161alia Kraki\u0173 esan\u010diame Pe\u0161tiniuk\u0173 kaime. Aronas Polunskis ne tik prekiavo vaistais, bet ir patardavo, kaip i\u0161sigydyti. Kreiptis pagalbos \u012f A. Polunsk\u012f buvo galima bet kuriuo<\/p>\n","protected":false},"author":15,"featured_media":0,"parent":23452,"menu_order":0,"comment_status":"closed","ping_status":"closed","template":"page-akmenys-vidinis.php","meta":{"_acf_changed":false,"footnotes":""},"class_list":["post-23510","page","type-page","status-publish","hentry"],"acf":[],"yoast_head":"<!-- This site is optimized with the Yoast SEO plugin v26.9 - https:\/\/yoast.com\/product\/yoast-seo-wordpress\/ -->\n<title>Aronas Polunskis - Atminimo akmenys<\/title>\n<meta name=\"description\" content=\"Aronas Polunskis, Krak\u0117s, K\u0117daini\u0173 rajonas, Holokaustas Lietuvoje, Lietuvos \u017eydai, \u017eydai, \u017eyd\u0173 palikimas Lietuvoje, Atminimo akmenys\" \/>\n<meta name=\"robots\" content=\"index, follow, max-snippet:-1, max-image-preview:large, max-video-preview:-1\" \/>\n<link rel=\"canonical\" href=\"https:\/\/manoteises.lt\/atminimo-akmenys\/krakes\/aronas-polunskis\/\" \/>\n<meta name=\"twitter:label1\" content=\"Est. reading time\" \/>\n\t<meta name=\"twitter:data1\" content=\"1 minute\" \/>\n<script type=\"application\/ld+json\" class=\"yoast-schema-graph\">{\"@context\":\"https:\/\/schema.org\",\"@graph\":[{\"@type\":\"WebPage\",\"@id\":\"https:\/\/manoteises.lt\/atminimo-akmenys\/krakes\/aronas-polunskis\/\",\"url\":\"https:\/\/manoteises.lt\/atminimo-akmenys\/krakes\/aronas-polunskis\/\",\"name\":\"Aronas Polunskis\",\"isPartOf\":{\"@id\":\"https:\/\/manoteises.lt\/atminimo-akmenys\/#website\"},\"datePublished\":\"2022-07-11T12:56:33+00:00\",\"dateModified\":\"2022-07-18T15:53:53+00:00\",\"description\":\"Aronas Polunskis, Krak\u0117s, K\u0117daini\u0173 rajonas, Holokaustas Lietuvoje, Lietuvos \u017eydai, \u017eydai, \u017eyd\u0173 palikimas Lietuvoje, Atminimo akmenys\",\"breadcrumb\":{\"@id\":\"https:\/\/manoteises.lt\/atminimo-akmenys\/krakes\/aronas-polunskis\/#breadcrumb\"},\"inLanguage\":\"en-US\",\"potentialAction\":[{\"@type\":\"ReadAction\",\"target\":[\"https:\/\/manoteises.lt\/atminimo-akmenys\/krakes\/aronas-polunskis\/\"]}]},{\"@type\":\"BreadcrumbList\",\"@id\":\"https:\/\/manoteises.lt\/atminimo-akmenys\/krakes\/aronas-polunskis\/#breadcrumb\",\"itemListElement\":[{\"@type\":\"ListItem\",\"position\":1,\"name\":\"Home\",\"item\":\"https:\/\/manoteises.lt\/atminimo-akmenys\/\"},{\"@type\":\"ListItem\",\"position\":2,\"name\":\"Krak\u0117s (K\u0117daini\u0173 raj.)\",\"item\":\"https:\/\/manoteises.lt\/atminimo-akmenys\/krakes\/\"},{\"@type\":\"ListItem\",\"position\":3,\"name\":\"Aronas Polunskis\"}]},{\"@type\":\"WebSite\",\"@id\":\"https:\/\/manoteises.lt\/atminimo-akmenys\/#website\",\"url\":\"https:\/\/manoteises.lt\/atminimo-akmenys\/\",\"name\":\"Atminimo akmenys\",\"description\":\"\",\"potentialAction\":[{\"@type\":\"SearchAction\",\"target\":{\"@type\":\"EntryPoint\",\"urlTemplate\":\"https:\/\/manoteises.lt\/atminimo-akmenys\/?s={search_term_string}\"},\"query-input\":{\"@type\":\"PropertyValueSpecification\",\"valueRequired\":true,\"valueName\":\"search_term_string\"}}],\"inLanguage\":\"en-US\"}]}<\/script>\n<!-- \/ Yoast SEO plugin. -->","yoast_head_json":{"title":"Aronas Polunskis - Atminimo akmenys","description":"Aronas Polunskis, Krak\u0117s, K\u0117daini\u0173 rajonas, Holokaustas Lietuvoje, Lietuvos \u017eydai, \u017eydai, \u017eyd\u0173 palikimas Lietuvoje, Atminimo akmenys","robots":{"index":"index","follow":"follow","max-snippet":"max-snippet:-1","max-image-preview":"max-image-preview:large","max-video-preview":"max-video-preview:-1"},"canonical":"https:\/\/manoteises.lt\/atminimo-akmenys\/krakes\/aronas-polunskis\/","twitter_misc":{"Est. reading time":"1 minute"},"schema":{"@context":"https:\/\/schema.org","@graph":[{"@type":"WebPage","@id":"https:\/\/manoteises.lt\/atminimo-akmenys\/krakes\/aronas-polunskis\/","url":"https:\/\/manoteises.lt\/atminimo-akmenys\/krakes\/aronas-polunskis\/","name":"Aronas Polunskis","isPartOf":{"@id":"https:\/\/manoteises.lt\/atminimo-akmenys\/#website"},"datePublished":"2022-07-11T12:56:33+00:00","dateModified":"2022-07-18T15:53:53+00:00","description":"Aronas Polunskis, Krak\u0117s, K\u0117daini\u0173 rajonas, Holokaustas Lietuvoje, Lietuvos \u017eydai, \u017eydai, \u017eyd\u0173 palikimas Lietuvoje, Atminimo akmenys","breadcrumb":{"@id":"https:\/\/manoteises.lt\/atminimo-akmenys\/krakes\/aronas-polunskis\/#breadcrumb"},"inLanguage":"en-US","potentialAction":[{"@type":"ReadAction","target":["https:\/\/manoteises.lt\/atminimo-akmenys\/krakes\/aronas-polunskis\/"]}]},{"@type":"BreadcrumbList","@id":"https:\/\/manoteises.lt\/atminimo-akmenys\/krakes\/aronas-polunskis\/#breadcrumb","itemListElement":[{"@type":"ListItem","position":1,"name":"Home","item":"https:\/\/manoteises.lt\/atminimo-akmenys\/"},{"@type":"ListItem","position":2,"name":"Krak\u0117s (K\u0117daini\u0173 raj.)","item":"https:\/\/manoteises.lt\/atminimo-akmenys\/krakes\/"},{"@type":"ListItem","position":3,"name":"Aronas Polunskis"}]},{"@type":"WebSite","@id":"https:\/\/manoteises.lt\/atminimo-akmenys\/#website","url":"https:\/\/manoteises.lt\/atminimo-akmenys\/","name":"Atminimo akmenys","description":"","potentialAction":[{"@type":"SearchAction","target":{"@type":"EntryPoint","urlTemplate":"https:\/\/manoteises.lt\/atminimo-akmenys\/?s={search_term_string}"},"query-input":{"@type":"PropertyValueSpecification","valueRequired":true,"valueName":"search_term_string"}}],"inLanguage":"en-US"}]}},"_links":{"self":[{"href":"https:\/\/manoteises.lt\/atminimo-akmenys\/wp-json\/wp\/v2\/pages\/23510","targetHints":{"allow":["GET"]}}],"collection":[{"href":"https:\/\/manoteises.lt\/atminimo-akmenys\/wp-json\/wp\/v2\/pages"}],"about":[{"href":"https:\/\/manoteises.lt\/atminimo-akmenys\/wp-json\/wp\/v2\/types\/page"}],"author":[{"embeddable":true,"href":"https:\/\/manoteises.lt\/atminimo-akmenys\/wp-json\/wp\/v2\/users\/15"}],"replies":[{"embeddable":true,"href":"https:\/\/manoteises.lt\/atminimo-akmenys\/wp-json\/wp\/v2\/comments?post=23510"}],"version-history":[{"count":5,"href":"https:\/\/manoteises.lt\/atminimo-akmenys\/wp-json\/wp\/v2\/pages\/23510\/revisions"}],"predecessor-version":[{"id":23696,"href":"https:\/\/manoteises.lt\/atminimo-akmenys\/wp-json\/wp\/v2\/pages\/23510\/revisions\/23696"}],"up":[{"embeddable":true,"href":"https:\/\/manoteises.lt\/atminimo-akmenys\/wp-json\/wp\/v2\/pages\/23452"}],"wp:attachment":[{"href":"https:\/\/manoteises.lt\/atminimo-akmenys\/wp-json\/wp\/v2\/media?parent=23510"}],"curies":[{"name":"wp","href":"https:\/\/api.w.org\/{rel}","templated":true}]}}