{"id":23517,"date":"2022-07-12T14:56:11","date_gmt":"2022-07-12T11:56:11","guid":{"rendered":"https:\/\/manoteises.lt\/atminimo-akmenys\/?page_id=23517"},"modified":"2022-07-12T14:56:11","modified_gmt":"2022-07-12T11:56:11","slug":"liza-daiches","status":"publish","type":"page","link":"https:\/\/manoteises.lt\/atminimo-akmenys\/vilnius\/liza-daiches\/","title":{"rendered":"Liza Daiches"},"content":{"rendered":"<h1><strong>Liza Daiches <\/strong><\/h1>\n<p><strong>(1914\u20131944)\u00a0<\/strong><\/p>\n<p style=\"text-align: justify;\">Gim\u0117 od\u0173 pirklio \u0161eimoje. Augo meni\u0161koje aplinkoje. Sesuo Miriam nuo vaikyst\u0117s gars\u0117jo kaip talentinga \u0161ok\u0117ja, buvo \u017einoma u\u017e Vilniaus rib\u0173, gastroliavo lydima motinos. Liza apipavidalino leidini\u0173, suk\u016br\u0117 knyg\u0173 vir\u0161eli\u0173, dirbo dailininke \u017eyd\u0173 marione\u010di\u0173 teatre \u201eMaidim\u201c (\u201eI\u0161daigininkai\u201c). 1941 m. \u012fkalinta Vilniaus gete. Buvo \u012ftraukta \u012f Vilniaus maketo gamintoj\u0173 grup\u0119. Likviduojant get\u0105 i\u0161si\u0173sta \u012f Estij\u0105, nu\u017eudyta Vokietijoje. Akmuo \u012frengtas prie namo \u0160v. Stepono g. 17, kur dailinink\u0117 gyveno su t\u0117vais ir su seseria.<\/p>\n","protected":false},"excerpt":{"rendered":"<p>Liza Daiches (1914\u20131944)\u00a0 Gim\u0117 od\u0173 pirklio \u0161eimoje. Augo meni\u0161koje aplinkoje. Sesuo Miriam nuo vaikyst\u0117s gars\u0117jo kaip talentinga \u0161ok\u0117ja, buvo \u017einoma u\u017e Vilniaus rib\u0173, gastroliavo lydima motinos. Liza apipavidalino leidini\u0173, suk\u016br\u0117 knyg\u0173 vir\u0161eli\u0173, dirbo dailininke \u017eyd\u0173 marione\u010di\u0173 teatre \u201eMaidim\u201c (\u201eI\u0161daigininkai\u201c). 1941 m. \u012fkalinta Vilniaus gete. Buvo \u012ftraukta \u012f Vilniaus maketo gamintoj\u0173 grup\u0119. Likviduojant get\u0105 i\u0161si\u0173sta \u012f<\/p>\n","protected":false},"author":15,"featured_media":0,"parent":10958,"menu_order":0,"comment_status":"closed","ping_status":"closed","template":"page-akmenys-vidinis.php","meta":{"_acf_changed":false,"footnotes":""},"class_list":["post-23517","page","type-page","status-publish","hentry"],"acf":[],"yoast_head":"<!-- This site is optimized with the Yoast SEO plugin v26.9 - https:\/\/yoast.com\/product\/yoast-seo-wordpress\/ -->\n<title>Liza Daiches &#8211; Atminimo akmenys<\/title>\n<meta name=\"robots\" content=\"index, follow, max-snippet:-1, max-image-preview:large, max-video-preview:-1\" \/>\n<link rel=\"canonical\" href=\"https:\/\/manoteises.lt\/atminimo-akmenys\/vilnius\/liza-daiches\/\" \/>\n<script type=\"application\/ld+json\" class=\"yoast-schema-graph\">{\"@context\":\"https:\/\/schema.org\",\"@graph\":[{\"@type\":\"WebPage\",\"@id\":\"https:\/\/manoteises.lt\/atminimo-akmenys\/vilnius\/liza-daiches\/\",\"url\":\"https:\/\/manoteises.lt\/atminimo-akmenys\/vilnius\/liza-daiches\/\",\"name\":\"Liza Daiches &#8211; Atminimo akmenys\",\"isPartOf\":{\"@id\":\"https:\/\/manoteises.lt\/atminimo-akmenys\/#website\"},\"datePublished\":\"2022-07-12T11:56:11+00:00\",\"breadcrumb\":{\"@id\":\"https:\/\/manoteises.lt\/atminimo-akmenys\/vilnius\/liza-daiches\/#breadcrumb\"},\"inLanguage\":\"en-US\",\"potentialAction\":[{\"@type\":\"ReadAction\",\"target\":[\"https:\/\/manoteises.lt\/atminimo-akmenys\/vilnius\/liza-daiches\/\"]}]},{\"@type\":\"BreadcrumbList\",\"@id\":\"https:\/\/manoteises.lt\/atminimo-akmenys\/vilnius\/liza-daiches\/#breadcrumb\",\"itemListElement\":[{\"@type\":\"ListItem\",\"position\":1,\"name\":\"Home\",\"item\":\"https:\/\/manoteises.lt\/atminimo-akmenys\/\"},{\"@type\":\"ListItem\",\"position\":2,\"name\":\"Vilnius\",\"item\":\"https:\/\/manoteises.lt\/atminimo-akmenys\/vilnius\/\"},{\"@type\":\"ListItem\",\"position\":3,\"name\":\"Liza Daiches\"}]},{\"@type\":\"WebSite\",\"@id\":\"https:\/\/manoteises.lt\/atminimo-akmenys\/#website\",\"url\":\"https:\/\/manoteises.lt\/atminimo-akmenys\/\",\"name\":\"Atminimo akmenys\",\"description\":\"\",\"potentialAction\":[{\"@type\":\"SearchAction\",\"target\":{\"@type\":\"EntryPoint\",\"urlTemplate\":\"https:\/\/manoteises.lt\/atminimo-akmenys\/?s={search_term_string}\"},\"query-input\":{\"@type\":\"PropertyValueSpecification\",\"valueRequired\":true,\"valueName\":\"search_term_string\"}}],\"inLanguage\":\"en-US\"}]}<\/script>\n<!-- \/ Yoast SEO plugin. -->","yoast_head_json":{"title":"Liza Daiches &#8211; Atminimo akmenys","robots":{"index":"index","follow":"follow","max-snippet":"max-snippet:-1","max-image-preview":"max-image-preview:large","max-video-preview":"max-video-preview:-1"},"canonical":"https:\/\/manoteises.lt\/atminimo-akmenys\/vilnius\/liza-daiches\/","schema":{"@context":"https:\/\/schema.org","@graph":[{"@type":"WebPage","@id":"https:\/\/manoteises.lt\/atminimo-akmenys\/vilnius\/liza-daiches\/","url":"https:\/\/manoteises.lt\/atminimo-akmenys\/vilnius\/liza-daiches\/","name":"Liza Daiches &#8211; Atminimo akmenys","isPartOf":{"@id":"https:\/\/manoteises.lt\/atminimo-akmenys\/#website"},"datePublished":"2022-07-12T11:56:11+00:00","breadcrumb":{"@id":"https:\/\/manoteises.lt\/atminimo-akmenys\/vilnius\/liza-daiches\/#breadcrumb"},"inLanguage":"en-US","potentialAction":[{"@type":"ReadAction","target":["https:\/\/manoteises.lt\/atminimo-akmenys\/vilnius\/liza-daiches\/"]}]},{"@type":"BreadcrumbList","@id":"https:\/\/manoteises.lt\/atminimo-akmenys\/vilnius\/liza-daiches\/#breadcrumb","itemListElement":[{"@type":"ListItem","position":1,"name":"Home","item":"https:\/\/manoteises.lt\/atminimo-akmenys\/"},{"@type":"ListItem","position":2,"name":"Vilnius","item":"https:\/\/manoteises.lt\/atminimo-akmenys\/vilnius\/"},{"@type":"ListItem","position":3,"name":"Liza Daiches"}]},{"@type":"WebSite","@id":"https:\/\/manoteises.lt\/atminimo-akmenys\/#website","url":"https:\/\/manoteises.lt\/atminimo-akmenys\/","name":"Atminimo akmenys","description":"","potentialAction":[{"@type":"SearchAction","target":{"@type":"EntryPoint","urlTemplate":"https:\/\/manoteises.lt\/atminimo-akmenys\/?s={search_term_string}"},"query-input":{"@type":"PropertyValueSpecification","valueRequired":true,"valueName":"search_term_string"}}],"inLanguage":"en-US"}]}},"_links":{"self":[{"href":"https:\/\/manoteises.lt\/atminimo-akmenys\/wp-json\/wp\/v2\/pages\/23517","targetHints":{"allow":["GET"]}}],"collection":[{"href":"https:\/\/manoteises.lt\/atminimo-akmenys\/wp-json\/wp\/v2\/pages"}],"about":[{"href":"https:\/\/manoteises.lt\/atminimo-akmenys\/wp-json\/wp\/v2\/types\/page"}],"author":[{"embeddable":true,"href":"https:\/\/manoteises.lt\/atminimo-akmenys\/wp-json\/wp\/v2\/users\/15"}],"replies":[{"embeddable":true,"href":"https:\/\/manoteises.lt\/atminimo-akmenys\/wp-json\/wp\/v2\/comments?post=23517"}],"version-history":[{"count":1,"href":"https:\/\/manoteises.lt\/atminimo-akmenys\/wp-json\/wp\/v2\/pages\/23517\/revisions"}],"predecessor-version":[{"id":23528,"href":"https:\/\/manoteises.lt\/atminimo-akmenys\/wp-json\/wp\/v2\/pages\/23517\/revisions\/23528"}],"up":[{"embeddable":true,"href":"https:\/\/manoteises.lt\/atminimo-akmenys\/wp-json\/wp\/v2\/pages\/10958"}],"wp:attachment":[{"href":"https:\/\/manoteises.lt\/atminimo-akmenys\/wp-json\/wp\/v2\/media?parent=23517"}],"curies":[{"name":"wp","href":"https:\/\/api.w.org\/{rel}","templated":true}]}}