{"id":23529,"date":"2022-07-12T15:01:04","date_gmt":"2022-07-12T12:01:04","guid":{"rendered":"https:\/\/manoteises.lt\/atminimo-akmenys\/?page_id=23529"},"modified":"2022-07-12T15:01:04","modified_gmt":"2022-07-12T12:01:04","slug":"fania-uma-olkienicka-lerer","status":"publish","type":"page","link":"https:\/\/manoteises.lt\/atminimo-akmenys\/vilnius\/fania-uma-olkienicka-lerer\/","title":{"rendered":"Fania (Uma) Olkienicka-Lerer"},"content":{"rendered":"<h1><strong>Fania (Uma) Olkienicka-Lerer<\/strong><\/h1>\n<p><strong> (1899\u20131943\/44)<\/strong><\/p>\n<p style=\"text-align: justify;\">Dailinink\u0117, itin daug dirbo grafinio dizaino srityje, pagdindiniai k\u016briniai \u2013 \u017dyd\u0173 mokslo instituto YIVO spaudiniai, nors tre\u010diame de\u0161imtmetyje Vilniaus \u017eyd\u0173 dailinink\u0173 parodose eksponavo ir tapybos k\u016brini\u0173 bei scenovaizd\u017ei\u0173 projekt\u0173. Suk\u016br\u0117 YIVO emblem\u0105, pla\u010diai \u017einomi pagal jos projekt\u0105 atspausdinti naujo instituto pastato statybos rinkliavos kuponai. Studijavo Miunchene ir Berlyne, artima konstruktyvizmui, vadovavo YIVO instituto Esteros Rachel\u0117s Kaminskos teatro muziejui. \u012ekalinta gete dirbo Vilniaus maketo gamybos grup\u0117je, apipavidalino geto teatro spektakli\u0173 ir kit\u0173 rengini\u0173. Nu\u017eudyta Maidaneke. Atminimo akmuo i\u0328rengiamas prie \u012f\u0117jimo \u012f nam\u0105 J. Basanavic\u030ciaus g. 19.<\/p>\n","protected":false},"excerpt":{"rendered":"<p>Fania (Uma) Olkienicka-Lerer (1899\u20131943\/44) Dailinink\u0117, itin daug dirbo grafinio dizaino srityje, pagdindiniai k\u016briniai \u2013 \u017dyd\u0173 mokslo instituto YIVO spaudiniai, nors tre\u010diame de\u0161imtmetyje Vilniaus \u017eyd\u0173 dailinink\u0173 parodose eksponavo ir tapybos k\u016brini\u0173 bei scenovaizd\u017ei\u0173 projekt\u0173. Suk\u016br\u0117 YIVO emblem\u0105, pla\u010diai \u017einomi pagal jos projekt\u0105 atspausdinti naujo instituto pastato statybos rinkliavos kuponai. Studijavo Miunchene ir Berlyne, artima konstruktyvizmui, vadovavo<\/p>\n","protected":false},"author":15,"featured_media":0,"parent":10958,"menu_order":0,"comment_status":"closed","ping_status":"closed","template":"page-akmenys-vidinis.php","meta":{"_acf_changed":false,"footnotes":""},"class_list":["post-23529","page","type-page","status-publish","hentry"],"acf":[],"yoast_head":"<!-- This site is optimized with the Yoast SEO plugin v26.9 - https:\/\/yoast.com\/product\/yoast-seo-wordpress\/ -->\n<title>Fania (Uma) Olkienicka-Lerer &#8211; Atminimo akmenys<\/title>\n<meta name=\"robots\" content=\"index, follow, max-snippet:-1, max-image-preview:large, max-video-preview:-1\" \/>\n<link rel=\"canonical\" href=\"https:\/\/manoteises.lt\/atminimo-akmenys\/vilnius\/fania-uma-olkienicka-lerer\/\" \/>\n<script type=\"application\/ld+json\" class=\"yoast-schema-graph\">{\"@context\":\"https:\/\/schema.org\",\"@graph\":[{\"@type\":\"WebPage\",\"@id\":\"https:\/\/manoteises.lt\/atminimo-akmenys\/vilnius\/fania-uma-olkienicka-lerer\/\",\"url\":\"https:\/\/manoteises.lt\/atminimo-akmenys\/vilnius\/fania-uma-olkienicka-lerer\/\",\"name\":\"Fania (Uma) Olkienicka-Lerer &#8211; Atminimo akmenys\",\"isPartOf\":{\"@id\":\"https:\/\/manoteises.lt\/atminimo-akmenys\/#website\"},\"datePublished\":\"2022-07-12T12:01:04+00:00\",\"breadcrumb\":{\"@id\":\"https:\/\/manoteises.lt\/atminimo-akmenys\/vilnius\/fania-uma-olkienicka-lerer\/#breadcrumb\"},\"inLanguage\":\"en-US\",\"potentialAction\":[{\"@type\":\"ReadAction\",\"target\":[\"https:\/\/manoteises.lt\/atminimo-akmenys\/vilnius\/fania-uma-olkienicka-lerer\/\"]}]},{\"@type\":\"BreadcrumbList\",\"@id\":\"https:\/\/manoteises.lt\/atminimo-akmenys\/vilnius\/fania-uma-olkienicka-lerer\/#breadcrumb\",\"itemListElement\":[{\"@type\":\"ListItem\",\"position\":1,\"name\":\"Home\",\"item\":\"https:\/\/manoteises.lt\/atminimo-akmenys\/\"},{\"@type\":\"ListItem\",\"position\":2,\"name\":\"Vilnius\",\"item\":\"https:\/\/manoteises.lt\/atminimo-akmenys\/vilnius\/\"},{\"@type\":\"ListItem\",\"position\":3,\"name\":\"Fania (Uma) Olkienicka-Lerer\"}]},{\"@type\":\"WebSite\",\"@id\":\"https:\/\/manoteises.lt\/atminimo-akmenys\/#website\",\"url\":\"https:\/\/manoteises.lt\/atminimo-akmenys\/\",\"name\":\"Atminimo akmenys\",\"description\":\"\",\"potentialAction\":[{\"@type\":\"SearchAction\",\"target\":{\"@type\":\"EntryPoint\",\"urlTemplate\":\"https:\/\/manoteises.lt\/atminimo-akmenys\/?s={search_term_string}\"},\"query-input\":{\"@type\":\"PropertyValueSpecification\",\"valueRequired\":true,\"valueName\":\"search_term_string\"}}],\"inLanguage\":\"en-US\"}]}<\/script>\n<!-- \/ Yoast SEO plugin. -->","yoast_head_json":{"title":"Fania (Uma) Olkienicka-Lerer &#8211; Atminimo akmenys","robots":{"index":"index","follow":"follow","max-snippet":"max-snippet:-1","max-image-preview":"max-image-preview:large","max-video-preview":"max-video-preview:-1"},"canonical":"https:\/\/manoteises.lt\/atminimo-akmenys\/vilnius\/fania-uma-olkienicka-lerer\/","schema":{"@context":"https:\/\/schema.org","@graph":[{"@type":"WebPage","@id":"https:\/\/manoteises.lt\/atminimo-akmenys\/vilnius\/fania-uma-olkienicka-lerer\/","url":"https:\/\/manoteises.lt\/atminimo-akmenys\/vilnius\/fania-uma-olkienicka-lerer\/","name":"Fania (Uma) Olkienicka-Lerer &#8211; Atminimo akmenys","isPartOf":{"@id":"https:\/\/manoteises.lt\/atminimo-akmenys\/#website"},"datePublished":"2022-07-12T12:01:04+00:00","breadcrumb":{"@id":"https:\/\/manoteises.lt\/atminimo-akmenys\/vilnius\/fania-uma-olkienicka-lerer\/#breadcrumb"},"inLanguage":"en-US","potentialAction":[{"@type":"ReadAction","target":["https:\/\/manoteises.lt\/atminimo-akmenys\/vilnius\/fania-uma-olkienicka-lerer\/"]}]},{"@type":"BreadcrumbList","@id":"https:\/\/manoteises.lt\/atminimo-akmenys\/vilnius\/fania-uma-olkienicka-lerer\/#breadcrumb","itemListElement":[{"@type":"ListItem","position":1,"name":"Home","item":"https:\/\/manoteises.lt\/atminimo-akmenys\/"},{"@type":"ListItem","position":2,"name":"Vilnius","item":"https:\/\/manoteises.lt\/atminimo-akmenys\/vilnius\/"},{"@type":"ListItem","position":3,"name":"Fania (Uma) Olkienicka-Lerer"}]},{"@type":"WebSite","@id":"https:\/\/manoteises.lt\/atminimo-akmenys\/#website","url":"https:\/\/manoteises.lt\/atminimo-akmenys\/","name":"Atminimo akmenys","description":"","potentialAction":[{"@type":"SearchAction","target":{"@type":"EntryPoint","urlTemplate":"https:\/\/manoteises.lt\/atminimo-akmenys\/?s={search_term_string}"},"query-input":{"@type":"PropertyValueSpecification","valueRequired":true,"valueName":"search_term_string"}}],"inLanguage":"en-US"}]}},"_links":{"self":[{"href":"https:\/\/manoteises.lt\/atminimo-akmenys\/wp-json\/wp\/v2\/pages\/23529","targetHints":{"allow":["GET"]}}],"collection":[{"href":"https:\/\/manoteises.lt\/atminimo-akmenys\/wp-json\/wp\/v2\/pages"}],"about":[{"href":"https:\/\/manoteises.lt\/atminimo-akmenys\/wp-json\/wp\/v2\/types\/page"}],"author":[{"embeddable":true,"href":"https:\/\/manoteises.lt\/atminimo-akmenys\/wp-json\/wp\/v2\/users\/15"}],"replies":[{"embeddable":true,"href":"https:\/\/manoteises.lt\/atminimo-akmenys\/wp-json\/wp\/v2\/comments?post=23529"}],"version-history":[{"count":1,"href":"https:\/\/manoteises.lt\/atminimo-akmenys\/wp-json\/wp\/v2\/pages\/23529\/revisions"}],"predecessor-version":[{"id":23536,"href":"https:\/\/manoteises.lt\/atminimo-akmenys\/wp-json\/wp\/v2\/pages\/23529\/revisions\/23536"}],"up":[{"embeddable":true,"href":"https:\/\/manoteises.lt\/atminimo-akmenys\/wp-json\/wp\/v2\/pages\/10958"}],"wp:attachment":[{"href":"https:\/\/manoteises.lt\/atminimo-akmenys\/wp-json\/wp\/v2\/media?parent=23529"}],"curies":[{"name":"wp","href":"https:\/\/api.w.org\/{rel}","templated":true}]}}