{"id":23538,"date":"2022-07-12T15:05:58","date_gmt":"2022-07-12T12:05:58","guid":{"rendered":"https:\/\/manoteises.lt\/atminimo-akmenys\/?page_id=23538"},"modified":"2022-07-12T15:05:58","modified_gmt":"2022-07-12T12:05:58","slug":"rachele-roza-suckever-usajeva","status":"publish","type":"page","link":"https:\/\/manoteises.lt\/atminimo-akmenys\/vilnius\/rachele-roza-suckever-usajeva\/","title":{"rendered":"Rachel\u0117 (Roza) Suckever-U\u0161ajeva"},"content":{"rendered":"<h1><strong>Rachel\u0117 (Roza) Suckever-U\u0161ajeva <\/strong><\/h1>\n<p><strong>(1904\u20131943)<\/strong><\/p>\n<p style=\"text-align: justify;\">Tapytoja ir grafik\u0117, meninink\u0173 modernist\u0173 grupuot\u0117s \u201eYung Vilne\u201c nar\u0117, aktyvi Vilniaus dail\u0117s gyvenimo veik\u0117ja. 1938 sureng\u0117 asmenin\u0119 k\u016brybos parod\u0105, i\u0161leido jos katalog\u0105. Mok\u0117si Vilniaus dailinink\u0173 draugijos Pie\u0161imo mokykloje, JAV sukaupusi l\u0117\u0161\u0173 nuo 1930 studijavo Stepono Batoro universiteto Dail\u0117s fakultete. Nutap\u0117 portret\u0173, natiurmort\u0173, fig\u016brini\u0173 kompozicij\u0173. \u012ekalinta gete pie\u0161\u0117 am\u017einink\u0173 portretus, apipavidalino geto teatro spektakli\u0173 ir kit\u0173 rengini\u0173, dalyvavo Vilniaus maketo gamybos grup\u0117je. Nu\u017eudyta Maidaneke. \u017denklas i\u0328rengiamas prie\u0161ais kiemo vartus adresu J. Basanavic\u030ciaus g. 16.<\/p>\n","protected":false},"excerpt":{"rendered":"<p>Rachel\u0117 (Roza) Suckever-U\u0161ajeva (1904\u20131943) Tapytoja ir grafik\u0117, meninink\u0173 modernist\u0173 grupuot\u0117s \u201eYung Vilne\u201c nar\u0117, aktyvi Vilniaus dail\u0117s gyvenimo veik\u0117ja. 1938 sureng\u0117 asmenin\u0119 k\u016brybos parod\u0105, i\u0161leido jos katalog\u0105. Mok\u0117si Vilniaus dailinink\u0173 draugijos Pie\u0161imo mokykloje, JAV sukaupusi l\u0117\u0161\u0173 nuo 1930 studijavo Stepono Batoro universiteto Dail\u0117s fakultete. Nutap\u0117 portret\u0173, natiurmort\u0173, fig\u016brini\u0173 kompozicij\u0173. \u012ekalinta gete pie\u0161\u0117 am\u017einink\u0173 portretus, apipavidalino geto<\/p>\n","protected":false},"author":15,"featured_media":0,"parent":10958,"menu_order":0,"comment_status":"closed","ping_status":"closed","template":"page-akmenys-vidinis.php","meta":{"_acf_changed":false,"footnotes":""},"class_list":["post-23538","page","type-page","status-publish","hentry"],"acf":[],"yoast_head":"<!-- This site is optimized with the Yoast SEO plugin v26.9 - https:\/\/yoast.com\/product\/yoast-seo-wordpress\/ -->\n<title>Rachel\u0117 (Roza) Suckever-U\u0161ajeva &#8211; Atminimo akmenys<\/title>\n<meta name=\"robots\" content=\"index, follow, max-snippet:-1, max-image-preview:large, max-video-preview:-1\" \/>\n<link rel=\"canonical\" href=\"https:\/\/manoteises.lt\/atminimo-akmenys\/vilnius\/rachele-roza-suckever-usajeva\/\" \/>\n<script type=\"application\/ld+json\" class=\"yoast-schema-graph\">{\"@context\":\"https:\/\/schema.org\",\"@graph\":[{\"@type\":\"WebPage\",\"@id\":\"https:\/\/manoteises.lt\/atminimo-akmenys\/vilnius\/rachele-roza-suckever-usajeva\/\",\"url\":\"https:\/\/manoteises.lt\/atminimo-akmenys\/vilnius\/rachele-roza-suckever-usajeva\/\",\"name\":\"Rachel\u0117 (Roza) Suckever-U\u0161ajeva &#8211; Atminimo akmenys\",\"isPartOf\":{\"@id\":\"https:\/\/manoteises.lt\/atminimo-akmenys\/#website\"},\"datePublished\":\"2022-07-12T12:05:58+00:00\",\"breadcrumb\":{\"@id\":\"https:\/\/manoteises.lt\/atminimo-akmenys\/vilnius\/rachele-roza-suckever-usajeva\/#breadcrumb\"},\"inLanguage\":\"en-US\",\"potentialAction\":[{\"@type\":\"ReadAction\",\"target\":[\"https:\/\/manoteises.lt\/atminimo-akmenys\/vilnius\/rachele-roza-suckever-usajeva\/\"]}]},{\"@type\":\"BreadcrumbList\",\"@id\":\"https:\/\/manoteises.lt\/atminimo-akmenys\/vilnius\/rachele-roza-suckever-usajeva\/#breadcrumb\",\"itemListElement\":[{\"@type\":\"ListItem\",\"position\":1,\"name\":\"Home\",\"item\":\"https:\/\/manoteises.lt\/atminimo-akmenys\/\"},{\"@type\":\"ListItem\",\"position\":2,\"name\":\"Vilnius\",\"item\":\"https:\/\/manoteises.lt\/atminimo-akmenys\/vilnius\/\"},{\"@type\":\"ListItem\",\"position\":3,\"name\":\"Rachel\u0117 (Roza) Suckever-U\u0161ajeva\"}]},{\"@type\":\"WebSite\",\"@id\":\"https:\/\/manoteises.lt\/atminimo-akmenys\/#website\",\"url\":\"https:\/\/manoteises.lt\/atminimo-akmenys\/\",\"name\":\"Atminimo akmenys\",\"description\":\"\",\"potentialAction\":[{\"@type\":\"SearchAction\",\"target\":{\"@type\":\"EntryPoint\",\"urlTemplate\":\"https:\/\/manoteises.lt\/atminimo-akmenys\/?s={search_term_string}\"},\"query-input\":{\"@type\":\"PropertyValueSpecification\",\"valueRequired\":true,\"valueName\":\"search_term_string\"}}],\"inLanguage\":\"en-US\"}]}<\/script>\n<!-- \/ Yoast SEO plugin. -->","yoast_head_json":{"title":"Rachel\u0117 (Roza) Suckever-U\u0161ajeva &#8211; Atminimo akmenys","robots":{"index":"index","follow":"follow","max-snippet":"max-snippet:-1","max-image-preview":"max-image-preview:large","max-video-preview":"max-video-preview:-1"},"canonical":"https:\/\/manoteises.lt\/atminimo-akmenys\/vilnius\/rachele-roza-suckever-usajeva\/","schema":{"@context":"https:\/\/schema.org","@graph":[{"@type":"WebPage","@id":"https:\/\/manoteises.lt\/atminimo-akmenys\/vilnius\/rachele-roza-suckever-usajeva\/","url":"https:\/\/manoteises.lt\/atminimo-akmenys\/vilnius\/rachele-roza-suckever-usajeva\/","name":"Rachel\u0117 (Roza) Suckever-U\u0161ajeva &#8211; Atminimo akmenys","isPartOf":{"@id":"https:\/\/manoteises.lt\/atminimo-akmenys\/#website"},"datePublished":"2022-07-12T12:05:58+00:00","breadcrumb":{"@id":"https:\/\/manoteises.lt\/atminimo-akmenys\/vilnius\/rachele-roza-suckever-usajeva\/#breadcrumb"},"inLanguage":"en-US","potentialAction":[{"@type":"ReadAction","target":["https:\/\/manoteises.lt\/atminimo-akmenys\/vilnius\/rachele-roza-suckever-usajeva\/"]}]},{"@type":"BreadcrumbList","@id":"https:\/\/manoteises.lt\/atminimo-akmenys\/vilnius\/rachele-roza-suckever-usajeva\/#breadcrumb","itemListElement":[{"@type":"ListItem","position":1,"name":"Home","item":"https:\/\/manoteises.lt\/atminimo-akmenys\/"},{"@type":"ListItem","position":2,"name":"Vilnius","item":"https:\/\/manoteises.lt\/atminimo-akmenys\/vilnius\/"},{"@type":"ListItem","position":3,"name":"Rachel\u0117 (Roza) Suckever-U\u0161ajeva"}]},{"@type":"WebSite","@id":"https:\/\/manoteises.lt\/atminimo-akmenys\/#website","url":"https:\/\/manoteises.lt\/atminimo-akmenys\/","name":"Atminimo akmenys","description":"","potentialAction":[{"@type":"SearchAction","target":{"@type":"EntryPoint","urlTemplate":"https:\/\/manoteises.lt\/atminimo-akmenys\/?s={search_term_string}"},"query-input":{"@type":"PropertyValueSpecification","valueRequired":true,"valueName":"search_term_string"}}],"inLanguage":"en-US"}]}},"_links":{"self":[{"href":"https:\/\/manoteises.lt\/atminimo-akmenys\/wp-json\/wp\/v2\/pages\/23538","targetHints":{"allow":["GET"]}}],"collection":[{"href":"https:\/\/manoteises.lt\/atminimo-akmenys\/wp-json\/wp\/v2\/pages"}],"about":[{"href":"https:\/\/manoteises.lt\/atminimo-akmenys\/wp-json\/wp\/v2\/types\/page"}],"author":[{"embeddable":true,"href":"https:\/\/manoteises.lt\/atminimo-akmenys\/wp-json\/wp\/v2\/users\/15"}],"replies":[{"embeddable":true,"href":"https:\/\/manoteises.lt\/atminimo-akmenys\/wp-json\/wp\/v2\/comments?post=23538"}],"version-history":[{"count":1,"href":"https:\/\/manoteises.lt\/atminimo-akmenys\/wp-json\/wp\/v2\/pages\/23538\/revisions"}],"predecessor-version":[{"id":23544,"href":"https:\/\/manoteises.lt\/atminimo-akmenys\/wp-json\/wp\/v2\/pages\/23538\/revisions\/23544"}],"up":[{"embeddable":true,"href":"https:\/\/manoteises.lt\/atminimo-akmenys\/wp-json\/wp\/v2\/pages\/10958"}],"wp:attachment":[{"href":"https:\/\/manoteises.lt\/atminimo-akmenys\/wp-json\/wp\/v2\/media?parent=23538"}],"curies":[{"name":"wp","href":"https:\/\/api.w.org\/{rel}","templated":true}]}}