{"id":23583,"date":"2015-01-12T19:01:52","date_gmt":"2015-01-12T16:01:52","guid":{"rendered":"https:\/\/manoteises.lt\/atminimo-akmenys\/?page_id=23583"},"modified":"2023-03-30T20:21:57","modified_gmt":"2023-03-30T17:21:57","slug":"vilkaviskis","status":"publish","type":"page","link":"https:\/\/manoteises.lt\/atminimo-akmenys\/english\/vilkaviskis\/","title":{"rendered":"Vilkavi\u0161kis"},"content":{"rendered":"<p><!--more--><\/p>\n<p>It is thought that Jews in the territory of Vilkavi\u0161kis settled in the 16th century when queen Bona Sforza assigned some forest to construct a synagogue.<\/p>\n<p>There was a significant increase and prosperity in the Jewish community in the 19th century. Before the Holocaust, in 1939, 3609 Jews lived in the city and its suburbs, making up 45 percent of the city&#8217;s population.<\/p>\n<p>The majority of Jews engaged in trade and crafts; a small part worked in agriculture and gardening. The Jewish community of Vilkavi\u0161kis lived an active social, cultural, and economic life. Several Jewish educational institutions operated there: an elementary Hebrew school, a vocational school, and a special Hebrew high school, which now is the administration of the municipality of Vilkaviskis district.<\/p>\n<p>The government of Nazi Germany occupied Vilkavi\u0161kis on 22nd June 1941. The systemic annihilation of Jews of Vilkavi\u0161kis started on 28th July 1941. Approximately 900 men were killed. For the remnant of the Jews, mostly women and children, a ghetto was made in local barracks near the mass grave of shoot-down men. The Jews of the Ghetto were killed the next day after the Rosh Hashannah on 24th September 1941.<\/p>\n<p>From July- September months 3400 Jews who lived in Vilkavi\u0161kis were killed.<\/p>\n<p>Stumbling stones in Vilkavi\u0161kis are installed in Maironis street 21 for the Klein\u0161teinai family. Elena Savickien\u0117 initiated the installation.<\/p>\n","protected":false},"excerpt":{"rendered":"","protected":false},"author":15,"featured_media":0,"parent":15152,"menu_order":12,"comment_status":"closed","ping_status":"closed","template":"page-akmenys-miestas.php","meta":{"_acf_changed":false,"footnotes":""},"class_list":["post-23583","page","type-page","status-publish","hentry"],"acf":[],"yoast_head":"<!-- This site is optimized with the Yoast SEO plugin v26.9 - https:\/\/yoast.com\/product\/yoast-seo-wordpress\/ -->\n<title>Vilkavi\u0161kis - Atminimo akmenys<\/title>\n<meta name=\"description\" content=\"It is thought that Jews in the territory of Vilkavi\u0161kis settled in the 16th century when queen Bona Sforza assigned some forest to construct a synagogue.\" \/>\n<meta name=\"robots\" content=\"index, follow, max-snippet:-1, max-image-preview:large, max-video-preview:-1\" \/>\n<link rel=\"canonical\" href=\"https:\/\/manoteises.lt\/atminimo-akmenys\/english\/vilkaviskis\/\" \/>\n<meta name=\"twitter:label1\" content=\"Est. reading time\" \/>\n\t<meta name=\"twitter:data1\" content=\"1 minute\" \/>\n<script type=\"application\/ld+json\" class=\"yoast-schema-graph\">{\"@context\":\"https:\/\/schema.org\",\"@graph\":[{\"@type\":\"WebPage\",\"@id\":\"https:\/\/manoteises.lt\/atminimo-akmenys\/english\/vilkaviskis\/\",\"url\":\"https:\/\/manoteises.lt\/atminimo-akmenys\/english\/vilkaviskis\/\",\"name\":\"Vilkavi\u0161kis\",\"isPartOf\":{\"@id\":\"https:\/\/manoteises.lt\/atminimo-akmenys\/#website\"},\"datePublished\":\"2015-01-12T16:01:52+00:00\",\"dateModified\":\"2023-03-30T17:21:57+00:00\",\"description\":\"It is thought that Jews in the territory of Vilkavi\u0161kis settled in the 16th century when queen Bona Sforza assigned some forest to construct a synagogue.\",\"breadcrumb\":{\"@id\":\"https:\/\/manoteises.lt\/atminimo-akmenys\/english\/vilkaviskis\/#breadcrumb\"},\"inLanguage\":\"en-US\",\"potentialAction\":[{\"@type\":\"ReadAction\",\"target\":[\"https:\/\/manoteises.lt\/atminimo-akmenys\/english\/vilkaviskis\/\"]}]},{\"@type\":\"BreadcrumbList\",\"@id\":\"https:\/\/manoteises.lt\/atminimo-akmenys\/english\/vilkaviskis\/#breadcrumb\",\"itemListElement\":[{\"@type\":\"ListItem\",\"position\":1,\"name\":\"Home\",\"item\":\"https:\/\/manoteises.lt\/atminimo-akmenys\/\"},{\"@type\":\"ListItem\",\"position\":2,\"name\":\"Stumbling Stones\",\"item\":\"https:\/\/manoteises.lt\/atminimo-akmenys\/english\/\"},{\"@type\":\"ListItem\",\"position\":3,\"name\":\"Vilkavi\u0161kis\"}]},{\"@type\":\"WebSite\",\"@id\":\"https:\/\/manoteises.lt\/atminimo-akmenys\/#website\",\"url\":\"https:\/\/manoteises.lt\/atminimo-akmenys\/\",\"name\":\"Atminimo akmenys\",\"description\":\"\",\"potentialAction\":[{\"@type\":\"SearchAction\",\"target\":{\"@type\":\"EntryPoint\",\"urlTemplate\":\"https:\/\/manoteises.lt\/atminimo-akmenys\/?s={search_term_string}\"},\"query-input\":{\"@type\":\"PropertyValueSpecification\",\"valueRequired\":true,\"valueName\":\"search_term_string\"}}],\"inLanguage\":\"en-US\"}]}<\/script>\n<!-- \/ Yoast SEO plugin. -->","yoast_head_json":{"title":"Vilkavi\u0161kis - Atminimo akmenys","description":"It is thought that Jews in the territory of Vilkavi\u0161kis settled in the 16th century when queen Bona Sforza assigned some forest to construct a synagogue.","robots":{"index":"index","follow":"follow","max-snippet":"max-snippet:-1","max-image-preview":"max-image-preview:large","max-video-preview":"max-video-preview:-1"},"canonical":"https:\/\/manoteises.lt\/atminimo-akmenys\/english\/vilkaviskis\/","twitter_misc":{"Est. reading time":"1 minute"},"schema":{"@context":"https:\/\/schema.org","@graph":[{"@type":"WebPage","@id":"https:\/\/manoteises.lt\/atminimo-akmenys\/english\/vilkaviskis\/","url":"https:\/\/manoteises.lt\/atminimo-akmenys\/english\/vilkaviskis\/","name":"Vilkavi\u0161kis","isPartOf":{"@id":"https:\/\/manoteises.lt\/atminimo-akmenys\/#website"},"datePublished":"2015-01-12T16:01:52+00:00","dateModified":"2023-03-30T17:21:57+00:00","description":"It is thought that Jews in the territory of Vilkavi\u0161kis settled in the 16th century when queen Bona Sforza assigned some forest to construct a synagogue.","breadcrumb":{"@id":"https:\/\/manoteises.lt\/atminimo-akmenys\/english\/vilkaviskis\/#breadcrumb"},"inLanguage":"en-US","potentialAction":[{"@type":"ReadAction","target":["https:\/\/manoteises.lt\/atminimo-akmenys\/english\/vilkaviskis\/"]}]},{"@type":"BreadcrumbList","@id":"https:\/\/manoteises.lt\/atminimo-akmenys\/english\/vilkaviskis\/#breadcrumb","itemListElement":[{"@type":"ListItem","position":1,"name":"Home","item":"https:\/\/manoteises.lt\/atminimo-akmenys\/"},{"@type":"ListItem","position":2,"name":"Stumbling Stones","item":"https:\/\/manoteises.lt\/atminimo-akmenys\/english\/"},{"@type":"ListItem","position":3,"name":"Vilkavi\u0161kis"}]},{"@type":"WebSite","@id":"https:\/\/manoteises.lt\/atminimo-akmenys\/#website","url":"https:\/\/manoteises.lt\/atminimo-akmenys\/","name":"Atminimo akmenys","description":"","potentialAction":[{"@type":"SearchAction","target":{"@type":"EntryPoint","urlTemplate":"https:\/\/manoteises.lt\/atminimo-akmenys\/?s={search_term_string}"},"query-input":{"@type":"PropertyValueSpecification","valueRequired":true,"valueName":"search_term_string"}}],"inLanguage":"en-US"}]}},"_links":{"self":[{"href":"https:\/\/manoteises.lt\/atminimo-akmenys\/wp-json\/wp\/v2\/pages\/23583","targetHints":{"allow":["GET"]}}],"collection":[{"href":"https:\/\/manoteises.lt\/atminimo-akmenys\/wp-json\/wp\/v2\/pages"}],"about":[{"href":"https:\/\/manoteises.lt\/atminimo-akmenys\/wp-json\/wp\/v2\/types\/page"}],"author":[{"embeddable":true,"href":"https:\/\/manoteises.lt\/atminimo-akmenys\/wp-json\/wp\/v2\/users\/15"}],"replies":[{"embeddable":true,"href":"https:\/\/manoteises.lt\/atminimo-akmenys\/wp-json\/wp\/v2\/comments?post=23583"}],"version-history":[{"count":6,"href":"https:\/\/manoteises.lt\/atminimo-akmenys\/wp-json\/wp\/v2\/pages\/23583\/revisions"}],"predecessor-version":[{"id":24094,"href":"https:\/\/manoteises.lt\/atminimo-akmenys\/wp-json\/wp\/v2\/pages\/23583\/revisions\/24094"}],"up":[{"embeddable":true,"href":"https:\/\/manoteises.lt\/atminimo-akmenys\/wp-json\/wp\/v2\/pages\/15152"}],"wp:attachment":[{"href":"https:\/\/manoteises.lt\/atminimo-akmenys\/wp-json\/wp\/v2\/media?parent=23583"}],"curies":[{"name":"wp","href":"https:\/\/api.w.org\/{rel}","templated":true}]}}