{"id":23705,"date":"2022-07-19T11:09:32","date_gmt":"2022-07-19T08:09:32","guid":{"rendered":"https:\/\/manoteises.lt\/atminimo-akmenys\/?page_id=23705"},"modified":"2023-03-30T18:40:48","modified_gmt":"2023-03-30T15:40:48","slug":"sveksna","status":"publish","type":"page","link":"https:\/\/manoteises.lt\/atminimo-akmenys\/sveksna\/","title":{"rendered":"\u0160v\u0117k\u0161na, \u0160ilut\u0117s raj."},"content":{"rendered":"<p><!--more--><\/p>\n<p>\u017dyd\u0173 bendruomen\u0117 \u0160v\u0117k\u0161noje ra\u0161ytiniuose \u0161altiniuose pirm\u0105 kart\u0105 pamin\u0117ta 1644 m., o 1765 m. jie sudar\u0117 pus\u0117 vis\u0173 miestelio gyventoj\u0173. Bendruomen\u0117 vert\u0117si amatais, prekyba, tur\u0117jo mal\u016bn\u0173, \u016bki\u0173, smukli\u0173, k\u016br\u0117si miestelio centre, vyst\u0117 versl\u0105.<\/p>\n<p>XVII a. miestelyje buvo dvi sinagogos \u2013 vasarin\u0117 ir \u017eiemin\u0117. 1925 m. abu maldos namai sudeg\u0117 per kilus\u012f gaisr\u0105, ta\u010diau po trej\u0173 met\u0173 aik\u0161t\u0117je i\u0161kilo nauja m\u016brin\u0117 sinagoga.<\/p>\n<p>Prie\u0161 Antr\u0105j\u012f pasaulin\u012f\u00a0kar\u0105 \u0160v\u0117k\u0161nos \u017eydai sudar\u0117 miestelio gyventoj\u0173 daugum\u0105 \u2013 daugiau nei\u00a0400 \u017emoni\u0173. Vokie\u010diams okupavus Lietuv\u0105, bendruomen\u0117 buvo visi\u0161kai sunaikinta. I\u0161 prad\u017ei\u0173 \u017emon\u0117s buvo suvaryti \u012f get\u0105, kurio riba \u0117jo Siaurosios, \u017dyd\u0173 (dabartin\u0117s J. Maciejausko) ir Liep\u0173 aik\u0161t\u0117s gatv\u0117mis. V\u0117liau vyrai buvo atrinkti ir i\u0161ve\u017eti \u012f \u0160ilut\u0117je \u012fkurtas darbo stovyklas. 1941 m. rugs\u0117jo 20 dien\u0105 Parube\u017eio mi\u0161ke buvo \u012fvykdytos masin\u0117s \u017eudyn\u0117s, kuri\u0173 metu buvo su\u0161audyti apie trys\u00a0\u0161imtai\u00a0\u017eyd\u0173 tautyb\u0117s \u017emoni\u0173, likusi\u0173 \u0160v\u0117k\u0161noje.<\/p>\n<p>\u0160e\u0161i Atminimo akmenys \u0160v\u0117k\u0161noje \u012frengti Ziv\u0173 \u0161eimai atminti (Liep\u0173 a. 23) prie jiems priklausiusio namo. \u012erengim\u0105 inicijavo \u0160ilut\u0117s Hugo \u0160ojaus muziejus.<\/p>\n","protected":false},"excerpt":{"rendered":"","protected":false},"author":15,"featured_media":0,"parent":0,"menu_order":12,"comment_status":"closed","ping_status":"closed","template":"page-akmenys-miestas.php","meta":{"_acf_changed":false,"footnotes":""},"class_list":["post-23705","page","type-page","status-publish","hentry"],"acf":[],"yoast_head":"<!-- This site is optimized with the Yoast SEO plugin v26.9 - https:\/\/yoast.com\/product\/yoast-seo-wordpress\/ -->\n<title>\u0160v\u0117k\u0161na - Atminimo akmenys<\/title>\n<meta name=\"description\" content=\"Prie\u0161 Antr\u0105j\u012f pasaulin\u012f\u00a0kar\u0105 \u0160v\u0117k\u0161nos \u017eydai sudar\u0117 miestelio gyventoj\u0173 daugum\u0105. Vokie\u010diams okupavus Lietuv\u0105, bendruomen\u0117 buvo sunaikinta.\" \/>\n<meta name=\"robots\" content=\"index, follow, max-snippet:-1, max-image-preview:large, max-video-preview:-1\" \/>\n<link rel=\"canonical\" href=\"https:\/\/manoteises.lt\/atminimo-akmenys\/sveksna\/\" \/>\n<meta name=\"twitter:label1\" content=\"Est. reading time\" \/>\n\t<meta name=\"twitter:data1\" content=\"1 minute\" \/>\n<script type=\"application\/ld+json\" class=\"yoast-schema-graph\">{\"@context\":\"https:\/\/schema.org\",\"@graph\":[{\"@type\":\"WebPage\",\"@id\":\"https:\/\/manoteises.lt\/atminimo-akmenys\/sveksna\/\",\"url\":\"https:\/\/manoteises.lt\/atminimo-akmenys\/sveksna\/\",\"name\":\"\u0160v\u0117k\u0161na\",\"isPartOf\":{\"@id\":\"https:\/\/manoteises.lt\/atminimo-akmenys\/#website\"},\"datePublished\":\"2022-07-19T08:09:32+00:00\",\"dateModified\":\"2023-03-30T15:40:48+00:00\",\"description\":\"Prie\u0161 Antr\u0105j\u012f pasaulin\u012f\u00a0kar\u0105 \u0160v\u0117k\u0161nos \u017eydai sudar\u0117 miestelio gyventoj\u0173 daugum\u0105. Vokie\u010diams okupavus Lietuv\u0105, bendruomen\u0117 buvo sunaikinta.\",\"breadcrumb\":{\"@id\":\"https:\/\/manoteises.lt\/atminimo-akmenys\/sveksna\/#breadcrumb\"},\"inLanguage\":\"en-US\",\"potentialAction\":[{\"@type\":\"ReadAction\",\"target\":[\"https:\/\/manoteises.lt\/atminimo-akmenys\/sveksna\/\"]}]},{\"@type\":\"BreadcrumbList\",\"@id\":\"https:\/\/manoteises.lt\/atminimo-akmenys\/sveksna\/#breadcrumb\",\"itemListElement\":[{\"@type\":\"ListItem\",\"position\":1,\"name\":\"Home\",\"item\":\"https:\/\/manoteises.lt\/atminimo-akmenys\/\"},{\"@type\":\"ListItem\",\"position\":2,\"name\":\"\u0160v\u0117k\u0161na, \u0160ilut\u0117s raj.\"}]},{\"@type\":\"WebSite\",\"@id\":\"https:\/\/manoteises.lt\/atminimo-akmenys\/#website\",\"url\":\"https:\/\/manoteises.lt\/atminimo-akmenys\/\",\"name\":\"Atminimo akmenys\",\"description\":\"\",\"potentialAction\":[{\"@type\":\"SearchAction\",\"target\":{\"@type\":\"EntryPoint\",\"urlTemplate\":\"https:\/\/manoteises.lt\/atminimo-akmenys\/?s={search_term_string}\"},\"query-input\":{\"@type\":\"PropertyValueSpecification\",\"valueRequired\":true,\"valueName\":\"search_term_string\"}}],\"inLanguage\":\"en-US\"}]}<\/script>\n<!-- \/ Yoast SEO plugin. -->","yoast_head_json":{"title":"\u0160v\u0117k\u0161na - Atminimo akmenys","description":"Prie\u0161 Antr\u0105j\u012f pasaulin\u012f\u00a0kar\u0105 \u0160v\u0117k\u0161nos \u017eydai sudar\u0117 miestelio gyventoj\u0173 daugum\u0105. Vokie\u010diams okupavus Lietuv\u0105, bendruomen\u0117 buvo sunaikinta.","robots":{"index":"index","follow":"follow","max-snippet":"max-snippet:-1","max-image-preview":"max-image-preview:large","max-video-preview":"max-video-preview:-1"},"canonical":"https:\/\/manoteises.lt\/atminimo-akmenys\/sveksna\/","twitter_misc":{"Est. reading time":"1 minute"},"schema":{"@context":"https:\/\/schema.org","@graph":[{"@type":"WebPage","@id":"https:\/\/manoteises.lt\/atminimo-akmenys\/sveksna\/","url":"https:\/\/manoteises.lt\/atminimo-akmenys\/sveksna\/","name":"\u0160v\u0117k\u0161na","isPartOf":{"@id":"https:\/\/manoteises.lt\/atminimo-akmenys\/#website"},"datePublished":"2022-07-19T08:09:32+00:00","dateModified":"2023-03-30T15:40:48+00:00","description":"Prie\u0161 Antr\u0105j\u012f pasaulin\u012f\u00a0kar\u0105 \u0160v\u0117k\u0161nos \u017eydai sudar\u0117 miestelio gyventoj\u0173 daugum\u0105. Vokie\u010diams okupavus Lietuv\u0105, bendruomen\u0117 buvo sunaikinta.","breadcrumb":{"@id":"https:\/\/manoteises.lt\/atminimo-akmenys\/sveksna\/#breadcrumb"},"inLanguage":"en-US","potentialAction":[{"@type":"ReadAction","target":["https:\/\/manoteises.lt\/atminimo-akmenys\/sveksna\/"]}]},{"@type":"BreadcrumbList","@id":"https:\/\/manoteises.lt\/atminimo-akmenys\/sveksna\/#breadcrumb","itemListElement":[{"@type":"ListItem","position":1,"name":"Home","item":"https:\/\/manoteises.lt\/atminimo-akmenys\/"},{"@type":"ListItem","position":2,"name":"\u0160v\u0117k\u0161na, \u0160ilut\u0117s raj."}]},{"@type":"WebSite","@id":"https:\/\/manoteises.lt\/atminimo-akmenys\/#website","url":"https:\/\/manoteises.lt\/atminimo-akmenys\/","name":"Atminimo akmenys","description":"","potentialAction":[{"@type":"SearchAction","target":{"@type":"EntryPoint","urlTemplate":"https:\/\/manoteises.lt\/atminimo-akmenys\/?s={search_term_string}"},"query-input":{"@type":"PropertyValueSpecification","valueRequired":true,"valueName":"search_term_string"}}],"inLanguage":"en-US"}]}},"_links":{"self":[{"href":"https:\/\/manoteises.lt\/atminimo-akmenys\/wp-json\/wp\/v2\/pages\/23705","targetHints":{"allow":["GET"]}}],"collection":[{"href":"https:\/\/manoteises.lt\/atminimo-akmenys\/wp-json\/wp\/v2\/pages"}],"about":[{"href":"https:\/\/manoteises.lt\/atminimo-akmenys\/wp-json\/wp\/v2\/types\/page"}],"author":[{"embeddable":true,"href":"https:\/\/manoteises.lt\/atminimo-akmenys\/wp-json\/wp\/v2\/users\/15"}],"replies":[{"embeddable":true,"href":"https:\/\/manoteises.lt\/atminimo-akmenys\/wp-json\/wp\/v2\/comments?post=23705"}],"version-history":[{"count":12,"href":"https:\/\/manoteises.lt\/atminimo-akmenys\/wp-json\/wp\/v2\/pages\/23705\/revisions"}],"predecessor-version":[{"id":24043,"href":"https:\/\/manoteises.lt\/atminimo-akmenys\/wp-json\/wp\/v2\/pages\/23705\/revisions\/24043"}],"wp:attachment":[{"href":"https:\/\/manoteises.lt\/atminimo-akmenys\/wp-json\/wp\/v2\/media?parent=23705"}],"curies":[{"name":"wp","href":"https:\/\/api.w.org\/{rel}","templated":true}]}}