{"id":23957,"date":"2022-09-06T14:32:39","date_gmt":"2022-09-06T11:32:39","guid":{"rendered":"https:\/\/manoteises.lt\/atminimo-akmenys\/?page_id=23957"},"modified":"2023-03-30T20:10:17","modified_gmt":"2023-03-30T17:10:17","slug":"sveksna","status":"publish","type":"page","link":"https:\/\/manoteises.lt\/atminimo-akmenys\/english\/sveksna\/","title":{"rendered":"\u0160v\u0117k\u0161na (\u0160ilut\u0117 Dist.)"},"content":{"rendered":"<p><!--more--><\/p>\n<p>It is found in the written sources that the Jewish community in \u0160v\u0117k\u0161na was firstly mentioned in 1644, and in 1765 they made up half of the town residents. It is known that Jews made up 53.5 percent of the town&#8217;s residents in 1897. The community engaged in trade and crafts, had mills, farms, and taverns, settled in the town&#8217;s city center, and developed businesses.<\/p>\n<p>There were two synagogues in \u0160v\u0117k\u0161na in the 17th century \u2013 one for summer, one for winter. Unfortunately, both temples burned down in the fire in 1925. However, after three years, a new masonry synagogue was built.<\/p>\n<p>Before the second world war, the Jews of \u0160v\u0117k\u0161na made up most of the town&#8217;s residents &#8211; more than 400 people. However, after the Nazi occupation of Lithuania, the community was destroyed. Firstly, people were brought to the ghetto that bordered Siauroji, \u017dyd\u0173 (current J. Maciejauskas) Liep\u0173 square streets.<\/p>\n<p>Massacres were executed in Parube\u017eis forest on September 20th, 1941. During them, around 300 Jewish people in \u0160v\u0117k\u0161na were shot down.<\/p>\n<p>Six Stumbling stones are installed for the Zivai family in Liep\u0173 sq. 23, \u0160v\u0117k\u0161na, near the house that belonged to the family.<\/p>\n","protected":false},"excerpt":{"rendered":"","protected":false},"author":15,"featured_media":0,"parent":15152,"menu_order":10,"comment_status":"closed","ping_status":"closed","template":"page-akmenys-miestas.php","meta":{"_acf_changed":false,"footnotes":""},"class_list":["post-23957","page","type-page","status-publish","hentry"],"acf":[],"yoast_head":"<!-- This site is optimized with the Yoast SEO plugin v26.9 - https:\/\/yoast.com\/product\/yoast-seo-wordpress\/ -->\n<title>\u0160v\u0117k\u0161na - Atminimo akmenys<\/title>\n<meta name=\"description\" content=\"It is found in the written sources that the Jewish community in \u0160v\u0117k\u0161na was firstly mentioned in 1644, and in 1765 they made up half of the town residents.\" \/>\n<meta name=\"robots\" content=\"index, follow, max-snippet:-1, max-image-preview:large, max-video-preview:-1\" \/>\n<link rel=\"canonical\" href=\"https:\/\/manoteises.lt\/atminimo-akmenys\/english\/sveksna\/\" \/>\n<meta name=\"twitter:label1\" content=\"Est. reading time\" \/>\n\t<meta name=\"twitter:data1\" content=\"1 minute\" \/>\n<script type=\"application\/ld+json\" class=\"yoast-schema-graph\">{\"@context\":\"https:\/\/schema.org\",\"@graph\":[{\"@type\":\"WebPage\",\"@id\":\"https:\/\/manoteises.lt\/atminimo-akmenys\/english\/sveksna\/\",\"url\":\"https:\/\/manoteises.lt\/atminimo-akmenys\/english\/sveksna\/\",\"name\":\"\u0160v\u0117k\u0161na\",\"isPartOf\":{\"@id\":\"https:\/\/manoteises.lt\/atminimo-akmenys\/#website\"},\"datePublished\":\"2022-09-06T11:32:39+00:00\",\"dateModified\":\"2023-03-30T17:10:17+00:00\",\"description\":\"It is found in the written sources that the Jewish community in \u0160v\u0117k\u0161na was firstly mentioned in 1644, and in 1765 they made up half of the town residents.\",\"breadcrumb\":{\"@id\":\"https:\/\/manoteises.lt\/atminimo-akmenys\/english\/sveksna\/#breadcrumb\"},\"inLanguage\":\"en-US\",\"potentialAction\":[{\"@type\":\"ReadAction\",\"target\":[\"https:\/\/manoteises.lt\/atminimo-akmenys\/english\/sveksna\/\"]}]},{\"@type\":\"BreadcrumbList\",\"@id\":\"https:\/\/manoteises.lt\/atminimo-akmenys\/english\/sveksna\/#breadcrumb\",\"itemListElement\":[{\"@type\":\"ListItem\",\"position\":1,\"name\":\"Home\",\"item\":\"https:\/\/manoteises.lt\/atminimo-akmenys\/\"},{\"@type\":\"ListItem\",\"position\":2,\"name\":\"Stumbling Stones\",\"item\":\"https:\/\/manoteises.lt\/atminimo-akmenys\/english\/\"},{\"@type\":\"ListItem\",\"position\":3,\"name\":\"\u0160v\u0117k\u0161na (\u0160ilut\u0117 Dist.)\"}]},{\"@type\":\"WebSite\",\"@id\":\"https:\/\/manoteises.lt\/atminimo-akmenys\/#website\",\"url\":\"https:\/\/manoteises.lt\/atminimo-akmenys\/\",\"name\":\"Atminimo akmenys\",\"description\":\"\",\"potentialAction\":[{\"@type\":\"SearchAction\",\"target\":{\"@type\":\"EntryPoint\",\"urlTemplate\":\"https:\/\/manoteises.lt\/atminimo-akmenys\/?s={search_term_string}\"},\"query-input\":{\"@type\":\"PropertyValueSpecification\",\"valueRequired\":true,\"valueName\":\"search_term_string\"}}],\"inLanguage\":\"en-US\"}]}<\/script>\n<!-- \/ Yoast SEO plugin. -->","yoast_head_json":{"title":"\u0160v\u0117k\u0161na - Atminimo akmenys","description":"It is found in the written sources that the Jewish community in \u0160v\u0117k\u0161na was firstly mentioned in 1644, and in 1765 they made up half of the town residents.","robots":{"index":"index","follow":"follow","max-snippet":"max-snippet:-1","max-image-preview":"max-image-preview:large","max-video-preview":"max-video-preview:-1"},"canonical":"https:\/\/manoteises.lt\/atminimo-akmenys\/english\/sveksna\/","twitter_misc":{"Est. reading time":"1 minute"},"schema":{"@context":"https:\/\/schema.org","@graph":[{"@type":"WebPage","@id":"https:\/\/manoteises.lt\/atminimo-akmenys\/english\/sveksna\/","url":"https:\/\/manoteises.lt\/atminimo-akmenys\/english\/sveksna\/","name":"\u0160v\u0117k\u0161na","isPartOf":{"@id":"https:\/\/manoteises.lt\/atminimo-akmenys\/#website"},"datePublished":"2022-09-06T11:32:39+00:00","dateModified":"2023-03-30T17:10:17+00:00","description":"It is found in the written sources that the Jewish community in \u0160v\u0117k\u0161na was firstly mentioned in 1644, and in 1765 they made up half of the town residents.","breadcrumb":{"@id":"https:\/\/manoteises.lt\/atminimo-akmenys\/english\/sveksna\/#breadcrumb"},"inLanguage":"en-US","potentialAction":[{"@type":"ReadAction","target":["https:\/\/manoteises.lt\/atminimo-akmenys\/english\/sveksna\/"]}]},{"@type":"BreadcrumbList","@id":"https:\/\/manoteises.lt\/atminimo-akmenys\/english\/sveksna\/#breadcrumb","itemListElement":[{"@type":"ListItem","position":1,"name":"Home","item":"https:\/\/manoteises.lt\/atminimo-akmenys\/"},{"@type":"ListItem","position":2,"name":"Stumbling Stones","item":"https:\/\/manoteises.lt\/atminimo-akmenys\/english\/"},{"@type":"ListItem","position":3,"name":"\u0160v\u0117k\u0161na (\u0160ilut\u0117 Dist.)"}]},{"@type":"WebSite","@id":"https:\/\/manoteises.lt\/atminimo-akmenys\/#website","url":"https:\/\/manoteises.lt\/atminimo-akmenys\/","name":"Atminimo akmenys","description":"","potentialAction":[{"@type":"SearchAction","target":{"@type":"EntryPoint","urlTemplate":"https:\/\/manoteises.lt\/atminimo-akmenys\/?s={search_term_string}"},"query-input":{"@type":"PropertyValueSpecification","valueRequired":true,"valueName":"search_term_string"}}],"inLanguage":"en-US"}]}},"_links":{"self":[{"href":"https:\/\/manoteises.lt\/atminimo-akmenys\/wp-json\/wp\/v2\/pages\/23957","targetHints":{"allow":["GET"]}}],"collection":[{"href":"https:\/\/manoteises.lt\/atminimo-akmenys\/wp-json\/wp\/v2\/pages"}],"about":[{"href":"https:\/\/manoteises.lt\/atminimo-akmenys\/wp-json\/wp\/v2\/types\/page"}],"author":[{"embeddable":true,"href":"https:\/\/manoteises.lt\/atminimo-akmenys\/wp-json\/wp\/v2\/users\/15"}],"replies":[{"embeddable":true,"href":"https:\/\/manoteises.lt\/atminimo-akmenys\/wp-json\/wp\/v2\/comments?post=23957"}],"version-history":[{"count":5,"href":"https:\/\/manoteises.lt\/atminimo-akmenys\/wp-json\/wp\/v2\/pages\/23957\/revisions"}],"predecessor-version":[{"id":24089,"href":"https:\/\/manoteises.lt\/atminimo-akmenys\/wp-json\/wp\/v2\/pages\/23957\/revisions\/24089"}],"up":[{"embeddable":true,"href":"https:\/\/manoteises.lt\/atminimo-akmenys\/wp-json\/wp\/v2\/pages\/15152"}],"wp:attachment":[{"href":"https:\/\/manoteises.lt\/atminimo-akmenys\/wp-json\/wp\/v2\/media?parent=23957"}],"curies":[{"name":"wp","href":"https:\/\/api.w.org\/{rel}","templated":true}]}}